
{"id":131,"date":"2017-03-22T10:55:54","date_gmt":"2017-03-22T09:55:54","guid":{"rendered":"http:\/\/localhost\/set\/?page_id=131"},"modified":"2018-06-10T12:37:30","modified_gmt":"2018-06-10T10:37:30","slug":"presentation","status":"publish","type":"page","link":"http:\/\/labs.ummto.dz\/eaux\/?page_id=131","title":{"rendered":"Pr\u00e9sentation"},"content":{"rendered":"<ul>\n<li><strong><span style=\"color: #000080;\"><span style=\"text-decoration: underline;\">Historique du laboratoire<\/span>:<\/span><\/strong><\/li>\n<\/ul>\n<p>&nbsp;<\/p>\n<p>&nbsp;<\/p>\n<p>&nbsp;<\/p>\n<ul>\n<li><span style=\"text-decoration: underline;\"><strong><span style=\"color: #000080; text-decoration: underline;\">Les \u00c9quipes de recherche<\/span><\/strong><\/span><\/li>\n<\/ul>\n<ol>\n<li><span style=\"color: #000000;\"><a style=\"color: #000000;\" href=\"http:\/\/labs.ummto.dz\/eaux\/?page_id=147\">La vuln\u00e9rabilit\u00e9 des eaux de surface et souterraines en Kabylie : caract\u00e9risation, impacts anthropiques et protection<\/a><\/span><\/li>\n<li><span style=\"color: #000000;\"><a style=\"color: #000000;\" href=\"http:\/\/labs.ummto.dz\/eaux\/?page_id=145\">Les Eaux, G\u00e9orisques et applications diverses des m\u00e9thodes g\u00e9ophysiques<\/a><\/span><\/li>\n<li><span style=\"color: #000000;\"><a style=\"color: #000000;\" href=\"http:\/\/labs.ummto.dz\/eaux\/?page_id=145\">Reconnaissance et identification des param\u00e8tres physiques de la qualit\u00e9 des eaux et quantification de l\u2019aquif\u00e8re de la nappe du sebaou<\/a><\/span><\/li>\n<li>\n<div class=\"wrapper01\">\n<div class=\"cadre_1\">\n<div class=\"texte\"><span style=\"color: #000000;\"><a style=\"color: #000000;\" href=\"http:\/\/labs.ummto.dz\/eaux\/?page_id=141\">Les effets des changements climatiques sur l\u2019environnement \u00e9cologique et les ressources potentielles en eau dans le bassin versant du S\u00e9baou et la wilaya de Tizi Ouzou<\/a><\/span><\/div>\n<\/div>\n<\/div>\n<p>&nbsp;<\/p>\n<p><span style=\"text-decoration: underline;\"><strong><span style=\"color: #000080; text-decoration: underline;\">Les chercheurs du laboratoire:<\/span><\/strong><\/span><\/li>\n<\/ol>\n<p>&nbsp;<\/p>\n<p>&nbsp;<\/p>\n<ul>\n<li><span style=\"text-decoration: underline;\"><strong><span style=\"color: #000080; text-decoration: underline;\">Production Scientifique<\/span><\/strong><\/span><\/li>\n<\/ul>\n<p>&nbsp;<\/p>\n","protected":false},"excerpt":{"rendered":"<p>Historique du laboratoire: &nbsp; &nbsp; &nbsp; Les \u00c9quipes de recherche La vuln\u00e9rabilit\u00e9 des eaux de surface et souterraines en Kabylie : caract\u00e9risation, impacts anthropiques et protection Les Eaux, G\u00e9orisques et applications diverses des m\u00e9thodes&#46;&#46;&#46;<\/p>\n","protected":false},"author":1,"featured_media":0,"parent":0,"menu_order":0,"comment_status":"closed","ping_status":"closed","template":"","meta":[],"_links":{"self":[{"href":"http:\/\/labs.ummto.dz\/eaux\/index.php?rest_route=\/wp\/v2\/pages\/131"}],"collection":[{"href":"http:\/\/labs.ummto.dz\/eaux\/index.php?rest_route=\/wp\/v2\/pages"}],"about":[{"href":"http:\/\/labs.ummto.dz\/eaux\/index.php?rest_route=\/wp\/v2\/types\/page"}],"author":[{"embeddable":true,"href":"http:\/\/labs.ummto.dz\/eaux\/index.php?rest_route=\/wp\/v2\/users\/1"}],"replies":[{"embeddable":true,"href":"http:\/\/labs.ummto.dz\/eaux\/index.php?rest_route=%2Fwp%2Fv2%2Fcomments&post=131"}],"version-history":[{"count":46,"href":"http:\/\/labs.ummto.dz\/eaux\/index.php?rest_route=\/wp\/v2\/pages\/131\/revisions"}],"predecessor-version":[{"id":918,"href":"http:\/\/labs.ummto.dz\/eaux\/index.php?rest_route=\/wp\/v2\/pages\/131\/revisions\/918"}],"wp:attachment":[{"href":"http:\/\/labs.ummto.dz\/eaux\/index.php?rest_route=%2Fwp%2Fv2%2Fmedia&parent=131"}],"curies":[{"name":"wp","href":"https:\/\/api.w.org\/{rel}","templated":true}]}}