
{"id":145,"date":"2017-03-22T11:00:35","date_gmt":"2017-03-22T10:00:35","guid":{"rendered":"http:\/\/localhost\/set\/?page_id=145"},"modified":"2018-06-10T12:26:50","modified_gmt":"2018-06-10T10:26:50","slug":"equipe-02-etude-des-conditions-de-travail-et-leurs-effets-sur-la-sante","status":"publish","type":"page","link":"http:\/\/labs.ummto.dz\/eaux\/?page_id=145","title":{"rendered":"\u00c9quipe 02: Les Eaux, G\u00e9orisques et applications diverses des m\u00e9thodes g\u00e9ophysiques"},"content":{"rendered":"<p><span style=\"color: #000080;\"><strong><img loading=\"lazy\" class=\"alignnone size-medium wp-image-894 alignright\" src=\"http:\/\/labs.ummto.dz\/eaux\/wp-content\/uploads\/2018\/06\/eau-pour-le-colon-300x195.jpg\" alt=\"\" width=\"300\" height=\"195\" srcset=\"http:\/\/labs.ummto.dz\/eaux\/wp-content\/uploads\/2018\/06\/eau-pour-le-colon-300x195.jpg 300w, http:\/\/labs.ummto.dz\/eaux\/wp-content\/uploads\/2018\/06\/eau-pour-le-colon.jpg 500w\" sizes=\"(max-width: 300px) 100vw, 300px\" \/>Chef d\u2019\u00e9quipe:\u00a0<span style=\"color: #000000;\">AHMED ZAID Iddir<\/span><\/strong><\/span><\/p>\n<div class=\"entry-content\">\n<p><span style=\"color: #000080;\"><strong>Domaine:\u00a0<\/strong><span style=\"color: #000000;\">Sciences de la terre et de l\u2019univers<\/span><\/span><\/p>\n<p><span style=\"color: #000080;\"><strong>Mot cl\u00e9<\/strong><\/span>:<\/p>\n<p><span style=\"text-decoration: underline;\"><span style=\"color: #000080; text-decoration: underline;\"><strong><span style=\"color: #000080; text-decoration: underline;\">Description de la th\u00e9matique de recherche de l\u2019\u00e9quipe:<\/span>\u00a0<\/strong><\/span><\/span><\/p>\n<p><strong><span style=\"text-decoration: underline; color: #000080;\">Liste exhaustive des membres permanents de l\u2019\u00e9quipe:<\/span><\/strong><\/p>\n<p>&nbsp;<\/p>\n<p><strong><span style=\"text-decoration: underline; color: #000080;\">Liste exhaustive des doctorants membres de l\u2019\u00e9quipe:<\/span><\/strong><\/p>\n<\/div>\n<table width=\"702\">\n<tbody>\n<tr>\n<td rowspan=\"2\" width=\"20\">1<\/td>\n<td colspan=\"5\" width=\"333\">T<strong><span style=\"color: #993300;\">ableau r\u00e9capitulatif 1:<\/span><\/strong><\/td>\n<td rowspan=\"2\" width=\"57\"><strong><span style=\"color: #993300;\">Valeur<\/span><\/strong><br \/>\n<strong><span style=\"color: #993300;\"> \u0627\u0644\u0642\u064a\u0645\u0629<\/span><\/strong><\/td>\n<td colspan=\"5\" width=\"269\"><strong><span style=\"color: #993300;\">\u062c\u062f\u0648\u0644 \u0627\u0644\u0645\u062d\u0635\u0651\u0644\u0629 1:<\/span><\/strong><\/td>\n<td rowspan=\"2\" width=\"23\"><strong><span style=\"color: #993300;\">1<\/span><\/strong><\/td>\n<\/tr>\n<tr>\n<td colspan=\"5\" width=\"333\"><strong><span style=\"color: #993300;\">Production scientifique<\/span><\/strong><\/td>\n<td colspan=\"5\" width=\"269\"><strong><span style=\"color: #993300;\">\u0627\u0644\u0625\u0646\u062a\u0627\u062c \u0627\u0644\u0639\u0644\u0645\u064a<\/span><\/strong><\/td>\n<\/tr>\n<tr>\n<td width=\"20\">a)<\/td>\n<td colspan=\"5\" width=\"333\"><span style=\"color: #000000;\">Publications dans des revues<\/span><\/td>\n<td><span style=\"color: #000000;\">0<\/span><\/td>\n<td colspan=\"5\" width=\"269\"><span style=\"color: #000000;\">\u0627\u0644\u0646\u0634\u0631 \u0641\u064a \u0627\u0644\u0645\u062c\u0644\u0627\u062a<\/span><\/td>\n<td width=\"23\"><span style=\"color: #000000;\">\u0623)<\/span><\/td>\n<\/tr>\n<tr>\n<td width=\"20\"><span style=\"color: #000000;\">b)<\/span><\/td>\n<td colspan=\"5\" width=\"333\"><span style=\"color: #000000;\">Ouvrages<\/span><\/td>\n<td><span style=\"color: #000000;\">0<\/span><\/td>\n<td colspan=\"5\" width=\"269\"><span style=\"color: #000000;\">\u0627\u0644\u0645\u0624\u0644\u0641\u0627\u062a\u00a0\u00a0\u00a0\u00a0\u00a0\u00a0\u00a0\u00a0\u00a0\u00a0\u00a0\u00a0\u00a0\u00a0\u00a0\u00a0\u00a0<\/span><\/td>\n<td width=\"23\"><span style=\"color: #000000;\">\u0628)<\/span><\/td>\n<\/tr>\n<tr>\n<td width=\"20\"><span style=\"color: #000000;\">c)<\/span><\/td>\n<td colspan=\"5\" width=\"333\"><span style=\"color: #000000;\">\u00c9diteur ou membre d\u2019un comit\u00e9 \u00e9ditorial (en cours)<\/span><\/td>\n<td><span style=\"color: #000000;\">0<\/span><\/td>\n<td colspan=\"5\" width=\"269\"><span style=\"color: #000000;\">\u0646\u0627\u0634\u0631 \u0623\u0648 \u0639\u0636\u0648 \u0644\u062c\u0646\u0629 \u0646\u0634\u0631<\/span><\/td>\n<td width=\"23\"><span style=\"color: #000000;\">\u062c)<\/span><\/td>\n<\/tr>\n<tr>\n<td width=\"20\"><span style=\"color: #000000;\">d)<\/span><\/td>\n<td colspan=\"5\" width=\"333\"><span style=\"color: #000000;\">Brevets d\u2019inventions<\/span><\/td>\n<td><span style=\"color: #000000;\">0<\/span><\/td>\n<td colspan=\"5\" width=\"269\"><span style=\"color: #000000;\">\u0628\u0631\u0627\u0621\u0627\u062a \u0627\u0644\u0627\u062e\u062a\u0631\u0627\u0639\u00a0\u00a0\u00a0\u00a0<\/span><\/td>\n<td width=\"23\"><span style=\"color: #000000;\">\u062f)<\/span><\/td>\n<\/tr>\n<tr>\n<td><span style=\"color: #000000;\">\u00a0<\/span><\/td>\n<td colspan=\"5\" width=\"333\"><span style=\"color: #000000;\">Total\u00a0 de la production scientifique<\/span><\/td>\n<td><span style=\"color: #000000;\">0<\/span><\/td>\n<td colspan=\"6\" width=\"292\"><span style=\"color: #000000;\">\u0645\u062c\u0645\u0648\u0639 \u0627\u0644\u0625\u0646\u062a\u0627\u062c \u0627\u0644\u0639\u0644\u0645\u064a\u00a0<\/span><\/td>\n<\/tr>\n<\/tbody>\n<\/table>\n<p>&nbsp;<\/p>\n<table width=\"702\">\n<tbody>\n<tr>\n<td rowspan=\"2\" width=\"20\">2<\/td>\n<td colspan=\"5\" width=\"333\"><strong><span style=\"color: #993300;\">Tableau r\u00e9capitulatif 2<\/span><\/strong><\/td>\n<td rowspan=\"2\" width=\"57\"><strong><span style=\"color: #993300;\">Valeur<\/span><\/strong><br \/>\n<strong><span style=\"color: #993300;\"> \u0627\u0644\u0642\u064a\u0645\u0629<\/span><\/strong><\/td>\n<td colspan=\"5\" width=\"269\"><strong><span style=\"color: #993300;\">\u062c\u062f\u0648\u0644 \u0627\u0644\u0645\u062d\u0635\u0651\u0644\u0629 2<\/span><\/strong><\/td>\n<td rowspan=\"2\" width=\"23\">2<\/td>\n<\/tr>\n<tr>\n<td colspan=\"5\" width=\"333\"><span style=\"color: #000000;\">Rayonnement, visibilit\u00e9 et attractivit\u00e9 acad\u00e9mique<\/span><\/td>\n<td colspan=\"5\" width=\"269\"><span style=\"color: #000000;\">\u0627\u0644\u0625\u0634\u0639\u0627\u0639\u060c \u0627\u0644\u0645\u0642\u0631\u0648\u0626\u064a\u0629 \u0648\u0627\u0644\u0627\u0633\u062a\u0642\u0637\u0627\u0628 \u0627\u0644\u0623\u0643\u0627\u062f\u064a\u0645\u064a<\/span><\/td>\n<\/tr>\n<tr>\n<td width=\"20\"><span style=\"color: #000000;\">a)<\/span><\/td>\n<td colspan=\"5\" width=\"333\"><span style=\"color: #000000;\">Pl\u00e9ni\u00e8re ou tutorial \u00e0 une conf\u00e9rence scientifique ou un cours dans un workshop<\/span><\/td>\n<td width=\"57\"><span style=\"color: #000000;\">0<\/span><\/td>\n<td colspan=\"5\" width=\"269\"><span style=\"color: #000000;\">\u00a0\u062d\u0635\u0629 \u0639\u0644\u0646\u064a\u0629 \u0623\u0648 \u0623\u0639\u0645\u0627\u0644 \u0645\u0648\u062c\u0647\u0629 \u0641\u064a \u0645\u062d\u0627\u0636\u0631\u0629 \u0639\u0644\u0645\u064a\u0629 \u0623\u0648 \u062f\u0631\u0633 \u0641\u064a \u0648\u0631\u0634\u0629 \u0639\u0645\u0644<\/span><\/td>\n<td><span style=\"color: #000000;\">\u0623)<\/span><\/td>\n<\/tr>\n<tr>\n<td width=\"20\"><span style=\"color: #000000;\">b)<\/span><\/td>\n<td colspan=\"5\" width=\"333\"><span style=\"color: #000000;\">Communication \u00e0 une conf\u00e9rence scientifique<\/span><\/td>\n<td width=\"57\"><span style=\"color: #000000;\">8<\/span><\/td>\n<td colspan=\"5\" width=\"269\"><span style=\"color: #000000;\">\u00a0\u0645\u062f\u0627\u062e\u0644\u0629 \u0636\u0645\u0646 \u0645\u062d\u0627\u0636\u0631\u0629 \u0639\u0644\u0645\u064a\u0629<\/span><\/td>\n<td><span style=\"color: #000000;\">\u0628)<\/span><\/td>\n<\/tr>\n<tr>\n<td width=\"20\"><span style=\"color: #000000;\">c)<\/span><\/td>\n<td colspan=\"5\" width=\"333\"><span style=\"color: #000000;\">Participation \u00e0 des \u00e9coles th\u00e9matiques de recherche<\/span><\/td>\n<td width=\"57\"><span style=\"color: #000000;\">0<\/span><\/td>\n<td colspan=\"5\" width=\"269\"><span style=\"color: #000000;\">\u00a0\u0627\u0644\u0645\u0634\u0627\u0631\u0643\u0629 \u0641\u064a \u0627\u0644\u0645\u062f\u0627\u0631\u0633 \u0627\u0644\u0645\u0648\u0636\u0648\u0639\u0627\u062a\u064a\u0629 \u0644\u0644\u0628\u062d\u062b<\/span><\/td>\n<td><span style=\"color: #000000;\">\u062c)<\/span><\/td>\n<\/tr>\n<tr>\n<td width=\"20\"><span style=\"color: #000000;\">d)<\/span><\/td>\n<td colspan=\"5\" width=\"333\"><span style=\"color: #000000;\">Projets et programmes de recherche en cours<\/span><\/td>\n<td width=\"57\"><span style=\"color: #000000;\">0<\/span><\/td>\n<td colspan=\"5\" width=\"269\"><span style=\"color: #000000;\">\u0645\u0634\u0627\u0631\u064a\u0639 \u0648\u0628\u0631\u0627\u0645\u062c \u0627\u0644\u0628\u062d\u062b \u0627\u0644\u062d\u0627\u0644\u064a\u0629<\/span><\/td>\n<td><span style=\"color: #000000;\">\u062f)<\/span><\/td>\n<\/tr>\n<tr>\n<td width=\"20\"><span style=\"color: #000000;\">e)<\/span><\/td>\n<td colspan=\"5\" width=\"333\"><span style=\"color: #000000;\">Pr\u00e9sident ou membre du CS et\/ou du CO d\u2019une conf\u00e9rence ou d\u2019un workshop<\/span><\/td>\n<td><span style=\"color: #000000;\">24<\/span><\/td>\n<td colspan=\"5\" width=\"269\"><span style=\"color: #000000;\">\u0631\u0626\u064a\u0633 \u0623\u0648 \u0639\u0636\u0648 \u0627\u0644\u0644\u062c\u0646\u0629 \u0627\u0644\u0639\u0644\u0645\u064a\u0629 \u0648\/\u0623\u0648 \u0644\u062c\u0646\u0629 \u062a\u0646\u0638\u064a\u0645 \u0645\u062d\u0627\u0636\u0631\u0629 \u0623\u0648 \u0648\u0631\u0634\u0629 \u0639\u0645\u0644<\/span><\/td>\n<td><span style=\"color: #000000;\">\ufeeb)<\/span><\/td>\n<\/tr>\n<tr>\n<td width=\"20\"><span style=\"color: #000000;\">f)<\/span><\/td>\n<td colspan=\"5\" width=\"333\"><span style=\"color: #000000;\">M\u00e9moires ou th\u00e8ses dirig\u00e9s et\/ou soutenus<\/span><\/td>\n<td><span style=\"color: #000000;\">0<\/span><\/td>\n<td colspan=\"5\" width=\"269\"><span style=\"color: #000000;\">\u0645\u0630\u0643\u0631\u0627\u062a \u0623\u0648 \u0623\u0637\u0631\u0648\u062d\u0627\u062a \u0645\u0648\u062c\u0647\u0629 \u0648\u062a\u0645\u062a \u0645\u0646\u0627\u0642\u0634\u062a\u0647\u0627<\/span><\/td>\n<td><span style=\"color: #000000;\">\u0648)<\/span><\/td>\n<\/tr>\n<tr>\n<td width=\"20\"><span style=\"color: #000000;\">g)<\/span><\/td>\n<td colspan=\"5\" width=\"333\"><span style=\"color: #000000;\">Distinctions et Prix<\/span><\/td>\n<td><span style=\"color: #000000;\">0<\/span><\/td>\n<td colspan=\"5\" width=\"269\"><span style=\"color: #000000;\">\u0627\u0644\u0634\u0647\u0627\u062f\u0627\u062a \u0648\u0627\u0644\u062c\u0648\u0627\u0626\u0632<\/span><\/td>\n<td><span style=\"color: #000000;\">\u0632)<\/span><\/td>\n<\/tr>\n<tr>\n<td width=\"20\"><span style=\"color: #000000;\">h)<\/span><\/td>\n<td colspan=\"5\" width=\"333\"><span style=\"color: #000000;\">Membre de jury de DESM, doctorat ou d\u2019habilitation hors \u00e9tablissement<\/span><\/td>\n<td><span style=\"color: #000000;\">0<\/span><\/td>\n<td colspan=\"5\" width=\"269\"><span style=\"color: #000000;\">\u0639\u0636\u0648 \u0644\u062c\u0646\u0629 \u0627\u0644\u062a\u062d\u0643\u064a\u0645 \u0644\u0645\u0646\u0627\u0642\u0634\u0629 \u0627\u0644\u062f\u0643\u062a\u0648\u0631\u0627\u0647 \u0623\u0648 \u0627\u0644\u062a\u0623\u0647\u064a\u0644\u00a0\u00a0\u00a0\u00a0\u00a0\u00a0\u00a0<\/span><\/td>\n<td><span style=\"color: #000000;\">\u062d)<\/span><\/td>\n<\/tr>\n<tr>\n<td colspan=\"6\" width=\"353\"><span style=\"color: #000000;\">Total rayonnement, visibilit\u00e9 et attractivit\u00e9 acad\u00e9mique<\/span><\/td>\n<td><span style=\"color: #000000;\">32<\/span><\/td>\n<td colspan=\"6\" width=\"292\"><span style=\"color: #000000;\">\u0645\u062c\u0645\u0648\u0639 \u0627\u0644\u0625\u0634\u0639\u0627\u0639\u060c \u0627\u0644\u0645\u0642\u0631\u0648\u0626\u064a\u0629 \u0648\u0627\u0644\u0627\u0633\u062a\u0642\u0637\u0627\u0628 \u0627\u0644\u0623\u0643\u0627\u062f\u064a\u0645\u064a<\/span><\/td>\n<\/tr>\n<\/tbody>\n<\/table>\n<p>&nbsp;<\/p>\n<table width=\"702\">\n<tbody>\n<tr>\n<td rowspan=\"2\" width=\"20\">3<\/td>\n<td colspan=\"5\" width=\"333\"><strong><span style=\"color: #993300;\">Tableau r\u00e9capitulatif 3<\/span><\/strong><\/td>\n<td rowspan=\"2\" width=\"57\"><strong><span style=\"color: #993300;\">Valeur<\/span><\/strong><br \/>\n<strong><span style=\"color: #993300;\"> \u0627\u0644\u0642\u064a\u0645\u0629<\/span><\/strong><\/td>\n<td colspan=\"5\" width=\"269\"><strong><span style=\"color: #993300;\">\u062c\u062f\u0648\u0644 \u0627\u0644\u0645\u062d\u0635\u0651\u0644\u0629 3<\/span><\/strong><\/td>\n<td rowspan=\"2\" width=\"23\">3<\/td>\n<\/tr>\n<tr>\n<td colspan=\"5\" width=\"333\"><span style=\"color: #000000;\">Ad\u00e9quation et interactions avec l\u2019environnement \u00e9conomique, culturel et social<\/span><\/td>\n<td colspan=\"5\" width=\"269\"><span style=\"color: #000000;\">\u0627\u0644\u062a\u0644\u0627\u0624\u0645 \u0648\u0627\u0644\u062a\u0641\u0627\u0639\u0644 \u0645\u0639 \u0627\u0644\u0645\u062d\u064a\u0637 \u0627\u0644\u0627\u0642\u062a\u0635\u0627\u062f\u064a \u0648\u0627\u0644\u062b\u0642\u0627\u0641\u064a \u0648\u0627\u0644\u0627\u062c\u062a\u0645\u0627\u0639\u064a\u00a0<\/span><\/td>\n<\/tr>\n<tr>\n<td width=\"20\"><span style=\"color: #000000;\">a)<\/span><\/td>\n<td colspan=\"5\" width=\"333\"><span style=\"color: #000000;\">Organisation de p\u00e9riples scientifiques, de salons ou autres activit\u00e9s pour la diffusion de la science et de la technologie et de la diffusion de la culture scientifique<\/span><\/td>\n<td width=\"57\"><span style=\"color: #000000;\">100<\/span><\/td>\n<td colspan=\"5\" width=\"269\"><span style=\"color: #000000;\">\u062a\u0646\u0638\u064a\u0645 \u0642\u0648\u0627\u0641\u0644 \u0639\u0644\u0645\u064a\u0629 \u0648\u0645\u0639\u0627\u0631\u0636 \u0648\u0646\u0634\u0627\u0637\u0627\u062a \u0623\u062e\u0631\u0649 \u0628\u0647\u062f\u0641 \u0646\u0634\u0631 \u0627\u0644\u0639\u0644\u0648\u0645 \u0648\u0627\u0644\u062a\u0643\u0646\u0648\u0644\u0648\u062c\u064a\u0627 \u0648 \u0646\u0634\u0631 \u0627\u0644\u062b\u0642\u0627\u0641\u0629 \u0627\u0644\u0639\u0644\u0645\u064a\u0629\u00a0<\/span><\/td>\n<td><span style=\"color: #000000;\">\u0623)<\/span><\/td>\n<\/tr>\n<tr>\n<td width=\"20\"><span style=\"color: #000000;\">b)<\/span><\/td>\n<td colspan=\"5\" width=\"333\"><span style=\"color: #000000;\">Partenariat avec le secteur socio-\u00e9conomique<\/span><\/td>\n<td width=\"57\"><span style=\"color: #000000;\">0<\/span><\/td>\n<td colspan=\"5\" width=\"269\"><span style=\"color: #000000;\">\u0627\u0644\u0634\u0631\u0627\u0643\u0629 \u0645\u0639 \u0627\u0644\u0642\u0637\u0627\u0639 \u0627\u0644\u0627\u062c\u062a\u0645\u0627\u0639\u064a \u0648\u0627\u0644\u0627\u0642\u062a\u0635\u0627\u062f\u064a<\/span><\/td>\n<td><span style=\"color: #000000;\">\u0628)<\/span><\/td>\n<\/tr>\n<tr>\n<td width=\"20\"><span style=\"color: #000000;\">c)<\/span><\/td>\n<td colspan=\"5\" width=\"333\"><span style=\"color: #000000;\">Post graduation sp\u00e9cialis\u00e9<\/span><\/td>\n<td width=\"57\"><span style=\"color: #000000;\">0<\/span><\/td>\n<td colspan=\"5\" width=\"269\"><span style=\"color: #000000;\">\u0627\u0644\u062f\u0631\u0627\u0633\u0627\u062a \u0627\u0644\u0645\u062a\u062e\u0635\u0635\u0651\u0647 \u0641\u064a \u0645\u0627 \u0628\u0639\u062f \u0627\u0644\u062a\u062f\u0631\u062c<\/span><\/td>\n<td><span style=\"color: #000000;\">\u062c)<\/span><\/td>\n<\/tr>\n<tr>\n<td colspan=\"6\" width=\"353\"><span style=\"color: #000000;\">Total de l&rsquo;ad\u00e9quation et interactions avec l\u2019environnement \u00e9conomique, culturel et social<\/span><\/td>\n<td width=\"57\"><span style=\"color: #000000;\">100<\/span><\/td>\n<td colspan=\"6\" width=\"292\"><span style=\"color: #000000;\">\u0645\u062c\u0645\u0648\u0639 \u062a\u0644\u0627\u0624\u0645 \u0648\u062a\u0641\u0627\u0639\u0644 \u0645\u0639 \u0627\u0644\u0645\u062d\u064a\u0637 \u0627\u0644\u0627\u0642\u062a\u0635\u0627\u062f\u064a \u0648\u0627\u0644\u062b\u0642\u0627\u0641\u064a \u0648\u0627\u0644\u0627\u062c\u062a\u0645\u0627\u0639\u064a\u00a0<\/span><\/td>\n<\/tr>\n<\/tbody>\n<\/table>\n<p>&nbsp;<\/p>\n<table width=\"702\">\n<tbody>\n<tr>\n<td rowspan=\"2\" width=\"20\">4<\/td>\n<td colspan=\"5\" width=\"333\"><strong><span style=\"color: #993300;\">Tableau r\u00e9capitulatif 4<\/span><\/strong><\/td>\n<td rowspan=\"2\" width=\"57\"><strong><span style=\"color: #993300;\">Valeur<\/span><\/strong><br \/>\n<strong><span style=\"color: #993300;\"> \u0627\u0644\u0642\u064a\u0645\u0629<\/span><\/strong><\/td>\n<td colspan=\"5\" width=\"269\"><strong><span style=\"color: #993300;\">\u062c\u062f\u0648\u0644 \u0627\u0644\u0645\u062d\u0635\u0651\u0644\u0629 4\u00a0<\/span><\/strong><\/td>\n<td rowspan=\"2\" width=\"23\"><strong><span style=\"color: #993300;\">4<\/span><\/strong><\/td>\n<\/tr>\n<tr>\n<td colspan=\"5\" width=\"333\"><strong><span style=\"color: #993300;\">Visibilit\u00e9 de l\u2019\u00e9quipe sur le web<\/span><\/strong><\/td>\n<td colspan=\"5\" width=\"269\"><strong><span style=\"color: #993300;\">\u0648\u0636\u0648\u062d \u0627\u0644\u0641\u0631\u0642\u0629 \u0639\u0644\u0649 \u0634\u0628\u0643\u0629 \u0627\u0644\u0627\u0646\u062a\u0631\u0646\u062a<\/span><\/strong><\/td>\n<\/tr>\n<tr>\n<td width=\"20\">a)<\/td>\n<td colspan=\"5\" width=\"333\"><span style=\"color: #000000;\">R\u00e9f\u00e9rencement du site web dans des moteurs de recherche scientifique sp\u00e9cialis\u00e9e.<\/span><\/td>\n<td width=\"57\"><span style=\"color: #000000;\">\u00a0<\/span><\/td>\n<td colspan=\"5\" width=\"269\"><span style=\"color: #000000;\">\u0645\u0631\u062c\u0639\u064a\u0629 \u0645\u0648\u0642\u0639 \u0627\u0644\u0627\u0646\u062a\u0631\u0646\u062a \u0636\u0645\u0646 \u0645\u062d\u0631\u0643\u0627\u062a \u0627\u0644\u0628\u062d\u062b \u0627\u0644\u0639\u0644\u0645\u064a\u0629 \u0627\u0644\u0645\u062a\u062e\u0635\u0635\u0629<\/span><\/td>\n<td><span style=\"color: #000000;\">\u0623)<\/span><\/td>\n<\/tr>\n<tr>\n<td width=\"20\"><span style=\"color: #000000;\">b)<\/span><\/td>\n<td colspan=\"5\" width=\"333\"><span style=\"color: #000000;\">Nombre des pages du site web de l\u2019\u00e9quipe<\/span><\/td>\n<td width=\"57\"><span style=\"color: #000000;\">\u00a0<\/span><\/td>\n<td colspan=\"5\" width=\"269\"><span style=\"color: #000000;\">\u0639\u062f\u062f \u0635\u0641\u062d\u0627\u062a \u0645\u0648\u0642\u0639 \u0627\u0644\u0641\u0631\u0642\u0629 \u0639\u0644\u0649 \u0634\u0628\u0643\u0629 \u0627\u0644\u0627\u0646\u062a\u0631\u0646\u062a<\/span><\/td>\n<td><span style=\"color: #000000;\">\u0628)<\/span><\/td>\n<\/tr>\n<tr>\n<td width=\"20\"><span style=\"color: #000000;\">c)<\/span><\/td>\n<td colspan=\"5\" width=\"333\"><span style=\"color: #000000;\">Nombre des documents en formats pdf, ps, doc, docs, ppt, tex, r\u00e9f\u00e9renc\u00e9s dans les moteurs de recherche scientifique sp\u00e9cialis\u00e9s<\/span><\/td>\n<td width=\"57\"><span style=\"color: #000000;\">\u00a0<\/span><\/td>\n<td colspan=\"5\" width=\"269\"><span style=\"color: #000000;\">\u0639\u062f\u062f \u0627\u0644\u0648\u062b\u0627\u0626\u0642 \u0641\u064a \u0634\u0643\u0644\u00a0\u00a0 pdf, ps, doc, docs, ppt, tex \u0627\u0644\u062a\u064a \u0623\u0634\u064a\u0631 \u0625\u0644\u064a\u0647\u0627 \u0641\u064a \u0645\u062d\u0631\u0643\u0627\u062a \u0627\u0644\u0628\u062d\u062b \u0627\u0644\u0639\u0644\u0645\u064a\u0629 \u0627\u0644\u0645\u062a\u062e\u0635\u0635\u0629<\/span><\/td>\n<td><span style=\"color: #000000;\">\u062c)<\/span><\/td>\n<\/tr>\n<tr>\n<td colspan=\"6\" width=\"353\"><span style=\"color: #000000;\">Total \u00a0de la Visibilit\u00e9 de l\u2019\u00e9quipe sur le web<\/span><\/td>\n<td width=\"57\"><span style=\"color: #000000;\">0<\/span><\/td>\n<td colspan=\"6\" width=\"292\"><span style=\"color: #000000;\">\u0645\u062c\u0645\u0648\u0639 \u0627\u0644\u0648\u0636\u0648\u062d \u0639\u0644\u0649 \u0634\u0628\u0643\u0629 \u0627\u0644\u0627\u0646\u062a\u0631\u0646\u062a\u00a0<\/span><\/td>\n<\/tr>\n<\/tbody>\n<\/table>\n<p>&nbsp;<\/p>\n<table width=\"702\">\n<tbody>\n<tr>\n<td colspan=\"6\" width=\"353\"><strong><span style=\"color: #993300;\">Bilan R\u00e9capitulatif de l\u2019Equipe<\/span><\/strong><\/td>\n<td width=\"57\"><strong><span style=\"color: #993300;\">Valeur<\/span><\/strong><br \/>\n<strong><span style=\"color: #993300;\"> \u0627\u0644\u0642\u064a\u0645\u0629<\/span><\/strong><\/td>\n<td colspan=\"6\" width=\"292\"><strong><span style=\"color: #993300;\">\u0627\u0644\u062d\u0635\u064a\u0644\u0629 \u0627\u0644\u0645\u0644\u062e\u0635\u0629 \u0644\u0644\u0641\u0631\u0642\u0629\u00a0<\/span><\/strong><\/td>\n<\/tr>\n<tr>\n<td width=\"20\">1<\/td>\n<td colspan=\"5\" width=\"333\"><span style=\"color: #000000;\">Production scientifique<\/span><\/td>\n<td width=\"57\"><span style=\"color: #000000;\">0<\/span><\/td>\n<td colspan=\"5\" width=\"269\"><span style=\"color: #000000;\">\u0627\u0644\u0625\u0646\u062a\u0627\u062c \u0627\u0644\u0639\u0644\u0645\u064a<\/span><\/td>\n<td width=\"23\"><span style=\"color: #000000;\">1<\/span><\/td>\n<\/tr>\n<tr>\n<td width=\"20\"><span style=\"color: #000000;\">2<\/span><\/td>\n<td colspan=\"5\" width=\"333\"><span style=\"color: #000000;\">Rayonnement, visibilit\u00e9 et attractivit\u00e9 acad\u00e9mique<\/span><\/td>\n<td width=\"57\"><span style=\"color: #000000;\">32<\/span><\/td>\n<td colspan=\"5\" width=\"269\"><span style=\"color: #000000;\">\u0627\u0644\u0625\u0634\u0639\u0627\u0639\u060c \u0627\u0644\u0645\u0642\u0631\u0648\u0626\u064a\u0629 \u0648\u0627\u0644\u0627\u0633\u062a\u0642\u0637\u0627\u0628 \u0627\u0644\u0623\u0643\u0627\u062f\u064a\u0645\u064a<\/span><\/td>\n<td width=\"23\"><span style=\"color: #000000;\">2<\/span><\/td>\n<\/tr>\n<tr>\n<td width=\"20\"><span style=\"color: #000000;\">3<\/span><\/td>\n<td colspan=\"5\" width=\"333\"><span style=\"color: #000000;\">Ad\u00e9quation et interactions avec l\u2019environnement \u00e9conomique, culturel et social<\/span><\/td>\n<td width=\"57\"><span style=\"color: #000000;\">100<\/span><\/td>\n<td colspan=\"5\" width=\"269\"><span style=\"color: #000000;\">\u0627\u0644\u062a\u0644\u0627\u0624\u0645 \u0648\u0627\u0644\u062a\u0641\u0627\u0639\u0644 \u0645\u0639 \u0627\u0644\u0645\u062d\u064a\u0637 \u0627\u0644\u0627\u0642\u062a\u0635\u0627\u062f\u064a \u0648\u0627\u0644\u062b\u0642\u0627\u0641\u064a \u0648\u0627\u0644\u0627\u062c\u062a\u0645\u0627\u0639\u064a<\/span><\/td>\n<td width=\"23\"><span style=\"color: #000000;\">3<\/span><\/td>\n<\/tr>\n<tr>\n<td width=\"20\"><span style=\"color: #000000;\">4<\/span><\/td>\n<td colspan=\"5\" width=\"333\"><span style=\"color: #000000;\">Visibilit\u00e9 sur le web<\/span><\/td>\n<td width=\"57\"><span style=\"color: #000000;\">0<\/span><\/td>\n<td colspan=\"5\" width=\"269\"><span style=\"color: #000000;\">\u0627\u0644\u0648\u0636\u0648\u062d \u0639\u0644\u0649 \u0634\u0628\u0643\u0629 \u0627\u0644\u0627\u0646\u062a\u0631\u0646\u062a<\/span><\/td>\n<td width=\"23\"><span style=\"color: #000000;\">4<\/span><\/td>\n<\/tr>\n<tr>\n<td width=\"20\"><span style=\"color: #000000;\">5<\/span><\/td>\n<td colspan=\"5\" width=\"333\"><span style=\"color: #000000;\">Appr\u00e9ciation de la rubrique \u00ab Ad\u00e9quation entre le programme initial de l\u2019\u00e9quipe et sa r\u00e9alisation \u00bb<\/span><\/td>\n<td width=\"57\"><span style=\"color: #000000;\">50<\/span><\/td>\n<td colspan=\"5\" width=\"269\"><span style=\"color: #000000;\">\u062a\u0642\u062f\u064a\u0631 \u0627\u0644\u0645\u0648\u0636\u0648\u0639\u00a0 \u00ab\u00a0\u0627\u0644\u0645\u0637\u0627\u0628\u0642\u0629 \u0628\u064a\u0646 \u0627\u0644\u0628\u0631\u0646\u0627\u0645\u062c \u0627\u0644\u0623\u0648\u0644\u064a \u0644\u0644\u0641\u0631\u0642\u0629 \u0648 \u0625\u0646\u062c\u0627\u0632\u0647\u00bb<\/span><\/td>\n<td width=\"23\"><span style=\"color: #000000;\">5<\/span><\/td>\n<\/tr>\n<tr>\n<td width=\"20\"><span style=\"color: #000000;\">6<\/span><\/td>\n<td colspan=\"5\" width=\"333\"><span style=\"color: #000000;\">Appr\u00e9ciation de la rubrique \u00abEnvironnement et Contraintes\u00bb<\/span><\/td>\n<td width=\"57\"><span style=\"color: #000000;\">20<\/span><\/td>\n<td colspan=\"5\" width=\"269\"><span style=\"color: #000000;\">\u062a\u0642\u062f\u064a\u0631 \u0627\u0644\u0645\u0648\u0636\u0648\u0639 \u00ab \u0645\u062d\u064a\u0637 \u0648 \u0635\u0639\u0648\u0628\u0627\u062a\u00bb\u00a0\u00a0\u00a0\u00a0\u00a0\u00a0\u00a0\u00a0\u00a0\u00a0\u00a0 \u00a0\u00a0\u00a0\u00a0\u00a0\u00a0<\/span><\/td>\n<td width=\"23\"><span style=\"color: #000000;\">6<\/span><\/td>\n<\/tr>\n<tr>\n<td colspan=\"6\" width=\"353\"><span style=\"color: #000000;\">Total R\u00e9capitulatif de l\u2019Equipe<\/span><\/td>\n<td width=\"57\"><span style=\"color: #000000;\">202<\/span><\/td>\n<td colspan=\"6\" width=\"292\"><span style=\"color: #000000;\">\u0645\u062c\u0645\u0648\u0639 \u0627\u0644\u062d\u0635\u064a\u0644\u0629 \u0627\u0644\u0645\u0644\u062e\u0635\u0629 \u0644\u0644\u0641\u0631\u0642\u0629\u00a0<\/span><\/td>\n<\/tr>\n<\/tbody>\n<\/table>\n","protected":false},"excerpt":{"rendered":"<p>Chef d\u2019\u00e9quipe:\u00a0AHMED ZAID Iddir Domaine:\u00a0Sciences de la terre et de l\u2019univers Mot cl\u00e9: Description de la th\u00e9matique de recherche de l\u2019\u00e9quipe:\u00a0 Liste exhaustive des membres permanents de l\u2019\u00e9quipe: &nbsp; Liste exhaustive des doctorants membres&#46;&#46;&#46;<\/p>\n","protected":false},"author":1,"featured_media":0,"parent":0,"menu_order":0,"comment_status":"closed","ping_status":"closed","template":"","meta":[],"_links":{"self":[{"href":"http:\/\/labs.ummto.dz\/eaux\/index.php?rest_route=\/wp\/v2\/pages\/145"}],"collection":[{"href":"http:\/\/labs.ummto.dz\/eaux\/index.php?rest_route=\/wp\/v2\/pages"}],"about":[{"href":"http:\/\/labs.ummto.dz\/eaux\/index.php?rest_route=\/wp\/v2\/types\/page"}],"author":[{"embeddable":true,"href":"http:\/\/labs.ummto.dz\/eaux\/index.php?rest_route=\/wp\/v2\/users\/1"}],"replies":[{"embeddable":true,"href":"http:\/\/labs.ummto.dz\/eaux\/index.php?rest_route=%2Fwp%2Fv2%2Fcomments&post=145"}],"version-history":[{"count":21,"href":"http:\/\/labs.ummto.dz\/eaux\/index.php?rest_route=\/wp\/v2\/pages\/145\/revisions"}],"predecessor-version":[{"id":913,"href":"http:\/\/labs.ummto.dz\/eaux\/index.php?rest_route=\/wp\/v2\/pages\/145\/revisions\/913"}],"wp:attachment":[{"href":"http:\/\/labs.ummto.dz\/eaux\/index.php?rest_route=%2Fwp%2Fv2%2Fmedia&parent=145"}],"curies":[{"name":"wp","href":"https:\/\/api.w.org\/{rel}","templated":true}]}}