
{"id":177,"date":"2017-03-22T11:21:08","date_gmt":"2017-03-22T10:21:08","guid":{"rendered":"http:\/\/localhost\/set\/?page_id=177"},"modified":"2019-06-10T14:44:22","modified_gmt":"2019-06-10T12:44:22","slug":"seminaires-2","status":"publish","type":"page","link":"http:\/\/labs.ummto.dz\/eaux\/?page_id=177","title":{"rendered":"S\u00e9minaires"},"content":{"rendered":"<h4 style=\"text-align: center;\"><span style=\"color: #800000;\"><strong><img loading=\"lazy\" class=\"alignnone wp-image-942\" src=\"http:\/\/labs.ummto.dz\/eaux\/wp-content\/uploads\/2019\/03\/20180402_154821-e1525355066198-960x360_c-300x113.jpg\" alt=\"\" width=\"515\" height=\"194\" srcset=\"http:\/\/labs.ummto.dz\/eaux\/wp-content\/uploads\/2019\/03\/20180402_154821-e1525355066198-960x360_c-300x113.jpg 300w, http:\/\/labs.ummto.dz\/eaux\/wp-content\/uploads\/2019\/03\/20180402_154821-e1525355066198-960x360_c-768x288.jpg 768w, http:\/\/labs.ummto.dz\/eaux\/wp-content\/uploads\/2019\/03\/20180402_154821-e1525355066198-960x360_c.jpg 960w\" sizes=\"(max-width: 515px) 100vw, 515px\" \/><\/strong><\/span><\/h4>\n<h4><span style=\"color: #000080;\"><strong>6\u00e8me s\u00e9minaire sur l\u2019eau. Les 12,13 et 14 JUIN 2019 \u00e0 l\u2019Auditorium Hasnaoua I<\/strong><\/span><\/h4>\n<p><span style=\"color: #000080;\"><strong>Th\u00e8mes du S\u00e9minaire \u00ab SNE-6-UMMTO-2019 \u00bb:<\/strong><\/span><\/p>\n<p><span style=\"color: #000080;\"><strong>&#8211; TH\u00c8ME 1<\/strong>\u00a0<strong>:<\/strong><\/span> <span style=\"color: #000000;\">IMPACTS DES GRANDS OUVRAGES HYDRAULIQUES ET TRANSFERTS \u2013<\/span><\/p>\n<p><strong><span style=\"color: #000080;\">-TH\u00c8ME 2\u00a0:<\/span> <\/strong><span style=\"color: #000000;\">HYDROG\u00c9OLOGIE R\u00c9GIONALE \u2013 MOD\u00c9LISATION ET SIMULATION DES FACTEURS HYDRO-CLIMATIQUES \u2013<\/span><\/p>\n<p><strong><span style=\"color: #000080;\">-TH\u00c8ME 3\u00a0:<\/span> <\/strong><span style=\"color: #000000;\">HYDRAULIQUE URBAINE ET BARRAGES \u2013<\/span><\/p>\n<p><span style=\"color: #000080;\"><strong>-TH\u00c8ME 4\u00a0:<\/strong><\/span> <span style=\"color: #000000;\">QUALIT\u00c9 ET PROTECTION DES EAUX Excursions : Barrage et Station de traitement des eaux de Taksebt \u2013 Sources et captages, hydro-\u00e9lectricit\u00e9 au Djurdjura<\/span><\/p>\n<p><strong><span style=\"color: #000080;\">Frais de participation (H\u00c9BERGEMENT inclus) :<\/span><\/strong><br \/>\n<span style=\"color: #000000;\">Les tarifs incluent : entr\u00e9es aux conf\u00e9rences et communications, H\u00c9BERGEMENT, sorties et excursions, caf\u00e9 et repas, recueil des r\u00e9sum\u00e9s \u00e9tendus, Affiche du SNE6-2019 UMMTO et navigation sur la plan d\u2019eau du barrage Taksebt, f\u00eate et repas \u00e0 Ait Ouabane<\/span><br \/>\n<span style=\"color: #000000;\">Tarifs : 10 000 DA participants, organismes et entreprises<\/span><br \/>\n<span style=\"color: #000000;\">Tarifs pr\u00e9f\u00e9rentiels enseignants : <strong>8 000DA<\/strong>, <strong>6 000DA<\/strong> pour les membres de l\u2019AAH<\/span><br \/>\n<span style=\"color: #000000;\">Tarifs pr\u00e9f\u00e9rentiels \u00e9tudiants : <strong>5 000 DA, 3 000DA<\/strong> pour les membres de l\u2019AAH<\/span><br \/>\n<span style=\"color: #000000;\">Excursions : compris dans les frais<\/span><br \/>\n<span style=\"color: #000000;\">Confirmer toute participation.<\/span><br \/>\n<span style=\"color: #000000;\">Indiquer les dates d\u2019arriv\u00e9e et de d\u00e9part \u00e0 Tizi-Ouzou<\/span><br \/>\n<span style=\"color: #000000;\">Confirmer toute participation.<\/span><br \/>\n<span style=\"color: #000000;\">Indiquer les dates d\u2019arriv\u00e9e et de d\u00e9part \u00e0 et de Tizi-Ouzou<\/span><\/p>\n<p><strong><span style=\"color: #000080;\">Programme : SNE6-2019-UMMTO<\/span><\/strong><br \/>\n<span style=\"color: #800000;\"><strong>Mercredi 12 juin 2019:<\/strong><\/span><br \/>\n<span style=\"color: #000000;\"><strong><span style=\"color: #800000;\">Matin<\/span><\/strong>\u00a0Campus Hasnaoua Tizi-Ouzou<\/span><br \/>\n<span style=\"color: #000000;\">\u2013 Accueil \u2013 Inauguration Conf\u00e9rences et communications<\/span><br \/>\n<span style=\"color: #000000;\"><strong><span style=\"color: #800000;\">Apr\u00e8s-midi<\/span><\/strong> sur le site du barrage de Taksebt<\/span><br \/>\n<span style=\"color: #000000;\">\u2013 Visite de la Station de traitement de Taksebt<\/span><br \/>\n<span style=\"color: #000000;\">\u2013 Visite du barrage de Taksebt<\/span><br \/>\n<span style=\"color: #000000;\">\u2013 Conf\u00e9rences sur le site de la base nautique de Taksebt<\/span><br \/>\n<span style=\"color: #000000;\">\u2013 Pr\u00e9sentation de l\u2019Association Alg\u00e9rienne d\u2019Hydrog\u00e9ologie \u2013 AAH et campagne d\u2019adh\u00e9sion<\/span><br \/>\n<span style=\"color: #000000;\">\u2013 Sortie r\u00e9cr\u00e9ative et d\u00e9couverte du plan d\u2019eau du barrage (barque et cano\u00eb)<\/span><br \/>\n<span style=\"color: #000000;\">\u2013 Repas en plein air sur le site du barrage de Taksebt<\/span><br \/>\n<span style=\"color: #000000;\"><strong><span style=\"color: #800000;\">Jeudi 13 juin 2019:<\/span><\/strong> Auditorium Campus Hasnaou Tizi-Ouzou : Conf\u00e9rences et communications<\/span><br \/>\n<span style=\"color: #000000;\">Visite, fin de journ\u00e9e, du barrage en construction de TLETA (Contact gr\u00e8s perm\u00e9ables, alluvions et socle schisteux, Essais Lugeon, injections, Ancrage du noyau dans le substratum imperm\u00e9able, galeries d\u2019injection, de drainage et de d\u00e9rivation, retour d\u2019eau en infero-flux dans les alluvions\u2026)<\/span><\/p>\n<p><span style=\"color: #800000;\"><strong>Vendredi 14 juin 2019:<\/strong><\/span><br \/>\n<span style=\"color: #000000;\">Sources et captages, hydro-\u00e9lectricit\u00e9 au Djurdjura barrage mobile de d\u00e9rivations et galerie, station de traitement de Souk Djema et ses galeries-bassins de d\u00e9cantation souterraines.<\/span><br \/>\n<span style=\"color: #000000;\">F\u00eate du \u00ab\u00a0Partage de l\u2019eau\u00a0\u00bb au village d\u2019Ait Ouabane au Djurdjura : Ouverture des canaux d\u2019irrigation \u00ab\u00a0TIROUGUOUA\u00a0\u00bb des jardins du village \u2013 Sacrifice des b\u0153ufs et participation au repas au village (sous r\u00e9serve attente de la confirmation)<\/span><\/p>\n<p><a href=\"http:\/\/labs.ummto.dz\/eaux\/wp-content\/uploads\/2019\/06\/affiche-uni-MODIF.jpg\"><span style=\"color: #800000;\"><strong>Plus d\u2019informations\u2026<\/strong><\/span><\/a><\/p>\n<p><span style=\"color: #000000;\"><strong><br \/>\n<img loading=\"lazy\" class=\"alignnone size-medium wp-image-738 alignright\" src=\"http:\/\/set.ummto.dz\/wp-content\/uploads\/2017\/03\/Audience1-300x200.jpg\" alt=\"\" width=\"300\" height=\"200\" srcset=\"http:\/\/labs.ummto.dz\/eaux\/wp-content\/uploads\/2017\/03\/Audience1-300x200.jpg 300w, http:\/\/labs.ummto.dz\/eaux\/wp-content\/uploads\/2017\/03\/Audience1-768x511.jpg 768w, http:\/\/labs.ummto.dz\/eaux\/wp-content\/uploads\/2017\/03\/Audience1-1024x682.jpg 1024w, http:\/\/labs.ummto.dz\/eaux\/wp-content\/uploads\/2017\/03\/Audience1.jpg 1200w\" sizes=\"(max-width: 300px) 100vw, 300px\" \/><\/strong><\/span><\/p>\n<p>&nbsp;<\/p>\n","protected":false},"excerpt":{"rendered":"<p>6\u00e8me s\u00e9minaire sur l\u2019eau. Les 12,13 et 14 JUIN 2019 \u00e0 l\u2019Auditorium Hasnaoua I Th\u00e8mes du S\u00e9minaire \u00ab SNE-6-UMMTO-2019 \u00bb: &#8211; TH\u00c8ME 1\u00a0: IMPACTS DES GRANDS OUVRAGES HYDRAULIQUES ET TRANSFERTS \u2013 -TH\u00c8ME 2\u00a0: HYDROG\u00c9OLOGIE&#46;&#46;&#46;<\/p>\n","protected":false},"author":1,"featured_media":0,"parent":0,"menu_order":0,"comment_status":"closed","ping_status":"closed","template":"","meta":[],"_links":{"self":[{"href":"http:\/\/labs.ummto.dz\/eaux\/index.php?rest_route=\/wp\/v2\/pages\/177"}],"collection":[{"href":"http:\/\/labs.ummto.dz\/eaux\/index.php?rest_route=\/wp\/v2\/pages"}],"about":[{"href":"http:\/\/labs.ummto.dz\/eaux\/index.php?rest_route=\/wp\/v2\/types\/page"}],"author":[{"embeddable":true,"href":"http:\/\/labs.ummto.dz\/eaux\/index.php?rest_route=\/wp\/v2\/users\/1"}],"replies":[{"embeddable":true,"href":"http:\/\/labs.ummto.dz\/eaux\/index.php?rest_route=%2Fwp%2Fv2%2Fcomments&post=177"}],"version-history":[{"count":9,"href":"http:\/\/labs.ummto.dz\/eaux\/index.php?rest_route=\/wp\/v2\/pages\/177\/revisions"}],"predecessor-version":[{"id":952,"href":"http:\/\/labs.ummto.dz\/eaux\/index.php?rest_route=\/wp\/v2\/pages\/177\/revisions\/952"}],"wp:attachment":[{"href":"http:\/\/labs.ummto.dz\/eaux\/index.php?rest_route=%2Fwp%2Fv2%2Fmedia&parent=177"}],"curies":[{"name":"wp","href":"https:\/\/api.w.org\/{rel}","templated":true}]}}