
{"id":209,"date":"2017-03-22T13:55:34","date_gmt":"2017-03-22T12:55:34","guid":{"rendered":"http:\/\/localhost\/set\/?page_id=209"},"modified":"2021-06-20T12:10:03","modified_gmt":"2021-06-20T10:10:03","slug":"fiche-descriptive-du-laboratoire-set","status":"publish","type":"page","link":"http:\/\/labs.ummto.dz\/eaux\/","title":{"rendered":""},"content":{"rendered":"<ul>\n<li><span style=\"color: #000000;\">\u00a0 <strong>\u00c9tablissement de tutelle:<\/strong> Universit\u00e9 Mouloud MAMMERI de Tizi-Ouzou \u00ab\u00a0UMMTO\u00a0\u00bb<\/span><\/li>\n<li><span style=\"color: #000000;\">\u00a0<strong> Directeur: Dr Abdesselam Malek<\/strong><\/span><\/li>\n<li><span style=\"color: #000000;\">\u00a0 <strong>Th\u00e9matiques:\u00a0<\/strong><\/span><\/li>\n<li><span style=\"color: #000000;\">\u00a0<strong> Adresse:<\/strong>\u00a0,Universit\u00e9 Mouloud MAMMERi B.P.17 RP, 15000 Tizi-Ouzou (ALGERIE).<\/span><\/li>\n<li><span style=\"color: #000000;\">\u00a0 <strong>Courriel:\u00a0<\/strong><\/span><\/li>\n<li><span style=\"color: #000000;\">\u00a0 <strong>Site web:<span style=\"color: #000080;\"><a style=\"color: #000080;\" href=\"http:\/\/labs.ummto.dz\/eaux\/\">http:\/\/labs.ummto.dz\/eaux\/<\/a><\/span><\/strong><\/span><\/li>\n<\/ul>\n<p>&nbsp;<\/p>\n<div class=\"wrapper01\">\n<p><!-- IMG 01 --><\/p>\n<div class=\"cadre_1\">\n<div class=\"titre\">EQUIPE 01<\/div>\n<div class=\"img_header\"><img src=\"wp-content\/uploads\/2018\/06\/527216050.jpg\" \/><\/div>\n<div class=\"texte\"><a href=\"http:\/\/labs.ummto.dz\/eaux\/?page_id=147\"><span style=\"color: #000080;\"><strong>La vuln\u00e9rabilit\u00e9 des eaux de surface et souterraines en Kabylie : caract\u00e9risation, impacts anthropiques et protection<\/strong><\/span><\/a><\/div>\n<\/div>\n<p><!-- End: IMG 01 --><\/p>\n<p><!-- IMG 02 --><\/p>\n<div class=\"cadre_1\">\n<div class=\"titre\">EQUIPE 02<\/div>\n<div class=\"img_header\"><img src=\"wp-content\/uploads\/2018\/06\/eau-pour-le-colon.jpg\" \/><\/div>\n<div class=\"texte\"><strong><span style=\"color: #000080;\"><a style=\"color: #000080;\" href=\"http:\/\/labs.ummto.dz\/eaux\/?page_id=145\">Les Eaux, G\u00e9orisques et applications diverses des m\u00e9thodes g\u00e9ophysiques<\/a><\/span><\/strong><\/div>\n<\/div>\n<p><!-- End: IMG 02 --><\/p>\n<p><!-- IMG 03 --><\/p>\n<div class=\"cadre_1\">\n<div class=\"titre\">EQUIPE 03<\/div>\n<div class=\"img_header\"><img src=\"wp-content\/uploads\/2018\/06\/prelevement.jpg\" \/><\/div>\n<div class=\"texte\"><strong><span style=\"color: #000080;\"><a style=\"color: #000080;\" href=\"http:\/\/labs.ummto.dz\/eaux\/?page_id=145\">Reconnaissance et identification des param\u00e8tres physiques de la qualit\u00e9 des eaux et quantification de l\u2019aquif\u00e8re de la nappe du sebaou<\/a><\/span><\/strong><\/div>\n<\/div>\n<p><!-- End: IMG 03 --><\/p>\n<p><!-- IMG 03 --><\/p>\n<div class=\"cadre_1\">\n<div class=\"titre\">EQUIPE 04<\/div>\n<div class=\"img_header\"><img src=\"wp-content\/uploads\/2018\/06\/images.jpg\" \/><\/div>\n<div class=\"texte\"><strong><span style=\"color: #000080;\"><a style=\"color: #000080;\" href=\"http:\/\/labs.ummto.dz\/eaux\/?page_id=141\">Les effets des changements climatiques sur l\u2019environnement \u00e9cologique et les ressources potentielles en eau dans le bassin versant du S\u00e9baou et la wilaya de Tizi Ouzou<\/a><\/span><\/strong><\/div>\n<\/div>\n<p><!-- End: IMG 02 --><\/p>\n<\/div>\n<p>&nbsp;<\/p>\n<p>&nbsp;<\/p>\n","protected":false},"excerpt":{"rendered":"<p>\u00a0 \u00c9tablissement de tutelle: Universit\u00e9 Mouloud MAMMERI de Tizi-Ouzou \u00ab\u00a0UMMTO\u00a0\u00bb \u00a0 Directeur: Dr Abdesselam Malek \u00a0 Th\u00e9matiques:\u00a0 \u00a0 Adresse:\u00a0,Universit\u00e9 Mouloud MAMMERi B.P.17 RP, 15000 Tizi-Ouzou (ALGERIE). \u00a0 Courriel:\u00a0 \u00a0 Site web:http:\/\/labs.ummto.dz\/eaux\/ &nbsp; EQUIPE 01&#46;&#46;&#46;<\/p>\n","protected":false},"author":1,"featured_media":0,"parent":0,"menu_order":0,"comment_status":"closed","ping_status":"closed","template":"","meta":[],"_links":{"self":[{"href":"http:\/\/labs.ummto.dz\/eaux\/index.php?rest_route=\/wp\/v2\/pages\/209"}],"collection":[{"href":"http:\/\/labs.ummto.dz\/eaux\/index.php?rest_route=\/wp\/v2\/pages"}],"about":[{"href":"http:\/\/labs.ummto.dz\/eaux\/index.php?rest_route=\/wp\/v2\/types\/page"}],"author":[{"embeddable":true,"href":"http:\/\/labs.ummto.dz\/eaux\/index.php?rest_route=\/wp\/v2\/users\/1"}],"replies":[{"embeddable":true,"href":"http:\/\/labs.ummto.dz\/eaux\/index.php?rest_route=%2Fwp%2Fv2%2Fcomments&post=209"}],"version-history":[{"count":120,"href":"http:\/\/labs.ummto.dz\/eaux\/index.php?rest_route=\/wp\/v2\/pages\/209\/revisions"}],"predecessor-version":[{"id":961,"href":"http:\/\/labs.ummto.dz\/eaux\/index.php?rest_route=\/wp\/v2\/pages\/209\/revisions\/961"}],"wp:attachment":[{"href":"http:\/\/labs.ummto.dz\/eaux\/index.php?rest_route=%2Fwp%2Fv2%2Fmedia&parent=209"}],"curies":[{"name":"wp","href":"https:\/\/api.w.org\/{rel}","templated":true}]}}