
{"id":830,"date":"2018-05-27T13:15:25","date_gmt":"2018-05-27T11:15:25","guid":{"rendered":"http:\/\/labs.ummto.dz\/eaux\/?page_id=830"},"modified":"2019-05-02T12:09:48","modified_gmt":"2019-05-02T10:09:48","slug":"conference-scientifique","status":"publish","type":"page","link":"http:\/\/labs.ummto.dz\/eaux\/?page_id=830","title":{"rendered":"Conf\u00e9rence Scientifique"},"content":{"rendered":"<p class=\"entry-title\"><span style=\"color: #000080;\">Ann\u00e9e 2018:<\/span><a href=\"http:\/\/www.ummto.dz\/wp-content\/uploads\/2018\/05\/20180402_154821-e1525355066198.jpg\"><img loading=\"lazy\" class=\"wp-image-4255 aligncenter\" src=\"http:\/\/www.ummto.dz\/wp-content\/uploads\/2018\/05\/Programme-des-%C3%A9nergies-renouvelables-et-de-l%E2%80%99efficacit%C3%A9-%C3%A9nerg%C3%A9tique-DZ.jpg\" sizes=\"(max-width: 1134px) 100vw, 1134px\" srcset=\"http:\/\/www.ummto.dz\/wp-content\/uploads\/2018\/05\/Programme-des-\u00e9nergies-renouvelables-et-de-l\u2019efficacit\u00e9-\u00e9nerg\u00e9tique-DZ.jpg 1134w, http:\/\/www.ummto.dz\/wp-content\/uploads\/2018\/05\/Programme-des-\u00e9nergies-renouvelables-et-de-l\u2019efficacit\u00e9-\u00e9nerg\u00e9tique-DZ-300x72.jpg 300w, http:\/\/www.ummto.dz\/wp-content\/uploads\/2018\/05\/Programme-des-\u00e9nergies-renouvelables-et-de-l\u2019efficacit\u00e9-\u00e9nerg\u00e9tique-DZ-768x184.jpg 768w, http:\/\/www.ummto.dz\/wp-content\/uploads\/2018\/05\/Programme-des-\u00e9nergies-renouvelables-et-de-l\u2019efficacit\u00e9-\u00e9nerg\u00e9tique-DZ-1024x246.jpg 1024w\" alt=\"\" width=\"630\" height=\"151\" \/><\/a><\/p>\n<div class=\"entry-content\">\n<h4><\/h4>\n<p><span style=\"color: #000000;\">Le laboratoire des EAUX de L\u2019ummto\u00a0 organise une\u00a0conf\u00e9rence sur l\u2019\u00e9nergie \u00ab\u00a0La s\u00e9curit\u00e9 \u00e9nerg\u00e9tique et la transition \u00e9nerg\u00e9tique en Alg\u00e9rie\u00a0\u00bb<\/span><\/p>\n<p><span style=\"color: #000000;\">Par Monsieur<\/span>\u00a0<span style=\"color: #000080;\"><a style=\"color: #000080;\" href=\"http:\/\/labs.ummto.dz\/eaux\/wp-content\/uploads\/2018\/05\/CV-A.-Attar-V.-Courte-Fr.-2018.pdf\"><strong>Abdelmadjid ATTAR<\/strong><\/a><\/span>, I<span style=\"color: #000000;\">ng\u00e9nieur g\u00e9ologue p\u00e9trolier de l\u2019IAP \u2013 Expert en \u00e9nergie \u2013 Ancien PDG de SONATRACH \u2013 Ancien Ministre des Ressources en Eaux .<\/span><\/p>\n<p><span style=\"color: #000000;\">Le Mercredi\u00a0<strong>16 Mai 2018<\/strong>\u00a0\u00e0\u00a0<strong>10H 00<\/strong>\u00a0\u00e0 l\u2019auditorium\u00a0<strong>Hasnaoua I<\/strong>\u2013 Tizi-Ouzou<\/span><\/p>\n<div class=\"carousel-slider-outer carousel-slider-outer-images carousel-slider-outer-3985\">\n<div id=\"id-3985\" class=\"owl-carousel carousel-slider arrows-outside arrows-visible-hover dots-hidden dots-center dots-square owl-loaded owl-drag\" data-slide-type=\"image-carousel\" data-margin=\"10\" data-slide-by=\"1\" data-loop=\"true\" data-lazy-load=\"false\" data-stage-padding=\"0\" data-auto-width=\"true\" data-dots=\"false\" data-nav=\"true\" data-autoplay=\"true\" data-autoplay-timeout=\"5000\" data-autoplay-speed=\"500\" data-autoplay-hover-pause=\"true\" data-colums=\"5\" data-colums-desktop=\"5\" data-colums-small-desktop=\"5\" data-colums-tablet=\"3\" data-colums-small-tablet=\"2\" data-colums-mobile=\"1\">\n<div class=\"owl-nav\"><span style=\"color: #000080;\"><strong><a style=\"color: #000080;\" href=\"http:\/\/labs.ummto.dz\/eaux\/wp-content\/uploads\/2018\/05\/Abstract-A.-Attar-TRANSITION-ET-SECURITE-ENERGETIQUE.pdf\">Abstract A. Attar-TRANSITION ET SECURITE ENERGETIQUE<\/a><\/strong><\/span><br \/>\n<span style=\"color: #000080;\"><strong> <a style=\"color: #000080;\" href=\"http:\/\/labs.ummto.dz\/eaux\/wp-content\/uploads\/2018\/05\/CV-A.-Attar-V.-Courte-Fr.-2018.pdf\">CV A. Attar V. Courte (Fr. 2018)<\/a><\/strong><\/span><\/div>\n<div><\/div>\n<div><\/div>\n<\/div>\n<\/div>\n<\/div>\n<div><\/div>\n<div class=\"entry-content\">\n<div class=\"carousel-slider-outer carousel-slider-outer-images carousel-slider-outer-3985\">\n<div id=\"id-3985\" class=\"owl-carousel carousel-slider arrows-outside arrows-visible-hover dots-hidden dots-center dots-square owl-loaded owl-drag\" data-slide-type=\"image-carousel\" data-margin=\"10\" data-slide-by=\"1\" data-loop=\"true\" data-lazy-load=\"false\" data-stage-padding=\"0\" data-auto-width=\"true\" data-dots=\"false\" data-nav=\"true\" data-autoplay=\"true\" data-autoplay-timeout=\"5000\" data-autoplay-speed=\"500\" data-autoplay-hover-pause=\"true\" data-colums=\"5\" data-colums-desktop=\"5\" data-colums-small-desktop=\"5\" data-colums-tablet=\"3\" data-colums-small-tablet=\"2\" data-colums-mobile=\"1\">\n<div class=\"owl-nav\"><\/div>\n<\/div>\n<\/div>\n<\/div>\n","protected":false},"excerpt":{"rendered":"<p>Ann\u00e9e 2018: Le laboratoire des EAUX de L\u2019ummto\u00a0 organise une\u00a0conf\u00e9rence sur l\u2019\u00e9nergie \u00ab\u00a0La s\u00e9curit\u00e9 \u00e9nerg\u00e9tique et la transition \u00e9nerg\u00e9tique en Alg\u00e9rie\u00a0\u00bb Par Monsieur\u00a0Abdelmadjid ATTAR, Ing\u00e9nieur g\u00e9ologue p\u00e9trolier de l\u2019IAP \u2013 Expert en \u00e9nergie \u2013&#46;&#46;&#46;<\/p>\n","protected":false},"author":1,"featured_media":0,"parent":0,"menu_order":0,"comment_status":"closed","ping_status":"closed","template":"","meta":[],"_links":{"self":[{"href":"http:\/\/labs.ummto.dz\/eaux\/index.php?rest_route=\/wp\/v2\/pages\/830"}],"collection":[{"href":"http:\/\/labs.ummto.dz\/eaux\/index.php?rest_route=\/wp\/v2\/pages"}],"about":[{"href":"http:\/\/labs.ummto.dz\/eaux\/index.php?rest_route=\/wp\/v2\/types\/page"}],"author":[{"embeddable":true,"href":"http:\/\/labs.ummto.dz\/eaux\/index.php?rest_route=\/wp\/v2\/users\/1"}],"replies":[{"embeddable":true,"href":"http:\/\/labs.ummto.dz\/eaux\/index.php?rest_route=%2Fwp%2Fv2%2Fcomments&post=830"}],"version-history":[{"count":22,"href":"http:\/\/labs.ummto.dz\/eaux\/index.php?rest_route=\/wp\/v2\/pages\/830\/revisions"}],"predecessor-version":[{"id":948,"href":"http:\/\/labs.ummto.dz\/eaux\/index.php?rest_route=\/wp\/v2\/pages\/830\/revisions\/948"}],"wp:attachment":[{"href":"http:\/\/labs.ummto.dz\/eaux\/index.php?rest_route=%2Fwp%2Fv2%2Fmedia&parent=830"}],"curies":[{"name":"wp","href":"https:\/\/api.w.org\/{rel}","templated":true}]}}