
{"id":120,"date":"2017-07-13T15:46:12","date_gmt":"2017-07-13T13:46:12","guid":{"rendered":"http:\/\/labs.ummto.dz\/l2csp\/?page_id=120"},"modified":"2017-07-18T11:18:54","modified_gmt":"2017-07-18T09:18:54","slug":"equipe-04-modelisation-du-comportement-des-materiaux-mcm","status":"publish","type":"page","link":"http:\/\/labs.ummto.dz\/l2csp\/equipe-04-modelisation-du-comportement-des-materiaux-mcm\/","title":{"rendered":"Equipe 04 : Recherche op\u00e9rationnelle et Optimisation"},"content":{"rendered":"<p><strong><span style=\"color: #000080;\">Chef d\u2019\u00e9quipe:\u00a0<\/span><\/strong><span style=\"color: #000080;\"><span style=\"color: #000000;\">Dr Mansouri Rachid.<\/span><\/span><strong><span style=\"color: #000080;\"><img loading=\"lazy\" class=\"alignnone wp-image-172 alignright\" src=\"http:\/\/labs.ummto.dz\/l2csp\/wp-content\/uploads\/2017\/05\/Operational-Research-300x300.jpg\" alt=\"\" width=\"171\" height=\"171\" srcset=\"http:\/\/labs.ummto.dz\/l2csp\/wp-content\/uploads\/2017\/05\/Operational-Research-300x300.jpg 300w, http:\/\/labs.ummto.dz\/l2csp\/wp-content\/uploads\/2017\/05\/Operational-Research-150x150.jpg 150w, http:\/\/labs.ummto.dz\/l2csp\/wp-content\/uploads\/2017\/05\/Operational-Research-160x160.jpg 160w, http:\/\/labs.ummto.dz\/l2csp\/wp-content\/uploads\/2017\/05\/Operational-Research-320x320.jpg 320w, http:\/\/labs.ummto.dz\/l2csp\/wp-content\/uploads\/2017\/05\/Operational-Research.jpg 480w\" sizes=\"(max-width: 171px) 100vw, 171px\" \/><\/span><\/strong><strong><br \/>\n<\/strong><\/p>\n<p><span style=\"color: #000080;\"><strong>Domaine<\/strong>:\u00a0<span style=\"color: #000000;\">Recherche op\u00e9rationnelle &#8211; Optimisation<\/span><\/span><\/p>\n<p><span style=\"color: #000080;\"><strong>Mot cl\u00e9<\/strong>:\u00a0<\/span><\/p>\n<p><span style=\"color: #000080;\"><strong>Description de la th\u00e9matique de recherche de l\u2019\u00e9quipe:<\/strong><\/span><\/p>\n<table class=\"spip\">\n<thead>\n<tr class=\"row_first\">\n<th scope=\"col\"><span style=\"color: #000080;\">Nom<\/span><\/th>\n<th scope=\"col\"><span style=\"color: #000080;\">Pr\u00e9nom<\/span><\/th>\n<th scope=\"col\"><span style=\"color: #000080;\">Grade<\/span><\/th>\n<th scope=\"col\"><span style=\"color: #000080;\">Sp\u00e9cialit\u00e9<\/span><\/th>\n<th scope=\"col\"><span style=\"color: #000080;\">Structure d\u2019origine<\/span><\/th>\n<\/tr>\n<\/thead>\n<tbody>\n<tr class=\"row_even\">\n<td><span style=\"color: #000000;\">Aidene<\/span><\/td>\n<td><span style=\"color: #000000;\">Mohamed<\/span><\/td>\n<td><span style=\"color: #000000;\">Professeur<\/span><\/td>\n<td>R.O.<\/td>\n<td><span style=\"color: #000000;\">U.M.M.T.O.<\/span><\/td>\n<\/tr>\n<tr class=\"row_odd\">\n<td><span style=\"color: #000000;\">Bellahcene<\/span><\/td>\n<td><span style=\"color: #000000;\">Fatima<\/span><\/td>\n<td><span style=\"color: #000000;\">M.C. ( B )<\/span><\/td>\n<td><span style=\"color: #000000;\">R.O.<\/span><\/td>\n<td><span style=\"color: #000000;\">U.M.M.T.O.<\/span><\/td>\n<\/tr>\n<tr class=\"row_even\">\n<td><span style=\"color: #000000;\">Aiche<\/span><\/td>\n<td><span style=\"color: #000000;\">Farid<\/span><\/td>\n<td><span style=\"color: #000000;\">M.A. ( A )<\/span><\/td>\n<td><span style=\"color: #000000;\">R.O.<\/span><\/td>\n<td><span style=\"color: #000000;\">U.M.M.T.O.<\/span><\/td>\n<\/tr>\n<tr class=\"row_odd\">\n<td>Merakeb<\/td>\n<td>Abdelkader<\/td>\n<td><span style=\"color: #000000;\">M.C. (B )<\/span><\/td>\n<td><span style=\"color: #000000;\">R.O.<\/span><\/td>\n<td><span style=\"color: #000000;\">U.M.M.T.O.<\/span><\/td>\n<\/tr>\n<tr class=\"row_even\">\n<td><span style=\"color: #000000;\">Louadj<\/span><\/td>\n<td><span style=\"color: #000000;\">Kahina<\/span><\/td>\n<td><span style=\"color: #000000;\">M.A. ( A )<\/span><\/td>\n<td>R.O.<\/td>\n<td><span style=\"color: #000000;\">U.M.M.T.O.<\/span><\/td>\n<\/tr>\n<tr class=\"row_odd\">\n<td><span style=\"color: #000000;\">Moussouni<\/span><\/td>\n<td><span style=\"color: #000000;\">Nassima<\/span><\/td>\n<td><span style=\"color: #000000;\">M.A. ( A )<\/span><\/td>\n<td><span style=\"color: #000000;\">R.O.<\/span><\/td>\n<td><span style=\"color: #000000;\">U.M.M.T.O.<\/span><\/td>\n<\/tr>\n<tr class=\"row_even\">\n<td><span style=\"color: #000000;\">Hadouche<\/span><\/td>\n<td><span style=\"color: #000000;\">Faiza<\/span><\/td>\n<td><span style=\"color: #000000;\">M.A. ( A )<\/span><\/td>\n<td><span style=\"color: #000000;\">R.O.<\/span><\/td>\n<td><span style=\"color: #000000;\">U.M.M.T.O.<\/span><\/td>\n<\/tr>\n<tr class=\"row_odd\">\n<td><span style=\"color: #000000;\">Guettaf<\/span><\/td>\n<td><span style=\"color: #000000;\">Rabah<\/span><\/td>\n<td><span style=\"color: #000000;\">M.A. ( A )<\/span><\/td>\n<td><span style=\"color: #000000;\">R.O.<\/span><\/td>\n<td><span style=\"color: #000000;\">U.M.M.T.O.<\/span><\/td>\n<\/tr>\n<tr class=\"row_even\">\n<td><span style=\"color: #000000;\">Berdjane<\/span><\/td>\n<td><span style=\"color: #000000;\">Belkacem<\/span><\/td>\n<td><span style=\"color: #000000;\">M.A. ( A )<\/span><\/td>\n<td><span style=\"color: #000000;\">R.O.<\/span><\/td>\n<td><span style=\"color: #000000;\">U.M.M.T.O.<\/span><\/td>\n<\/tr>\n<tr class=\"row_odd\">\n<td><span style=\"color: #000000;\">Bellahcene<\/span><\/td>\n<td><span style=\"color: #000000;\">Saliha<\/span><\/td>\n<td><span style=\"color: #000000;\">M.A. ( A )<\/span><\/td>\n<td><span style=\"color: #000000;\">R.O.<\/span><\/td>\n<td><span style=\"color: #000000;\">U.M.M.T.O.<\/span><\/td>\n<\/tr>\n<tr class=\"row_even\">\n<td><span style=\"color: #000000;\">Benkhemou<\/span><\/td>\n<td><span style=\"color: #000000;\">Noria<\/span><\/td>\n<td><span style=\"color: #000000;\">M.A. ( A )<\/span><\/td>\n<td><span style=\"color: #000000;\">R.O.<\/span><\/td>\n<td><span style=\"color: #000000;\">U.M.M.T.O.<\/span><\/td>\n<\/tr>\n<tr class=\"row_odd\">\n<td><span style=\"color: #000000;\">Titouche<\/span><\/td>\n<td><span style=\"color: #000000;\">Saliha<\/span><\/td>\n<td><span style=\"color: #000000;\">M.\u00a0A. ( B)<\/span><\/td>\n<td><span style=\"color: #000000;\">R.O.<\/span><\/td>\n<td><span style=\"color: #000000;\">U.M.M.T.O.<\/span><\/td>\n<\/tr>\n<tr class=\"row_even\">\n<td><span style=\"color: #000000;\">Kara<\/span><\/td>\n<td><span style=\"color: #000000;\">Fadila<\/span><\/td>\n<td><span style=\"color: #000000;\">M.A. ( B<\/span> )<\/td>\n<td><span style=\"color: #000000;\">R.O.<\/span><\/td>\n<td><span style=\"color: #000000;\">U.M.M.T.O.<\/span><\/td>\n<\/tr>\n<tr class=\"row_odd\">\n<td><span style=\"color: #000000;\">Ticherfatine<\/span><\/td>\n<td><span style=\"color: #000000;\">Samira<\/span><\/td>\n<td><span style=\"color: #000000;\">Doctorante<\/span><\/td>\n<td><span style=\"color: #000000;\">R.O.<\/span><\/td>\n<td><span style=\"color: #000000;\">U.M.M.T.O.<\/span><\/td>\n<\/tr>\n<tr class=\"row_even\">\n<td><span style=\"color: #000000;\">Zidelmal<\/span><\/td>\n<td><span style=\"color: #000000;\">Nacera<\/span><\/td>\n<td><span style=\"color: #000000;\">Doctorante<\/span><\/td>\n<td><span style=\"color: #000000;\">R.O.<\/span><\/td>\n<td><span style=\"color: #000000;\">U.M.M.T.O.<\/span><\/td>\n<\/tr>\n<tr class=\"row_odd\">\n<td><span style=\"color: #000000;\">Amirou<\/span><\/td>\n<td><span style=\"color: #000000;\">Ahmed<\/span><\/td>\n<td><span style=\"color: #000000;\">M.A. ( A )<\/span><\/td>\n<td><span style=\"color: #000000;\">R.O.<\/span><\/td>\n<td><span style=\"color: #000000;\">U.M.M.T.O.<\/span><\/td>\n<\/tr>\n<\/tbody>\n<\/table>\n<p><span style=\"color: #000080;\"><strong>Liste exhaustive des membres permanents de l\u2019\u00e9quipe:<\/strong><\/span><\/p>\n","protected":false},"excerpt":{"rendered":"<p>Chef d\u2019\u00e9quipe:\u00a0Dr Mansouri Rachid. Domaine:\u00a0Recherche op\u00e9rationnelle &#8211; Optimisation Mot cl\u00e9:\u00a0 Description de la th\u00e9matique de recherche de l\u2019\u00e9quipe: Nom Pr\u00e9nom Grade Sp\u00e9cialit\u00e9 Structure d\u2019origine Aidene Mohamed Professeur R.O. U.M.M.T.O. Bellahcene Fatima M.C. ( B&#46;&#46;&#46;<\/p>\n","protected":false},"author":1,"featured_media":0,"parent":0,"menu_order":0,"comment_status":"closed","ping_status":"closed","template":"","meta":[],"_links":{"self":[{"href":"http:\/\/labs.ummto.dz\/l2csp\/wp-json\/wp\/v2\/pages\/120"}],"collection":[{"href":"http:\/\/labs.ummto.dz\/l2csp\/wp-json\/wp\/v2\/pages"}],"about":[{"href":"http:\/\/labs.ummto.dz\/l2csp\/wp-json\/wp\/v2\/types\/page"}],"author":[{"embeddable":true,"href":"http:\/\/labs.ummto.dz\/l2csp\/wp-json\/wp\/v2\/users\/1"}],"replies":[{"embeddable":true,"href":"http:\/\/labs.ummto.dz\/l2csp\/wp-json\/wp\/v2\/comments?post=120"}],"version-history":[{"count":12,"href":"http:\/\/labs.ummto.dz\/l2csp\/wp-json\/wp\/v2\/pages\/120\/revisions"}],"predecessor-version":[{"id":196,"href":"http:\/\/labs.ummto.dz\/l2csp\/wp-json\/wp\/v2\/pages\/120\/revisions\/196"}],"wp:attachment":[{"href":"http:\/\/labs.ummto.dz\/l2csp\/wp-json\/wp\/v2\/media?parent=120"}],"curies":[{"name":"wp","href":"https:\/\/api.w.org\/{rel}","templated":true}]}}