
{"id":24,"date":"2017-05-29T12:52:39","date_gmt":"2017-05-29T10:52:39","guid":{"rendered":"http:\/\/localhost\/l2csp\/?page_id=24"},"modified":"2017-07-18T11:35:59","modified_gmt":"2017-07-18T09:35:59","slug":"communication-internationale","status":"publish","type":"page","link":"http:\/\/labs.ummto.dz\/l2csp\/communication-internationale\/","title":{"rendered":"Communication Internationale"},"content":{"rendered":"<ul>\n<li><span class=\"Style82\"><em><span style=\"color: #000000;\">Liza Mameri, Redouane Kara and Said Amari<\/span>,\u00a0 <\/em><a href=\"https:\/\/hal.archives-ouvertes.fr\/hal-01238564\">Performance evaluation of a Flexible Manufacturing System using two formal methods <\/a>,\u00a0 <img loading=\"lazy\" class=\"alignnone size-medium wp-image-210 alignright\" src=\"http:\/\/labs.ummto.dz\/l2csp\/wp-content\/uploads\/2017\/05\/publications_main-300x168-300x168.jpg\" alt=\"\" width=\"300\" height=\"168\" \/><span style=\"color: #000000;\">Proceedings of the\u00a0 3rd International Conference on Control, Engineering &amp; Information Technology CEIT&rsquo;2015, Tlemcen (Algeria), May 2015;\u00a0 DOI: 10.1109CEIT.2015.7233167. <\/span><\/span><\/li>\n<li class=\"Style82\"><span style=\"color: #000000;\">Aldjia Nait Abdesselam, Redouane Kara and Jean Jacques Loiseau,\u00a0Observer design and feedback controller synthesis with observer in idempotent semiring,\u00a0 Proceedings of the 8 th \u00a0international workshop on Verification and Evaluation of Computer and Communication VECOS&rsquo;2014, Bejaia (Alg\u00e9rie), September 2014.<\/span><\/li>\n<li class=\"Style82\"><span style=\"color: #000000;\">H. Harrouche, R. Kara ,\u00a0 <em>Supervisory Control of DES using Positive Invariance Property t <\/em>, \u00a0Proceeding of the 3 rd \u00a0International Conference on Systems and Control, October 2013, Algiers, Algeria. DOI: 10.1109\/ICoSC.2013.6750946.<\/span><\/li>\n<li class=\"Style82\"><span style=\"color: #000000;\">Karima\u00a0 Tebani, Said Amari et Redouane Kara <\/span><em>,\u00a0 <\/em><a href=\"https:\/\/hal.inria.fr\/hal-00876653\">Commande sous contrainte temporelle d&rsquo;une architecture d&rsquo;automatisation en r\u00e9seau de type producteur\/consommateur,\u00a0 <\/a><span style=\"color: #000000;\">MSR 2013 &#8211; Mod\u00e9lisation des Syst\u00e8mes R\u00e9actifs, 13 \u2013 15 novembre 2013, Rennes, France<\/span><\/li>\n<li class=\"Style82\"><span style=\"color: #000000;\">Karima\u00a0 Tebani, Said Amari et Redouane Kara <em>,\u00a0 <\/em>Commande (Max, +) pour garantir un temps de r\u00e9ponse dans les syst\u00e8mes de commande en r\u00e9seau <em>,\u00a0 <\/em>Conf\u00e9rence Internationale sur La Conception &amp; Production Int\u00e9gr\u00e9es (CPI 2013), Papier n\u00b0246, Octobre 2013.<\/span><\/li>\n<li class=\"Style82\"><span style=\"color: #000000;\">Karima\u00a0 Tebani, Said Amari et Redouane Kara,<\/span> <em>\u00a0 <\/em><a href=\"http:\/\/uma.ensta-paristech.fr\/work\/labo_work\/files\/diam\/docro\/roadef_2013\/papiers\/209.pdf\">Commande max &#8211; plus des architectures d&rsquo;automatisation distribu\u00e9es en r\u00e9seau sous contrainte temporelle <\/a>, <span style=\"color: #000000;\">14\u00e8me conf\u00e9rence ROADEF de la soci\u00e9t\u00e9 Fran\u00e7aise de Recherche Op\u00e9rationnelle et Aide \u00e0 la D\u00e9cision. Papier n\u00b0 209. Troyes 13-15 F\u00e9vrier 2013.<\/span><\/li>\n<li class=\"Style82\"><span style=\"color: #000000;\">Liza Mameri, Redouane Kara and Said Amari,\u00a0Mod\u00e9lisation et \u00e9valuation de performances d&rsquo;un syst\u00e8me d&rsquo;aiguillage par des graphes d&rsquo;\u00e9v\u00e9nements temporis\u00e9s en conflit,\u00a0Conf\u00e9rence Internationale sur La Conception &amp; Production Int\u00e9gr\u00e9es (CPI 2013), Papier n\u00b0311, octobre 2013.<\/span><\/li>\n<li class=\"Style82\"><span style=\"color: #000000;\">Liza Mameri, Redouane Kara and Said Amari,\u00a0 Application de la th\u00e9orie des tas \u00e0 un syst\u00e8me d&rsquo;aiguillage,\u00a0MSR 2013, Mod\u00e9lisation des Syst\u00e8mes R\u00e9actifs, 13 \u2013 15 novembre 2013, Rennes, France.<\/span><\/li>\n<li class=\"Style82\"><span style=\"color: #000000;\">Tassadit Becha , Redouane Kara, Simon Collart-Dutilleul and Jean Jacques Loiseau,\u00a0Modelling, Analysis and Control of Electroplating Line Modelled by P-Time Event Graphs,\u00a0 Proceedings of the 6 th \u00a0IFAC Conference on Management and Control of Production and Logistics, September,\u00a0Fortaleza (Brazil),\u00a0DOI:\u00a010.3182\/20130911-3-BR-3021.00027,<\/span><\/li>\n<li class=\"Style82\"><span style=\"color: #000000;\">Redouane Kara, Tassadit Becha, Simon Collart-Dutilleul and\u00a0 Jean Jacques Loiseau,\u00a0An implicit systems for modelling and control of discrete event systems, Proceedings of the 5th Symposium on System Structure and Control Part of 2013 IFAC Joint Conference SSSC, Grenoble, France, February 4-6, 2013.<\/span><\/li>\n<li class=\"Style82\"><span style=\"color: #000000;\">D. Benameur, A. Maidi et S. Djennoune, State Estimation of Nonlinear Distributed Parameter Systems Based on the Tangent Transformations, The 4 th International Conference on Electrical Engineering- ICEE&rsquo;15 Conference Boumerdes December 13 th to 15 th , 2015.<\/span><\/li>\n<li class=\"Style82\"><span style=\"color: #000000;\">S. Kassim, O. Megherbi, H. Hamiche, S. Djennoune, M. Lahdir and M. Bettayeb, Secure Image Transmission Scheme Using Hybrid Encryption Method, International Conference on Automatic Control, Telecommunications and Signals (ICATS&rsquo;15), Novembre 16-18, 2015, Annaba, ALGERIA.<\/span><\/li>\n<li class=\"Style82\"><span style=\"color: #000000;\">Mellah Rabah and Redouane Toumi, Control Bilateral Teleoperation By Compensatory ANFIS, 11 th International Conference Mechatronics 2015, Septembre 21-23, 2015 Warsaw, Poland.<\/span><\/li>\n<li class=\"Style82\"><span style=\"color: #000000;\">Mellah Rabah and Redouane Toumi, Compensatory Neuro-Fuzzy Inference (CNFI) Controller for Bilateral Teleoperation, World Academy of Science, Engineering and Technology, Septembre 17-18 2015 Rome, Italy.<\/span><\/li>\n<li class=\"Style82\"><span style=\"color: #000000;\">Mellah Rabah and Redouane Toumi, Compensatory Neuro-fuzzy Control of Bilateral Teleoperation System, The 20 th International Conference on Methods and Models in Automation and Robotics- MMAR 2015 from August 24 th to August 27 th 2015, miedzyzdroje, Poland.<\/span><\/li>\n<li class=\"Style82\"><span style=\"color: #000000;\">S. Kassim, O. Megherbi, H. Hamiche, S. Djennoune, M. Lahdir and M. Bettayeb, Secure data transmission scheme based on fractional-order discrete chaotic system, 3 rd International Conference on Control, Engineering &amp; Infprmation Technology 25-27 May 2015, Tlemcen, Algeria.<\/span><\/li>\n<li class=\"Style82\"><span style=\"color: #000000;\">Nouara Habrache, Ahmed Maidi, Geometric Control of Bilinear Distributed Parameter Systems,4 th International Conference on Electrical Engineering ( ICEE2015), December 13 th to 15 th , Boumerdes, Algeria.<\/span><\/li>\n<li class=\"Style82\"><span style=\"color: #000000;\">Nechaf Hassiba, Sa\u00efd Djennoune, Amar Si-Ammour and Maamar Bettayeb, Desing of Unknown Input Observer with delayed Measurements, International Conference on Automatic Control, Telecommunications and Signals (ICATS&rsquo;15) November 16-18, 2015, Annaba, Algeria.<\/span><\/li>\n<li class=\"Style82\"><span style=\"color: #000000;\">D. Benameur, A. Maidi et S. Djennoune, Simulation d&rsquo;un Syst\u00e8me de Diffusion Non Lin\u00e9aire\u00a0: Combinaison de la transformation de Kirchhoff et la m\u00e9thode des Lignes, The International Conference of Modeling and Simulation 2014 (ICMS&rsquo;2014), in ETB-Blida-Algeria, 21 st to the 23 rd of September 2014.<\/span><\/li>\n<li class=\"Style82\"><span style=\"color: #000000;\">H. Hamiche, S. Djennoune and S. Guermah, A Novel Robust Transmission Scheme for Private Digital Communications, The 2 nd International Congress on Telecommunication and Applications ICTA 2014, April 23-24, 2014 Bejaia, Algeria.<\/span><\/li>\n<li class=\"Style82\"><span style=\"color: #000000;\">Ahmed Maidi et Jean-Pierre Corriou, Reduction des interactions dans un syst\u00e8me Multivariable bas\u00e9e sur l&rsquo;analyse structurelle, International Conference on Systems and Processing Information, May 12-14, 2013, Guelma, Algeria.<\/span><\/li>\n<li class=\"Style82\"><span style=\"color: #000000;\">K. Houacine, R. Mellah, S. Guermah, M. Charif, Neural Fuzzy Control of Driving Wheels for Electric Vehicle, The 3 ed International Conference on System and Control ICSC&rsquo;13, 29-31 October 2013 Algiers, Algeria.<\/span><\/li>\n<li class=\"Style82\"><span style=\"color: #000000;\">S.Djennoune, S. Guermah, A.Si Ammour, H. Hamiche, L.Feddal, S.Merbouti, Synchronization of the fractional-Order Chaotic Chua&rsquo;s System via Sliding Mode Observer, Proceedings of the 3 rd International Conference on Systems and Control, Algiers, Algeria, October 29-31,2013.<\/span><\/li>\n<li class=\"Style82\"><span style=\"color: #000000;\">O. Megherbi, S. Guermah, H. Hamiche, S. Djennoune, M. Ghanes, A novel Transmission Scheme Based on Impulsive Synchronization of Two Colpitts Chaotic Systems, The 3 ed International Conference on System and Control ICSC&rsquo;13, 29-31 October 2013 Algiers, Algeria.<\/span><\/li>\n<li class=\"Style82\"><span style=\"color: #000000;\">Djamah Tounsia, Sadia.Oukacine, Said.Djennoune, Rachid.Mansouri, Maamar.Bettayeb, Multi-model identification of a fractional non linear system, 6 th Workshop on fractional Differentiation and its Applications, Part of 2013 IFAC Joint Conference SSSC, Grenoble, France, February 4-6, 2013.<\/span><\/li>\n<li class=\"Style82\"><span style=\"color: #000000;\">Amar.Si Ammour, Said.Djennoune, Malek.Ghanes, Jean pierre.Barbot, Maamar.Bettayeb, Sliding mode control for uncertain input delay fractional order systems, 6 th Workshop on fractional Differentiation and its Applications, Part of 2013 IFAC Joint Conference SSSC, Grenoble, France, February 4-6, 2013.<\/span><\/li>\n<li class=\"Style82\"><span style=\"color: #000000;\">Ahmed Maidi et Jean-Pierre Corriou, Commandabilit\u00e9 d&rsquo;un Syst\u00e8me de diffusion Non Lin\u00e9aire, XIV\u00e9me Congr\u00e8s SFGP 2013, du 8 au 10 Octobre 2013, Cit\u00e9-Centre de Congr\u00e8s de Lyon.<\/span><\/li>\n<li class=\"Style82\"><span style=\"color: #000000;\">Zedjga Yacine, Dalil Ichalal, Naima Ait Oufroukh, Said Mammar, Vehicle Nonlinear Observer for State and Tire-Road Friction Estimation, 16 th International IEEE Annual Conference on Intellinent Transportation Systems (ITSC 2013), The Hague, The Netherlands, October 6-9, 2013.<\/span><\/li>\n<\/ul>\n","protected":false},"excerpt":{"rendered":"<p>Liza Mameri, Redouane Kara and Said Amari,\u00a0 Performance evaluation of a Flexible Manufacturing System using two formal methods ,\u00a0 Proceedings of the\u00a0 3rd International Conference on Control, Engineering &amp; Information Technology CEIT&rsquo;2015, Tlemcen (Algeria),&#46;&#46;&#46;<\/p>\n","protected":false},"author":1,"featured_media":0,"parent":0,"menu_order":0,"comment_status":"closed","ping_status":"closed","template":"","meta":[],"_links":{"self":[{"href":"http:\/\/labs.ummto.dz\/l2csp\/wp-json\/wp\/v2\/pages\/24"}],"collection":[{"href":"http:\/\/labs.ummto.dz\/l2csp\/wp-json\/wp\/v2\/pages"}],"about":[{"href":"http:\/\/labs.ummto.dz\/l2csp\/wp-json\/wp\/v2\/types\/page"}],"author":[{"embeddable":true,"href":"http:\/\/labs.ummto.dz\/l2csp\/wp-json\/wp\/v2\/users\/1"}],"replies":[{"embeddable":true,"href":"http:\/\/labs.ummto.dz\/l2csp\/wp-json\/wp\/v2\/comments?post=24"}],"version-history":[{"count":6,"href":"http:\/\/labs.ummto.dz\/l2csp\/wp-json\/wp\/v2\/pages\/24\/revisions"}],"predecessor-version":[{"id":211,"href":"http:\/\/labs.ummto.dz\/l2csp\/wp-json\/wp\/v2\/pages\/24\/revisions\/211"}],"wp:attachment":[{"href":"http:\/\/labs.ummto.dz\/l2csp\/wp-json\/wp\/v2\/media?parent=24"}],"curies":[{"name":"wp","href":"https:\/\/api.w.org\/{rel}","templated":true}]}}