
{"id":37,"date":"2017-05-29T12:56:00","date_gmt":"2017-05-29T10:56:00","guid":{"rendered":"http:\/\/localhost\/l2csp\/?page_id=37"},"modified":"2017-07-18T13:52:33","modified_gmt":"2017-07-18T11:52:33","slug":"nos-chercheurs","status":"publish","type":"page","link":"http:\/\/labs.ummto.dz\/l2csp\/nos-chercheurs\/","title":{"rendered":"Nos Chercheurs"},"content":{"rendered":"<p><span class=\"Style65\"><strong><a href=\"http:\/\/labs.ummto.dz\/set\/?page_id=145\"><span style=\"color: #000080;\"><img loading=\"lazy\" class=\"wp-image-332 alignleft\" src=\"http:\/\/labs.ummto.dz\/set\/wp-content\/uploads\/2017\/03\/17619790_396047834085459_1014631181_n.jpg\" alt=\"\" width=\"118\" height=\"118\" \/><\/span><\/a><span style=\"text-decoration: underline;\"><span style=\"color: #000080; text-decoration: underline;\">\u00c9quipe 1: Syst\u00e8mes Ev\u00e9nements Discret (SED)<\/span><\/span><\/strong><\/span><\/p>\n<p style=\"text-align: left;\"><strong><span style=\"color: #000000;\">Chef d\u2019\u00e9quipe:\u00a0Pr Kara Redouane<\/span><\/strong><\/p>\n<p style=\"text-align: left;\"><strong><span style=\"color: #000000;\">Mail:\u00a0<\/span><\/strong><\/p>\n<p style=\"text-align: left;\">&#8212;&#8212;&#8212;&#8212;&#8212;&#8212;&#8212;&#8212;&#8212;&#8212;&#8212;&#8212;&#8212;&#8212;&#8212;&#8212;&#8212;&#8212;&#8212;&#8212;&#8212;&#8212;&#8212;&#8212;&#8212;&#8212;&#8212;&#8212;&#8212;&#8212;&#8212;&#8212;&#8212;&#8212;&#8212;&#8212;&#8212;&#8212;&#8212;&#8212;&#8212;&#8212;&#8212;&#8212;&#8212;&#8212;&#8212;&#8212;&#8212;&#8212;&#8212;&#8212;&#8212;&#8212;&#8212;&#8212;&#8212;&#8212;&#8212;-<\/p>\n<p><a href=\"http:\/\/labs.ummto.dz\/set\/?page_id=145\"><span style=\"color: #000080;\"><strong><img loading=\"lazy\" class=\"wp-image-332 alignleft\" src=\"http:\/\/labs.ummto.dz\/set\/wp-content\/uploads\/2017\/03\/17619790_396047834085459_1014631181_n.jpg\" alt=\"\" width=\"118\" height=\"118\" \/><\/strong><\/span><\/a><span style=\"text-decoration: underline;\"><span class=\"Style65\" style=\"color: #000080;\"><strong>\u00c9quipe 2:\u00a0 Syst\u00e8mes Continus (SC)<\/strong><\/span><\/span><\/p>\n<p><span style=\"color: #800000;\"><span style=\"color: #000000;\"><strong>Chef d\u2019\u00e9quipe:<\/strong><\/span>\u00a0<strong><span style=\"color: #000000;\">Dr Djennoune Said<\/span><\/strong><\/span><\/p>\n<p><strong><span style=\"color: #000000;\">Mail:<\/span><\/strong><\/p>\n<p>&nbsp;<\/p>\n<p>&#8212;&#8212;&#8212;&#8212;&#8212;&#8212;&#8212;&#8212;&#8212;&#8212;&#8212;&#8212;&#8212;&#8212;&#8212;&#8212;&#8212;&#8212;&#8212;&#8212;&#8212;&#8212;&#8212;&#8212;&#8212;&#8212;&#8212;&#8212;&#8212;&#8212;&#8212;&#8212;&#8212;&#8212;&#8212;&#8212;&#8212;&#8212;&#8212;&#8212;&#8212;&#8212;&#8212;&#8212;&#8212;&#8212;&#8212;&#8212;&#8212;&#8212;&#8212;&#8212;&#8212;&#8212;&#8212;&#8212;&#8212;&#8212;&#8212;-<\/p>\n<p><a href=\"http:\/\/labs.ummto.dz\/set\/?page_id=143\"><span style=\"color: #000080;\"><strong><img loading=\"lazy\" class=\"wp-image-332 alignleft\" src=\"http:\/\/labs.ummto.dz\/set\/wp-content\/uploads\/2017\/03\/17619790_396047834085459_1014631181_n.jpg\" alt=\"\" width=\"118\" height=\"118\" \/><\/strong><\/span><\/a><span style=\"text-decoration: underline;\"><span class=\"Style65\" style=\"color: #000080;\"><strong>\u00c9quipe 3:\u00a0 Recherche Op\u00e9rationnelle (RO)<\/strong><\/span><\/span><\/p>\n<p><strong><span style=\"color: #000000;\">Chef d\u2019\u00e9quipe:\u00a0Dr\u00a0Otmane-Cherif Tahar<\/span><\/strong><\/p>\n<p><strong><span style=\"color: #000000;\">Mail:\u00a0<\/span><\/strong><\/p>\n<p>&nbsp;<\/p>\n<p>&#8212;&#8212;&#8212;&#8212;&#8212;&#8212;&#8212;&#8212;&#8212;&#8212;&#8212;&#8212;&#8212;&#8212;&#8212;&#8212;&#8212;&#8212;&#8212;&#8212;&#8212;&#8212;&#8212;&#8212;&#8212;&#8212;&#8212;&#8212;&#8212;&#8212;&#8212;&#8212;&#8212;&#8212;&#8212;&#8212;&#8212;&#8212;&#8212;&#8212;&#8212;&#8212;&#8212;&#8212;&#8212;&#8212;&#8212;&#8212;&#8212;&#8212;&#8212;&#8212;&#8212;&#8212;&#8212;&#8212;&#8212;&#8212;&#8212;-<\/p>\n<p><a href=\"http:\/\/labs.ummto.dz\/set\/?page_id=141\"><strong><span style=\"color: #000080;\"><img loading=\"lazy\" class=\"wp-image-332 alignleft\" src=\"http:\/\/labs.ummto.dz\/set\/wp-content\/uploads\/2017\/03\/17619790_396047834085459_1014631181_n.jpg\" alt=\"\" width=\"121\" height=\"121\" \/><\/span><\/strong><\/a><span style=\"text-decoration: underline;\"><span class=\"Style65\" style=\"color: #000080;\"><strong>\u00c9quipe 4:\u00a0 Surtension (ST)<\/strong><\/span><\/span><\/p>\n<p><strong><span style=\"color: #000000;\">Chef d&rsquo;\u00e9quipe:<\/span>\u00a0Dr Mansouri Rachid<\/strong><\/p>\n<p><strong><span style=\"color: #000000;\">Mail:<br \/>\n<\/span><\/strong><\/p>\n<p>&nbsp;<\/p>\n<p>&#8212;&#8212;&#8212;&#8212;&#8212;&#8212;&#8212;&#8212;&#8212;&#8212;&#8212;&#8212;&#8212;&#8212;&#8212;&#8212;&#8212;&#8212;&#8212;&#8212;&#8212;&#8212;&#8212;&#8212;&#8212;&#8212;&#8212;&#8212;&#8212;&#8212;&#8212;&#8212;&#8212;&#8212;&#8212;&#8212;&#8212;&#8212;&#8212;&#8212;&#8212;&#8212;&#8212;&#8212;&#8212;&#8212;&#8212;&#8212;&#8212;&#8212;&#8212;&#8212;&#8212;&#8212;&#8212;&#8212;&#8212;&#8212;&#8212;-<\/p>\n<p><a href=\"http:\/\/labs.ummto.dz\/set\/?page_id=143\"><span style=\"color: #000080;\"><strong><img loading=\"lazy\" class=\"wp-image-332 alignleft\" src=\"http:\/\/labs.ummto.dz\/set\/wp-content\/uploads\/2017\/03\/17619790_396047834085459_1014631181_n.jpg\" alt=\"\" width=\"118\" height=\"118\" \/><\/strong><\/span><\/a><span style=\"text-decoration: underline;\"><span style=\"color: #000080; text-decoration: underline;\"><span class=\"Style65\"><strong>\u00c9quipe 5:<\/strong><\/span><strong class=\"Style63\"><span class=\"Style65\">\u00a0Syst\u00e8mes \u00e0 Dynamiques Complexes SYSDC<\/span><\/strong><span class=\"Style65\">.<\/span><\/span><\/span><\/p>\n<p><strong><span style=\"color: #000000;\">Chef d\u2019\u00e9quipe:\u00a0Dr Mansouri Rachid<\/span><\/strong><\/p>\n<p><strong><span style=\"color: #000000;\">Mail:\u00a0<\/span><\/strong><\/p>\n<p>&nbsp;<\/p>\n<p>&#8212;&#8212;&#8212;&#8212;&#8212;&#8212;&#8212;&#8212;&#8212;&#8212;&#8212;&#8212;&#8212;&#8212;&#8212;&#8212;&#8212;&#8212;&#8212;&#8212;&#8212;&#8212;&#8212;&#8212;&#8212;&#8212;&#8212;&#8212;&#8212;&#8212;&#8212;&#8212;&#8212;&#8212;&#8212;&#8212;&#8212;&#8212;&#8212;&#8212;&#8212;&#8212;&#8212;&#8212;&#8212;&#8212;&#8212;&#8212;&#8212;&#8212;&#8212;&#8212;&#8212;&#8212;&#8212;&#8212;&#8212;&#8212;&#8212;-<\/p>\n","protected":false},"excerpt":{"rendered":"<p>\u00c9quipe 1: Syst\u00e8mes Ev\u00e9nements Discret (SED) Chef d\u2019\u00e9quipe:\u00a0Pr Kara Redouane Mail:\u00a0 &#8212;&#8212;&#8212;&#8212;&#8212;&#8212;&#8212;&#8212;&#8212;&#8212;&#8212;&#8212;&#8212;&#8212;&#8212;&#8212;&#8212;&#8212;&#8212;&#8212;&#8212;&#8212;&#8212;&#8212;&#8212;&#8212;&#8212;&#8212;&#8212;&#8212;&#8212;&#8212;&#8212;&#8212;&#8212;&#8212;&#8212;&#8212;&#8212;&#8212;&#8212;&#8212;&#8212;&#8212;&#8212;&#8212;&#8212;&#8212;&#8212;&#8212;&#8212;&#8212;&#8212;&#8212;&#8212;&#8212;&#8212;&#8212;&#8212;- \u00c9quipe 2:\u00a0 Syst\u00e8mes Continus (SC) Chef d\u2019\u00e9quipe:\u00a0Dr Djennoune Said Mail: &nbsp; &#8212;&#8212;&#8212;&#8212;&#8212;&#8212;&#8212;&#8212;&#8212;&#8212;&#8212;&#8212;&#8212;&#8212;&#8212;&#8212;&#8212;&#8212;&#8212;&#8212;&#8212;&#8212;&#8212;&#8212;&#8212;&#8212;&#8212;&#8212;&#8212;&#8212;&#8212;&#8212;&#8212;&#8212;&#8212;&#8212;&#8212;&#8212;&#8212;&#8212;&#8212;&#8212;&#8212;&#8212;&#8212;&#8212;&#8212;&#8212;&#8212;&#8212;&#8212;&#8212;&#8212;&#8212;&#8212;&#8212;&#8212;&#8212;&#8212;- \u00c9quipe 3:\u00a0 Recherche Op\u00e9rationnelle (RO) Chef d\u2019\u00e9quipe:\u00a0Dr\u00a0Otmane-Cherif Tahar Mail:\u00a0 &nbsp;&#46;&#46;&#46;<\/p>\n","protected":false},"author":1,"featured_media":0,"parent":0,"menu_order":0,"comment_status":"closed","ping_status":"closed","template":"","meta":[],"_links":{"self":[{"href":"http:\/\/labs.ummto.dz\/l2csp\/wp-json\/wp\/v2\/pages\/37"}],"collection":[{"href":"http:\/\/labs.ummto.dz\/l2csp\/wp-json\/wp\/v2\/pages"}],"about":[{"href":"http:\/\/labs.ummto.dz\/l2csp\/wp-json\/wp\/v2\/types\/page"}],"author":[{"embeddable":true,"href":"http:\/\/labs.ummto.dz\/l2csp\/wp-json\/wp\/v2\/users\/1"}],"replies":[{"embeddable":true,"href":"http:\/\/labs.ummto.dz\/l2csp\/wp-json\/wp\/v2\/comments?post=37"}],"version-history":[{"count":5,"href":"http:\/\/labs.ummto.dz\/l2csp\/wp-json\/wp\/v2\/pages\/37\/revisions"}],"predecessor-version":[{"id":233,"href":"http:\/\/labs.ummto.dz\/l2csp\/wp-json\/wp\/v2\/pages\/37\/revisions\/233"}],"wp:attachment":[{"href":"http:\/\/labs.ummto.dz\/l2csp\/wp-json\/wp\/v2\/media?parent=37"}],"curies":[{"name":"wp","href":"https:\/\/api.w.org\/{rel}","templated":true}]}}