
{"id":41,"date":"2017-05-29T12:56:33","date_gmt":"2017-05-29T10:56:33","guid":{"rendered":"http:\/\/localhost\/l2csp\/?page_id=41"},"modified":"2017-07-18T11:40:12","modified_gmt":"2017-07-18T09:40:12","slug":"presentation","status":"publish","type":"page","link":"http:\/\/labs.ummto.dz\/l2csp\/presentation\/","title":{"rendered":"Pr\u00e9sentation"},"content":{"rendered":"<p class=\"Style65\" align=\"left\"><span style=\"color: #000080;\"><strong><span style=\"text-decoration: underline;\">Historique du laboratoire:<img loading=\"lazy\" class=\"alignnone size-full wp-image-104 alignright\" src=\"http:\/\/labs.ummto.dz\/l2csp\/wp-content\/uploads\/2017\/05\/t\u00e9l\u00e9chargement-6.jpg\" alt=\"\" width=\"223\" height=\"226\" \/><\/span><\/strong><\/span><\/p>\n<p class=\"Style41\" align=\"justify\"><span class=\"Style97\" style=\"color: #000000;\">Le laboratoire de recherche regroupe plus de trente chercheurs r\u00e9partis en Cinq \u00e9quipes pluridisciplinaires.<\/span><\/p>\n<p class=\"Style41\" align=\"justify\"><span class=\"Style98\" style=\"color: #000000;\">les pr\u00e9occupations concourent aux m\u00eames missions qui sont : la formation de jeunes chercheurs, la contribution \u00e0 la recherche dans les diff\u00e9rents domaines qui int\u00e9ressent le laboratoire ainsi que la valorisation des travaux par des collaborations avec les entreprises industrielles. L\u2019objectif principal des \u00e9quipes de recherche est le d\u00e9veloppement de m\u00e9thodes et d\u2019outils en vue d\u2019une meilleure ma\u00eetrise de l\u2019int\u00e9gration de fonctions dans la conception et la conduite des syst\u00e8mes de production.<\/span><\/p>\n<p class=\"Style41\" align=\"justify\"><span class=\"Style99\" style=\"color: #000000;\">Nous nous int\u00e9ressons aux m\u00e9thodes et outils de mod\u00e9lisation, d\u2019optimisation et de simulation des syst\u00e8mes de production en vue de leur conception et de leur commande. Ces m\u00e9thodes concernent les syst\u00e8mes \u00e0 \u00e9v\u00e9nements discrets, les syst\u00e8mes continus lin\u00e9aires et non lin\u00e9aires et les syst\u00e8mes hybrides. Une autre activit\u00e9 du laboratoire est d\u00e9di\u00e9e \u00e0 l\u2019\u00e9tude des surtensions dans les enroulements des transformateurs afin d\u2019am\u00e9liorer les coordinations des isolations. <\/span><\/p>\n<p class=\"Style41\" align=\"justify\"><strong><span style=\"color: #000080;\">Les \u00c9quipes de recherche:<\/span><\/strong><\/p>\n<ul>\n<li><span class=\"Style65\" style=\"color: #000080;\"><strong>\u00c9quipe 1: Syst\u00e8mes Ev\u00e9nements Discret (SED)<\/strong><\/span><\/li>\n<li><span class=\"Style65\" style=\"color: #000080;\"><strong>\u00c9quipe 2:\u00a0 Syst\u00e8mes Continus (SC)<\/strong><\/span><\/li>\n<li><span class=\"Style65\" style=\"color: #000080;\"><strong> \u00c9quipe 3:\u00a0 Recherche Op\u00e9rationnelle (RO)<\/strong><\/span><\/li>\n<li><span class=\"Style65\" style=\"color: #000080;\"><strong>\u00c9quipe 4:\u00a0 Surtension (ST)<\/strong><\/span><\/li>\n<li><span style=\"color: #000080;\"><strong class=\"Style63\"> <span class=\"Style65\">\u00c9quipe 5:\u00a0 Syst\u00e8mes \u00e0 Dynamiques Complexes SYSDC<\/span><\/strong><span class=\"Style65\">.<\/span><\/span><\/li>\n<\/ul>\n<p><span style=\"color: #000080;\"><strong><span style=\"text-decoration: underline;\">Les chercheurs du laboratoire:<\/span><\/strong><\/span><\/p>\n<table id=\"tablepress-11\" class=\"tablepress tablepress-id-11\">\n<thead>\n<tr class=\"row-1 odd\">\n<th class=\"column-1\">N\u00b0<\/th>\n<th class=\"column-2\">Grade<\/th>\n<th class=\"column-3\">Nombre<\/th>\n<\/tr>\n<\/thead>\n<tbody class=\"row-hover\">\n<tr class=\"row-2 even alt\">\n<td class=\"column-1\">01<\/td>\n<td class=\"column-2\">Professeur<\/td>\n<td class=\"column-3\"><\/td>\n<\/tr>\n<tr class=\"row-3 odd\">\n<td class=\"column-1\">02<\/td>\n<td class=\"column-2\">Ma\u00eetre Assistant Classe A<\/td>\n<td class=\"column-3\"><\/td>\n<\/tr>\n<tr class=\"row-4 even alt\">\n<td class=\"column-1\">03<\/td>\n<td class=\"column-2\">Ma\u00eetre Assistant Classe B<\/td>\n<td class=\"column-3\"><\/td>\n<\/tr>\n<tr class=\"row-5 odd\">\n<td class=\"column-1\">04<\/td>\n<td class=\"column-2\">Ma\u00eetre de conf\u00e9rences classe A<\/td>\n<td class=\"column-3\"><\/td>\n<\/tr>\n<tr class=\"row-6 even alt\">\n<td class=\"column-1\">05<\/td>\n<td class=\"column-2\">Ma\u00eetre de conf\u00e9rences classe B<\/td>\n<\/tr>\n<\/tbody>\n<\/table>\n<p class=\"Style65\" align=\"left\"><span style=\"color: #000080;\"><strong><span style=\"text-decoration: underline;\">Production Scientifique:<\/span><\/strong><\/span><\/p>\n<table id=\"tablepress-12\" class=\"tablepress tablepress-id-12\">\n<thead>\n<tr class=\"row-1 odd\">\n<th class=\"column-1\">Intitul\u00e9<\/th>\n<th class=\"column-2\">Nombre<\/th>\n<\/tr>\n<\/thead>\n<tbody class=\"row-hover\">\n<tr class=\"row-2 even alt\">\n<td class=\"column-1\">Publications Internationales<\/td>\n<td class=\"column-2\"><\/td>\n<\/tr>\n<tr class=\"row-3 odd\">\n<td class=\"column-1\">Publications Nationales<\/td>\n<td class=\"column-2\"><\/td>\n<\/tr>\n<tr class=\"row-4 even alt\">\n<td class=\"column-1\">Communication Internationale<\/td>\n<td class=\"column-2\"><\/td>\n<\/tr>\n<tr class=\"row-5 odd\">\n<td class=\"column-1\">Communication Nationale<\/td>\n<td class=\"column-2\"><\/td>\n<\/tr>\n<tr class=\"row-6 even alt\">\n<td class=\"column-1\">Brevet<\/td>\n<td class=\"column-2\"><\/td>\n<\/tr>\n<tr class=\"row-7 odd\">\n<td class=\"column-1\">Ouvrage<\/td>\n<\/tr>\n<\/tbody>\n<\/table>\n","protected":false},"excerpt":{"rendered":"<p>Historique du laboratoire: Le laboratoire de recherche regroupe plus de trente chercheurs r\u00e9partis en Cinq \u00e9quipes pluridisciplinaires. les pr\u00e9occupations concourent aux m\u00eames missions qui sont : la formation de jeunes chercheurs, la contribution \u00e0&#46;&#46;&#46;<\/p>\n","protected":false},"author":1,"featured_media":0,"parent":0,"menu_order":0,"comment_status":"closed","ping_status":"closed","template":"","meta":[],"_links":{"self":[{"href":"http:\/\/labs.ummto.dz\/l2csp\/wp-json\/wp\/v2\/pages\/41"}],"collection":[{"href":"http:\/\/labs.ummto.dz\/l2csp\/wp-json\/wp\/v2\/pages"}],"about":[{"href":"http:\/\/labs.ummto.dz\/l2csp\/wp-json\/wp\/v2\/types\/page"}],"author":[{"embeddable":true,"href":"http:\/\/labs.ummto.dz\/l2csp\/wp-json\/wp\/v2\/users\/1"}],"replies":[{"embeddable":true,"href":"http:\/\/labs.ummto.dz\/l2csp\/wp-json\/wp\/v2\/comments?post=41"}],"version-history":[{"count":6,"href":"http:\/\/labs.ummto.dz\/l2csp\/wp-json\/wp\/v2\/pages\/41\/revisions"}],"predecessor-version":[{"id":214,"href":"http:\/\/labs.ummto.dz\/l2csp\/wp-json\/wp\/v2\/pages\/41\/revisions\/214"}],"wp:attachment":[{"href":"http:\/\/labs.ummto.dz\/l2csp\/wp-json\/wp\/v2\/media?parent=41"}],"curies":[{"name":"wp","href":"https:\/\/api.w.org\/{rel}","templated":true}]}}