
{"id":43,"date":"2017-05-29T12:56:51","date_gmt":"2017-05-29T10:56:51","guid":{"rendered":"http:\/\/localhost\/l2csp\/?page_id=43"},"modified":"2017-07-17T11:41:35","modified_gmt":"2017-07-17T09:41:35","slug":"publications-internationales","status":"publish","type":"page","link":"http:\/\/labs.ummto.dz\/l2csp\/publications-internationales\/","title":{"rendered":"Publications Internationales"},"content":{"rendered":"<ul>\n<li><span style=\"color: #000000;\">\u00a0K.Louadj, M. Aidene: \u201cOptimization a problem of optimal control with free initial state\u201d, Applied Mathematical<img loading=\"lazy\" class=\"alignnone size-medium wp-image-176 alignright\" src=\"http:\/\/labs.ummto.dz\/l2csp\/wp-content\/uploads\/2017\/05\/communication-300x169-300x169.png\" alt=\"\" width=\"300\" height=\"169\" \/><\/span><br \/>\n<span style=\"color: #000000;\">Sciences, Vol. 4, no. 5,pp. 201 &#8211; 216.2010. ISSN 1312-885X . http:\/\/www.m-hikari.com\/ams\/index.html<\/span><\/li>\n<li><span style=\"color: #000000;\">R. Mellah, F. Lahouazi, S. Djennoune, S. Guermah and R. Toumi: \u201cReal Time Implementation of Composite<\/span><br \/>\n<span style=\"color: #000000;\">Neural-Fuzzy Control of Inverted Pendulum\u201d, The Mediterranean Journal of Measurement and Control , Vol. 5<\/span><br \/>\n<span style=\"color: #000000;\">n\u00b04, pp. 164-170, 2009., www.medjmc.com\/<\/span><\/li>\n<li><span style=\"color: #000000;\">T. Djamah, S. Djennoune and M. Bettayeb: \u201cDiffusion processes identification in cylindrical geometry using<\/span><br \/>\n<span style=\"color: #000000;\">fractional models\u201d, Physica Scripta, Phys. Scr. T136 014013 (6pp) doi: 10.1088\/0031-8949\/2009\/T136\/014013,<\/span><br \/>\n<span style=\"color: #000000;\">http:\/\/www.iop.org\/EJ\/toc\/1402-4896\/2009\/T136<\/span><\/li>\n<li><span style=\"color: #000000;\">A. Si-Ammour, S. Djennoune and M. Bettayeb: \u201cA sliding mode control for linear fractional systems with input<\/span><br \/>\n<span style=\"color: #000000;\">and state delays\u201d, Communications in Nonlinear Sciences and Numerical Simulation, (Elsevier), Vol. 14, pp 2310-<\/span><br \/>\n<span style=\"color: #000000;\">2318, 2009, http:\/\/www.elsevier.com\/locate\/cnsns.<\/span><\/li>\n<li><span style=\"color: #000000;\">R. Mansouri, M. Bettayeb, S. Djennoune: \u201cApproximation of high order integer systems by fractional order<\/span><br \/>\n<span style=\"color: #000000;\">reduced-parameters models\u201d, Mathematical and Computer Modelling, July 2009, doi : 10.1016\/j.mcn2009.07.018,<\/span><br \/>\n<span style=\"color: #000000;\">http:\/\/www.elsevier.com\/locate\/mcm.<\/span><\/li>\n<li><span style=\"color: #000000;\">\u00a0R. Mansouri, M. Bettayeb, S. Djennoune: \u201cMultivariable Fractional System Approximation with Initial Conditions<\/span><br \/>\n<span style=\"color: #000000;\">Using Integral State Space Representation\u201d, in Computers and Mathematics with Applications, July 2009, doi :<\/span><br \/>\n<span style=\"color: #000000;\">10.1016\/j.camwa.2009.08.024, http:\/\/www.elsevier.com\/locate\/camwa . <\/span><\/li>\n<li><span style=\"color: #000000;\">S Djennoune and M Bettayeb: \u201cClosed-loop balancing for a class of nonlinear singularly perturbed systems\u201d,<\/span><br \/>\n<span style=\"color: #000000;\">International Journal of Systems Science, Vol 40 (3), pp 223-235. (2009),<\/span><br \/>\n<span style=\"color: #000000;\">http:\/\/www.tandf.co.uk\/journals\/titles\/09500693.asp.<\/span><\/li>\n<li><span style=\"color: #000000;\">\u00a0A. G\u00e9ly, L. Nourine, B. Sadi. \u201cEnumeration Aspects of Maximal Cliques and Bicliques . Discrete Applied<\/span><br \/>\n<span style=\"color: #000000;\">Mathematics, Volume 157, Issue 7, Pages 1447-1459 (2009), ISSN: 0166-218X.<\/span><br \/>\n<span style=\"color: #000000;\">http:\/\/www.elsevier.com\/locate\/dam. <\/span><\/li>\n<li><span style=\"color: #000000;\">H. Sediki, S. Djennoune, B. Boukais: \u201cOn-Line Compensation of nonlinearity in PWM Inverter Feeding<\/span><br \/>\n<span style=\"color: #000000;\">Induction Motor\u201d, Journal of electrical engineering, Vol. 9, n\u00b01, April 2009. ISSN 1582-4594. http:\/\/www.jee.ro<\/span><\/li>\n<li><span style=\"color: #000000;\">H.Houassine, N. Mufidzada., S.Abdoun. T.Otmane-Cherif: \u201cInfluence of the Magnetic Core on Surge in the<\/span><br \/>\n<span style=\"color: #000000;\">Windings of the Power Transformer. International Review on Modelling and Simutation.\u201d, IREMOS , 2009. ISSN<\/span><br \/>\n<span style=\"color: #000000;\">1974-9821, http:\/\/www.praiseworthyprize.com\/iremos.htm <\/span><\/li>\n<li><span style=\"color: #000000;\">R. Kara, M. Ahmane, J. J Loiseau and S. Djennoune : \u201c Constrained regulation of continuous Petri Nets\u201d,<\/span><br \/>\n<span style=\"color: #000000;\">Nonlinear Analysis: Hybrid Systems. Vol 3 n\u00b04, pp. 738-748, 2009, http:\/\/www.elsevier.com <\/span><\/li>\n<li><span style=\"color: #000000;\">S Djennoune and M Bettayeb: \u201cNew results on controllability and observability of fractional order systems\u201d,<\/span><br \/>\n<span style=\"color: #000000;\">Journal of Vibration and Control, Vol 14, n\u00b09-10, pp. 1531-1541., 2008, http:\/\/jvc.sagepub.com\/ <\/span><\/li>\n<li><span style=\"color: #000000;\">\u00a0R. Mansouri, M. Bettayeb, S. Djennoune: \u201cNon integer order system approximation by an integer reduced order\u201d,<\/span><br \/>\n<span style=\"color: #000000;\">Special Issue on Fractional Systems in the Journal Europ\u00e9en des Syst\u00e8mes Automatiques (JESA), RS-JESA-<\/span><br \/>\n<span style=\"color: #000000;\">42\/2008, pp. 689-700., 2008, http:\/\/jesa.revuesonline.com\/ <\/span><\/li>\n<li><span style=\"color: #000000;\">\u00a0S. Guermah, S. Djennoune and M. Bettayeb : \u201cState space analysis of linear fractional order systems\u201d, Special<\/span><br \/>\n<span style=\"color: #000000;\">Issue on Fractional Systems in the Journal Europ\u00e9en des Syst\u00e8mes Automatiques (JESA), RS-JESA-42\/2008, pp.<\/span><br \/>\n<span style=\"color: #000000;\">825-838., 2008, http:\/\/jesa.revuesonline.com\/ <\/span><\/li>\n<li><span style=\"color: #000000;\">T. Djamah, R. Mansouri, S. Djennoune and M. Bettayeb : \u201cHeat transfer modelling and identification using<\/span><br \/>\n<span style=\"color: #000000;\">fractional order state space models\u201d, Special Issue on Fractional Systems in the Journal Europ\u00e9en des Syst\u00e8mes<\/span><br \/>\n<span style=\"color: #000000;\">Automatiques (JESA), RS-JESA-42\/2008, pp. 939-951., 2008, http:\/\/jesa.revuesonline.com\/ <\/span><\/li>\n<li><span style=\"color: #000000;\">\u00a0A. Si-Ammour, S. Djennoune and M. Bettayeb : \u201cVariable structure control for uncertain fractional linear systems<\/span><br \/>\n<span style=\"color: #000000;\">with state delay\u201d, Special Issue on Fractional Systems in the Journal Europ\u00e9en des Syst\u00e8mes Automatiques (JESA),<\/span><br \/>\n<span style=\"color: #000000;\">RS-JESA-42\/2008, pp. 965-976., 2008, http:\/\/jesa.revuesonline.com\/ <\/span><\/li>\n<li><span style=\"color: #000000;\">S. Guermah, S. Djennoune and M. Bettayeb: \u201cControllability and observability of linear discrete-time fractionalorder systems\u201d, International Journal of Applied Mathematics and Computer Science, Vol. 18, n\u00b02, pp. 213-222,<\/span><br \/>\n<span style=\"color: #000000;\">2008, http:\/\/www.amcs.uz.zgora.pl\/<\/span><\/li>\n<li><span style=\"color: #000000;\">R. Mansouri, S. Djennoune and M. Bettayeb : \u201cFractional I-P pole placement controller design: Application to<\/span><br \/>\n<span style=\"color: #000000;\">permanent magnet synchronous motor control controllers\u201d, International Journal of Modelling Identification and<\/span><br \/>\n<span style=\"color: #000000;\">Control (IJMIC), ISSN (online): 1746-6180 &#8211; Vol 4., n\u00b02, pp 75-85., 2008,<\/span><br \/>\n<span style=\"color: #000000;\">http:\/\/www.inderscience.com\/browse\/index.php<\/span><\/li>\n<li><span style=\"color: #000000;\">R. Mansouri, M. Bettayeb, S. Djennoune: \u201cNon integer order I-P pole placement controller design: Application to<\/span><br \/>\n<span style=\"color: #000000;\">Induction motor control\u201d, International Review of Electrical Engineering (IREE), ISSN 1827-6660, pp 730-738,<\/span><br \/>\n<span style=\"color: #000000;\">vol 2 n\u00b05, pp. 695-703, 2008, http:\/\/www.praiseworthyprize.com\/IRRE.htm.<\/span><\/li>\n<li><span style=\"color: #000000;\">R. Mansouri, S. Djennoune, M. Bettayeb, A. Charef : \u201cApproximation of a non-integer order implicit model.\u201d,<\/span><br \/>\n<span style=\"color: #000000;\">Transaction on Systems, Signals and Devices (Analysis &amp; Automatic Control), ISSN 1861-5252, 2008,<\/span><\/li>\n<li><span style=\"color: #000000;\">R. Mansouri, M. Bettayeb, T. Djamah, S. Djennoune : \u201cVector Fitting fractional system identification using<\/span><br \/>\n<span style=\"color: #000000;\">particle swarm optimization\u201d, Special conference issue of the Applied Mathematics and Computation ISSN: 0096-<\/span><br \/>\n<span style=\"color: #000000;\">3003, vol. 206, pp. 510-520, 2008, http:\/\/www.elsevier.com\/locate\/amc<\/span><\/li>\n<li><span style=\"color: #000000;\">T. Djamah, R. Mansouri, S. Djennoune, M. Bettayeb : \u201cOptimal low order model identification of fractional<\/span><br \/>\n<span style=\"color: #000000;\">dynamic systems\u201d, Special conference issue of the Applied Mathematics and Computation ISSN: 0096-3003, vol.<\/span><br \/>\n<span style=\"color: #000000;\">206, pp. 543-554, 2008, http:\/\/www.elsevier.com\/locate\/amc <\/span><\/li>\n<li><span style=\"color: #000000;\">T.Otmane-Cherif, N.Mufidzada, N.Benamrouche: \u201cInfluence of the Number of the Nodes in the Winding&rsquo;s<\/span><br \/>\n<span style=\"color: #000000;\">Equivalent Circuit on the Surge Voltages in Transformers.\u201d, International Review on Modelling and Simutation.<\/span><br \/>\n<span style=\"color: #000000;\">IREMOS , Vol 1 , N 1 , pp- 169-172, 2008. ISSN 1974-9821. http:\/\/www.praiseworthyprize.com\/iremos.htm <\/span><\/li>\n<li><span style=\"color: #000000;\">B. Oukacha , M. Aidene: \u201cNecessary and sufficient condition of optimality of a min-max problem in control<\/span><br \/>\n<span style=\"color: #000000;\">optimal.\u201d, International Journal of Applied Mathematics, ISSN 1311-1728. Vol 21, N\u00b0 3, pp.381-394. 2008.<\/span><br \/>\n<span style=\"color: #000000;\">ISSN 1311-1728, http:\/\/www.diogenes.bg\/ijam <\/span><\/li>\n<li><span style=\"color: #000000;\">\u00a0M.Aidene, A. Merakeb: \u201cOptimality criterion of Bi-criteria optimal control problem with terminal constraints.\u201d,<\/span><br \/>\n<span style=\"color: #000000;\">International Journal of Applied Mathematics, ISSN 1311-1728.Volume21, N\u00b02, pp 187-203. 2008. ISSN 1311-<\/span><br \/>\n<span style=\"color: #000000;\">1728, http:\/\/www.diogenes.bg\/ijam <\/span><\/li>\n<li><span style=\"color: #000000;\">\u00a0R. Kara, J. J Loiseau and S. Djennoune : \u201cQuantitative analysis of continuous weighted marked graphs\u201d, Nonlinear<\/span><br \/>\n<span style=\"color: #000000;\">Analysis: Hybrid Systems, Vol 2 n\u00b04, pp. 1010-1020, 2008, http:\/\/www.elsevier.com\/<\/span><\/li>\n<li><span style=\"color: #000000;\">R. Mansouri, M. Bettayeb and S. Djennoune : \u201cMultivariable fractional order system approximation using<\/span><br \/>\n<span style=\"color: #000000;\">derivative representation.\u201d, International Journal of Applied Mathematics (IJAM), ISSN 1311-1728, pp 983-1003,<\/span><br \/>\n<span style=\"color: #000000;\">vol 20, n\u00b07, pp. 983-1003., 2007, http:\/\/www.diogenes.bg\/ijam\/<\/span><\/li>\n<li><span style=\"color: #000000;\">M. Bettayeb and S. Djennoune: \u201cApproximation and balanced reduction of non-linear systems by bilinear models.<\/span><br \/>\n<span style=\"color: #000000;\">International Journal of Identification, Modelling and Control, Vol2; No1, pp 9-15, 2007,<\/span><br \/>\n<span style=\"color: #000000;\">http:\/\/www.inderscience.com\/browse\/index.php<\/span><\/li>\n<li><span style=\"color: #000000;\">\u00a0A.M. Hachinov, N.Mufidzada, H.Houassine, S. Guermah: \u201cProtection against Impulse Surge Voltage in dissociated<\/span><br \/>\n<span style=\"color: #000000;\">secondary of 110 kV nominal Voltage transform\u201d, Power Engineering Problems, vol., pp- 08-20,2007, Academy<\/span><br \/>\n<span style=\"color: #000000;\">of Sciences ,Bakou, Azerbaidjan. . ISSN 1302-6461. www.science.gov.az<\/span><\/li>\n<li><span style=\"color: #000000;\">B. Sadi : \u201cSuite d&rsquo;ensembles partiellement ordonn\u00e9s\u201d, Revue ARIMA.Volume 4, pp. 66-71 ,2006. Issn:18386-<\/span><br \/>\n<span style=\"color: #000000;\">5713.http:\/\/www-direction.inria.fr\/international\/arima\/<\/span><\/li>\n<li><span style=\"color: #000000;\">\u00a0Hoai An Le Thi, and Mohand Ouanes: \u201cConvex quadratic underestimation and Branch and Bound for univariate<\/span><br \/>\n<span style=\"color: #000000;\">global optimization with one nonconvex constraint\u201d, RAIRO Oper. Res. 40 3 (2006) 285-302, http:\/\/www.rairoro.<\/span><br \/>\n<span style=\"color: #000000;\">org\/ <\/span><\/li>\n<li><span style=\"color: #000000;\">\u00a0M.Aidene, I.L.Vorobjev, B.Oukacha:\u00a0\u00bbAlgorithme de r\u00e9solution d&rsquo;un probl\u00e8me lin\u00e9aire de contr\u00f4le optimal avec un crit\u00e8re en Min-Max\u00a0\u00bb,Revue Computational mathematical and physic mathemtics(2005)<\/span><\/li>\n<li><span style=\"color: #000000;\">Djennoune Sa\u00efd, Maamar Bettayeb:\u00a0\u00bb On the structure of energy functions of singularly perturbed bilinear systems\u00a0\u00bb,International Journal of Robust And non Linear Control 2005<\/span><\/li>\n<li><span style=\"color: #000000;\">\u00a0Goulgov G.I,Goulgov-A.G,R. Chaibi:\u00a0\u00bbFormirovanie.tcagovoi characteristiccheski beckontaktnovo dvigatelia pactayanovo toka<\/span><br \/>\n<span style=\"color: #000000;\">(en langue russe)\u00a0\u00bb,News paper of mathematical and pysic calculations 2003<\/span><\/li>\n<li><span style=\"color: #000000;\">\u00a0A.M. Hashimov,N.A. Mufidzada, R. Chaibi, S. Guermah:\u00a0\u00bbImpulse suge voltage in transformer windings in the use of different grouding means of the primary neutral\u00a0\u00bb,Energetikanin Problemleri 2003<\/span><\/li>\n<li><span style=\"color: #000000;\">\u00a0Djennoune Sa\u00efd, Maamar Bettayeb:\u00a0\u00bbBalancing of a class of nonlinear singularly perturbes systems\u00a0\u00bb,International Journal of Control 2003<\/span><\/li>\n<li><span style=\"color: #000000;\">\u00a0Ch\u00e9rif Amer-Yahia Noureddine zerhouni:\u00a0\u00bbState Equation and Stability for a class of continuous petri Nets.Application to the Control of production System\u00a0\u00bb,Studies in Informatics and Control 2001<\/span><\/li>\n<\/ul>\n","protected":false},"excerpt":{"rendered":"<p>\u00a0K.Louadj, M. Aidene: \u201cOptimization a problem of optimal control with free initial state\u201d, Applied Mathematical Sciences, Vol. 4, no. 5,pp. 201 &#8211; 216.2010. ISSN 1312-885X . http:\/\/www.m-hikari.com\/ams\/index.html R. Mellah, F. Lahouazi, S. Djennoune, S.&#46;&#46;&#46;<\/p>\n","protected":false},"author":1,"featured_media":0,"parent":0,"menu_order":0,"comment_status":"closed","ping_status":"closed","template":"","meta":[],"_links":{"self":[{"href":"http:\/\/labs.ummto.dz\/l2csp\/wp-json\/wp\/v2\/pages\/43"}],"collection":[{"href":"http:\/\/labs.ummto.dz\/l2csp\/wp-json\/wp\/v2\/pages"}],"about":[{"href":"http:\/\/labs.ummto.dz\/l2csp\/wp-json\/wp\/v2\/types\/page"}],"author":[{"embeddable":true,"href":"http:\/\/labs.ummto.dz\/l2csp\/wp-json\/wp\/v2\/users\/1"}],"replies":[{"embeddable":true,"href":"http:\/\/labs.ummto.dz\/l2csp\/wp-json\/wp\/v2\/comments?post=43"}],"version-history":[{"count":4,"href":"http:\/\/labs.ummto.dz\/l2csp\/wp-json\/wp\/v2\/pages\/43\/revisions"}],"predecessor-version":[{"id":177,"href":"http:\/\/labs.ummto.dz\/l2csp\/wp-json\/wp\/v2\/pages\/43\/revisions\/177"}],"wp:attachment":[{"href":"http:\/\/labs.ummto.dz\/l2csp\/wp-json\/wp\/v2\/media?parent=43"}],"curies":[{"name":"wp","href":"https:\/\/api.w.org\/{rel}","templated":true}]}}