
{"id":45,"date":"2017-05-29T12:57:07","date_gmt":"2017-05-29T10:57:07","guid":{"rendered":"http:\/\/localhost\/l2csp\/?page_id=45"},"modified":"2017-07-18T11:31:42","modified_gmt":"2017-07-18T09:31:42","slug":"publications-nationales","status":"publish","type":"page","link":"http:\/\/labs.ummto.dz\/l2csp\/publications-nationales\/","title":{"rendered":"Publications Nationales"},"content":{"rendered":"<ul>\n<li class=\"Style88\"><span style=\"color: #000000;\">Oubabas Hocine, Hammouche Abdelazi, Commande Optimale Tol\u00e9rante aux d\u00e9fauts des Syst\u00e8mes Non Lin\u00e9aires Repr\u00e9sent\u00e9s Par Multi <img loading=\"lazy\" class=\"alignnone size-medium wp-image-176 alignright\" src=\"http:\/\/labs.ummto.dz\/l2csp\/wp-content\/uploads\/2017\/05\/communication-300x169-300x169.png\" alt=\"\" width=\"300\" height=\"169\" \/>Mod\u00e8le, The First National Conference on Electronics and New Technologies (NCENT&rsquo;2015), May 19-20, M&rsquo;Sila, Algeria.<\/span><\/li>\n<li class=\"Style88\"><span style=\"color: #000000;\">Oubabas Hocine, Nait Slimani Boukhalfa and Triki Ahcene, Observation Robuste d&rsquo;un Syst\u00e8me Non Lin\u00e9aire Lipschitzien, The First National Conference on Electronics and New Technologies (NCENT&rsquo;2015), May 19-20, M&rsquo;Sila, Algeria.<\/span><\/li>\n<li class=\"Style88\"><span style=\"color: #000000;\">O.Megherbi,H.Hamiche, S.Djennoune, Transmission s\u00e9curis\u00e9e de donn\u00e9es \u00e0 base de deux syst\u00e8mes chaotiques de Colpitts, 8 \u00e8me Conf\u00e9rence sur le G\u00e9nie Electrique ( CGE&rsquo;08), Ecole Militaire Polytechnique, EMP, Alg\u00e9rie, 16-17 Avril 2013.<\/span><\/li>\n<\/ul>\n","protected":false},"excerpt":{"rendered":"<p>Oubabas Hocine, Hammouche Abdelazi, Commande Optimale Tol\u00e9rante aux d\u00e9fauts des Syst\u00e8mes Non Lin\u00e9aires Repr\u00e9sent\u00e9s Par Multi Mod\u00e8le, The First National Conference on Electronics and New Technologies (NCENT&rsquo;2015), May 19-20, M&rsquo;Sila, Algeria. Oubabas Hocine, Nait&#46;&#46;&#46;<\/p>\n","protected":false},"author":1,"featured_media":0,"parent":0,"menu_order":0,"comment_status":"closed","ping_status":"closed","template":"","meta":[],"_links":{"self":[{"href":"http:\/\/labs.ummto.dz\/l2csp\/wp-json\/wp\/v2\/pages\/45"}],"collection":[{"href":"http:\/\/labs.ummto.dz\/l2csp\/wp-json\/wp\/v2\/pages"}],"about":[{"href":"http:\/\/labs.ummto.dz\/l2csp\/wp-json\/wp\/v2\/types\/page"}],"author":[{"embeddable":true,"href":"http:\/\/labs.ummto.dz\/l2csp\/wp-json\/wp\/v2\/users\/1"}],"replies":[{"embeddable":true,"href":"http:\/\/labs.ummto.dz\/l2csp\/wp-json\/wp\/v2\/comments?post=45"}],"version-history":[{"count":4,"href":"http:\/\/labs.ummto.dz\/l2csp\/wp-json\/wp\/v2\/pages\/45\/revisions"}],"predecessor-version":[{"id":208,"href":"http:\/\/labs.ummto.dz\/l2csp\/wp-json\/wp\/v2\/pages\/45\/revisions\/208"}],"wp:attachment":[{"href":"http:\/\/labs.ummto.dz\/l2csp\/wp-json\/wp\/v2\/media?parent=45"}],"curies":[{"name":"wp","href":"https:\/\/api.w.org\/{rel}","templated":true}]}}