
{"id":77,"date":"2017-05-31T10:49:51","date_gmt":"2017-05-31T08:49:51","guid":{"rendered":"http:\/\/labs.ummto.dz\/l2csp\/?page_id=77"},"modified":"2017-07-17T11:48:11","modified_gmt":"2017-07-17T09:48:11","slug":"equipe-1-systemes-evenements-discret-sed","status":"publish","type":"page","link":"http:\/\/labs.ummto.dz\/l2csp\/equipe-1-systemes-evenements-discret-sed\/","title":{"rendered":"\u00c9quipe 1:  Syst\u00e8mes \u00e0 \u00e9v\u00e9nements discrets."},"content":{"rendered":"<p><strong><span style=\"color: #000080;\">Chef d\u2019\u00e9quipe:\u00a0<span style=\"color: #000000;\">Pr Kara Redouane<img loading=\"lazy\" class=\"alignnone size-medium wp-image-161 alignright\" src=\"http:\/\/labs.ummto.dz\/l2csp\/wp-content\/uploads\/2017\/05\/0ac1b51bbaf67bc3987f2b7e708b8fcd-300x209.jpg\" alt=\"\" width=\"300\" height=\"209\" srcset=\"http:\/\/labs.ummto.dz\/l2csp\/wp-content\/uploads\/2017\/05\/0ac1b51bbaf67bc3987f2b7e708b8fcd-300x209.jpg 300w, http:\/\/labs.ummto.dz\/l2csp\/wp-content\/uploads\/2017\/05\/0ac1b51bbaf67bc3987f2b7e708b8fcd.jpg 340w\" sizes=\"(max-width: 300px) 100vw, 300px\" \/><\/span><\/span><\/strong><\/p>\n<p><span style=\"color: #000080;\"><strong>Domaine<\/strong>:\u00a0<span style=\"color: #000000;\">Syst\u00e8mes- \u00e9v\u00e9nements discrets<\/span><\/span><\/p>\n<p><span style=\"color: #000080;\"><strong>Mot cl\u00e9<\/strong>:<\/span><\/p>\n<p><span style=\"color: #000080;\"><strong>Description de la th\u00e9matique de recherche de l\u2019\u00e9quipe:<\/strong><\/span><\/p>\n<table class=\"spip\">\n<thead>\n<tr class=\"row_first\">\n<th scope=\"col\"><strong><span style=\"color: #000080;\">Nom<\/span><\/strong><\/th>\n<th scope=\"col\"><span style=\"color: #000080;\">Pr\u00e9nom<\/span><\/th>\n<th scope=\"col\"><span style=\"color: #000080;\">Grade<\/span><\/th>\n<th scope=\"col\"><span style=\"color: #000080;\">Sp\u00e9cialit\u00e9<\/span><\/th>\n<th scope=\"col\"><span style=\"color: #000080;\">Structure d\u2019origine<\/span><\/th>\n<\/tr>\n<\/thead>\n<tbody>\n<tr class=\"row_even\">\n<td><span style=\"color: #000000;\">Kara<\/span><\/td>\n<td><span style=\"color: #000000;\">Redouane<\/span><\/td>\n<td><span style=\"color: #000000;\">M.C. ( A )<\/span><\/td>\n<td><span style=\"color: #000000;\">Automatique<\/span><\/td>\n<td><span style=\"color: #000000;\">U. Boumerdes<\/span><\/td>\n<\/tr>\n<tr class=\"row_odd\">\n<td><span style=\"color: #000000;\">Si-Ammour<\/span><\/td>\n<td><span style=\"color: #000000;\">Amar<\/span><\/td>\n<td><span style=\"color: #000000;\">M.\u00a0C. (B)<\/span><\/td>\n<td><span style=\"color: #000000;\">Automatique<\/span><\/td>\n<td><span style=\"color: #000000;\">U.M.M.T.O.<\/span><\/td>\n<\/tr>\n<tr class=\"row_even\">\n<td><span style=\"color: #000000;\">Dirami<\/span><\/td>\n<td><span style=\"color: #000000;\">Ahmed<\/span><\/td>\n<td><span style=\"color: #000000;\">M.A.(A)<\/span><\/td>\n<td><span style=\"color: #000000;\">Automatique<\/span><\/td>\n<td><span style=\"color: #000000;\">U.M.M.T.O.<\/span><\/td>\n<\/tr>\n<tr class=\"row_odd\">\n<td><span style=\"color: #000000;\">Nait Abdesselam<\/span><\/td>\n<td><span style=\"color: #000000;\">Aldjia<\/span><\/td>\n<td><span style=\"color: #000000;\">M.A.(B)<\/span><\/td>\n<td><span style=\"color: #000000;\">Automatique<\/span><\/td>\n<td><span style=\"color: #000000;\">U.M.M.T.O.<\/span><\/td>\n<\/tr>\n<\/tbody>\n<\/table>\n<p><strong><span style=\"color: #000080;\">Liste exhaustive des doctorants membres de l\u2019\u00e9quipe:<\/span><\/strong><\/p>\n","protected":false},"excerpt":{"rendered":"<p>Chef d\u2019\u00e9quipe:\u00a0Pr Kara Redouane Domaine:\u00a0Syst\u00e8mes- \u00e9v\u00e9nements discrets Mot cl\u00e9: Description de la th\u00e9matique de recherche de l\u2019\u00e9quipe: Nom Pr\u00e9nom Grade Sp\u00e9cialit\u00e9 Structure d\u2019origine Kara Redouane M.C. ( A ) Automatique U. Boumerdes Si-Ammour Amar&#46;&#46;&#46;<\/p>\n","protected":false},"author":1,"featured_media":0,"parent":0,"menu_order":0,"comment_status":"closed","ping_status":"closed","template":"","meta":[],"_links":{"self":[{"href":"http:\/\/labs.ummto.dz\/l2csp\/wp-json\/wp\/v2\/pages\/77"}],"collection":[{"href":"http:\/\/labs.ummto.dz\/l2csp\/wp-json\/wp\/v2\/pages"}],"about":[{"href":"http:\/\/labs.ummto.dz\/l2csp\/wp-json\/wp\/v2\/types\/page"}],"author":[{"embeddable":true,"href":"http:\/\/labs.ummto.dz\/l2csp\/wp-json\/wp\/v2\/users\/1"}],"replies":[{"embeddable":true,"href":"http:\/\/labs.ummto.dz\/l2csp\/wp-json\/wp\/v2\/comments?post=77"}],"version-history":[{"count":13,"href":"http:\/\/labs.ummto.dz\/l2csp\/wp-json\/wp\/v2\/pages\/77\/revisions"}],"predecessor-version":[{"id":183,"href":"http:\/\/labs.ummto.dz\/l2csp\/wp-json\/wp\/v2\/pages\/77\/revisions\/183"}],"wp:attachment":[{"href":"http:\/\/labs.ummto.dz\/l2csp\/wp-json\/wp\/v2\/media?parent=77"}],"curies":[{"name":"wp","href":"https:\/\/api.w.org\/{rel}","templated":true}]}}