
{"id":84,"date":"2017-05-31T11:45:19","date_gmt":"2017-05-31T09:45:19","guid":{"rendered":"http:\/\/labs.ummto.dz\/l2csp\/?page_id=84"},"modified":"2017-07-18T11:19:18","modified_gmt":"2017-07-18T09:19:18","slug":"equipe2-systemes-continus-sc","status":"publish","type":"page","link":"http:\/\/labs.ummto.dz\/l2csp\/equipe2-systemes-continus-sc\/","title":{"rendered":"\u00c9quipe2:  Syst\u00e8mes continus."},"content":{"rendered":"<p><strong><span style=\"color: #000080;\">Chef d\u2019\u00e9quipe: <\/span><\/strong><span style=\"color: #000000;\">Dr Djennoune Said<\/span><strong><span style=\"color: #000080;\">.<img loading=\"lazy\" class=\"alignnone size-medium wp-image-166 alignright\" src=\"http:\/\/labs.ummto.dz\/l2csp\/wp-content\/uploads\/2017\/05\/conrtinu-pasteur-2008-300x200.jpeg\" alt=\"\" width=\"300\" height=\"200\" srcset=\"http:\/\/labs.ummto.dz\/l2csp\/wp-content\/uploads\/2017\/05\/conrtinu-pasteur-2008-300x200.jpeg 300w, http:\/\/labs.ummto.dz\/l2csp\/wp-content\/uploads\/2017\/05\/conrtinu-pasteur-2008.jpeg 600w\" sizes=\"(max-width: 300px) 100vw, 300px\" \/><\/span><\/strong><strong><br \/>\n<\/strong><\/p>\n<p><span style=\"color: #000080;\"><strong>Domaine<\/strong>:\u00a0<span style=\"color: #000000;\">Syst\u00e8mes continus<\/span><\/span><\/p>\n<p><span style=\"color: #000080;\"><strong>Mot cl\u00e9<\/strong>:\u00a0<\/span><\/p>\n<p><span style=\"color: #000080;\"><strong>Description de la th\u00e9matique de recherche de l\u2019\u00e9quipe:<\/strong><\/span><\/p>\n<table class=\"spip\">\n<thead>\n<tr class=\"row_first\">\n<th scope=\"col\"><span style=\"color: #000080;\">Nom<\/span><\/th>\n<th scope=\"col\"><span style=\"color: #000080;\">Pr\u00e9nom<\/span><\/th>\n<th scope=\"col\"><span style=\"color: #000080;\">Grade<\/span><\/th>\n<th scope=\"col\"><span style=\"color: #000080;\">Sp\u00e9cialit\u00e9<\/span><\/th>\n<th scope=\"col\"><span style=\"color: #000080;\">Structure d\u2019origine<\/span><\/th>\n<\/tr>\n<\/thead>\n<tbody>\n<tr class=\"row_even\">\n<td><span style=\"color: #000000;\">Djennoune<\/span><\/td>\n<td><span style=\"color: #000000;\">Sa\u00efd<\/span><\/td>\n<td><span style=\"color: #000000;\">Professeur<\/span><\/td>\n<td><span style=\"color: #000000;\">Automatique<\/span><\/td>\n<td><span style=\"color: #000000;\">U.M.M.T.O.<\/span><\/td>\n<\/tr>\n<tr class=\"row_odd\">\n<td><span style=\"color: #000000;\">Mellah<\/span><\/td>\n<td><span style=\"color: #000000;\">Rabah<\/span><\/td>\n<td><span style=\"color: #000000;\">M.C. ( A )<\/span><\/td>\n<td><span style=\"color: #000000;\">Automatique<\/span><\/td>\n<td><span style=\"color: #000000;\">U.M.M.T.O.<\/span><\/td>\n<\/tr>\n<tr class=\"row_even\">\n<td><span style=\"color: #000000;\">Guermah<\/span><\/td>\n<td><span style=\"color: #000000;\">Said<\/span><\/td>\n<td><span style=\"color: #000000;\">M.\u00a0C. (B)<\/span><\/td>\n<td><span style=\"color: #000000;\">Automatique<\/span><\/td>\n<td><span style=\"color: #000000;\">U.M.M.T.O.<\/span><\/td>\n<td><\/td>\n<\/tr>\n<tr class=\"row_odd\">\n<td><span style=\"color: #000000;\">Almansba<\/span><\/td>\n<td><span style=\"color: #000000;\">Farida<\/span><\/td>\n<td><span style=\"color: #000000;\">M.A.(A)<\/span><\/td>\n<td><span style=\"color: #000000;\">Automatique<\/span><\/td>\n<td><span style=\"color: #000000;\">U.M.M.T.O.<\/span><\/td>\n<\/tr>\n<tr class=\"row_even\">\n<td><span style=\"color: #000000;\">Djeghali<\/span><\/td>\n<td><span style=\"color: #000000;\">Nadia<\/span><\/td>\n<td><span style=\"color: #000000;\">M.A.(A)<\/span><\/td>\n<td><span style=\"color: #000000;\">Automatique<\/span><\/td>\n<td><span style=\"color: #000000;\">U.M.M.T.O.<\/span><\/td>\n<\/tr>\n<tr class=\"row_odd\">\n<td><span style=\"color: #000000;\">Nechak<\/span><\/td>\n<td><span style=\"color: #000000;\">Lyes<\/span><\/td>\n<td><span style=\"color: #000000;\">Doctorant<\/span><\/td>\n<td><span style=\"color: #000000;\">Automatique<\/span><\/td>\n<td><span style=\"color: #000000;\">U.M.M.T.O.<\/span><\/td>\n<\/tr>\n<tr class=\"row_even\">\n<td><span style=\"color: #000000;\">Oubabas<\/span><\/td>\n<td><span style=\"color: #000000;\">Hocine<\/span><\/td>\n<td><span style=\"color: #000000;\">M.A.(A)<\/span><\/td>\n<td><span style=\"color: #000000;\">Automatique<\/span><\/td>\n<td><span style=\"color: #000000;\">U.M.M.T.O.<\/span><\/td>\n<\/tr>\n<tr class=\"row_odd\">\n<td><span style=\"color: #000000;\">Yacine<\/span><\/td>\n<td><span style=\"color: #000000;\">Zedjiga<\/span><\/td>\n<td><span style=\"color: #000000;\">M.A.(B)<\/span><\/td>\n<td><span style=\"color: #000000;\">Automatique<\/span><\/td>\n<td><span style=\"color: #000000;\">U.M.M.T.O.<\/span><\/td>\n<\/tr>\n<tr class=\"row_even\">\n<td><span style=\"color: #000000;\">Hamiche<\/span><\/td>\n<td><span style=\"color: #000000;\">Hamid<\/span><\/td>\n<td><span style=\"color: #000000;\">M.\u00a0C. (B)<\/span><\/td>\n<td><span style=\"color: #000000;\">Automatique<\/span><\/td>\n<td><span style=\"color: #000000;\">U.M.M.T.O.<\/span><\/td>\n<td><\/td>\n<\/tr>\n<\/tbody>\n<\/table>\n<p><span style=\"color: #000080;\"><strong>Liste exhaustive des doctorants membres de l\u2019\u00e9quipe:<\/strong><\/span><\/p>\n<p>&nbsp;<\/p>\n<p>&nbsp;<\/p>\n<p>&nbsp;<\/p>\n<p>&nbsp;<\/p>\n<p>&nbsp;<\/p>\n<p>&nbsp;<\/p>\n<p>&nbsp;<\/p>\n<p>&nbsp;<\/p>\n<p>&nbsp;<\/p>\n<p>&nbsp;<\/p>\n<p>&nbsp;<\/p>\n<p>&nbsp;<\/p>\n<p>&nbsp;<\/p>\n<p>&nbsp;<\/p>\n<p>&nbsp;<\/p>\n<p>&nbsp;<\/p>\n<p>&nbsp;<\/p>\n<p>&nbsp;<\/p>\n<p>&nbsp;<\/p>\n<p>&nbsp;<\/p>\n<p>&nbsp;<\/p>\n<p>&nbsp;<\/p>\n<p>&nbsp;<\/p>\n<p>&nbsp;<\/p>\n<p>&nbsp;<\/p>\n<p>&nbsp;<\/p>\n","protected":false},"excerpt":{"rendered":"<p>Chef d\u2019\u00e9quipe: Dr Djennoune Said. Domaine:\u00a0Syst\u00e8mes continus Mot cl\u00e9:\u00a0 Description de la th\u00e9matique de recherche de l\u2019\u00e9quipe: Nom Pr\u00e9nom Grade Sp\u00e9cialit\u00e9 Structure d\u2019origine Djennoune Sa\u00efd Professeur Automatique U.M.M.T.O. Mellah Rabah M.C. ( A )&#46;&#46;&#46;<\/p>\n","protected":false},"author":1,"featured_media":0,"parent":0,"menu_order":0,"comment_status":"closed","ping_status":"closed","template":"","meta":[],"_links":{"self":[{"href":"http:\/\/labs.ummto.dz\/l2csp\/wp-json\/wp\/v2\/pages\/84"}],"collection":[{"href":"http:\/\/labs.ummto.dz\/l2csp\/wp-json\/wp\/v2\/pages"}],"about":[{"href":"http:\/\/labs.ummto.dz\/l2csp\/wp-json\/wp\/v2\/types\/page"}],"author":[{"embeddable":true,"href":"http:\/\/labs.ummto.dz\/l2csp\/wp-json\/wp\/v2\/users\/1"}],"replies":[{"embeddable":true,"href":"http:\/\/labs.ummto.dz\/l2csp\/wp-json\/wp\/v2\/comments?post=84"}],"version-history":[{"count":12,"href":"http:\/\/labs.ummto.dz\/l2csp\/wp-json\/wp\/v2\/pages\/84\/revisions"}],"predecessor-version":[{"id":197,"href":"http:\/\/labs.ummto.dz\/l2csp\/wp-json\/wp\/v2\/pages\/84\/revisions\/197"}],"wp:attachment":[{"href":"http:\/\/labs.ummto.dz\/l2csp\/wp-json\/wp\/v2\/media?parent=84"}],"curies":[{"name":"wp","href":"https:\/\/api.w.org\/{rel}","templated":true}]}}