
{"id":86,"date":"2017-05-31T11:48:56","date_gmt":"2017-05-31T09:48:56","guid":{"rendered":"http:\/\/labs.ummto.dz\/l2csp\/?page_id=86"},"modified":"2017-07-18T11:20:13","modified_gmt":"2017-07-18T09:20:13","slug":"equipe-3-recherche-operationnelle-ro","status":"publish","type":"page","link":"http:\/\/labs.ummto.dz\/l2csp\/equipe-3-recherche-operationnelle-ro\/","title":{"rendered":"\u00c9quipe 3: Surtension."},"content":{"rendered":"<p><strong><span style=\"color: #000080;\">Chef d\u2019\u00e9quipe: <\/span><\/strong><span style=\"color: #000080;\"><span style=\"color: #000000;\">Dr\u00a0Otmane-Cherif Tahar<img loading=\"lazy\" class=\"alignnone wp-image-195 alignright\" src=\"http:\/\/labs.ummto.dz\/l2csp\/wp-content\/uploads\/2017\/05\/la-varistance-reponse-a-une-surtension-300x300.jpg\" alt=\"\" width=\"185\" height=\"185\" srcset=\"http:\/\/labs.ummto.dz\/l2csp\/wp-content\/uploads\/2017\/05\/la-varistance-reponse-a-une-surtension-300x300.jpg 300w, http:\/\/labs.ummto.dz\/l2csp\/wp-content\/uploads\/2017\/05\/la-varistance-reponse-a-une-surtension-150x150.jpg 150w, http:\/\/labs.ummto.dz\/l2csp\/wp-content\/uploads\/2017\/05\/la-varistance-reponse-a-une-surtension-160x160.jpg 160w, http:\/\/labs.ummto.dz\/l2csp\/wp-content\/uploads\/2017\/05\/la-varistance-reponse-a-une-surtension-320x320.jpg 320w, http:\/\/labs.ummto.dz\/l2csp\/wp-content\/uploads\/2017\/05\/la-varistance-reponse-a-une-surtension.jpg 550w\" sizes=\"(max-width: 185px) 100vw, 185px\" \/><\/span><\/span><strong><br \/>\n<\/strong><\/p>\n<p><span style=\"color: #000080;\"><strong>Domaine<\/strong>:<\/span><\/p>\n<p><span style=\"color: #000080;\"><strong>Mot cl\u00e9<\/strong>:\u00a0<\/span><\/p>\n<p><span style=\"color: #000080;\"><strong>Description de la th\u00e9matique de recherche de l\u2019\u00e9quipe:<\/strong><\/span><\/p>\n<table class=\"spip\">\n<thead>\n<tr class=\"row_first\">\n<th scope=\"col\"><span style=\"color: #000080;\">Nom<\/span><\/th>\n<th scope=\"col\"><span style=\"color: #000080;\">Pr\u00e9nom<\/span><\/th>\n<th scope=\"col\"><span style=\"color: #000080;\">Grade<\/span><\/th>\n<th scope=\"col\"><span style=\"color: #000080;\">Sp\u00e9cialit\u00e9<\/span><\/th>\n<th scope=\"col\"><span style=\"color: #000080;\">Structure d\u2019origine<\/span><\/th>\n<\/tr>\n<\/thead>\n<tbody>\n<tr class=\"row_even\">\n<td><span style=\"color: #000000;\">Otmane-Cherif<\/span><\/td>\n<td><span style=\"color: #000000;\">Tahar<\/span><\/td>\n<td><span style=\"color: #000000;\">M.C. ( A)<\/span><\/td>\n<td>Surtension<\/td>\n<td><span style=\"color: #000000;\">U.M.M.T.O.<\/span><\/td>\n<\/tr>\n<tr class=\"row_odd\">\n<td><span style=\"color: #000000;\">Mufid-Zada<\/span><\/td>\n<td><span style=\"color: #000000;\">Nahid<\/span><\/td>\n<td><span style=\"color: #000000;\">Professeur<\/span><\/td>\n<td><span style=\"color: #000000;\">Surtension<\/span><\/td>\n<td><span style=\"color: #000000;\">U.M.M.T.O.<\/span><\/td>\n<\/tr>\n<tr class=\"row_even\">\n<td><span style=\"color: #000000;\">Sediki<\/span><\/td>\n<td><span style=\"color: #000000;\">Hamid<\/span><\/td>\n<td><span style=\"color: #000000;\">M.C. (B )<\/span><\/td>\n<td><span style=\"color: #000000;\">Surtension<\/span><\/td>\n<td><span style=\"color: #000000;\">U.M.M.T.O.<\/span><\/td>\n<\/tr>\n<tr class=\"row_odd\">\n<td><span style=\"color: #000000;\">Hadj-Said<\/span><\/td>\n<td><span style=\"color: #000000;\">Karim<\/span><\/td>\n<td><span style=\"color: #000000;\">M.A. ( A )<\/span><\/td>\n<td><span style=\"color: #000000;\">Surtension<\/span><\/td>\n<td><span style=\"color: #000000;\">U.M.M.T.O.<\/span><\/td>\n<\/tr>\n<tr class=\"row_even\">\n<td><span style=\"color: #000000;\">Houacine<\/span><\/td>\n<td><span style=\"color: #000000;\">Hamza<\/span><\/td>\n<td><span style=\"color: #000000;\">M.A. ( A )<\/span><\/td>\n<td><span style=\"color: #000000;\">Surtension<\/span><\/td>\n<td><span style=\"color: #000000;\">U.M.M.T.O.<\/span><\/td>\n<\/tr>\n<\/tbody>\n<\/table>\n<p><span style=\"color: #000080;\"><strong>Liste exhaustive des membres permanents de l\u2019\u00e9quipe:<\/strong><\/span><\/p>\n","protected":false},"excerpt":{"rendered":"<p>Chef d\u2019\u00e9quipe: Dr\u00a0Otmane-Cherif Tahar Domaine: Mot cl\u00e9:\u00a0 Description de la th\u00e9matique de recherche de l\u2019\u00e9quipe: Nom Pr\u00e9nom Grade Sp\u00e9cialit\u00e9 Structure d\u2019origine Otmane-Cherif Tahar M.C. ( A) Surtension U.M.M.T.O. Mufid-Zada Nahid Professeur Surtension U.M.M.T.O. Sediki&#46;&#46;&#46;<\/p>\n","protected":false},"author":1,"featured_media":0,"parent":0,"menu_order":0,"comment_status":"closed","ping_status":"closed","template":"","meta":[],"_links":{"self":[{"href":"http:\/\/labs.ummto.dz\/l2csp\/wp-json\/wp\/v2\/pages\/86"}],"collection":[{"href":"http:\/\/labs.ummto.dz\/l2csp\/wp-json\/wp\/v2\/pages"}],"about":[{"href":"http:\/\/labs.ummto.dz\/l2csp\/wp-json\/wp\/v2\/types\/page"}],"author":[{"embeddable":true,"href":"http:\/\/labs.ummto.dz\/l2csp\/wp-json\/wp\/v2\/users\/1"}],"replies":[{"embeddable":true,"href":"http:\/\/labs.ummto.dz\/l2csp\/wp-json\/wp\/v2\/comments?post=86"}],"version-history":[{"count":11,"href":"http:\/\/labs.ummto.dz\/l2csp\/wp-json\/wp\/v2\/pages\/86\/revisions"}],"predecessor-version":[{"id":199,"href":"http:\/\/labs.ummto.dz\/l2csp\/wp-json\/wp\/v2\/pages\/86\/revisions\/199"}],"wp:attachment":[{"href":"http:\/\/labs.ummto.dz\/l2csp\/wp-json\/wp\/v2\/media?parent=86"}],"curies":[{"name":"wp","href":"https:\/\/api.w.org\/{rel}","templated":true}]}}