
{"id":142,"date":"2017-06-04T12:37:03","date_gmt":"2017-06-04T10:37:03","guid":{"rendered":"http:\/\/labs.ummto.dz\/labab\/?page_id=142"},"modified":"2017-06-13T14:22:39","modified_gmt":"2017-06-13T12:22:39","slug":"equipe-4-nutrition-animale-et-produits-animaux","status":"publish","type":"page","link":"http:\/\/labs.ummto.dz\/labab\/index.php\/equipe-4-nutrition-animale-et-produits-animaux\/","title":{"rendered":"Equipe 04 : Nutrition animale et produits animaux"},"content":{"rendered":"<p><img loading=\"lazy\" class=\"wp-image-221 size-full alignright\" src=\"http:\/\/labs.ummto.dz\/labab\/wp-content\/uploads\/2017\/06\/LABAB-EQ4.jpg\" alt=\"\" width=\"234\" height=\"216\" \/><\/p>\n<div data-canvas-width=\"180.34720000000002\"><strong><span style=\"color: #000080;\">Chef d\u2019Equipe<\/span><\/strong>: <span style=\"color: #000000;\">Pr BERCHICHE Mokrane<\/span><\/div>\n<div data-canvas-width=\"180.34720000000002\"><\/div>\n<div data-canvas-width=\"180.34720000000002\">\n<div data-canvas-width=\"455.35999999999996\"><strong><span style=\"text-decoration: underline; color: #000080;\">Description de la th\u00e9matique de recherche de l\u2019\u00e9quipe :<\/span><\/strong><\/div>\n<div data-canvas-width=\"217.49999999999997\"><span style=\"color: #000000;\">Le th\u00e8me de recherche de l&rsquo;\u00e9quipe est orient\u00e9 vers la nutrition et l&rsquo;alimentation du lapin de chair en condition de production Alg\u00e9rienne. En ce sens, nous avons mis en \u0153uvre des essais en utilisant des sources alimentaires disponibles en Alg\u00e9rie, \u00e0 savoir des sources v\u00e9g\u00e9tales ( Sulla et Prot\u00e9agineux) et des sous produits des industries agro-alimentaires (issues de meunerie et dr\u00eache de brasserie). L&rsquo;objectif de nos investigations est d&rsquo;atteindre l&rsquo;autonomie alimentaire pour l&rsquo;\u00e9levage rationnel du lapin en Alg\u00e9rie. La r\u00e9alisation de nos recherches b\u00e9n\u00e9ficie de l&rsquo;appui scientifique et technique de nos collaborateurs en France, \u00e9quipe de recherche de l&rsquo;INRA de Toulouse (accords CMEP). En outre, l&rsquo;ensemble de nos essais constitue une base de travail pour la r\u00e9alisation de th\u00e8ses de Doctorat : 07 th\u00e8ses doctorats pr\u00e9par\u00e9es : 03 th\u00e8se sont soutenues et quatre autres sont en cours de r\u00e9alisation. Par ailleurs, l&rsquo;orientation de nos recherches vers la \u00ab\u00a0recherche formation \u00ab\u00a0, a un impact sur le secteur socio-\u00e9conomique. Ainsi, les principaux acteurs de la cuniculture ( nationale et r\u00e9gionale) sont en \u00e9troite relation avec l&rsquo;\u00e9quipe de recherche du laboratoire : conseils pour l&rsquo;\u00e9levage, conseils pour la formulation d&rsquo;aliments industriels, conseils pour le d\u00e9veloppement de l&rsquo;\u00e9levage rationnel, publication des r\u00e9sultats de recherches.<\/span><\/div>\n<div data-canvas-width=\"217.49999999999997\"><\/div>\n<\/div>\n<div data-canvas-width=\"217.49999999999997\"><span style=\"color: #000080;\"><strong><span style=\"text-decoration: underline;\">Liste exhaustive des membres permanents de l\u2019\u00e9quipe<\/span><\/strong><\/span><\/div>\n<div data-canvas-width=\"217.49999999999997\">\u00a0\n<table id=\"tablepress-4\" class=\"tablepress tablepress-id-4\">\n<thead>\n<tr class=\"row-1 odd\">\n\t<th class=\"column-1\">Nom &amp; Pr\u00e9nom<\/th><th class=\"column-2\">Dernier dipl\u00f4me<\/th><th class=\"column-3\">Grade<\/th><th class=\"column-4\">Sp\u00e9cialit\u00e9<\/th><th class=\"column-5\">Structure de Rattachement<\/th>\n<\/tr>\n<\/thead>\n<tbody class=\"row-hover\">\n<tr class=\"row-2 even\">\n\t<td class=\"column-1\">BERCHICHE Mokrane<\/td><td class=\"column-2\">Doctorat<\/td><td class=\"column-3\">Pr.<\/td><td class=\"column-4\">Agronomie et Biologie<\/td><td class=\"column-5\">U. Tizi Ouzou<\/td>\n<\/tr>\n<tr class=\"row-3 odd\">\n\t<td class=\"column-1\">KADI Si Ammar<\/td><td class=\"column-2\">Doctorat<\/td><td class=\"column-3\">MCA<\/td><td class=\"column-4\">Agronomie et Biologie<\/td><td class=\"column-5\">U. Tizi Ouzou<\/td>\n<\/tr>\n<tr class=\"row-4 even\">\n\t<td class=\"column-1\">CHERFAOUI Djamila<\/td><td class=\"column-2\">Magister<\/td><td class=\"column-3\">MAA<\/td><td class=\"column-4\">Agronomie et Biologie<\/td><td class=\"column-5\">U. Tizi Ouzou<\/td>\n<\/tr>\n<tr class=\"row-5 odd\">\n\t<td class=\"column-1\">LOUNAOUCI Ghania<\/td><td class=\"column-2\">Magister<\/td><td class=\"column-3\">MAA, Doc.<\/td><td class=\"column-4\">Agronomie et Biologie<\/td><td class=\"column-5\">U. Tizi Ouzou<\/td>\n<\/tr>\n<tr class=\"row-6 even\">\n\t<td class=\"column-1\">HANNACHI Rabia<\/td><td class=\"column-2\">Magister<\/td><td class=\"column-3\">MAA, Doc.<\/td><td class=\"column-4\">Agronomie et Biologie<\/td><td class=\"column-5\">U. Tizi Ouzou<\/td>\n<\/tr>\n<tr class=\"row-7 odd\">\n\t<td class=\"column-1\">GUERMAH Hocine<\/td><td class=\"column-2\">Magister<\/td><td class=\"column-3\">MAB<\/td><td class=\"column-4\">Agronomie et Biologie<\/td><td class=\"column-5\">U. M'sila<\/td>\n<\/tr>\n<tr class=\"row-8 even\">\n\t<td class=\"column-1\">DJELLAL Farid<\/td><td class=\"column-2\">Magister<\/td><td class=\"column-3\">MAA<\/td><td class=\"column-4\">Agronomie et Biologie<\/td><td class=\"column-5\">U. S\u00e9tif-1<\/td>\n<\/tr>\n<tr class=\"row-9 odd\">\n\t<td class=\"column-1\">MOUHOUS Azzedine<\/td><td class=\"column-2\">Magister<\/td><td class=\"column-3\">MAA<\/td><td class=\"column-4\">Agronomie et Biologie<\/td><td class=\"column-5\">U. Tizi Ouzou<\/td>\n<\/tr>\n<\/tbody>\n<\/table>\n<!-- #tablepress-4 from cache --><\/div>\n","protected":false},"excerpt":{"rendered":"<p>Chef d\u2019Equipe: Pr BERCHICHE Mokrane Description de la th\u00e9matique de recherche de l\u2019\u00e9quipe : Le th\u00e8me de recherche de l&rsquo;\u00e9quipe est orient\u00e9 vers la nutrition et l&rsquo;alimentation du lapin de chair en condition de&#46;&#46;&#46;<\/p>\n","protected":false},"author":1,"featured_media":0,"parent":0,"menu_order":0,"comment_status":"closed","ping_status":"closed","template":"","meta":[],"_links":{"self":[{"href":"http:\/\/labs.ummto.dz\/labab\/index.php\/wp-json\/wp\/v2\/pages\/142"}],"collection":[{"href":"http:\/\/labs.ummto.dz\/labab\/index.php\/wp-json\/wp\/v2\/pages"}],"about":[{"href":"http:\/\/labs.ummto.dz\/labab\/index.php\/wp-json\/wp\/v2\/types\/page"}],"author":[{"embeddable":true,"href":"http:\/\/labs.ummto.dz\/labab\/index.php\/wp-json\/wp\/v2\/users\/1"}],"replies":[{"embeddable":true,"href":"http:\/\/labs.ummto.dz\/labab\/index.php\/wp-json\/wp\/v2\/comments?post=142"}],"version-history":[{"count":7,"href":"http:\/\/labs.ummto.dz\/labab\/index.php\/wp-json\/wp\/v2\/pages\/142\/revisions"}],"predecessor-version":[{"id":222,"href":"http:\/\/labs.ummto.dz\/labab\/index.php\/wp-json\/wp\/v2\/pages\/142\/revisions\/222"}],"wp:attachment":[{"href":"http:\/\/labs.ummto.dz\/labab\/index.php\/wp-json\/wp\/v2\/media?parent=142"}],"curies":[{"name":"wp","href":"https:\/\/api.w.org\/{rel}","templated":true}]}}