
{"id":48,"date":"2017-05-31T15:10:14","date_gmt":"2017-05-31T13:10:14","guid":{"rendered":"http:\/\/labs.ummto.dz\/labab\/?page_id=48"},"modified":"2017-06-04T12:20:24","modified_gmt":"2017-06-04T10:20:24","slug":"equipe-02","status":"publish","type":"page","link":"http:\/\/labs.ummto.dz\/labab\/index.php\/equipe-02\/","title":{"rendered":"\u00c9quipe 02:Substances Bio-actives et Valorisations"},"content":{"rendered":"<div data-canvas-width=\"686.3296000000004\"><strong><span style=\"color: #000080;\">-Chef d\u2019Equipe:<\/span><\/strong> <span style=\"color: #000000;\">MATI N\u00e9e MOULTI Farida<img loading=\"lazy\" class=\" wp-image-119 alignright\" src=\"http:\/\/labs.ummto.dz\/labab\/wp-content\/uploads\/2017\/05\/12.jpeg\" alt=\"\" width=\"434\" height=\"147\" \/><\/span><\/div>\n<div data-canvas-width=\"686.3296000000004\"><\/div>\n<div data-canvas-width=\"79.1472\"><strong><span style=\"color: #000080;\">Mots-cl\u00e9s :<\/span> <\/strong><span style=\"color: #000000;\">Valorisation des sous produits ol\u00e9icoles\/ Polysaccharides\/Polyph\u00e9nols\/Activit\u00e9s Biolo-giques\/Bioconversion\/Activit\u00e9 Antimicrobienne\/ Pr\u00e9biotiques\/ \/Activit\u00e9 Anti-Oxydante.<\/span><\/div>\n<div data-canvas-width=\"79.1472\"><\/div>\n<div data-canvas-width=\"79.1472\"><\/div>\n<div data-canvas-width=\"79.1472\"><\/div>\n<div data-canvas-width=\"40.257\">\n<div data-canvas-width=\"554.5565999999999\"><span style=\"color: #000080;\"><strong><span style=\"text-decoration: underline;\">Description de la th\u00e9matique de recherche de l\u2019\u00e9quipe :<\/span><\/strong><\/span><\/div>\n<div data-canvas-width=\"758.8527999999999\">\n<p><span style=\"color: #000000;\">Depuis le d\u00e9but de la cr\u00e9ation du laboratoire LABAB en 2000, la valorisation des sous produits ol\u00e9icoles a \u00e9t\u00e9 notre principale pr\u00e9occupation. Celle- ci s&rsquo;explique par la superficie ol\u00e9icole de l&rsquo;Alg\u00e9rie en g\u00e9n\u00e9ral et de la r\u00e9gion de Tizi-Ouzou en particulier et par voie de cons\u00e9quence le tissu industriel ol\u00e9icole. Les margines et les grignons d&rsquo;olives sont les principaux sous produits de l&rsquo;extraction de l&rsquo;huile. Ces sous produits quand ils sont rejet\u00e9s tels quels sans pr\u00e9caution posent de s\u00e9rieux probl\u00e8me de pollution. Par- tant de ces constats, nos recherches ont pour objectifs de valoriser ces produits d\u2019autant qu&rsquo;ils pr\u00e9sentent dans leur composition des mol\u00e9cules int\u00e9ressantes \u00e0 exploiter. Parmi ces mol\u00e9cules, nous nous sommes int\u00e9ress\u00e9s \u00e0 d\u00e9velopper des m\u00e9thodes d&rsquo;extraction des polyph\u00e9nols et des polysaccharides, \u00e0 les caract\u00e9riser et \u00e0 d\u00e9montrer leurs activit\u00e9s biologiques entre autres des activit\u00e9s antioxydantes, antimicrobiennes, anti-fongiques et anti-tumorales pour des applications \u00e9ventuelles dans les secteurs agro-alimentaire et de sant\u00e9. Pour se faire nous nous sommes atteler \u00e9galement \u00e0 mettre en \u0153uvre des voies<\/span><\/p>\n<div class=\"textLayer\">\n<div data-canvas-width=\"121.716\"><span style=\"color: #000000;\">de valorisations biotechnologiques en s\u00e9lectionnant des souches de levures et moisissures \u00e0 m\u00eame de se d\u00e9velopper efficacement en d\u00e9gradant des substrats nuisibles pour en limiter les effets polluants tout en g\u00e9n\u00e9rant de nouveaux produits d\u2019int\u00e9r\u00eat comme la production d\u2019enzymes, d\u2019acides gras volatils , de bio-hydrog\u00e8ne&#8230;etc<\/span><\/div>\n<div data-canvas-width=\"121.716\"><\/div>\n<\/div>\n<p><span style=\"color: #000080;\"><strong><span style=\"text-decoration: underline;\">Liste exhaustive des membres permanents:<\/span><\/strong><\/span><\/p>\n\n<table id=\"tablepress-2\" class=\"tablepress tablepress-id-2\">\n<thead>\n<tr class=\"row-1 odd\">\n\t<th class=\"column-1\">Nom &amp; Pr\u00e9nom<\/th><th class=\"column-2\">Dernier dipl\u00f4me<\/th><th class=\"column-3\">Grade<\/th><th class=\"column-4\">Sp\u00e9cialit\u00e9<\/th><th class=\"column-5\">Structure de Rattachement<\/th>\n<\/tr>\n<\/thead>\n<tbody class=\"row-hover\">\n<tr class=\"row-2 even\">\n\t<td class=\"column-1\">MATI N\u00e9e MOULTI Farida<\/td><td class=\"column-2\">Doc. d'Etat<\/td><td class=\"column-3\">Pr<\/td><td class=\"column-4\">Immunologie et Micro-biologie<\/td><td class=\"column-5\">U. Tizi Ouzou<\/td>\n<\/tr>\n<tr class=\"row-3 odd\">\n\t<td class=\"column-1\">DERMECHE Samia<\/td><td class=\"column-2\">Magister<\/td><td class=\"column-3\">MAA<\/td><td class=\"column-4\">Immunologie et Micro-biologie<\/td><td class=\"column-5\">U. Tizi Ouzou<\/td>\n<\/tr>\n<tr class=\"row-4 even\">\n\t<td class=\"column-1\">BEDOUHENE-FENANE Samia<\/td><td class=\"column-2\">Magister<\/td><td class=\"column-3\">MAA<\/td><td class=\"column-4\">Biochimie, G\u00e9n\u00e9tique et <br \/>\nbiologie mol\u00e9culaire<\/td><td class=\"column-5\">U. Tizi Ouzou<\/td>\n<\/tr>\n<tr class=\"row-5 odd\">\n\t<td class=\"column-1\">SENANI-OULARBI Nassima<\/td><td class=\"column-2\">Magister<\/td><td class=\"column-3\">MAA<\/td><td class=\"column-4\">Agronomie et Biologie<\/td><td class=\"column-5\">U. Tizi Ouzou<\/td>\n<\/tr>\n<tr class=\"row-6 even\">\n\t<td class=\"column-1\">MESSAOUDI-MOHAMDI Djamila <\/td><td class=\"column-2\">Magister<\/td><td class=\"column-3\">MAA<\/td><td class=\"column-4\">Agronomie et Biologie<\/td><td class=\"column-5\">U. Tizi Ouzou<\/td>\n<\/tr>\n<\/tbody>\n<\/table>\n<!-- #tablepress-2 from cache -->\n<\/div>\n<\/div>\n","protected":false},"excerpt":{"rendered":"<p>-Chef d\u2019Equipe: MATI N\u00e9e MOULTI Farida Mots-cl\u00e9s : Valorisation des sous produits ol\u00e9icoles\/ Polysaccharides\/Polyph\u00e9nols\/Activit\u00e9s Biolo-giques\/Bioconversion\/Activit\u00e9 Antimicrobienne\/ Pr\u00e9biotiques\/ \/Activit\u00e9 Anti-Oxydante. Description de la th\u00e9matique de recherche de l\u2019\u00e9quipe : Depuis le d\u00e9but de la cr\u00e9ation&#46;&#46;&#46;<\/p>\n","protected":false},"author":1,"featured_media":0,"parent":0,"menu_order":0,"comment_status":"closed","ping_status":"closed","template":"","meta":[],"_links":{"self":[{"href":"http:\/\/labs.ummto.dz\/labab\/index.php\/wp-json\/wp\/v2\/pages\/48"}],"collection":[{"href":"http:\/\/labs.ummto.dz\/labab\/index.php\/wp-json\/wp\/v2\/pages"}],"about":[{"href":"http:\/\/labs.ummto.dz\/labab\/index.php\/wp-json\/wp\/v2\/types\/page"}],"author":[{"embeddable":true,"href":"http:\/\/labs.ummto.dz\/labab\/index.php\/wp-json\/wp\/v2\/users\/1"}],"replies":[{"embeddable":true,"href":"http:\/\/labs.ummto.dz\/labab\/index.php\/wp-json\/wp\/v2\/comments?post=48"}],"version-history":[{"count":7,"href":"http:\/\/labs.ummto.dz\/labab\/index.php\/wp-json\/wp\/v2\/pages\/48\/revisions"}],"predecessor-version":[{"id":136,"href":"http:\/\/labs.ummto.dz\/labab\/index.php\/wp-json\/wp\/v2\/pages\/48\/revisions\/136"}],"wp:attachment":[{"href":"http:\/\/labs.ummto.dz\/labab\/index.php\/wp-json\/wp\/v2\/media?parent=48"}],"curies":[{"name":"wp","href":"https:\/\/api.w.org\/{rel}","templated":true}]}}