
{"id":50,"date":"2017-05-31T15:10:37","date_gmt":"2017-05-31T13:10:37","guid":{"rendered":"http:\/\/labs.ummto.dz\/labab\/?page_id=50"},"modified":"2017-06-04T13:39:29","modified_gmt":"2017-06-04T11:39:29","slug":"equipe-03","status":"publish","type":"page","link":"http:\/\/labs.ummto.dz\/labab\/index.php\/equipe-03\/","title":{"rendered":"\u00c9quipe 03:Microbiologie-Biomol\u00e9cules"},"content":{"rendered":"<div class=\"textLayer\" data-canvas-width=\"41.441399999999994\">\n<div style=\"text-align: left;\" data-canvas-width=\"455.4290399999998\">\n<div data-canvas-width=\"125.0304\"><strong><span style=\"color: #000080;\">Chef d\u2019Equipe:<\/span><\/strong> Pr <span style=\"color: #000000;\">HOUALI Karim<\/span><img loading=\"lazy\" class=\"wp-image-172  alignright\" src=\"http:\/\/labs.ummto.dz\/labab\/wp-content\/uploads\/2017\/05\/micr.jpeg\" alt=\"\" width=\"323\" height=\"215\" \/><\/div>\n<div data-canvas-width=\"125.0304\">\n<div data-canvas-width=\"618.8336\"><span style=\"color: #000000;\"><strong><span style=\"color: #000080;\">Mots-cl\u00e9s :<\/span><\/strong>Biomol\u00e9cules, m\u00e9tabolites secondaires, Activit\u00e9s anti microbienne, antioxydants<\/span><\/div>\n<div data-canvas-width=\"618.8336\"><\/div>\n<\/div>\n<\/div>\n<div style=\"text-align: left;\" data-canvas-width=\"455.4290399999998\"><span style=\"color: #000080;\"><strong><span style=\"text-decoration: underline;\">Description de la th\u00e9matique de recherche de l\u2019\u00e9quipe :<\/span><\/strong><\/span><\/div>\n<div style=\"text-align: left;\" data-canvas-width=\"242.38319999999996\"><span style=\"color: #000000;\">La th\u00e9matique de recherche rel\u00e8ve de la microbiologie et des la biochimie, Notre int\u00e9r\u00eat s&rsquo;oriente vers la recherche de nouvelles mol\u00e9cules extraites \u00e0 partir de plantes m\u00e9dicinales de diff\u00e9rentes r\u00e9gions d&rsquo;Alg\u00e9rie, Dans un premier temps, des enqu\u00eates seront r\u00e9alis\u00e9es afin d&rsquo;identifier des plantes candidates pour notre projet. nous proc\u00e9derons tout d&rsquo;abords \u00e0 plusieurs types d&rsquo;extraction en faisant varier les solvants comme nous effectuerons aussi des extractions par hydrodistillation. Les mol\u00e9cules extraites seront test\u00e9es pour v\u00e9rifier leurs activit\u00e9s antibact\u00e9riennes et anti fongiques, Dans un deuxi\u00e8me volet nous testerons nos \u00e9chantillons contre certains insectes ravageurs pour nous \u00e9tudierons la possibilit\u00e9 de les utiliser comme bio-herbicides, Le dernier volet sera consacr\u00e9 \u00e0 l&rsquo;activit\u00e9 de nos extraits sur des lign\u00e9es cellulaires canc\u00e9reuses afin de voir quelles sont les voies de signalisation qui peuvent \u00eatre r\u00e9gul\u00e9es positivement ou n\u00e9gativement. Pour les extraits les plus int\u00e9ressants, une analyse par HPLC pr\u00e9paratif sera r\u00e9alis\u00e9e et nous tenterons de s\u00e9parer les mol\u00e9cules et de voir laquelle ou lesquelles induisent les activit\u00e9s constat\u00e9es.<\/span><\/div>\n<div style=\"text-align: left;\" data-canvas-width=\"242.38319999999996\">\n<div class=\"textLayer\">\n<p>&nbsp;<\/p>\n<div data-canvas-width=\"511.9609599999999\"><span style=\"color: #000080;\"><strong><span style=\"text-decoration: underline;\">Liste exhaustive des membres permanents de l\u2019\u00e9quipe<\/span><\/strong><\/span><\/div>\n<div data-canvas-width=\"511.9609599999999\">\u00a0\n<table id=\"tablepress-3\" class=\"tablepress tablepress-id-3\">\n<thead>\n<tr class=\"row-1 odd\">\n\t<th class=\"column-1\">Nom &amp; Pr\u00e9nom<\/th><th class=\"column-2\">Dernier dipl\u00f4me<\/th><th class=\"column-3\">Grade<\/th><th class=\"column-4\">Sp\u00e9cialit\u00e9<\/th><th class=\"column-5\">Structure de Rattachement<\/th>\n<\/tr>\n<\/thead>\n<tbody class=\"row-hover\">\n<tr class=\"row-2 even\">\n\t<td class=\"column-1\">HOUALI Karim<br \/>\n<\/td><td class=\"column-2\">Doctorat<\/td><td class=\"column-3\">Pr.<\/td><td class=\"column-4\">Immunologie et Microbiologie<\/td><td class=\"column-5\">U. Tizi Ouzou<\/td>\n<\/tr>\n<tr class=\"row-3 odd\">\n\t<td class=\"column-1\">MOUALEK Idir<\/td><td class=\"column-2\">Magister<\/td><td class=\"column-3\">MAB<\/td><td class=\"column-4\">Immunologie et Microbiologie<\/td><td class=\"column-5\">U. Tizi Ouzou<\/td>\n<\/tr>\n<tr class=\"row-4 even\">\n\t<td class=\"column-1\">TITOUCHE Yacine<\/td><td class=\"column-2\">Magister<\/td><td class=\"column-3\">MAB<\/td><td class=\"column-4\">Agronomie et Biologie<\/td><td class=\"column-5\">U. Tizi Ouzou<\/td>\n<\/tr>\n<tr class=\"row-5 odd\">\n\t<td class=\"column-1\">CHIBAH AMAR<\/td><td class=\"column-2\">Magister<\/td><td class=\"column-3\">MAB<\/td><td class=\"column-4\">Agronomie et Biologie<\/td><td class=\"column-5\">U. Tizi Ouzou<\/td>\n<\/tr>\n<tr class=\"row-6 even\">\n\t<td class=\"column-1\">BARIZ KARIM<\/td><td class=\"column-2\">Magister<\/td><td class=\"column-3\">MAA<\/td><td class=\"column-4\">Agronomie et Biologie<\/td><td class=\"column-5\">U. Tizi Ouzou<\/td>\n<\/tr>\n<tr class=\"row-7 odd\">\n\t<td class=\"column-1\">SEBANE Hilal<\/td><td class=\"column-2\">Magister<\/td><td class=\"column-3\">MAA<\/td><td class=\"column-4\">Agronomie et Biologie<\/td><td class=\"column-5\">U. Tizi Ouzou<\/td>\n<\/tr>\n<\/tbody>\n<\/table>\n<!-- #tablepress-3 from cache --><\/div>\n<\/div>\n<\/div>\n<\/div>\n","protected":false},"excerpt":{"rendered":"<p>Chef d\u2019Equipe: Pr HOUALI Karim Mots-cl\u00e9s :Biomol\u00e9cules, m\u00e9tabolites secondaires, Activit\u00e9s anti microbienne, antioxydants Description de la th\u00e9matique de recherche de l\u2019\u00e9quipe : La th\u00e9matique de recherche rel\u00e8ve de la microbiologie et des la biochimie,&#46;&#46;&#46;<\/p>\n","protected":false},"author":1,"featured_media":0,"parent":0,"menu_order":0,"comment_status":"closed","ping_status":"closed","template":"","meta":[],"_links":{"self":[{"href":"http:\/\/labs.ummto.dz\/labab\/index.php\/wp-json\/wp\/v2\/pages\/50"}],"collection":[{"href":"http:\/\/labs.ummto.dz\/labab\/index.php\/wp-json\/wp\/v2\/pages"}],"about":[{"href":"http:\/\/labs.ummto.dz\/labab\/index.php\/wp-json\/wp\/v2\/types\/page"}],"author":[{"embeddable":true,"href":"http:\/\/labs.ummto.dz\/labab\/index.php\/wp-json\/wp\/v2\/users\/1"}],"replies":[{"embeddable":true,"href":"http:\/\/labs.ummto.dz\/labab\/index.php\/wp-json\/wp\/v2\/comments?post=50"}],"version-history":[{"count":11,"href":"http:\/\/labs.ummto.dz\/labab\/index.php\/wp-json\/wp\/v2\/pages\/50\/revisions"}],"predecessor-version":[{"id":173,"href":"http:\/\/labs.ummto.dz\/labab\/index.php\/wp-json\/wp\/v2\/pages\/50\/revisions\/173"}],"wp:attachment":[{"href":"http:\/\/labs.ummto.dz\/labab\/index.php\/wp-json\/wp\/v2\/media?parent=50"}],"curies":[{"name":"wp","href":"https:\/\/api.w.org\/{rel}","templated":true}]}}