
{"id":60,"date":"2017-05-31T15:12:30","date_gmt":"2017-05-31T13:12:30","guid":{"rendered":"http:\/\/labs.ummto.dz\/labab\/?page_id=60"},"modified":"2017-06-13T12:33:14","modified_gmt":"2017-06-13T10:33:14","slug":"presentation","status":"publish","type":"page","link":"http:\/\/labs.ummto.dz\/labab\/index.php\/presentation\/","title":{"rendered":"Pr\u00e9sentation"},"content":{"rendered":"<ul>\n<li><span style=\"color: #000080;\"><strong><span style=\"text-decoration: underline;\"><img loading=\"lazy\" class=\" wp-image-21 alignright\" src=\"http:\/\/labs.ummto.dz\/labab\/wp-content\/uploads\/2017\/05\/inde.jpeg\" alt=\"\" width=\"166\" height=\"124\" \/>Historique du laboratoire:<\/span><\/strong><\/span><\/li>\n<\/ul>\n<div data-canvas-width=\"91.17999999999999\"><span style=\"color: #000000;\">Le Laboratoire de Biochimie Analytique et Biotechnologie s&rsquo;est cr\u00e9\u00e9 par arr\u00eat\u00e9 du <strong>25\/07\/2000<\/strong><\/span><\/div>\n<div data-canvas-width=\"29.182399999999994\"><span style=\"color: #000000;\"><strong><span style=\"color: #000080;\">N\u00b0 Arr\u00eat\u00e9:<\/span> 88<\/strong><\/span><\/div>\n<div data-canvas-width=\"90.30719999999998\"><span style=\"color: #000000;\"><strong><span style=\"color: #000080;\">Intitul\u00e9 du laboratoire: <\/span><\/strong>Laboratoire de Biochimie Analytique et Bio-technologie<\/span><\/div>\n<div data-canvas-width=\"63.24079999999999\"><span style=\"color: #000000;\"><span style=\"color: #000080;\"><strong>Acronyme du laboratoire :<\/strong><\/span>LABAB<\/span><\/div>\n<div data-canvas-width=\"40\"><span style=\"color: #000000;\"><strong><span style=\"color: #000080;\">Ann\u00e9e d\u2019Agr\u00e9ment:<\/span><\/strong> 2000<\/span><\/div>\n<div data-canvas-width=\"449.58559999999994\"><span style=\"color: #000000;\"><span style=\"color: #000080;\"><strong>Facult\u00e9: <\/strong><\/span>Facult\u00e9 des Sciences Biologiques et Sciences Agronomiques.<\/span><\/div>\n<div data-canvas-width=\"53.396799999999985\"><span style=\"color: #000000;\"><strong><span style=\"color: #000080;\">Etablissement :<\/span><\/strong> Universit\u00e9 Mouloud Mammeri de Tizi-Ouzou.<\/span><\/div>\n<div data-canvas-width=\"22.999999999999996\"><span style=\"color: #000000;\"><strong><span style=\"color: #000080;\">Nombre d&rsquo;\u00e9quipes : <\/span><\/strong>04.<\/span><\/div>\n<div data-canvas-width=\"18.4\"><span style=\"color: #000000;\"><span style=\"color: #000080;\"><strong>Nombre de chercheurs : <\/strong><\/span>50<\/span><\/div>\n<div><span style=\"color: #000000;\"><strong><span style=\"color: #000080;\">Nombre de personnels de soutien :<\/span> <\/strong>02<\/span><\/div>\n<ul>\n<li><span style=\"color: #000080;\"><strong><span style=\"text-decoration: underline;\">Les \u00c9quipes de recherche<\/span><\/strong><\/span><\/li>\n<\/ul>\n<ol>\n<li><span style=\"color: #000000;\">Biochimie nutritionnelle et Fonctionnelle<\/span><\/li>\n<li><span style=\"color: #000000;\">Substances Bioactives et Valorisations Biotechnologiques<\/span><\/li>\n<li><span style=\"color: #000000;\">Microbiologie-Biomol\u00e9cules<\/span><\/li>\n<li><span style=\"color: #000000;\">Nutrition Animale et Produits Animaux<\/span><\/li>\n<\/ol>\n<ul>\n<li><span style=\"color: #000080;\"><strong><span style=\"text-decoration: underline;\">Les chercheurs du laboratoire:<\/span><\/strong><\/span><\/li>\n<\/ul>\n\n<table id=\"tablepress-5\" class=\"tablepress tablepress-id-5\">\n<thead>\n<tr class=\"row-1 odd\">\n\t<th class=\"column-1\">N\u00b0<\/th><th class=\"column-2\">Grade<\/th><th class=\"column-3\">Nombre<\/th>\n<\/tr>\n<\/thead>\n<tbody class=\"row-hover\">\n<tr class=\"row-2 even\">\n\t<td class=\"column-1\">01<\/td><td class=\"column-2\">Professeur<\/td><td class=\"column-3\"><\/td>\n<\/tr>\n<tr class=\"row-3 odd\">\n\t<td class=\"column-1\">02<\/td><td class=\"column-2\">Ma\u00eetre Assistant Classe A<\/td><td class=\"column-3\"><\/td>\n<\/tr>\n<tr class=\"row-4 even\">\n\t<td class=\"column-1\">03<\/td><td class=\"column-2\">Ma\u00eetre Assistant Classe B<\/td><td class=\"column-3\"><\/td>\n<\/tr>\n<tr class=\"row-5 odd\">\n\t<td class=\"column-1\">04<\/td><td class=\"column-2\">Ma\u00eetre de conf\u00e9rences classe A<\/td><td class=\"column-3\"><\/td>\n<\/tr>\n<tr class=\"row-6 even\">\n\t<td class=\"column-1\">05<\/td><td class=\"column-2\">Ma\u00eetre de conf\u00e9rences classe B<\/td><td class=\"column-3\"><\/td>\n<\/tr>\n<\/tbody>\n<\/table>\n<!-- #tablepress-5 from cache -->\n<ul>\n<li><span style=\"color: #000080;\"><strong><span style=\"text-decoration: underline;\">Production Scientifique<\/span><\/strong><\/span><\/li>\n<\/ul>\n\n<table id=\"tablepress-6\" class=\"tablepress tablepress-id-6\">\n<thead>\n<tr class=\"row-1 odd\">\n\t<th class=\"column-1\">Intitul\u00e9<\/th><th class=\"column-2\">Nombre<\/th>\n<\/tr>\n<\/thead>\n<tbody class=\"row-hover\">\n<tr class=\"row-2 even\">\n\t<td class=\"column-1\">Publications Internationales<\/td><td class=\"column-2\"><\/td>\n<\/tr>\n<tr class=\"row-3 odd\">\n\t<td class=\"column-1\">Publications Nationales<\/td><td class=\"column-2\"><\/td>\n<\/tr>\n<tr class=\"row-4 even\">\n\t<td class=\"column-1\">Communication Internationale<\/td><td class=\"column-2\"><\/td>\n<\/tr>\n<tr class=\"row-5 odd\">\n\t<td class=\"column-1\">Communication Nationale<\/td><td class=\"column-2\"><\/td>\n<\/tr>\n<tr class=\"row-6 even\">\n\t<td class=\"column-1\">Brevet<\/td><td class=\"column-2\"><\/td>\n<\/tr>\n<tr class=\"row-7 odd\">\n\t<td class=\"column-1\">Ouvrage<\/td><td class=\"column-2\"><\/td>\n<\/tr>\n<\/tbody>\n<\/table>\n<!-- #tablepress-6 from cache -->\n","protected":false},"excerpt":{"rendered":"<p>Historique du laboratoire: Le Laboratoire de Biochimie Analytique et Biotechnologie s&rsquo;est cr\u00e9\u00e9 par arr\u00eat\u00e9 du 25\/07\/2000 N\u00b0 Arr\u00eat\u00e9: 88 Intitul\u00e9 du laboratoire: Laboratoire de Biochimie Analytique et Bio-technologie Acronyme du laboratoire :LABAB Ann\u00e9e d\u2019Agr\u00e9ment:&#46;&#46;&#46;<\/p>\n","protected":false},"author":1,"featured_media":0,"parent":0,"menu_order":0,"comment_status":"closed","ping_status":"closed","template":"","meta":[],"_links":{"self":[{"href":"http:\/\/labs.ummto.dz\/labab\/index.php\/wp-json\/wp\/v2\/pages\/60"}],"collection":[{"href":"http:\/\/labs.ummto.dz\/labab\/index.php\/wp-json\/wp\/v2\/pages"}],"about":[{"href":"http:\/\/labs.ummto.dz\/labab\/index.php\/wp-json\/wp\/v2\/types\/page"}],"author":[{"embeddable":true,"href":"http:\/\/labs.ummto.dz\/labab\/index.php\/wp-json\/wp\/v2\/users\/1"}],"replies":[{"embeddable":true,"href":"http:\/\/labs.ummto.dz\/labab\/index.php\/wp-json\/wp\/v2\/comments?post=60"}],"version-history":[{"count":7,"href":"http:\/\/labs.ummto.dz\/labab\/index.php\/wp-json\/wp\/v2\/pages\/60\/revisions"}],"predecessor-version":[{"id":220,"href":"http:\/\/labs.ummto.dz\/labab\/index.php\/wp-json\/wp\/v2\/pages\/60\/revisions\/220"}],"wp:attachment":[{"href":"http:\/\/labs.ummto.dz\/labab\/index.php\/wp-json\/wp\/v2\/media?parent=60"}],"curies":[{"name":"wp","href":"https:\/\/api.w.org\/{rel}","templated":true}]}}