
{"id":167,"date":"2018-10-02T12:21:23","date_gmt":"2018-10-02T09:21:23","guid":{"rendered":"http:\/\/labs.ummto.dz\/lad\/?page_id=167"},"modified":"2018-11-29T13:37:01","modified_gmt":"2018-11-29T10:37:01","slug":"%d9%85%d8%b4%d8%a7%d8%b1%d9%8a%d8%b9-pnr","status":"publish","type":"page","link":"http:\/\/labs.ummto.dz\/lad\/?page_id=167","title":{"rendered":"\u0645\u0634\u0627\u0631\u064a\u0639 PNR"},"content":{"rendered":"\n<table id=\"tablepress-9\" class=\"tablepress tablepress-id-9\">\n<thead>\n<tr class=\"row-1 odd\">\n\t<th class=\"column-1\">\u0631\u0626\u064a\u0633 \u0627\u0644\u0645\u0634\u0631\u0648\u0639<br \/>\n<\/th><th class=\"column-2\">\u0639\u0646\u0648\u0627\u0646 \u0627\u0644\u0645\u0634\u0631\u0648\u0639<br \/>\n<\/th><th class=\"column-3\">\u0627\u0644\u0623\u0639\u0636\u0627\u0621<br \/>\n<\/th>\n<\/tr>\n<\/thead>\n<tbody class=\"row-hover\">\n<tr class=\"row-2 even\">\n\t<td class=\"column-1\">\u0628\u0644\u0639\u0644\u0649 \u0622\u0645\u0646\u0629<br \/>\n<\/td><td class=\"column-2\">\u0627\u0644\u0631\u0648\u0627\u064a\u0629 \u0627\u0644\u062c\u0632\u0627\u0626\u0631\u064a\u0629 \u0648\u0627\u0644\u0633\u064a\u0646\u0645\u0627 \u0648\u062a\u0641\u0639\u064a\u0644 \u0627\u0644\u0645\u0634\u0647\u062f \u0627\u0644\u062b\u0642\u0627\u0641\u064a \u0627\u0644\u062c\u0632\u0627\u0626\u0631\u064a <br \/>\n<\/td><td class=\"column-3\">\u062d\u0631\u064a\u0631 \u0643\u0645\u0627\u0644<br \/>\n\u0645\u0631\u0627\u0628\u0637\u064a \u0635\u0644\u064a\u062d\u0629<br \/>\n\u062f\u062d\u0645\u0648\u0646 \u0643\u0627\u0647\u0646\u0629<br \/>\n\u0639\u0632\u064a\u0632 \u0646\u0639\u0645\u0627\u0646<br \/>\n \u0633\u0627\u0645\u064a\u0629 \u0625\u062f\u0631\u064a\u0633 <br \/>\n<\/td>\n<\/tr>\n<tr class=\"row-3 odd\">\n\t<td class=\"column-1\">\u0628\u0648\u062c\u0645\u0639\u0629 \u0634\u062a\u0648\u0627\u0646 <br \/>\n<\/td><td class=\"column-2\">\u0627\u0644\u062f\u0631\u0627\u0633\u0627\u062a \u0627\u0644\u062a\u062f\u0627\u0648\u0644\u064a\u0629 \u0648\u062f\u0648\u0631\u0647\u0627  \u0641\u064a \u0627\u0644\u0648\u0642\u0627\u064a\u0629 \u0645\u0646 \u0627\u0646\u062d\u0631\u0627\u0641  \u0644\u063a\u0629 \u0627\u0644\u062e\u0637\u0627\u0628 \u0627\u0644\u062f\u064a\u0646\u064a <br \/>\n<\/td><td class=\"column-3\">\u0645\u062d\u0645\u062f \u0628\u063a\u062f\u0627\u062f<br \/>\n\u0627\u0644\u0639\u0628\u0627\u0633 \u0639\u0628\u062f\u0648\u0634<br \/>\n\u0628\u0648\u0633\u0646\u0629 \u0641\u062a\u064a\u062d\u0629<br \/>\n\u062d\u0633\u064a\u0646 \u062e\u0627\u0644\u0641\u064a<br \/>\n \u064a\u0645\u064a\u0646\u0629 \u062a\u0627\u0628\u062a\u064a <br \/>\n<\/td>\n<\/tr>\n<tr class=\"row-4 even\">\n\t<td class=\"column-1\">\u062f\u0631\u0648\u0627\u0634 \u0645\u0635\u0637\u0641\u0649<\/td><td class=\"column-2\">\u0642\u0636\u0627\u064a\u0627 \u0627\u0644\u0634\u0639\u0631 \u0627\u0644\u062c\u0632\u0627\u0626\u0631\u064a \u0627\u0644\u0645\u0639\u0627\u0635\u0631 \u0645\u0646 \u062e\u0644\u0627\u0644 \u0627\u0644\u0645\u0634\u0647\u062f \u0627\u0644\u062b\u0642\u0627\u0641\u064a \u0627\u0644\u0648\u0632\u0627\u0631\u064a:<br \/>\n- \u0639\u0643\u0627\u0638\u064a\u0629 \u0627\u0644\u062c\u0632\u0627\u0626\u0631 \u0644\u0644\u0634\u0639\u0631 \u0627\u0644\u0639\u0631\u0628\u064a.<br \/>\n- \u0645\u0647\u0631\u062c\u0627\u0646 \u0627\u0644\u0634\u0639\u0631 \u0627\u0644\u0646\u0633\u0648\u0649.<br \/>\n- \u062f\u064a\u0648\u0627\u0646 \u0627\u0644\u062c\u0627\u062d\u0638\u064a\u0629( \u0642\u0635\u0627\u0626\u062f \u062c\u0627\u0626\u0632\u0629 \u0645\u0641\u062f\u064a \u0632\u0643\u0631\u064a\u0627\u0621)<br \/>\n<\/td><td class=\"column-3\">\u0633\u0639\u062f\u0629 \u062e\u0644\u062e\u0627\u0644 \u0645\u0646\u064a\u0631\u0629<br \/>\n\u064a\u062d\u064a\u0627\u0648\u064a \u0631\u0627\u0648\u064a\u0629<br \/>\n\u062a\u0633\u0639\u062f\u064a\u062a \u06a4\u0648\u0631\u0627\u0631\u064a<br \/>\n\u0641\u0644\u0627\u06a4 \u0645\u062d\u0645\u062f<br \/>\n \u0633\u062d\u0627\u062f \u0648\u0631\u062f\u064a\u0629 <br \/>\n<\/td>\n<\/tr>\n<tr class=\"row-5 odd\">\n\t<td class=\"column-1\">\u0646\u0648\u0631\u0629 \u0628\u0639\u064a\u0648 <br \/>\n<\/td><td class=\"column-2\">\u0627\u0644\u0645\u0645\u0627\u0631\u0633\u0627\u062a \u0627\u0644\u0623\u062f\u0628\u064a\u0629 \u0641\u064a \u0627\u0644\u062c\u0632\u0627\u0626\u0631<br \/>\n<\/td><td class=\"column-3\">\u0628\u0644\u0648\u0646\u0629 \u0623\u062d\u0645\u062f<br \/>\n\u0632\u0648\u064a\u0634 \u0646\u0628\u064a\u0644\u0629<br \/>\n\u0633\u0627\u0645\u064a\u0629 \u062f\u0627\u0648\u062f\u064a<br \/>\n\u062e\u064a\u0627\u0631 \u0646\u0648\u0631 \u0627\u0644\u062f\u064a\u0646<br \/>\n \u0645\u0633\u0627\u0644\u064a \u0644\u064a\u0646\u062f\u0629 <br \/>\n<\/td>\n<\/tr>\n<tr class=\"row-6 even\">\n\t<td class=\"column-1\">AREZKI   Dalila<\/td><td class=\"column-2\">Pour une p\u00e9dagogie active en langues \u00e9trang\u00e8res \u00e0 l\u2019usage des enseignants et des enseign\u00e9s <br \/>\n<\/td><td class=\"column-3\">      AMEZIANE Hamid   <br \/>\n      GUENDOUZI AMAR <br \/>\n      ACHOUR- ALOUANE Cherifa <br \/>\n      BENDINE Abdelkader <br \/>\n      BOUSSADIA Hocine <br \/>\n<\/td>\n<\/tr>\n<tr class=\"row-7 odd\">\n\t<td class=\"column-1\">Riche Bouteldja<\/td><td class=\"column-2\">Competency-Based Assessment\u00a0: A Theoretical and Practical Guide<br \/>\n<\/td><td class=\"column-3\"><\/td>\n<\/tr>\n<\/tbody>\n<\/table>\n<!-- #tablepress-9 from cache -->\n","protected":false},"excerpt":{"rendered":"","protected":false},"author":2,"featured_media":0,"parent":0,"menu_order":0,"comment_status":"closed","ping_status":"closed","template":"","meta":{"footnotes":""},"class_list":["post-167","page","type-page","status-publish","hentry"],"_links":{"self":[{"href":"http:\/\/labs.ummto.dz\/lad\/index.php?rest_route=\/wp\/v2\/pages\/167"}],"collection":[{"href":"http:\/\/labs.ummto.dz\/lad\/index.php?rest_route=\/wp\/v2\/pages"}],"about":[{"href":"http:\/\/labs.ummto.dz\/lad\/index.php?rest_route=\/wp\/v2\/types\/page"}],"author":[{"embeddable":true,"href":"http:\/\/labs.ummto.dz\/lad\/index.php?rest_route=\/wp\/v2\/users\/2"}],"replies":[{"embeddable":true,"href":"http:\/\/labs.ummto.dz\/lad\/index.php?rest_route=%2Fwp%2Fv2%2Fcomments&post=167"}],"version-history":[{"count":2,"href":"http:\/\/labs.ummto.dz\/lad\/index.php?rest_route=\/wp\/v2\/pages\/167\/revisions"}],"predecessor-version":[{"id":363,"href":"http:\/\/labs.ummto.dz\/lad\/index.php?rest_route=\/wp\/v2\/pages\/167\/revisions\/363"}],"wp:attachment":[{"href":"http:\/\/labs.ummto.dz\/lad\/index.php?rest_route=%2Fwp%2Fv2%2Fmedia&parent=167"}],"curies":[{"name":"wp","href":"https:\/\/api.w.org\/{rel}","templated":true}]}}