
{"id":169,"date":"2018-10-02T12:21:59","date_gmt":"2018-10-02T09:21:59","guid":{"rendered":"http:\/\/labs.ummto.dz\/lad\/?page_id=169"},"modified":"2018-11-29T12:01:39","modified_gmt":"2018-11-29T09:01:39","slug":"%d9%85%d8%b4%d8%a7%d8%b1%d9%8a%d8%b9-cnepru","status":"publish","type":"page","link":"http:\/\/labs.ummto.dz\/lad\/?page_id=169","title":{"rendered":"\u0645\u0634\u0627\u0631\u064a\u0639 CNEPRU"},"content":{"rendered":"\n<table id=\"tablepress-8\" class=\"tablepress tablepress-id-8\">\n<thead>\n<tr class=\"row-1 odd\">\n\t<th class=\"column-1\">Observation<br \/>\n<\/th><th class=\"column-2\">Grade<br \/>\n<\/th><th class=\"column-3\">Membres de l\u2019\u00e9quipe<br \/>\n<\/th><th class=\"column-4\">Chef de Projet<br \/>\n<\/th><th class=\"column-5\">Intitul\u00e9 du Projet<br \/>\n<\/th>\n<\/tr>\n<\/thead>\n<tbody class=\"row-hover\">\n<tr class=\"row-2 even\">\n\t<td class=\"column-1\">2012<br \/>\n<\/td><td class=\"column-2\"><\/td><td class=\"column-3\"><\/td><td class=\"column-4\">\u0628\u0644\u0639\u0644\u0649 \u0622\u0645\u0646\u0629          Grade:Pr              <br \/>\n<\/td><td class=\"column-5\">\u0627\u0644\u0645\u062a\u0643\u0644\u0645 \u0641\u064a \u0627\u0644\u0633\u0631\u062f \u0627\u0644\u0639\u0631\u0628\u064a<br \/>\n<\/td>\n<\/tr>\n<tr class=\"row-3 odd\">\n\t<td class=\"column-1\">2012<br \/>\n<\/td><td class=\"column-2\"><\/td><td class=\"column-3\"><\/td><td class=\"column-4\">\u0628\u0648\u062c\u0645\u0639\u0629 \u0634\u062a\u0648\u0627\u0646     Grade:Pr           <br \/>\n<\/td><td class=\"column-5\">\u0627\u0644\u0646\u0638\u0631\u064a\u0629 \u0627\u0644\u0645\u0639\u0631\u0641\u064a\u0629 \u0644\u0644\u0625\u0633\u062a\u0639\u0627\u0631\u0629<br \/>\n<\/td>\n<\/tr>\n<tr class=\"row-4 even\">\n\t<td class=\"column-1\">Projet agr\u00e9\u00e9 \u00e0 partir du 01\/01\/2013<br \/>\n<\/td><td class=\"column-2\">MAA<br \/>\nMAA<br \/>\nMAA<br \/>\n<\/td><td class=\"column-3\">\u0639\u0628\u062f\u0648\u0634 \u0627\u0644\u0639\u0628\u0627\u0633<br \/>\n\u0628\u0648\u0633\u0646\u0629 \u0641\u062a\u064a\u062d\u0629<br \/>\n\u0642\u0648\u0631\u0627\u0631\u064a \u062a\u0633\u0639\u062f\u064a\u062a<br \/>\n<\/td><td class=\"column-4\">\u0628\u0644\u0639\u0644\u0649 \u0622\u0645\u0646\u0629          Grade: Pr  <br \/>\n<br \/>\n<\/td><td class=\"column-5\">\u0627\u0644\u062a\u0623\u0648\u064a\u0644 \u0627\u0644\u0645\u0631\u0643\u0628 \u0642\u0631\u0627\u0621\u0629 \u0641\u064a \u0627\u0644\u062a\u0631\u0627\u062b \u0627\u0644\u0642\u0627\u0631\u0626 \u0648 \u0627\u0644\u0645\u0642\u0631\u0648\u0621<br \/>\n<\/td>\n<\/tr>\n<tr class=\"row-5 odd\">\n\t<td class=\"column-1\">Projet agr\u00e9\u00e9 \u00e0 partir du 01\/01\/2013<br \/>\n<\/td><td class=\"column-2\">MAB<br \/>\nMAB<br \/>\nMAB<br \/>\nMAB<br \/>\n<\/td><td class=\"column-3\">\u062d\u0628\u064a \u062d\u0643\u064a\u0645\u0629<br \/>\n\u0645\u0643\u0644\u064a \u0634\u0627\u0645\u0629<br \/>\n\u0625\u062f\u064a\u0631 \u0625\u0628\u0631\u0627\u0647\u064a\u0645<br \/>\n\u064a\u0648\u0646\u0633\u064a \u0641\u0636\u064a\u0644\u0629<br \/>\n<\/td><td class=\"column-4\">\u062d\u0645\u0648 \u0627\u0644\u062d\u0627\u062c \u0630\u0647\u0628\u064a\u0629   Grade:Pr<br \/>\n<\/td><td class=\"column-5\">\u0627\u0644\u062a\u062d\u0644\u064a\u0644 \u0627\u0644\u062a\u062f\u0627\u0648\u0644\u064a \u0644\u0644\u062e\u0637\u0627\u0628\u0627\u062a \u0627\u0644\u062a\u0631\u0627\u062b\u064a\u0629<br \/>\n<\/td>\n<\/tr>\n<tr class=\"row-6 even\">\n\t<td class=\"column-1\">Projet agr\u00e9\u00e9 \u00e0 partir du 01\/01\/2013<br \/>\n<\/td><td class=\"column-2\">MAB<br \/>\nMAB<br \/>\nMAB<br \/>\nMAB<br \/>\n<\/td><td class=\"column-3\">\u0639\u0645\u064a \u0644\u0646\u062f\u0629<br \/>\n\u0628\u0646 \u0623\u062d\u0645\u062f \u062a\u0633\u0639\u062f\u064a\u062a<br \/>\n\u062d\u0645\u064a\u0637\u0648\u0634 \u0643\u0631\u064a\u0645\u0629<br \/>\n\u0625\u064a\u0628\u0627\u0648\u0646 \u0633\u0639\u064a\u062f<br \/>\n<\/td><td class=\"column-4\">\u0631\u0627\u0648\u064a\u0629 \u064a\u062d\u064a\u0627\u0648\u064a          Grade:Pr       <\/td><td class=\"column-5\">\u0627\u0644\u0645\u0645\u0627\u0631\u0633\u0629 \u0627\u0644\u0625\u0628\u062f\u0627\u0639\u064a\u0629 \u0639\u0646\u062f \u0627\u0644\u0634\u0639\u0631\u0627\u0621 \u0627\u0644\u0646\u0642\u0627\u062f \u0627\u0644\u062c\u0632\u0627\u0626\u0631\u064a\u064a\u0646 \u0627\u0644\u0645\u0639\u0627\u0635\u0631\u064a\u0646<br \/>\n<\/td>\n<\/tr>\n<tr class=\"row-7 odd\">\n\t<td class=\"column-1\">Projet agr\u00e9\u00e9 \u00e0 partir du 01\/01\/2013<br \/>\n<\/td><td class=\"column-2\">MAA<br \/>\nMAA<br \/>\nMCB<br \/>\n<\/td><td class=\"column-3\">\u0644\u0628\u062d\u0631\u064a \u062c\u0648\u0647\u0631<br \/>\n\u0645\u0628\u0627\u0631\u0643\u064a \u062d\u0648\u0631\u064a\u0629<br \/>\n\u0628\u0644\u062e\u0627\u0645\u0633\u0629 \u0643\u0631\u064a\u0645\u0629<br \/>\n<\/td><td class=\"column-4\">\u0628\u0648\u0642\u0631\u0648\u0645\u0629 \u062d\u0643\u064a\u0645\u0629    Grade:MCB   <br \/>\n<br \/>\n<\/td><td class=\"column-5\">\u062e\u0637\u0627\u0628 \u0627\u0644\u0648\u0633\u0627\u0626\u0637 \u0627\u0644\u0625\u0644\u0643\u062a\u0631\u0648\u0646\u064a\u0629 \u0641\u064a \u0627\u0644\u062c\u0632\u0627\u0626\u0631<br \/>\n<\/td>\n<\/tr>\n<tr class=\"row-8 even\">\n\t<td class=\"column-1\">2014<br \/>\n<\/td><td class=\"column-2\"><\/td><td class=\"column-3\"><\/td><td class=\"column-4\">\u0628\u0644\u0639\u0644\u0649 \u0622\u0645\u0646\u0629              Grade:Pr               <br \/>\n<\/td><td class=\"column-5\">\u0627\u0644\u0631\u0648\u0627\u064a\u0629 \u0627\u0644\u062c\u0632\u0627\u0626\u0631\u064a\u0629 \u0628\u064a\u0646 \u0636\u0641\u062a\u064a \u0627\u0644\u0645\u062a\u0648\u0633\u0637<br \/>\n<\/td>\n<\/tr>\n<tr class=\"row-9 odd\">\n\t<td class=\"column-1\">2014<br \/>\n<\/td><td class=\"column-2\"><\/td><td class=\"column-3\"><\/td><td class=\"column-4\">\u062d\u0645\u0648 \u0627\u0644\u062d\u0627\u062c \u0630\u0647\u0628\u064a\u0629     Grade:Pr<br \/>\n<\/td><td class=\"column-5\">\u0627\u0644\u062e\u0637\u0627\u0628 \u0648 \u0625\u0634\u0643\u0627\u0644\u064a\u0629 \u0627\u0644\u0645\u0646\u0647\u062c<br \/>\n<\/td>\n<\/tr>\n<tr class=\"row-10 even\">\n\t<td class=\"column-1\">Projet agr\u00e9\u00e9 \u00e0 partir du 01\/01\/2015<br \/>\n<\/td><td class=\"column-2\">MAB<br \/>\nMAB<br \/>\nDoc<br \/>\nDoc<br \/>\nDoc<\/td><td class=\"column-3\">\u0639\u0628\u062f \u0627\u0644\u0631\u062d\u0645\u0627\u0646 \u0639\u0628\u062f \u0627\u0644\u062f\u0627\u064a\u0645<br \/>\n\u0645\u0627\u0632\u0648\u0646\u064a \u0641\u0631\u064a\u0632\u0629<br \/>\n\u062b\u0642\u0628\u0627\u064a\u062a \u062d\u0627\u0645\u062f\u0629<br \/>\n\u0644\u064a\u062a\u064a\u0645\u064a \u0645\u0631\u0627\u062f<br \/>\n\u062d\u0634\u0627\u064a\u0634\u064a \u0633\u0647\u0627\u0645<\/td><td class=\"column-4\">\u062d\u0645\u0648 \u0627\u0644\u062d\u0627\u062c \u0630\u0647\u0628\u064a\u0629     Grade:Pr      <br \/>\n<\/td><td class=\"column-5\">\u0627\u0644\u062d\u062c\u0627\u062c \u0648 \u0625\u0634\u0643\u0627\u0644\u0627\u062a\u0647 \u0641\u064a \u0627\u0644\u062e\u0637\u0627\u0628\u0627\u062a \u0627\u0644\u062a\u0631\u0627\u062b\u064a\u0629 \u0648 \u0627\u0644\u0645\u0639\u0627\u0635\u0631\u0629<br \/>\n<\/td>\n<\/tr>\n<tr class=\"row-11 odd\">\n\t<td class=\"column-1\">Projet agr\u00e9\u00e9 \u00e0 partir du 01\/01\/2015<br \/>\n<\/td><td class=\"column-2\">Pr<br \/>\nMCA<br \/>\nMAB<br \/>\nDoc<br \/>\n<\/td><td class=\"column-3\">BELKHEIR Omar<br \/>\nABBOUD Ourida<br \/>\nRAFIL Fariza<br \/>\nLAOUADJ Hassina<br \/>\n<\/td><td class=\"column-4\">\u062f\u0627\u0648\u062f\u064a \u0633\u0627\u0645\u064a\u0629       Grade:MCA   <\/td><td class=\"column-5\">\u0642\u0631\u0627\u0621\u0629 \u0641\u064a \u0623\u0634\u0643\u0627\u0644 \u0627\u0644\u0643\u062a\u0627\u0628\u0629 \u0639\u0646 \u0627\u0644\u0630\u0627\u062a \u0641\u064a \u0627\u0644\u062c\u0632\u0627\u0626\u0631<br \/>\n<\/td>\n<\/tr>\n<tr class=\"row-12 even\">\n\t<td class=\"column-1\">Projet agr\u00e9\u00e9 \u00e0 partir du 01\/01\/2015<br \/>\n<\/td><td class=\"column-2\">MAA<br \/>\nMAB<br \/>\nDoc<br \/>\nDoc<br \/>\nDoc<br \/>\n<\/td><td class=\"column-3\">FELLAG Mohammed<br \/>\nLAZRI Ahmed<br \/>\nGHANEM Rachida<br \/>\nSEFIHI Fatma<br \/>\nSOUMANI Khaled<br \/>\n<\/td><td class=\"column-4\">\u062f\u0631\u0648\u0627\u0634 \u0645\u0635\u0637\u0641\u0649       Grade:Pr   <\/td><td class=\"column-5\">\u0627\u0644\u0645\u0646\u0627\u0647\u062c \u0627\u0644\u0646\u0642\u062f\u064a\u0629 \u0627\u0644\u0645\u0639\u0627\u0635\u0631\u0629 \u0648 \u0646\u0638\u0631\u064a\u0629 \u0627\u0644\u0645\u0639\u0631\u0641\u0629<br \/>\n<\/td>\n<\/tr>\n<tr class=\"row-13 odd\">\n\t<td class=\"column-1\">Projet agr\u00e9\u00e9 \u00e0 partir du 01\/01\/2016<br \/>\n<\/td><td class=\"column-2\">MAA<br \/>\nMAA<br \/>\nMAB<br \/>\nDoc<br \/>\nDoc<br \/>\n<\/td><td class=\"column-3\">HAMITOUCHE Karima<br \/>\nOULD AHMED Nouara<br \/>\nAMARA Zineb<br \/>\nMEGHRAOUI Sadjia<br \/>\nBOUCHALKIA Razika<br \/>\n<\/td><td class=\"column-4\">\u0631\u0627\u0648\u064a\u0629 \u064a\u062d\u064a\u0627\u0648\u064a            Grade:Pr       <\/td><td class=\"column-5\">\u0627\u0644\u062b\u0642\u0627\u0641\u064a \u0648 \u0627\u0644\u0634\u0639\u0631\u064a \u0641\u064a \u0627\u0644\u062e\u0637\u0627\u0628 \u0627\u0644\u0634\u0639\u0631\u064a \u0627\u0644\u0646\u0633\u0627\u0626\u064a \u0627\u0644\u062c\u0632\u0627\u0626\u0631\u064a \u0627\u0644\u0645\u0639\u0627\u0635\u0631<br \/>\n<\/td>\n<\/tr>\n<\/tbody>\n<\/table>\n<!-- #tablepress-8 from cache -->\n","protected":false},"excerpt":{"rendered":"","protected":false},"author":2,"featured_media":0,"parent":0,"menu_order":0,"comment_status":"closed","ping_status":"closed","template":"","meta":{"footnotes":""},"class_list":["post-169","page","type-page","status-publish","hentry"],"_links":{"self":[{"href":"http:\/\/labs.ummto.dz\/lad\/index.php?rest_route=\/wp\/v2\/pages\/169"}],"collection":[{"href":"http:\/\/labs.ummto.dz\/lad\/index.php?rest_route=\/wp\/v2\/pages"}],"about":[{"href":"http:\/\/labs.ummto.dz\/lad\/index.php?rest_route=\/wp\/v2\/types\/page"}],"author":[{"embeddable":true,"href":"http:\/\/labs.ummto.dz\/lad\/index.php?rest_route=\/wp\/v2\/users\/2"}],"replies":[{"embeddable":true,"href":"http:\/\/labs.ummto.dz\/lad\/index.php?rest_route=%2Fwp%2Fv2%2Fcomments&post=169"}],"version-history":[{"count":2,"href":"http:\/\/labs.ummto.dz\/lad\/index.php?rest_route=\/wp\/v2\/pages\/169\/revisions"}],"predecessor-version":[{"id":359,"href":"http:\/\/labs.ummto.dz\/lad\/index.php?rest_route=\/wp\/v2\/pages\/169\/revisions\/359"}],"wp:attachment":[{"href":"http:\/\/labs.ummto.dz\/lad\/index.php?rest_route=%2Fwp%2Fv2%2Fmedia&parent=169"}],"curies":[{"name":"wp","href":"https:\/\/api.w.org\/{rel}","templated":true}]}}