
{"id":141,"date":"2017-03-22T10:59:47","date_gmt":"2017-03-22T09:59:47","guid":{"rendered":"http:\/\/localhost\/set\/?page_id=141"},"modified":"2021-06-21T12:19:41","modified_gmt":"2021-06-21T10:19:41","slug":"equipe-04-secteur-public-et-secteur-prive-representations-identification-et-choix-du-secteur-dactivite-chez-les-travailleurs","status":"publish","type":"page","link":"http:\/\/labs.ummto.dz\/laremo\/equipe-04-secteur-public-et-secteur-prive-representations-identification-et-choix-du-secteur-dactivite-chez-les-travailleurs\/","title":{"rendered":"\u00c9quipe 04: Strat\u00e9gie nationale de promotion\/valorisation\/diversification des exportations hors-hydrocarbures : un d\u00e9fi pour les entreprises alg\u00e9riennes confront\u00e9es aux imp\u00e9ratifs de la comp\u00e9titivit\u00e9 internationale"},"content":{"rendered":"<p><span style=\"color: #000080;\"><strong>Chef d\u2019\u00e9quipe: <span style=\"color: #000000;\">Pr OUALIKENE Selim<img loading=\"lazy\" class=\"size-full wp-image-1029 alignright\" src=\"http:\/\/labs.ummto.dz\/laremo\/wp-content\/uploads\/2021\/06\/images-2.jpg\" alt=\"\" width=\"287\" height=\"176\" \/><\/span><\/strong><\/span><\/p>\n<p><span style=\"color: #000080;\"><strong>Code du projet<\/strong>: <span style=\"color: #000000;\">F01L02UN150120210001<\/span><\/span><\/p>\n<p><span style=\"color: #000080;\"><strong>Domaine<\/strong>: <span style=\"color: #000000;\">Sciences Economiques, Commerciales et Sciences de Gestion<\/span><\/span><\/p>\n<p><span style=\"color: #000080;\"><strong>Mot cl\u00e9<\/strong>: <span style=\"color: #000000;\">Exportations hors-hydrocarbures\u00a0, Diversification de l\u2019offre de produits locaux exportables, Comp\u00e9titivit\u00e9 internationale, Int\u00e9gration aux chaines de valeur mondiales, Industrie locale de sous-traitance, Logistique de l\u2019exportation, Strat\u00e9gie de marketing international, Alg\u00e9rie.\u00a0<\/span><\/span><\/p>\n<p><strong><span style=\"text-decoration: underline;\"><span style=\"color: #000080; text-decoration: underline;\">Description de la th\u00e9matique de recherche de l\u2019\u00e9quipe<\/span>:<\/span><\/strong><\/p>\n<p><span style=\"color: #000080;\"><strong><span style=\"text-decoration: underline;\">Liste exhaustive des membres permanents de l\u2019\u00e9quipe:<\/span><\/strong><\/span><\/p>\n<table width=\"957\">\n<tbody>\n<tr>\n<td width=\"63\"><strong>M.\/<\/strong><\/p>\n<p><strong>Mme<\/strong><\/td>\n<td width=\"121\"><strong>Nom et Pr\u00e9nom <\/strong><\/td>\n<td width=\"89\"><strong>Nom et pr\u00e9nom (arabe) <\/strong><\/td>\n<td width=\"109\"><strong>Date de Naissance<\/strong><\/td>\n<td width=\"95\"><strong>Dernier dipl\u00f4me <\/strong><\/td>\n<td width=\"103\"><strong>Grade<\/strong><\/td>\n<td width=\"83\"><strong>Domaine <\/strong><\/td>\n<td width=\"83\"><strong>Structure de rattachement<\/strong><\/td>\n<td width=\"213\"><strong>Email actif <\/strong><\/td>\n<\/tr>\n<tr>\n<td width=\"63\">Mr<\/td>\n<td width=\"121\">Oualikene Selim<\/td>\n<td width=\"89\"><\/td>\n<td width=\"109\"><\/td>\n<td width=\"95\">Doc. d\u2019Etat<\/td>\n<td width=\"103\">Professeur<\/td>\n<td width=\"83\">SECSG<\/td>\n<td width=\"83\">U. Tizi Ouzou<\/td>\n<td width=\"213\">oualikene-selim@outlook.fr<\/td>\n<\/tr>\n<tr>\n<td width=\"63\">Mme<\/td>\n<td width=\"121\">Arrouche Nacera<\/td>\n<td width=\"89\"><\/td>\n<td width=\"109\"><\/td>\n<td width=\"95\">Doctorat<\/td>\n<td width=\"103\">MCB<\/td>\n<td width=\"83\">\u00a0SECSG<\/td>\n<td width=\"83\">U. Tizi Ouzou<\/td>\n<td width=\"213\">Nacera86@live.com<\/td>\n<\/tr>\n<tr>\n<td width=\"63\">Mme<\/td>\n<td width=\"121\">Tifrani Souad \u00e9pse Madouche<\/td>\n<td width=\"89\"><\/td>\n<td width=\"109\"><\/td>\n<td width=\"95\">Magister<\/td>\n<td width=\"103\">MAA<\/td>\n<td width=\"83\">SECSG<\/td>\n<td width=\"83\">U. Tizi Ouzou<\/td>\n<td width=\"213\">tifrasouad@yahoo.fr<\/td>\n<\/tr>\n<tr>\n<td width=\"63\">Mr<\/td>\n<td width=\"121\">Lasbeur Mouloud<\/td>\n<td width=\"89\"><\/td>\n<td width=\"109\"><\/td>\n<td width=\"95\">Magister<\/td>\n<td width=\"103\">MAA<\/td>\n<td width=\"83\">SECSG<\/td>\n<td width=\"83\">U. Tizi Ouzou<\/td>\n<td width=\"213\">lasbeurmouloud@yahoo.com<\/td>\n<\/tr>\n<\/tbody>\n<\/table>\n<p><span style=\"color: #000080;\"><strong><span style=\"text-decoration: underline;\">Liste exhaustive des doctorants membres de l\u2019\u00e9quipe:<\/span><\/strong><\/span><\/p>\n<table>\n<tbody>\n<tr>\n<td width=\"192\">Nom et Pr\u00e9nom<\/td>\n<td width=\"192\">Nom et Pr\u00e9nom (arabe)<\/td>\n<td width=\"192\">Inscrit depuis (mois\/ ann\u00e9e)<\/td>\n<td width=\"192\">Nom et Pr\u00e9nom du ou des encadreurs<\/td>\n<\/tr>\n<tr>\n<td width=\"192\"><\/td>\n<td width=\"192\"><\/td>\n<td width=\"192\"><\/td>\n<td width=\"192\"><\/td>\n<\/tr>\n<tr>\n<td width=\"192\"><\/td>\n<td width=\"192\"><\/td>\n<td width=\"192\"><\/td>\n<td width=\"192\"><\/td>\n<\/tr>\n<tr>\n<td width=\"192\"><\/td>\n<td width=\"192\"><\/td>\n<td width=\"192\"><\/td>\n<td width=\"192\"><\/td>\n<\/tr>\n<\/tbody>\n<\/table>\n","protected":false},"excerpt":{"rendered":"<p>Chef d\u2019\u00e9quipe: Pr OUALIKENE Selim Code du projet: F01L02UN150120210001 Domaine: Sciences Economiques, Commerciales et Sciences de Gestion Mot cl\u00e9: Exportations hors-hydrocarbures\u00a0, Diversification de l\u2019offre de produits locaux exportables, Comp\u00e9titivit\u00e9 internationale, Int\u00e9gration aux chaines de&#46;&#46;&#46;<\/p>\n","protected":false},"author":1,"featured_media":0,"parent":0,"menu_order":0,"comment_status":"closed","ping_status":"closed","template":"","meta":[],"_links":{"self":[{"href":"http:\/\/labs.ummto.dz\/laremo\/wp-json\/wp\/v2\/pages\/141"}],"collection":[{"href":"http:\/\/labs.ummto.dz\/laremo\/wp-json\/wp\/v2\/pages"}],"about":[{"href":"http:\/\/labs.ummto.dz\/laremo\/wp-json\/wp\/v2\/types\/page"}],"author":[{"embeddable":true,"href":"http:\/\/labs.ummto.dz\/laremo\/wp-json\/wp\/v2\/users\/1"}],"replies":[{"embeddable":true,"href":"http:\/\/labs.ummto.dz\/laremo\/wp-json\/wp\/v2\/comments?post=141"}],"version-history":[{"count":20,"href":"http:\/\/labs.ummto.dz\/laremo\/wp-json\/wp\/v2\/pages\/141\/revisions"}],"predecessor-version":[{"id":1030,"href":"http:\/\/labs.ummto.dz\/laremo\/wp-json\/wp\/v2\/pages\/141\/revisions\/1030"}],"wp:attachment":[{"href":"http:\/\/labs.ummto.dz\/laremo\/wp-json\/wp\/v2\/media?parent=141"}],"curies":[{"name":"wp","href":"https:\/\/api.w.org\/{rel}","templated":true}]}}