
{"id":145,"date":"2017-03-22T11:00:35","date_gmt":"2017-03-22T10:00:35","guid":{"rendered":"http:\/\/localhost\/set\/?page_id=145"},"modified":"2021-06-21T11:43:33","modified_gmt":"2021-06-21T09:43:33","slug":"equipe-02-etude-des-conditions-de-travail-et-leurs-effets-sur-la-sante","status":"publish","type":"page","link":"http:\/\/labs.ummto.dz\/laremo\/equipe-02-etude-des-conditions-de-travail-et-leurs-effets-sur-la-sante\/","title":{"rendered":"\u00c9quipe 02: Les entreprises de la branche agro-industrie: imp\u00e9ratifs du march\u00e9 national et d\u00e9fis \u00e0 l\u2019exportation"},"content":{"rendered":"<p><span style=\"color: #000080;\"><strong>Chef d\u2019\u00e9quipe: <span style=\"color: #000000;\">P GUENDOUZI Brahim<img loading=\"lazy\" class=\"size-full wp-image-1019 alignright\" src=\"http:\/\/labs.ummto.dz\/laremo\/wp-content\/uploads\/2021\/06\/images.jpg\" alt=\"\" width=\"260\" height=\"194\" \/><\/span><\/strong><\/span><\/p>\n<div class=\"entry-content\">\n<p><span style=\"color: #000080;\"><strong>Code du projet: <\/strong><span style=\"color: #000000;\">F01L02UN150120190001<\/span><\/span><\/p>\n<p><span style=\"color: #000080;\"><strong>Domaine: <\/strong><span style=\"color: #000000;\">Sciences Economiques, Commerciales et Sciences de Gestion<\/span><\/span><\/p>\n<p><span style=\"color: #000080;\"><strong>Mot cl\u00e9<\/strong><\/span>:<\/p>\n<p><span style=\"text-decoration: underline;\"><span style=\"color: #000080; text-decoration: underline;\"><strong><span style=\"color: #000080; text-decoration: underline;\">Description de la th\u00e9matique de recherche de l\u2019\u00e9quipe:<\/span>\u00a0<\/strong><\/span><\/span><\/p>\n<p><strong><span style=\"text-decoration: underline; color: #000080;\">Liste exhaustive des membres permanents de l\u2019\u00e9quipe:<\/span><\/strong><\/p>\n<table width=\"957\">\n<tbody>\n<tr>\n<td width=\"63\"><strong>M.\/<\/strong><\/p>\n<p><strong>Mme<\/strong><\/td>\n<td width=\"121\"><strong>Nom et Pr\u00e9nom <\/strong><\/td>\n<td width=\"89\"><strong>Nom et pr\u00e9nom (arabe) <\/strong><\/td>\n<td width=\"109\"><strong>Date de Naissance<\/strong><\/td>\n<td width=\"95\"><strong>Dernier dipl\u00f4me <\/strong><\/td>\n<td width=\"103\"><strong>Grade<\/strong><\/td>\n<td width=\"83\"><strong>Domaine <\/strong><\/td>\n<td width=\"83\"><strong>Structure de rattachement<\/strong><\/td>\n<td width=\"213\"><strong>Email actif <\/strong><\/td>\n<\/tr>\n<tr>\n<td width=\"63\">Mr<\/td>\n<td width=\"121\">Guendouzi Brahim<\/td>\n<td width=\"89\"><\/td>\n<td width=\"109\"><\/td>\n<td width=\"95\">Doc. d\u2019Etat<\/td>\n<td width=\"103\">Professeur<\/td>\n<td width=\"83\">SECSG<\/td>\n<td width=\"83\">U. Tizi Ouzou<\/td>\n<td width=\"213\">brahguen@yahoo.fr<\/td>\n<\/tr>\n<tr>\n<td width=\"63\">Mr<\/td>\n<td width=\"121\">Moussaoui Abdelhakim<\/td>\n<td width=\"89\"><\/td>\n<td width=\"109\"><\/td>\n<td width=\"95\">Doctorat<\/td>\n<td width=\"103\">MCA<\/td>\n<td width=\"83\">\u00a0SECSG<\/td>\n<td width=\"83\">U. Tizi Ouzou<\/td>\n<td width=\"213\">hakimoussaoui@yahoo.f<\/td>\n<\/tr>\n<tr>\n<td width=\"63\">Mr<\/td>\n<td width=\"121\">Sahali Noredine<\/td>\n<td width=\"89\"><\/td>\n<td width=\"109\"><\/td>\n<td width=\"95\">Doctorat<\/td>\n<td width=\"103\">MCB<\/td>\n<td width=\"83\">SECSG<\/td>\n<td width=\"83\">U. Tizi Ouzou<\/td>\n<td width=\"213\">nouredinesahali@yahoo.fr<\/td>\n<\/tr>\n<tr>\n<td width=\"63\">Mr<\/td>\n<td width=\"121\">Babou Omar<\/td>\n<td width=\"89\"><\/td>\n<td width=\"109\"><\/td>\n<td width=\"95\">Magister<\/td>\n<td width=\"103\">MAA<\/td>\n<td width=\"83\">SECSG<\/td>\n<td width=\"83\">U. Tizi Ouzou<\/td>\n<td width=\"213\">o_babou@yahoo.fr<\/td>\n<\/tr>\n<tr>\n<td width=\"63\">Mr<\/td>\n<td width=\"121\">Sahnoune Mohand<\/td>\n<td width=\"89\"><\/td>\n<td width=\"109\"><\/td>\n<td width=\"95\">Magister<\/td>\n<td width=\"103\">MAA<\/td>\n<td width=\"83\">SECSG<\/td>\n<td width=\"83\">U. Tizi Ouzou<\/td>\n<td width=\"213\">sahnoun.mohand@yahoo.fr<\/td>\n<\/tr>\n<tr>\n<td width=\"63\">Mr<\/td>\n<td width=\"121\">Aniche Arezki<\/td>\n<td width=\"89\"><\/td>\n<td width=\"109\"><\/td>\n<td width=\"95\">Magister<\/td>\n<td width=\"103\">MAA<\/td>\n<td width=\"83\">SECSG<\/td>\n<td width=\"83\">U. Tizi Ouzou<\/td>\n<td width=\"213\">aniche_a@yahoo.fr<\/td>\n<\/tr>\n<\/tbody>\n<\/table>\n<p><strong><span style=\"text-decoration: underline; color: #000080;\">Liste exhaustive des doctorants membres de l\u2019\u00e9quipe:<\/span><\/strong><\/p>\n<table>\n<tbody>\n<tr>\n<td width=\"192\">Nom et Pr\u00e9nom<\/td>\n<td width=\"192\">Nom et Pr\u00e9nom (arabe)<\/td>\n<td width=\"192\">Inscrit depuis (mois\/ ann\u00e9e)<\/td>\n<td width=\"192\">Nom et Pr\u00e9nom du ou des encadreurs<\/td>\n<\/tr>\n<tr>\n<td width=\"192\"><\/td>\n<td width=\"192\"><\/td>\n<td width=\"192\"><\/td>\n<td width=\"192\"><\/td>\n<\/tr>\n<tr>\n<td width=\"192\"><\/td>\n<td width=\"192\"><\/td>\n<td width=\"192\"><\/td>\n<td width=\"192\"><\/td>\n<\/tr>\n<tr>\n<td width=\"192\"><\/td>\n<td width=\"192\"><\/td>\n<td width=\"192\"><\/td>\n<td width=\"192\"><\/td>\n<\/tr>\n<\/tbody>\n<\/table>\n<\/div>\n","protected":false},"excerpt":{"rendered":"<p>Chef d\u2019\u00e9quipe: P GUENDOUZI Brahim Code du projet: F01L02UN150120190001 Domaine: Sciences Economiques, Commerciales et Sciences de Gestion Mot cl\u00e9: Description de la th\u00e9matique de recherche de l\u2019\u00e9quipe:\u00a0 Liste exhaustive des membres permanents de l\u2019\u00e9quipe:&#46;&#46;&#46;<\/p>\n","protected":false},"author":1,"featured_media":0,"parent":0,"menu_order":0,"comment_status":"closed","ping_status":"closed","template":"","meta":[],"_links":{"self":[{"href":"http:\/\/labs.ummto.dz\/laremo\/wp-json\/wp\/v2\/pages\/145"}],"collection":[{"href":"http:\/\/labs.ummto.dz\/laremo\/wp-json\/wp\/v2\/pages"}],"about":[{"href":"http:\/\/labs.ummto.dz\/laremo\/wp-json\/wp\/v2\/types\/page"}],"author":[{"embeddable":true,"href":"http:\/\/labs.ummto.dz\/laremo\/wp-json\/wp\/v2\/users\/1"}],"replies":[{"embeddable":true,"href":"http:\/\/labs.ummto.dz\/laremo\/wp-json\/wp\/v2\/comments?post=145"}],"version-history":[{"count":27,"href":"http:\/\/labs.ummto.dz\/laremo\/wp-json\/wp\/v2\/pages\/145\/revisions"}],"predecessor-version":[{"id":1021,"href":"http:\/\/labs.ummto.dz\/laremo\/wp-json\/wp\/v2\/pages\/145\/revisions\/1021"}],"wp:attachment":[{"href":"http:\/\/labs.ummto.dz\/laremo\/wp-json\/wp\/v2\/media?parent=145"}],"curies":[{"name":"wp","href":"https:\/\/api.w.org\/{rel}","templated":true}]}}