
{"id":147,"date":"2017-03-22T11:00:53","date_gmt":"2017-03-22T10:00:53","guid":{"rendered":"http:\/\/localhost\/set\/?page_id=147"},"modified":"2021-06-21T11:48:54","modified_gmt":"2021-06-21T09:48:54","slug":"equipe-01-les-rythmes-scolaires-dans-le-systeme-educatif-algerien","status":"publish","type":"page","link":"http:\/\/labs.ummto.dz\/laremo\/equipe-01-les-rythmes-scolaires-dans-le-systeme-educatif-algerien\/","title":{"rendered":"\u00c9quipe 01: L\u2019entreprise alg\u00e9rienne et comp\u00e9titivit\u00e9"},"content":{"rendered":"<p><strong><img loading=\"lazy\" class=\"size-full wp-image-1023 alignright\" src=\"http:\/\/labs.ummto.dz\/laremo\/wp-content\/uploads\/2021\/06\/images-1.jpg\" alt=\"\" width=\"225\" height=\"225\" srcset=\"http:\/\/labs.ummto.dz\/laremo\/wp-content\/uploads\/2021\/06\/images-1.jpg 225w, http:\/\/labs.ummto.dz\/laremo\/wp-content\/uploads\/2021\/06\/images-1-150x150.jpg 150w, http:\/\/labs.ummto.dz\/laremo\/wp-content\/uploads\/2021\/06\/images-1-80x80.jpg 80w\" sizes=\"(max-width: 225px) 100vw, 225px\" \/><span style=\"color: #000080;\">Chef d&rsquo;\u00e9quipe: <span style=\"color: #000000;\">Pr BIA Chabane\u00a0<\/span><\/span><\/strong><\/p>\n<p><span style=\"color: #000080;\"><strong>Code du <span style=\"color: #000080;\">projet<\/span><span style=\"color: #000080;\">:<\/span><\/strong><span style=\"color: #000000;\"> F01L01UN150120190001<\/span><\/span><\/p>\n<p><span style=\"color: #000080;\"><strong>Domaine<\/strong>: <\/span><span style=\"color: #000000;\">Sciences \u00e9conomiques, Commerciales et Sciences de Gestion<\/span><\/p>\n<p><strong><span style=\"color: #000080;\">Mot cl\u00e9<\/span><\/strong>: <span style=\"color: #000000;\">Gouvernance, Organisation, Comp\u00e9titivit\u00e9, Intelligence comp\u00e9titive<\/span><\/p>\n<p style=\"text-align: justify;\"><span style=\"text-decoration: underline;\"><strong><span style=\"color: #000080; text-decoration: underline;\">Description de la th\u00e9matique de recherche de l&rsquo;\u00e9quipe:\u00a0<\/span><\/strong><\/span><\/p>\n<p style=\"text-align: justify;\"><strong><span style=\"color: #000080;\">Description scientifique du programme de recherche de l\u2019\u00e9quipe<\/span><\/strong><\/p>\n<p style=\"text-align: justify;\"><strong><span style=\"color: #000080;\">Liste exhaustive des membres de l&rsquo;\u00e9quipe<\/span><\/strong><\/p>\n<table width=\"957\">\n<tbody>\n<tr>\n<td width=\"63\"><strong>M.\/<\/strong><\/p>\n<p><strong>Mme<\/strong><\/td>\n<td width=\"121\"><strong>Nom et Pr\u00e9nom <\/strong><\/td>\n<td width=\"89\"><strong>Nom et pr\u00e9nom (arabe) <\/strong><\/td>\n<td width=\"109\"><strong>Date de Naissance<\/strong><\/td>\n<td width=\"95\"><strong>Dernier dipl\u00f4me <\/strong><\/td>\n<td width=\"103\"><strong>Grade<\/strong><\/td>\n<td width=\"83\"><strong>Domaine <\/strong><\/td>\n<td width=\"71\"><strong>Structure de rattachement<\/strong><\/td>\n<td width=\"224\"><strong>Email actif <\/strong><\/td>\n<\/tr>\n<tr>\n<td width=\"63\">Mr<\/td>\n<td width=\"121\">Bia Chabane<\/td>\n<td width=\"89\"><\/td>\n<td width=\"109\"><\/td>\n<td width=\"95\">Doc. d\u2019Etat<\/td>\n<td width=\"103\">Professeur<\/td>\n<td width=\"83\">SECSG<\/td>\n<td width=\"71\">U. Tizi Ouzou<\/td>\n<td width=\"224\">biachabane@yahoo.fr<\/td>\n<\/tr>\n<tr>\n<td width=\"63\">Mr<\/td>\n<td width=\"121\">Gheddache Lyes<\/td>\n<td width=\"89\"><\/td>\n<td width=\"109\"><\/td>\n<td width=\"95\">Doctorat<\/td>\n<td width=\"103\">MCA<\/td>\n<td width=\"83\">\u00a0SECSG<\/td>\n<td width=\"71\">U. Tizi Ouzou<\/td>\n<td width=\"224\">gheddachelyes@gmail.com<\/td>\n<\/tr>\n<tr>\n<td width=\"63\">Mr<\/td>\n<td width=\"121\">Sadoud Ahmed<\/td>\n<td width=\"89\"><\/td>\n<td width=\"109\"><\/td>\n<td width=\"95\">Magister<\/td>\n<td width=\"103\">MAA<\/td>\n<td width=\"83\">SECSG<\/td>\n<td width=\"71\">U. Tizi Ouzou<\/td>\n<td width=\"224\">ahmedsadoud5@gmail.com<\/td>\n<\/tr>\n<tr>\n<td width=\"63\">Mr<\/td>\n<td width=\"121\">Akkoul Jugurta<\/td>\n<td width=\"89\"><\/td>\n<td width=\"109\"><\/td>\n<td width=\"95\">Doctorat<\/td>\n<td width=\"103\">MAB<\/td>\n<td width=\"83\">SECSG<\/td>\n<td width=\"71\">U. Tizi Ouzou<\/td>\n<td width=\"224\">akkoul.jugurta@hhotmail.com<\/td>\n<\/tr>\n<tr>\n<td width=\"63\">Mr<\/td>\n<td width=\"121\">Lhadj Mohand Moussa<\/td>\n<td width=\"89\"><\/td>\n<td width=\"109\"><\/td>\n<td width=\"95\">Magister<\/td>\n<td width=\"103\">MAA<\/td>\n<td width=\"83\">SECSG<\/td>\n<td width=\"71\">U. Tizi Ouzou<\/td>\n<td width=\"224\">hadj.m.moussa@hotmail.fr<\/td>\n<\/tr>\n<tr>\n<td width=\"63\">Mr<\/td>\n<td width=\"121\">Madouche yacine<\/td>\n<td width=\"89\"><\/td>\n<td width=\"109\"><\/td>\n<td width=\"95\">Doctorat<\/td>\n<td width=\"103\">MCB<\/td>\n<td width=\"83\">SECSG<\/td>\n<td width=\"71\">U. Tizi Ouzou<\/td>\n<td width=\"224\">madoucheyacine@gmail.com<\/td>\n<\/tr>\n<\/tbody>\n<\/table>\n<p><strong><span style=\"color: #000080;\">Liste exhaustive ses doctorants membres de l&rsquo;\u00e9quipe<\/span><\/strong><\/p>\n<table>\n<tbody>\n<tr>\n<td width=\"192\">Nom et Pr\u00e9nom<\/td>\n<td width=\"192\">Nom et Pr\u00e9nom (arabe)<\/td>\n<td width=\"192\">Inscrit depuis (mois\/ ann\u00e9e)<\/td>\n<td width=\"192\">Nom et Pr\u00e9nom du ou des encadreurs<\/td>\n<\/tr>\n<tr>\n<td width=\"192\"><\/td>\n<td width=\"192\"><\/td>\n<td width=\"192\"><\/td>\n<td width=\"192\"><\/td>\n<\/tr>\n<tr>\n<td width=\"192\"><\/td>\n<td width=\"192\"><\/td>\n<td width=\"192\"><\/td>\n<td width=\"192\"><\/td>\n<\/tr>\n<tr>\n<td width=\"192\"><\/td>\n<td width=\"192\"><\/td>\n<td width=\"192\"><\/td>\n<td width=\"192\"><\/td>\n<\/tr>\n<\/tbody>\n<\/table>\n","protected":false},"excerpt":{"rendered":"<p>Chef d&rsquo;\u00e9quipe: Pr BIA Chabane\u00a0 Code du projet: F01L01UN150120190001 Domaine: Sciences \u00e9conomiques, Commerciales et Sciences de Gestion Mot cl\u00e9: Gouvernance, Organisation, Comp\u00e9titivit\u00e9, Intelligence comp\u00e9titive Description de la th\u00e9matique de recherche de l&rsquo;\u00e9quipe:\u00a0 Description scientifique&#46;&#46;&#46;<\/p>\n","protected":false},"author":1,"featured_media":0,"parent":0,"menu_order":0,"comment_status":"closed","ping_status":"closed","template":"","meta":[],"_links":{"self":[{"href":"http:\/\/labs.ummto.dz\/laremo\/wp-json\/wp\/v2\/pages\/147"}],"collection":[{"href":"http:\/\/labs.ummto.dz\/laremo\/wp-json\/wp\/v2\/pages"}],"about":[{"href":"http:\/\/labs.ummto.dz\/laremo\/wp-json\/wp\/v2\/types\/page"}],"author":[{"embeddable":true,"href":"http:\/\/labs.ummto.dz\/laremo\/wp-json\/wp\/v2\/users\/1"}],"replies":[{"embeddable":true,"href":"http:\/\/labs.ummto.dz\/laremo\/wp-json\/wp\/v2\/comments?post=147"}],"version-history":[{"count":52,"href":"http:\/\/labs.ummto.dz\/laremo\/wp-json\/wp\/v2\/pages\/147\/revisions"}],"predecessor-version":[{"id":1024,"href":"http:\/\/labs.ummto.dz\/laremo\/wp-json\/wp\/v2\/pages\/147\/revisions\/1024"}],"wp:attachment":[{"href":"http:\/\/labs.ummto.dz\/laremo\/wp-json\/wp\/v2\/media?parent=147"}],"curies":[{"name":"wp","href":"https:\/\/api.w.org\/{rel}","templated":true}]}}