
{"id":153,"date":"2017-03-22T11:02:25","date_gmt":"2017-03-22T10:02:25","guid":{"rendered":"http:\/\/localhost\/set\/?page_id=153"},"modified":"2021-06-02T16:44:43","modified_gmt":"2021-06-02T14:44:43","slug":"nos-chercheurs","status":"publish","type":"page","link":"http:\/\/labs.ummto.dz\/laremo\/nos-chercheurs\/","title":{"rendered":"Nos Chercheurs"},"content":{"rendered":"<p><strong><a href=\"http:\/\/labs.ummto.dz\/set\/?page_id=145\"><img loading=\"lazy\" class=\"wp-image-332 alignleft\" src=\"http:\/\/labs.ummto.dz\/set\/wp-content\/uploads\/2017\/03\/17619790_396047834085459_1014631181_n.jpg\" alt=\"\" width=\"118\" height=\"118\" srcset=\"http:\/\/labs.ummto.dz\/laremo\/wp-content\/uploads\/2017\/03\/17619790_396047834085459_1014631181_n.jpg 204w, http:\/\/labs.ummto.dz\/laremo\/wp-content\/uploads\/2017\/03\/17619790_396047834085459_1014631181_n-150x150.jpg 150w, http:\/\/labs.ummto.dz\/laremo\/wp-content\/uploads\/2017\/03\/17619790_396047834085459_1014631181_n-160x160.jpg 160w, http:\/\/labs.ummto.dz\/laremo\/wp-content\/uploads\/2017\/03\/17619790_396047834085459_1014631181_n-320x320.jpg 320w, http:\/\/labs.ummto.dz\/laremo\/wp-content\/uploads\/2017\/03\/17619790_396047834085459_1014631181_n-45x45.jpg 45w\" sizes=\"(max-width: 118px) 100vw, 118px\" \/><\/a><a href=\"http:\/\/labs.ummto.dz\/laremo\/?page_id=147\"><span style=\"color: #000080;\"><span style=\"text-decoration: underline; color: #000080;\">\u00c9quipe 01: L&rsquo;entreprise alg\u00e9rienne et comp\u00e9titivit\u00e9<\/span><\/span><\/a><\/strong><\/p>\n<p style=\"text-align: left;\"><strong><span style=\"color: #000000;\">Chef d\u2019\u00e9quipe: Pr BIA Chabane\u00a0<\/span><\/strong><\/p>\n<p style=\"text-align: left;\"><strong><span style=\"color: #000000;\">Mail: biachabane@yahoo.fr<\/span><\/strong><\/p>\n<p>&#8212;&#8212;&#8212;&#8212;&#8212;&#8212;&#8212;&#8212;&#8212;&#8212;&#8212;&#8212;&#8212;&#8212;&#8212;&#8212;&#8212;&#8212;&#8212;&#8212;&#8212;&#8212;&#8212;&#8212;&#8212;&#8212;&#8212;&#8212;&#8212;&#8212;&#8212;&#8212;&#8212;&#8212;&#8212;&#8212;&#8212;&#8212;&#8212;&#8212;&#8212;&#8212;&#8212;&#8212;&#8212;&#8212;&#8212;&#8212;&#8212;&#8212;&#8212;&#8212;&#8212;&#8212;&#8212;&#8212;&#8212;&#8212;&#8212;-<\/p>\n<p><a href=\"http:\/\/labs.ummto.dz\/laremo\/?page_id=145\"><span style=\"color: #000080;\"><strong><img loading=\"lazy\" class=\"wp-image-332 alignleft\" src=\"http:\/\/labs.ummto.dz\/set\/wp-content\/uploads\/2017\/03\/17619790_396047834085459_1014631181_n.jpg\" alt=\"\" width=\"118\" height=\"118\" srcset=\"http:\/\/labs.ummto.dz\/laremo\/wp-content\/uploads\/2017\/03\/17619790_396047834085459_1014631181_n.jpg 204w, http:\/\/labs.ummto.dz\/laremo\/wp-content\/uploads\/2017\/03\/17619790_396047834085459_1014631181_n-150x150.jpg 150w, http:\/\/labs.ummto.dz\/laremo\/wp-content\/uploads\/2017\/03\/17619790_396047834085459_1014631181_n-160x160.jpg 160w, http:\/\/labs.ummto.dz\/laremo\/wp-content\/uploads\/2017\/03\/17619790_396047834085459_1014631181_n-320x320.jpg 320w, http:\/\/labs.ummto.dz\/laremo\/wp-content\/uploads\/2017\/03\/17619790_396047834085459_1014631181_n-45x45.jpg 45w\" sizes=\"(max-width: 118px) 100vw, 118px\" \/><span style=\"text-decoration: underline; color: #000080;\">\u00c9quipe 02: Les entreprises de la branche agro-industrie: imp\u00e9ratifs du march\u00e9 national et d\u00e9fis \u00e0 l&rsquo;exportation<\/span><\/strong><\/span><\/a><\/p>\n<p><span style=\"color: #800000;\"><span style=\"color: #000000;\"><strong>Chef d\u2019\u00e9quipe:<\/strong> <strong>Pr GUENDOUZI Brahim<\/strong><\/span><\/span><\/p>\n<p><strong><span style=\"color: #000000;\">Mail: brahguen@yahoo.fr<\/span><\/strong><\/p>\n<p>&#8212;&#8212;&#8212;&#8212;&#8212;&#8212;&#8212;&#8212;&#8212;&#8212;&#8212;&#8212;&#8212;&#8212;&#8212;&#8212;&#8212;&#8212;&#8212;&#8212;&#8212;&#8212;&#8212;&#8212;&#8212;&#8212;&#8212;&#8212;&#8212;&#8212;&#8212;&#8212;&#8212;&#8212;&#8212;&#8212;&#8212;&#8212;&#8212;&#8212;&#8212;&#8212;&#8212;&#8212;&#8212;&#8212;&#8212;&#8212;&#8212;&#8212;&#8212;&#8212;&#8212;&#8212;&#8212;&#8212;&#8212;&#8212;&#8212;-<\/p>\n<p><a href=\"http:\/\/labs.ummto.dz\/laremo\/?page_id=143\"><span style=\"color: #000080;\"><strong><img loading=\"lazy\" class=\"wp-image-332 alignleft\" src=\"http:\/\/labs.ummto.dz\/set\/wp-content\/uploads\/2017\/03\/17619790_396047834085459_1014631181_n.jpg\" alt=\"\" width=\"118\" height=\"118\" srcset=\"http:\/\/labs.ummto.dz\/laremo\/wp-content\/uploads\/2017\/03\/17619790_396047834085459_1014631181_n.jpg 204w, http:\/\/labs.ummto.dz\/laremo\/wp-content\/uploads\/2017\/03\/17619790_396047834085459_1014631181_n-150x150.jpg 150w, http:\/\/labs.ummto.dz\/laremo\/wp-content\/uploads\/2017\/03\/17619790_396047834085459_1014631181_n-160x160.jpg 160w, http:\/\/labs.ummto.dz\/laremo\/wp-content\/uploads\/2017\/03\/17619790_396047834085459_1014631181_n-320x320.jpg 320w, http:\/\/labs.ummto.dz\/laremo\/wp-content\/uploads\/2017\/03\/17619790_396047834085459_1014631181_n-45x45.jpg 45w\" sizes=\"(max-width: 118px) 100vw, 118px\" \/><span style=\"text-decoration: underline; color: #000080;\">\u00c9quipe 03: La gestion des risques, levier de performance: cas des entreprises en Alg\u00e9rie<\/span><\/strong><\/span><\/a><\/p>\n<p><strong><span style=\"color: #000000;\">Chef d\u2019\u00e9quipe: Pr LEGHIMA Amina<\/span><\/strong><\/p>\n<p><strong><span style=\"color: #000000;\">Mail:\u00a0<\/span><\/strong><\/p>\n<p>&#8212;&#8212;&#8212;&#8212;&#8212;&#8212;&#8212;&#8212;&#8212;&#8212;&#8212;&#8212;&#8212;&#8212;&#8212;&#8212;&#8212;&#8212;&#8212;&#8212;&#8212;&#8212;&#8212;&#8212;&#8212;&#8212;&#8212;&#8212;&#8212;&#8212;&#8212;&#8212;&#8212;&#8212;&#8212;&#8212;&#8212;&#8212;&#8212;&#8212;&#8212;&#8212;&#8212;&#8212;&#8212;&#8212;&#8212;&#8212;&#8212;&#8212;&#8212;&#8212;&#8212;&#8212;&#8212;&#8212;&#8212;&#8212;&#8212;-<\/p>\n<p><a href=\"http:\/\/labs.ummto.dz\/laremo\/?page_id=141\"><strong><span style=\"color: #000080;\"><img loading=\"lazy\" class=\"wp-image-332 alignleft\" src=\"http:\/\/labs.ummto.dz\/set\/wp-content\/uploads\/2017\/03\/17619790_396047834085459_1014631181_n.jpg\" alt=\"\" width=\"121\" height=\"121\" srcset=\"http:\/\/labs.ummto.dz\/laremo\/wp-content\/uploads\/2017\/03\/17619790_396047834085459_1014631181_n.jpg 204w, http:\/\/labs.ummto.dz\/laremo\/wp-content\/uploads\/2017\/03\/17619790_396047834085459_1014631181_n-150x150.jpg 150w, http:\/\/labs.ummto.dz\/laremo\/wp-content\/uploads\/2017\/03\/17619790_396047834085459_1014631181_n-160x160.jpg 160w, http:\/\/labs.ummto.dz\/laremo\/wp-content\/uploads\/2017\/03\/17619790_396047834085459_1014631181_n-320x320.jpg 320w, http:\/\/labs.ummto.dz\/laremo\/wp-content\/uploads\/2017\/03\/17619790_396047834085459_1014631181_n-45x45.jpg 45w\" sizes=\"(max-width: 121px) 100vw, 121px\" \/><span style=\"text-decoration: underline;\">\u00c9quipe 04: Strat\u00e9gie nationale de promotion\/valorisation\/diversification des exportations hors-hydrocarbures : un d\u00e9fi pour les entreprises alg\u00e9riennes confront\u00e9es aux imp\u00e9ratifs de la comp\u00e9titivit\u00e9 internationale<\/span><\/span><\/strong><\/a><\/p>\n<p><strong><span style=\"color: #000000;\">Chef d&rsquo;\u00e9quipe: Pr OUALIKENE Selim\u00a0<\/span><\/strong><\/p>\n<p><strong><span style=\"color: #000000;\">\u00a0 \u00a0 \u00a0 \u00a0 \u00a0 \u00a0 \u00a0 \u00a0 \u00a0 \u00a0 \u00a0 \u00a0 \u00a0 \u00a0 \u00a0 Mail:oualikene-selim@outlook.fr<br \/>\n<\/span><\/strong><\/p>\n<p>&#8212;&#8212;&#8212;&#8212;&#8212;&#8212;&#8212;&#8212;&#8212;&#8212;&#8212;&#8212;&#8212;&#8212;&#8212;&#8212;&#8212;&#8212;&#8212;&#8212;&#8212;&#8212;&#8212;&#8212;&#8212;&#8212;&#8212;&#8212;&#8212;&#8212;&#8212;&#8212;&#8212;&#8212;&#8212;&#8212;&#8212;&#8212;&#8212;&#8212;&#8212;&#8212;&#8212;&#8212;&#8212;&#8212;&#8212;&#8212;&#8212;-<\/p>\n","protected":false},"excerpt":{"rendered":"<p>\u00c9quipe 01: L&rsquo;entreprise alg\u00e9rienne et comp\u00e9titivit\u00e9 Chef d\u2019\u00e9quipe: Pr BIA Chabane\u00a0 Mail: biachabane@yahoo.fr &#8212;&#8212;&#8212;&#8212;&#8212;&#8212;&#8212;&#8212;&#8212;&#8212;&#8212;&#8212;&#8212;&#8212;&#8212;&#8212;&#8212;&#8212;&#8212;&#8212;&#8212;&#8212;&#8212;&#8212;&#8212;&#8212;&#8212;&#8212;&#8212;&#8212;&#8212;&#8212;&#8212;&#8212;&#8212;&#8212;&#8212;&#8212;&#8212;&#8212;&#8212;&#8212;&#8212;&#8212;&#8212;&#8212;&#8212;&#8212;&#8212;&#8212;&#8212;&#8212;&#8212;&#8212;&#8212;&#8212;&#8212;&#8212;&#8212;- \u00c9quipe 02: Les entreprises de la branche agro-industrie: imp\u00e9ratifs du march\u00e9 national et d\u00e9fis \u00e0 l&rsquo;exportation Chef d\u2019\u00e9quipe: Pr GUENDOUZI&#46;&#46;&#46;<\/p>\n","protected":false},"author":1,"featured_media":0,"parent":0,"menu_order":0,"comment_status":"closed","ping_status":"closed","template":"","meta":[],"_links":{"self":[{"href":"http:\/\/labs.ummto.dz\/laremo\/wp-json\/wp\/v2\/pages\/153"}],"collection":[{"href":"http:\/\/labs.ummto.dz\/laremo\/wp-json\/wp\/v2\/pages"}],"about":[{"href":"http:\/\/labs.ummto.dz\/laremo\/wp-json\/wp\/v2\/types\/page"}],"author":[{"embeddable":true,"href":"http:\/\/labs.ummto.dz\/laremo\/wp-json\/wp\/v2\/users\/1"}],"replies":[{"embeddable":true,"href":"http:\/\/labs.ummto.dz\/laremo\/wp-json\/wp\/v2\/comments?post=153"}],"version-history":[{"count":46,"href":"http:\/\/labs.ummto.dz\/laremo\/wp-json\/wp\/v2\/pages\/153\/revisions"}],"predecessor-version":[{"id":1006,"href":"http:\/\/labs.ummto.dz\/laremo\/wp-json\/wp\/v2\/pages\/153\/revisions\/1006"}],"wp:attachment":[{"href":"http:\/\/labs.ummto.dz\/laremo\/wp-json\/wp\/v2\/media?parent=153"}],"curies":[{"name":"wp","href":"https:\/\/api.w.org\/{rel}","templated":true}]}}