
{"id":209,"date":"2017-03-22T13:55:34","date_gmt":"2017-03-22T12:55:34","guid":{"rendered":"http:\/\/localhost\/set\/?page_id=209"},"modified":"2021-06-21T15:20:40","modified_gmt":"2021-06-21T13:20:40","slug":"fiche-descriptive-du-laboratoire-set","status":"publish","type":"page","link":"http:\/\/labs.ummto.dz\/laremo\/","title":{"rendered":""},"content":{"rendered":"<ul>\n<li><span style=\"color: #000000;\">\u00a0 <strong>\u00c9tablissement de tutelle:<\/strong> Universit\u00e9 Mouloud MAMMERI de Tizi-Ouzou \u00ab\u00a0UMMTO\u00a0\u00bb<\/span><\/li>\n<li>\u00a0 <span style=\"color: #000000;\"><strong>Agr\u00e9ment: <\/strong>N\u00b026 arr\u00eat\u00e9 145 du 14 avril 2012<\/span><\/li>\n<li>\u00a0 <span style=\"color: #000000;\"><strong>Code du Laboratoire:<\/strong> C1002900<\/span><\/li>\n<li><span style=\"color: #000000;\">\u00a0<strong> Directeur: <\/strong>Pr BIA Chabane<\/span><\/li>\n<li>\u00a0<span style=\"color: #000000;\"><strong> E-mail:<\/strong> chabane.bia@ummto.dz<\/span><\/li>\n<li><span style=\"color: #000000;\">\u00a0 <strong>Th\u00e9matiques: <\/strong>Comp\u00e9titivit\u00e9 de l&rsquo;\u00e9conomie et performance des PME &#8211; Strat\u00e9gie\u00a0<\/span><span style=\"color: #000000;\">industrielle &#8211; Crise financi\u00e8re &#8211; Normes comptables &#8211; Gouvernance &#8211; Exportation &#8211; Approvisionnement cha\u00eene de valeur &#8211; gestion industrielle.<\/span><\/li>\n<li><span style=\"color: #000000;\">\u00a0<strong> Adresse:<\/strong> Facult\u00e9 des Sciences Economiques, Commerciales et des Sciences de Gestion,Universit\u00e9 Mouloud MAMMERI, B.P.17 RP, 15000, Tizi-Ouzou (ALGERIE).<\/span><\/li>\n<li>\u00a0 <span style=\"color: #000000;\"><strong>Tel\/Fax:<\/strong> +213 26 11 93 75<\/span><\/li>\n<li><span style=\"color: #000000;\">\u00a0 <strong>Courriel: <\/strong>labo.laremo@ummto.dz\u00a0<\/span><\/li>\n<li><span style=\"color: #000000;\">\u00a0 <strong>Site web:<a href=\"http:\/\/labs.ummto.dz\/laremo\/\"><span style=\"color: #000080;\">http:\/\/labs.ummto.dz\/laremo\/<\/span><\/a><\/strong><\/span><\/li>\n<\/ul>\n<div class=\"wrapper01\">\n<p><!-- IMG 01 --><\/p>\n<div class=\"cadre_1\">\n<div class=\"titre\">EQUIPE 01<\/div>\n<div class=\"img_header\"><img src=\"wp-content\/uploads\/2021\/06\/images-1.jpg\" \/><\/div>\n<div class=\"texte\"><strong><span style=\"color: #000080;\"><a style=\"color: #000080;\" href=\"http:\/\/labs.ummto.dz\/laremo\/equipe-01-les-rythmes-scolaires-dans-le-systeme-educatif-algerien\/\" target=\"_blank\" rel=\"noopener\">\u00c9quipe 01: L\u2019entreprise alg\u00e9rienne et comp\u00e9titivit\u00e9<\/a><\/span><\/strong><\/div>\n<\/div>\n<p><!-- End: IMG 01 --><\/p>\n<p><!-- IMG 02 --><\/p>\n<div class=\"cadre_1\">\n<div class=\"titre\">EQUIPE 02<\/div>\n<div class=\"img_header\"><img src=\"wp-content\/uploads\/2021\/06\/images.jpg\" \/><\/div>\n<div class=\"texte\"><a href=\"http:\/\/labs.ummto.dz\/laremo\/equipe-02-etude-des-conditions-de-travail-et-leurs-effets-sur-la-sante\/\" target=\"_blank\" rel=\"noopener\"><strong><span style=\"color: #000080;\">\u00c9quipe 02: Les entreprises de la branche agro-industrie: imp\u00e9ratifs du march\u00e9 national et d\u00e9fis \u00e0 l\u2019exportation<\/span><\/strong><\/a><\/div>\n<\/div>\n<p><!-- End: IMG 02 --><\/p>\n<p><!-- IMG 03 --><\/p>\n<div class=\"cadre_1\">\n<div class=\"titre\">EQUIPE 03<\/div>\n<div class=\"img_header\"><img src=\"wp-content\/uploads\/2021\/06\/la-gestion-des-risques-1-638.jpg\" \/><\/div>\n<div class=\"texte\"><strong><span style=\"color: #000080;\"><a style=\"color: #000080;\" href=\"http:\/\/labs.ummto.dz\/laremo\/equipe-03-les-evolutions-de-la-famille-algerienne\/\" target=\"_blank\" rel=\"noopener\">\u00c9quipe 03: La gestion des risques, levier de performance: cas des entreprises en Alg\u00e9rie<\/a><\/span><\/strong><\/div>\n<\/div>\n<p><!-- End: IMG 03 --><\/p>\n<p><!-- IMG 03 --><\/p>\n<div class=\"cadre_1\">\n<div class=\"titre\">EQUIPE 04<\/div>\n<div class=\"img_header\"><img src=\"wp-content\/uploads\/2021\/06\/images-2.jpg\" \/><\/div>\n<div class=\"texte\"><strong><span style=\"color: #000080;\"><a style=\"color: #000080;\" href=\"http:\/\/labs.ummto.dz\/laremo\/equipe-04-secteur-public-et-secteur-prive-representations-identification-et-choix-du-secteur-dactivite-chez-les-travailleurs\/\" target=\"_blank\" rel=\"noopener\">\u00c9quipe 04: Strat\u00e9gie nationale de promotion <\/a><\/span><\/strong><strong><span style=\"color: #000080;\"><a style=\"color: #000080;\" href=\"http:\/\/labs.ummto.dz\/laremo\/equipe-04-secteur-public-et-secteur-prive-representations-identification-et-choix-du-secteur-dactivite-chez-les-travailleurs\/\" target=\"_blank\" rel=\"noopener\">\/valorisation\/ diversification des exportations hors-hydrocarbures\u00a0<\/a><\/span><\/strong><\/div>\n<\/div>\n<p><!-- End: IMG 02 --><\/p>\n<\/div>\n","protected":false},"excerpt":{"rendered":"<p>\u00a0 \u00c9tablissement de tutelle: Universit\u00e9 Mouloud MAMMERI de Tizi-Ouzou \u00ab\u00a0UMMTO\u00a0\u00bb \u00a0 Agr\u00e9ment: N\u00b026 arr\u00eat\u00e9 145 du 14 avril 2012 \u00a0 Code du Laboratoire: C1002900 \u00a0 Directeur: Pr BIA Chabane \u00a0 E-mail: chabane.bia@ummto.dz \u00a0 Th\u00e9matiques:&#46;&#46;&#46;<\/p>\n","protected":false},"author":1,"featured_media":0,"parent":0,"menu_order":0,"comment_status":"closed","ping_status":"closed","template":"","meta":[],"_links":{"self":[{"href":"http:\/\/labs.ummto.dz\/laremo\/wp-json\/wp\/v2\/pages\/209"}],"collection":[{"href":"http:\/\/labs.ummto.dz\/laremo\/wp-json\/wp\/v2\/pages"}],"about":[{"href":"http:\/\/labs.ummto.dz\/laremo\/wp-json\/wp\/v2\/types\/page"}],"author":[{"embeddable":true,"href":"http:\/\/labs.ummto.dz\/laremo\/wp-json\/wp\/v2\/users\/1"}],"replies":[{"embeddable":true,"href":"http:\/\/labs.ummto.dz\/laremo\/wp-json\/wp\/v2\/comments?post=209"}],"version-history":[{"count":132,"href":"http:\/\/labs.ummto.dz\/laremo\/wp-json\/wp\/v2\/pages\/209\/revisions"}],"predecessor-version":[{"id":1039,"href":"http:\/\/labs.ummto.dz\/laremo\/wp-json\/wp\/v2\/pages\/209\/revisions\/1039"}],"wp:attachment":[{"href":"http:\/\/labs.ummto.dz\/laremo\/wp-json\/wp\/v2\/media?parent=209"}],"curies":[{"name":"wp","href":"https:\/\/api.w.org\/{rel}","templated":true}]}}