
{"id":38,"date":"2017-02-15T11:14:33","date_gmt":"2017-02-15T10:14:33","guid":{"rendered":"http:\/\/localhost\/set\/?page_id=38"},"modified":"2021-06-02T17:03:29","modified_gmt":"2021-06-02T15:03:29","slug":"projets-de-recherche","status":"publish","type":"page","link":"http:\/\/labs.ummto.dz\/laremo\/projets-de-recherche\/","title":{"rendered":"Nos Projets"},"content":{"rendered":"<ol>\n<li>Entrepreneuriat, innovation et performance des entreprises. CNEPRU, code du projet:1002901, Universit\u00e9 Mouloud MAMMERI de Tizi-Ouzou, Minist\u00e8re alg\u00e9rien de l&rsquo;enseignement et de la recherche scientifique.<\/li>\n<li>Les retomb\u00e9es du d\u00e9mant\u00e8lement tarifaire sur les entreprises industrielles. CNEPRU, code du projet: 1002902, Universit\u00e9 Mouloud MAMMERI de Tizi-Ouzou, Minist\u00e8re alg\u00e9rien de l&rsquo;enseignement et de la recherche scientifique.<\/li>\n<li>Crise \u00e9conomique et financi\u00e8re et son impact sur l&rsquo;\u00e9conomie alg\u00e9rienne. CNEPRU, code du projet: 1002903, Universit\u00e9 Mouloud MAMMERI de Tizi-Ouzou, Minist\u00e8re alg\u00e9rien de l&rsquo;enseignement et de la recherche scientifique.<\/li>\n<li>La r\u00e9glementation prudentielle dans les \u00e9tablissements bancaires et financiers. CNEPRU, code du projet: 1002904, Universit\u00e9 Mouloud MAMMERI de Tizi-Ouzou, Minist\u00e8re alg\u00e9rien de l&rsquo;enseignement et de la recherche scientifique.<\/li>\n<li>Management hospitalier et gestion des ressources humaines. CNEPRU, code du projet: 1002905, Universit\u00e9 Mouloud MAMMERI de Tizi-Ouzou, Minist\u00e8re alg\u00e9rien de l&rsquo;enseignement et de la recherche scientifique.<\/li>\n<\/ol>\n","protected":false},"excerpt":{"rendered":"<p>Entrepreneuriat, innovation et performance des entreprises. CNEPRU, code du projet:1002901, Universit\u00e9 Mouloud MAMMERI de Tizi-Ouzou, Minist\u00e8re alg\u00e9rien de l&rsquo;enseignement et de la recherche scientifique. Les retomb\u00e9es du d\u00e9mant\u00e8lement tarifaire sur les entreprises industrielles. CNEPRU,&#46;&#46;&#46;<\/p>\n","protected":false},"author":1,"featured_media":0,"parent":0,"menu_order":0,"comment_status":"closed","ping_status":"closed","template":"","meta":[],"_links":{"self":[{"href":"http:\/\/labs.ummto.dz\/laremo\/wp-json\/wp\/v2\/pages\/38"}],"collection":[{"href":"http:\/\/labs.ummto.dz\/laremo\/wp-json\/wp\/v2\/pages"}],"about":[{"href":"http:\/\/labs.ummto.dz\/laremo\/wp-json\/wp\/v2\/types\/page"}],"author":[{"embeddable":true,"href":"http:\/\/labs.ummto.dz\/laremo\/wp-json\/wp\/v2\/users\/1"}],"replies":[{"embeddable":true,"href":"http:\/\/labs.ummto.dz\/laremo\/wp-json\/wp\/v2\/comments?post=38"}],"version-history":[{"count":5,"href":"http:\/\/labs.ummto.dz\/laremo\/wp-json\/wp\/v2\/pages\/38\/revisions"}],"predecessor-version":[{"id":1008,"href":"http:\/\/labs.ummto.dz\/laremo\/wp-json\/wp\/v2\/pages\/38\/revisions\/1008"}],"wp:attachment":[{"href":"http:\/\/labs.ummto.dz\/laremo\/wp-json\/wp\/v2\/media?parent=38"}],"curies":[{"name":"wp","href":"https:\/\/api.w.org\/{rel}","templated":true}]}}