
{"id":101,"date":"2017-12-11T14:48:42","date_gmt":"2017-12-11T13:48:42","guid":{"rendered":"http:\/\/labs.ummto.dz\/lari\/?page_id=101"},"modified":"2017-12-13T12:26:00","modified_gmt":"2017-12-13T11:26:00","slug":"equipe-6-technologies-didentification","status":"publish","type":"page","link":"http:\/\/labs.ummto.dz\/lari\/index.php\/equipe-6-technologies-didentification\/","title":{"rendered":"Equipe 06: Technologies d\u2019Identification"},"content":{"rendered":"<p><span style=\"color: #000080;\"><strong>Chef d\u2019\u00e9quipe:\u00a0<\/strong><\/span><span style=\"color: #000000;\">Dr. BELKADI Malika<img loading=\"lazy\" class=\"alignnone  wp-image-135 alignright\" src=\"http:\/\/labs.ummto.dz\/lari\/wp-content\/uploads\/2017\/12\/images-2.jpg\" alt=\"\" width=\"224\" height=\"303\" \/><\/span><\/p>\n<p><span style=\"color: #000080;\"><strong>Domaine<\/strong>:<\/span><\/p>\n<p><span style=\"color: #000080;\"><strong>Mot cl\u00e9<\/strong>:<\/span><\/p>\n<p><span style=\"color: #000080;\"><strong>Description de la th\u00e9matique de recherche de l\u2019\u00e9quipe:<\/strong>\u00a0<\/span><\/p>\n<p><span style=\"color: #000000;\">Le monde industriel et acad\u00e9mique connait actuellement une v\u00e9ritable r\u00e9volution dans les techniques d&rsquo;identification automatique sans contact (RFID pour Radio Frequency Identification), de nature \u00e0 bouleverser tous les syst\u00e8mes et protocoles utilis\u00e9s jusqu&rsquo;\u00e0 ce jour. Les applications RFIDs couvrent ainsi diff\u00e9rents domaines tels que: sant\u00e9, transport, agriculture, a\u00e9ronautique, logistique, automobile&#8230; Les travaux de recherche de cette \u00e9quipe portent essentiellemnt sur cette technologie et sur les r\u00e9seaux sans fil et mobiles (ad hoc networks, wireless sensor networks, drones&#8230;) ainsi que sur les nouvelles technologies telles que les IoTs (Internet of Things), le Cloud Computing&#8230;Cette \u00e9quipe s&rsquo;interessera \u00e0 l&rsquo;\u00e9tude et \u00e0 la mise en place de nouvelles solutions pour divers probl\u00e8mes comme: les collisins dans les rfids, la s\u00e9curit\u00e9&#8230;<\/span><\/p>\n<p><span style=\"color: #000080;\"><strong>Liste exhaustive des membres permanents de l\u2019\u00e9quipe:<\/strong><\/span><\/p>\n<table class=\"main\" border=\"1\" width=\"500\">\n<tbody>\n<tr>\n<th scope=\"col\" width=\"150\"><span style=\"color: #000080;\">Nom et pr\u00e9nom<\/span><\/th>\n<th scope=\"col\" width=\"150\"><span style=\"color: #000080;\">Grade<\/span><\/th>\n<th scope=\"col\" width=\"150\"><span style=\"color: #000080;\">email<\/span><\/th>\n<\/tr>\n<tr>\n<td align=\"center\"><span style=\"color: #000000;\">BOUSNINA Lila<\/span><\/td>\n<td align=\"center\">MAA<\/td>\n<td align=\"center\">lila.bousnina@yahoo.fr<\/td>\n<\/tr>\n<tr>\n<td align=\"center\"><span style=\"color: #000000;\">FILALI Idir<\/span><\/td>\n<td align=\"center\">MAA<\/td>\n<td align=\"center\">inf_tyg@yahoo.fr<\/td>\n<\/tr>\n<tr>\n<td align=\"center\"><span style=\"color: #000000;\">INGRACHEN Sadia<\/span><\/td>\n<td align=\"center\">DOC<\/td>\n<td align=\"center\">sadiaingrachen@yahoo.fr<\/td>\n<\/tr>\n<tr>\n<td align=\"center\"><span style=\"color: #000000;\">NOUALI Djouher<\/span><\/td>\n<td align=\"center\">DOC<\/td>\n<td align=\"center\">djouhernouali@hotmail.fr<\/td>\n<\/tr>\n<tr>\n<td align=\"center\"><span style=\"color: #000000;\">TOUAHER Fazia<\/span><\/td>\n<td align=\"center\">DOC<\/td>\n<td align=\"center\">fazia2050@hotmail.fr<\/td>\n<\/tr>\n<\/tbody>\n<\/table>\n","protected":false},"excerpt":{"rendered":"<p>Chef d\u2019\u00e9quipe:\u00a0Dr. BELKADI Malika Domaine: Mot cl\u00e9: Description de la th\u00e9matique de recherche de l\u2019\u00e9quipe:\u00a0 Le monde industriel et acad\u00e9mique connait actuellement une v\u00e9ritable r\u00e9volution dans les techniques d&rsquo;identification automatique sans contact (RFID pour&#46;&#46;&#46;<\/p>\n","protected":false},"author":1,"featured_media":0,"parent":0,"menu_order":0,"comment_status":"closed","ping_status":"closed","template":"","meta":[],"_links":{"self":[{"href":"http:\/\/labs.ummto.dz\/lari\/index.php\/wp-json\/wp\/v2\/pages\/101"}],"collection":[{"href":"http:\/\/labs.ummto.dz\/lari\/index.php\/wp-json\/wp\/v2\/pages"}],"about":[{"href":"http:\/\/labs.ummto.dz\/lari\/index.php\/wp-json\/wp\/v2\/types\/page"}],"author":[{"embeddable":true,"href":"http:\/\/labs.ummto.dz\/lari\/index.php\/wp-json\/wp\/v2\/users\/1"}],"replies":[{"embeddable":true,"href":"http:\/\/labs.ummto.dz\/lari\/index.php\/wp-json\/wp\/v2\/comments?post=101"}],"version-history":[{"count":5,"href":"http:\/\/labs.ummto.dz\/lari\/index.php\/wp-json\/wp\/v2\/pages\/101\/revisions"}],"predecessor-version":[{"id":136,"href":"http:\/\/labs.ummto.dz\/lari\/index.php\/wp-json\/wp\/v2\/pages\/101\/revisions\/136"}],"wp:attachment":[{"href":"http:\/\/labs.ummto.dz\/lari\/index.php\/wp-json\/wp\/v2\/media?parent=101"}],"curies":[{"name":"wp","href":"https:\/\/api.w.org\/{rel}","templated":true}]}}