
{"id":103,"date":"2017-12-11T14:49:08","date_gmt":"2017-12-11T13:49:08","guid":{"rendered":"http:\/\/labs.ummto.dz\/lari\/?page_id=103"},"modified":"2017-12-13T12:35:09","modified_gmt":"2017-12-13T11:35:09","slug":"equipe-7-recherche-et-filtrage-dinformation","status":"publish","type":"page","link":"http:\/\/labs.ummto.dz\/lari\/index.php\/equipe-7-recherche-et-filtrage-dinformation\/","title":{"rendered":"Equipe 07: Recherche et Filtrage d&rsquo;Information"},"content":{"rendered":"<p><span style=\"color: #000080;\"><strong>Chef d\u2019\u00e9quipe:\u00a0<\/strong><\/span><span style=\"color: #000000;\">DR. HAMMACHE Arezki<\/span><\/p>\n<p><span style=\"color: #000080;\"><strong>Domaine<\/strong>:<img loading=\"lazy\" class=\"alignnone size-medium wp-image-139 alignright\" src=\"http:\/\/labs.ummto.dz\/lari\/wp-content\/uploads\/2017\/12\/Img_LibroALterados_229abr10-300x196.jpg\" alt=\"\" width=\"300\" height=\"196\" srcset=\"http:\/\/labs.ummto.dz\/lari\/wp-content\/uploads\/2017\/12\/Img_LibroALterados_229abr10-300x196.jpg 300w, http:\/\/labs.ummto.dz\/lari\/wp-content\/uploads\/2017\/12\/Img_LibroALterados_229abr10.jpg 507w\" sizes=\"(max-width: 300px) 100vw, 300px\" \/><\/span><\/p>\n<p><span style=\"color: #000080;\"><strong>Mot cl\u00e9<\/strong>:<\/span><\/p>\n<p><span style=\"color: #000080;\"><strong>Description de la th\u00e9matique de recherche de l\u2019\u00e9quipe:<\/strong>\u00a0<\/span><\/p>\n<p><span style=\"color: #000000;\">L&rsquo;\u00e9quipe a pour objectif de d\u00e9finir des mod\u00e8les destin\u00e9s \u00e0 r\u00e9pondre aux probl\u00e9matiques d&rsquo;indexation, de recherche et de filtrage d&rsquo;information. Les mod\u00e8les destin\u00e9s \u00e0 l&rsquo;indexation ont pour but de produire des indexes de taille r\u00e9duite et permettant un acc\u00e8s rapide \u00e0 l&rsquo;information. Les mod\u00e8les destin\u00e9s \u00e0 la recherche et le filtrage d&rsquo;information ont pour objectif de prendre en compte les caract\u00e9ristiques sur les documents, les requ\u00eates et les utilisateurs afin d&rsquo;am\u00e9liorer la pertinence de la recherche ou de filtrage d&rsquo;information. Parmi, les caract\u00e9ristiques prises en compte : la position des termes, l&rsquo;ambig\u00fcit\u00e9 de la requ\u00eate, l&rsquo;aspect temporel et spatiale des termes, et le profil utilisateur.<\/span><\/p>\n<p><span style=\"color: #000080;\"><strong>Liste exhaustive des membres permanents de l\u2019\u00e9quipe:<\/strong><\/span><\/p>\n<table class=\"main\" border=\"1\" width=\"500\">\n<tbody>\n<tr>\n<th scope=\"col\" width=\"150\"><span style=\"color: #000080;\">Nom et pr\u00e9nom<\/span><\/th>\n<th scope=\"col\" width=\"150\"><span style=\"color: #000080;\">Grade<\/span><\/th>\n<th scope=\"col\" width=\"150\"><span style=\"color: #000080;\">email<\/span><\/th>\n<\/tr>\n<tr>\n<td align=\"center\"><span style=\"color: #000000;\">SADOU Samir<\/span><\/td>\n<td align=\"center\">MAA<\/td>\n<td align=\"center\">sad_samir2003@yahoo.fr<\/td>\n<\/tr>\n<tr>\n<td align=\"center\"><span style=\"color: #000000;\">FERHAOUI Chafia<\/span><\/td>\n<td align=\"center\">MAA<\/td>\n<td align=\"center\">c_ferhaoui@esi.dz<\/td>\n<\/tr>\n<tr>\n<td align=\"center\"><span style=\"color: #000000;\">TALEB Hakim<\/span><\/td>\n<td align=\"center\">DOC<\/td>\n<td align=\"center\">h_taleb@yahoo.fr<\/td>\n<\/tr>\n<\/tbody>\n<\/table>\n","protected":false},"excerpt":{"rendered":"<p>Chef d\u2019\u00e9quipe:\u00a0DR. HAMMACHE Arezki Domaine: Mot cl\u00e9: Description de la th\u00e9matique de recherche de l\u2019\u00e9quipe:\u00a0 L&rsquo;\u00e9quipe a pour objectif de d\u00e9finir des mod\u00e8les destin\u00e9s \u00e0 r\u00e9pondre aux probl\u00e9matiques d&rsquo;indexation, de recherche et de filtrage&#46;&#46;&#46;<\/p>\n","protected":false},"author":1,"featured_media":0,"parent":0,"menu_order":0,"comment_status":"closed","ping_status":"closed","template":"","meta":[],"_links":{"self":[{"href":"http:\/\/labs.ummto.dz\/lari\/index.php\/wp-json\/wp\/v2\/pages\/103"}],"collection":[{"href":"http:\/\/labs.ummto.dz\/lari\/index.php\/wp-json\/wp\/v2\/pages"}],"about":[{"href":"http:\/\/labs.ummto.dz\/lari\/index.php\/wp-json\/wp\/v2\/types\/page"}],"author":[{"embeddable":true,"href":"http:\/\/labs.ummto.dz\/lari\/index.php\/wp-json\/wp\/v2\/users\/1"}],"replies":[{"embeddable":true,"href":"http:\/\/labs.ummto.dz\/lari\/index.php\/wp-json\/wp\/v2\/comments?post=103"}],"version-history":[{"count":6,"href":"http:\/\/labs.ummto.dz\/lari\/index.php\/wp-json\/wp\/v2\/pages\/103\/revisions"}],"predecessor-version":[{"id":140,"href":"http:\/\/labs.ummto.dz\/lari\/index.php\/wp-json\/wp\/v2\/pages\/103\/revisions\/140"}],"wp:attachment":[{"href":"http:\/\/labs.ummto.dz\/lari\/index.php\/wp-json\/wp\/v2\/media?parent=103"}],"curies":[{"name":"wp","href":"https:\/\/api.w.org\/{rel}","templated":true}]}}