
{"id":2,"date":"2017-12-03T13:10:54","date_gmt":"2017-12-03T12:10:54","guid":{"rendered":"http:\/\/labs.ummto.dz\/lari\/?page_id=2"},"modified":"2017-12-17T13:51:57","modified_gmt":"2017-12-17T12:51:57","slug":"page-d-exemple","status":"publish","type":"page","link":"http:\/\/labs.ummto.dz\/lari\/","title":{"rendered":""},"content":{"rendered":"<ul>\n<li><span style=\"color: #000000;\">\u00a0\u00a0<strong>\u00c9tablissement de tutelle:<\/strong>\u00a0Universit\u00e9 Mouloud MAMMERI de Tizi-Ouzou \u00ab\u00a0UMMTO\u00a0\u00bb<\/span><\/li>\n<li><span style=\"color: #000000;\">\u00a0<strong>\u00a0Directeur:\u00a0PR. LALAM Mustapa\u00a0<\/strong><\/span><\/li>\n<li><span style=\"color: #000000;\">\u00a0\u00a0<strong>Th\u00e9matiques:\u00a0<\/strong><\/span><\/li>\n<li><span style=\"color: #000000;\"><span style=\"color: #000000;\">\u00a0<strong>\u00a0Adresse:<\/strong>\u00a0Facult\u00e9 G\u00e9nie Electrique et Informatique<\/span><\/span><span style=\"color: #000000;\">,Universit\u00e9 Mouloud MAMMERi B.P.17 RP, 15000 Tizi-Ouzou (ALGERIE).<\/span><\/li>\n<li><span style=\"color: #000000;\">\u00a0\u00a0<strong>Courriel:<\/strong><\/span><\/li>\n<li><span style=\"color: #000000;\">\u00a0\u00a0<strong>Site web:<span style=\"color: #000080;\">\u00a0<a style=\"color: #000080;\" href=\"http:\/\/labs.ummto.dz\/lari\/\">http:\/\/labs.ummto.dz\/lari\/<\/a><\/span><\/strong><\/span><\/li>\n<\/ul>\n<div class=\"wrapper01\">\n<div class=\"cadre_1\">\n<div class=\"titre\"><strong><span style=\"color: #000000;\">EQUIPE 01<\/span><\/strong><\/div>\n<div class=\"img_header\"><img src=\"wp-content\/uploads\/2017\/12\/images.jpg\" \/><\/div>\n<div class=\"texte\"><strong><span style=\"color: #000080;\">Architectures Mobiles et D\u00e9ploiement de Services<\/span><\/strong><\/div>\n<\/div>\n<div class=\"cadre_1\">\n<div class=\"titre\"><strong><span style=\"color: #000000;\">EQUIPE 02<\/span><\/strong><\/div>\n<div class=\"img_header\"><img src=\"wp-content\/uploads\/2017\/12\/shutterstock_234708769_2_0.jpg\" \/><\/div>\n<div class=\"texte\"><strong><span style=\"color: #000080;\">Syst\u00e8mes d&rsquo;information \u00c9tendus<\/span><\/strong><\/div>\n<\/div>\n<div class=\"cadre_1\">\n<div class=\"titre\"><strong><span style=\"color: #000000;\">EQUIPE 03<\/span><\/strong><\/div>\n<div class=\"img_header\"><img src=\"wp-content\/uploads\/2017\/12\/touchfoil-de-projection-arriere.jpg\" \/><\/div>\n<div class=\"texte\"><strong><span style=\"color: #000080;\">Environnements Interactifs et coop\u00e9ratifs pour l&rsquo;apprentissage humain<\/span><\/strong><\/div>\n<\/div>\n<div class=\"cadre_1\">\n<div class=\"titre\"><strong><span style=\"color: #000000;\">EQUIPE 04<\/span><\/strong><\/div>\n<div class=\"img_header\"><img src=\"wp-content\/uploads\/2017\/12\/images-3.jpg\" \/><\/div>\n<div class=\"texte\"><strong><span style=\"color: #000080;\">Techniques de r\u00e9servation de ressources dans un environnement mobile<\/span><\/strong><\/div>\n<\/div>\n<div class=\"cadre_1\">\n<div class=\"titre\"><strong><span style=\"color: #000000;\">EQUIPE 05<\/span><\/strong><\/div>\n<div class=\"img_header\"><img src=\"wp-content\/uploads\/2017\/12\/images-4.jpg\" \/><\/div>\n<div class=\"texte\"><strong><span style=\"color: #000080;\">R\u00e9seaux V\u00e9hiculaires<\/span><\/strong><\/div>\n<\/div>\n<\/div>\n<div class=\"cadre_1\">\n<div class=\"titre\"><strong><span style=\"color: #000000;\">EQUIPE 06<\/span><\/strong><\/div>\n<div class=\"img_header\"><img src=\"wp-content\/uploads\/2017\/12\/images-2.jpg\" \/><\/div>\n<div class=\"texte\"><strong><span style=\"color: #000080;\">Technologies d\u2019Identification<\/span><\/strong><\/div>\n<\/div>\n<div class=\"cadre_1\">\n<div class=\"titre\"><strong><span style=\"color: #000000;\">EQUIPE 07<\/span><\/strong><\/div>\n<div class=\"img_header\"><img src=\"wp-content\/uploads\/2017\/12\/Img_LibroALterados_229abr10.jpg\" \/><\/div>\n<div class=\"texte\"><strong><span style=\"color: #000080;\">Recherche et Filtrage d&rsquo;Information<\/span><\/strong><\/div>\n<\/div>\n","protected":false},"excerpt":{"rendered":"<p>\u00a0\u00a0\u00c9tablissement de tutelle:\u00a0Universit\u00e9 Mouloud MAMMERI de Tizi-Ouzou \u00ab\u00a0UMMTO\u00a0\u00bb \u00a0\u00a0Directeur:\u00a0PR. LALAM Mustapa\u00a0 \u00a0\u00a0Th\u00e9matiques:\u00a0 \u00a0\u00a0Adresse:\u00a0Facult\u00e9 G\u00e9nie Electrique et Informatique,Universit\u00e9 Mouloud MAMMERi B.P.17 RP, 15000 Tizi-Ouzou (ALGERIE). \u00a0\u00a0Courriel: \u00a0\u00a0Site web:\u00a0http:\/\/labs.ummto.dz\/lari\/ EQUIPE 01 Architectures Mobiles et D\u00e9ploiement de&#46;&#46;&#46;<\/p>\n","protected":false},"author":1,"featured_media":0,"parent":0,"menu_order":0,"comment_status":"closed","ping_status":"open","template":"","meta":[],"_links":{"self":[{"href":"http:\/\/labs.ummto.dz\/lari\/index.php\/wp-json\/wp\/v2\/pages\/2"}],"collection":[{"href":"http:\/\/labs.ummto.dz\/lari\/index.php\/wp-json\/wp\/v2\/pages"}],"about":[{"href":"http:\/\/labs.ummto.dz\/lari\/index.php\/wp-json\/wp\/v2\/types\/page"}],"author":[{"embeddable":true,"href":"http:\/\/labs.ummto.dz\/lari\/index.php\/wp-json\/wp\/v2\/users\/1"}],"replies":[{"embeddable":true,"href":"http:\/\/labs.ummto.dz\/lari\/index.php\/wp-json\/wp\/v2\/comments?post=2"}],"version-history":[{"count":16,"href":"http:\/\/labs.ummto.dz\/lari\/index.php\/wp-json\/wp\/v2\/pages\/2\/revisions"}],"predecessor-version":[{"id":170,"href":"http:\/\/labs.ummto.dz\/lari\/index.php\/wp-json\/wp\/v2\/pages\/2\/revisions\/170"}],"wp:attachment":[{"href":"http:\/\/labs.ummto.dz\/lari\/index.php\/wp-json\/wp\/v2\/media?parent=2"}],"curies":[{"name":"wp","href":"https:\/\/api.w.org\/{rel}","templated":true}]}}