
{"id":20,"date":"2017-12-05T11:05:15","date_gmt":"2017-12-05T10:05:15","guid":{"rendered":"http:\/\/labs.ummto.dz\/lari\/?page_id=20"},"modified":"2017-12-13T13:46:48","modified_gmt":"2017-12-13T12:46:48","slug":"communication-internationale","status":"publish","type":"page","link":"http:\/\/labs.ummto.dz\/lari\/index.php\/communication-internationale\/","title":{"rendered":"Communication Internationale"},"content":{"rendered":"<p class=\"menu_header\"><span style=\"color: #000080;\"><strong>1- Architectures Mobiles et D\u00e9ploiement de Services (ARCHIMEDES)<img loading=\"lazy\" class=\"alignnone size-medium wp-image-146 alignright\" src=\"http:\/\/labs.ummto.dz\/lari\/wp-content\/uploads\/2017\/12\/communication-300x169.png\" alt=\"\" width=\"300\" height=\"169\" srcset=\"http:\/\/labs.ummto.dz\/lari\/wp-content\/uploads\/2017\/12\/communication-300x169.png 300w, http:\/\/labs.ummto.dz\/lari\/wp-content\/uploads\/2017\/12\/communication-768x433.png 768w, http:\/\/labs.ummto.dz\/lari\/wp-content\/uploads\/2017\/12\/communication-1024x577.png 1024w, http:\/\/labs.ummto.dz\/lari\/wp-content\/uploads\/2017\/12\/communication.png 1917w\" sizes=\"(max-width: 300px) 100vw, 300px\" \/><\/strong><\/span><\/p>\n<ul>\n<li class=\"main\"><span style=\"color: #000000;\">L. CHAMEK, M. BELKADI, M. DAOUI, M. LALAM, Synthesis of Two Solutions of Mobility Prediction Based on Data Mining Techniques, The International Symposium on Advances in Content-oriented Networks and Systems CONNET 2015, May 24 &#8211; 29, 2015 &#8211; Rome, Italy<\/span><\/li>\n<li class=\"main\"><span style=\"color: #000000;\">S. HAMRIOUI, J. LLAURET, P. LORENZ, M. LALAM, Energy Efficient in Medical Ad Hoc Sensors Network by Exploiting Routing Protocols, Global Communications Conference (GLOBECOM), 2014 IEEE,<\/span><\/li>\n<li class=\"main\"><span style=\"color: #000000;\">S. HAMRIOUI, P.LORENZ, ES-WSN:Energy Efficient by Switching between roles of nodes in WSNs, IEEE, DOI:10 131140\/RG.2.11221.0001<\/span><\/li>\n<\/ul>\n<p class=\"menu_header\"><strong><span style=\"color: #000080;\">2- Syst\u00e8mes d&rsquo;information Etendus<\/span><\/strong><\/p>\n<ul>\n<li class=\"main\"><span style=\"color: #000000;\">KOULOUGLI Dalila, BOUZIDI Zhor, Int\u00e9grationof human intelligence in transformation process of pedagogical, International Conference Computer and computational sciences ICCCCS&rsquo;2015.<\/span><\/li>\n<li class=\"main\"><span style=\"color: #000000;\">RADJAI Chafiqa, RASSOUL Idir, Towards the unification of modeling temporal aspects of information systems, International Conference on Information and Intelligent System, ICIIS\u20192013<\/span><\/li>\n<li class=\"main\"><span style=\"color: #000000;\">DJEMA Lounes, RASSOUL Idir, BOUMGHAR F.O,Data parallelisme under java paralltask: a simple and efficient approch, World Congress ofCOmputer and computational science WCCAIS&rsquo;2014.<\/span><\/li>\n<li class=\"main\"><span style=\"color: #000000;\">R\u00e9dha Faycal Saidani, RASSOUL Idir, Co-occurrential analysis for a selection of discriminating features in opinion detection, International Conference on Information and Intelligent System, ICIIS\u20192013.<\/span><\/li>\n<\/ul>\n<p><strong><span style=\"color: #000080;\">3-<\/span><\/strong>\u00a0<strong><span style=\"color: #000080;\">Recherche et Recommandation d&rsquo;Information<\/span><\/strong><\/p>\n<ul>\n<li class=\"main\"><span style=\"color: #000000;\">Rabahallah Kahina, Creating e-learning web services towards reusability of functionalities in creating e-learning systems, Global Summit on Computer &amp; Information Technology (GSCIT), http:\/\/www.gscit.org.<\/span><\/li>\n<\/ul>\n<p><strong><span style=\"color: #000080;\">4-\u00a0Techniques de r\u00e9servation de ressources dans un environnement mobile<\/span><\/strong><\/p>\n<ul>\n<li class=\"main\"><span style=\"color: #000000;\">Said TALBI, A new Hierarchical Routing Approach for Energy Efficiency in Wireless Sensor Networks, International Conference on Embedded Systems in Telecommunications and Instrumentation (ICESTI&rsquo;14),http:\/\/www.univ-annaba.dz\/relations-exterieures\/manifestations-scientifiques\/internationales\/item\/131-icesti-14.html<\/span><\/li>\n<li class=\"main\"><span style=\"color: #000000;\">Said TALBI, Adaptive Data-Communication Trust Mechanism for Clustered Wireless Sensor Networks, GLOBECOM, 2015, San Diego, United States. pp.1-6, 2015, http:\/\/ieeexplore.ieee.org\/xpl\/mostRecentIssue.jsp?punumber=7414714<\/span><\/li>\n<li class=\"main\"><span style=\"color: #000000;\">Lyes BOUALI, A Hybrid Algorithm for DAG Application Scheduling on Computational Grids, International Conference on Mobile, Secure and Programmable Networking (MSPN&rsquo;2015), June 2015, pp.63-77nal Grids, http:\/\/www.wikicfp.com\/cfp\/servlet\/event.showcfp?eventid=43110<\/span><\/li>\n<li class=\"main\"><span style=\"color: #000000;\">Lyes BOUALI, Energy-Aware DPSO Algorithm for workflow Scheduling on Computational Grids<\/span><\/li>\n<li class=\"main\"><span style=\"color: #000000;\">Linda CHAMEK, Synthesis of Two Solutions of Mobility Prediction Based on Data Mining Techniques, The Eleventh International Conference on Networking and ServicesICNS 2015May 24 &#8211; 29, 2015 &#8211; Rome, Italy, http:\/\/www.iaria.org\/conferences2015\/ICNS15.html<\/span><\/li>\n<\/ul>\n<p><strong><span style=\"color: #000080;\">5-\u00a0R\u00e9seaux v\u00e9hiculaires: nouvelles solutions<\/span><\/strong><\/p>\n<ul>\n<li class=\"main\"><span style=\"color: #000000;\">Ouassila Hoceini, Said Talbi, Rachida Aoudjit\u00a0: A New trust management scheme with Energy Efficiency in wireless Sensor networks (NEES), IPAC &rsquo;15 Proceedings of the International Conference on Intelligent Information Processing, Security and Advanced Communication, IPAC &rsquo;15, November 23-25, 2015, Batna, Algeria \u00a9 2015 ACM.ISBN 978-1-4503-3458-7<\/span><\/li>\n<li class=\"main\"><span style=\"color: #000000;\">Ouassila Hoceini, Said Talbi, Rachida Aoudjit, Trust-based Routing with Energy Efficient, ArabWIC Conference, May 16-17, 2015, Abu Dhabi.<\/span><\/li>\n<li class=\"main\"><span style=\"color: #000000;\">Sadia Ingrachen, Sarah Oubabas, Said Talbi, Rachida Aoudjit, Karima Chemoun, A new Hierarchical Routing Approach for Energy Efficiency in Wireless Sensor Networks, International Conference on Embedded Systems in Telecommunications and Instrumentation (ICESTI&rsquo;14), Annaba, Algeria, October, 27-29, 2014.<\/span><\/li>\n<li class=\"main\"><span style=\"color: #000000;\">Malika BELKADI, Mehammed DAOUI, Rachida AOUDJIT, Mustapha LALAM, Localisation des mobiles bas\u00e9e sur le Clustering, International Conference on Advanced Communication and Information Systems, ICACIS\u201912, 12-13 December 2012, BATNA.<\/span><\/li>\n<li class=\"main\"><span style=\"color: #000000;\">M. Belkadi, F. Dahamni, R. Aoudjit, M. Daoui, M. Lalam, A. M\u2019zoughi, combining tree and counting networks in mobile environment, Proceedings of the Fifth IASTED International Multi-Conference on wireless networks and emerging technologies(WNET2005). July 19-21, 2005, Banff, Alberta, Canada, pp.21-25.<\/span><\/li>\n<li class=\"main\"><span style=\"color: #000000;\">M. Belkadi, M.Lalam, A.M\u2019Zoughi, R. Aoudjit, M. Daoui, K. Ait Ali, Am\u00e9lioration des Performances de TCP dans les Manets par la Technique Xon\/Xoff, Maghrebian Conference on Information Technologies, MCSEAI\u201906. Moroco.<\/span><\/li>\n<li class=\"main\"><span style=\"color: #000000;\">M. Daoui, M. Lalam, R. Aoudjit, M. Belkadi, Dispositif mat\u00e9riel pour la gestion de la coh\u00e9rence cache, sixth international symposium on programing and systems, ISPS\u20192003, Algeria.<\/span><\/li>\n<\/ul>\n<p><strong><span style=\"color: #000080;\">6-\u00a0Technologies d&rsquo;Identification<\/span><\/strong><\/p>\n<ul>\n<li class=\"main\"><span style=\"color: #000000;\">M. Daoui, M. Lalam, R. Aoudjit, M. Belkadi, Dispositif mat\u00e9riel pour la gestion de la coh\u00e9rence cache, sixth international symposium on programing and systems, ISPS\u20192003, Algeria.<\/span><\/li>\n<li class=\"main\"><span style=\"color: #000000;\">M. Belkadi, F. Dahamni, R. Aoudjit, M. Daoui, M. Lalam, A. M\u2019zoughi, combining tree and counting networks in mobile environment, Proceedings of the Fifth IASTED International Multi-Conference on wireless networks and emerging technologies(WNET2005). July 19-21, 2005, Banff, Alberta, Canada, pp.21-25.<\/span><\/li>\n<li class=\"main\"><span style=\"color: #000000;\">M. Redjimi, F. Dahamni, A. M\u2019zoughi, M. Lalam, A. Henni, M. Belkadi, Application of the Quorum Theory to the Mutual Exclusion Problem in a Mobile Computing, Proceedings of the Fifth IASTED International Multi-Conference on wireless networks and emerging technologies(WNET2005). July 19-21, 2005, Banff, Alberta, Canada, pp.90-93.<\/span><\/li>\n<li class=\"main\"><span style=\"color: #000000;\">M. Belkadi, M.Lalam, A.M\u2019Zoughi, R. Aoudjit, M. Daoui, K. Ait Ali, Am\u00e9lioration des Performances de TCP dans les Manets par la Technique Xon\/Xoff, Maghrebian Conference on Information Technologies, MCSEAI\u201906. Moroco.<\/span><\/li>\n<li class=\"main\"><span style=\"color: #000000;\">Malika BELKADI, Mehammed DAOUI, Rachida AOUDJIT, Mustapha LALAM, Localisation des mobiles bas\u00e9e sur le Clustering, International Conference on Advanced Communication and Information Systems, ICACIS\u201912, 12-13 December 2012, BATNA, pp 116-119.<\/span><\/li>\n<li class=\"main\"><span style=\"color: #000000;\">S. INGRACHEN,&#8230;,A new hierarchical Routing Approach for Energy Efficiency in wireless Sensor Networks,International Conference on Embdded Systems in Telecommunications and Instrumentation (ICESTI), 2014.<\/span><\/li>\n<li class=\"main\"><span style=\"color: #000000;\">L. CHAMEK, M. BELKADI, M. DAOUI, M. LALAM, Synthesis of Two Solutions of Mobility Prediction Based on Data Mining Techniques, The International Symposium on Advances in Content-oriented Networks and Systems CONNET 2015, May 24 &#8211; 29, 2015 &#8211; Rome, Italy<\/span><\/li>\n<li class=\"main\"><span style=\"color: #000000;\">CHERIF Amina, Damien Sauveron, Malika Belkadi, Overview on Formal Verification Methods for RFID Protocols, International Workshop on Cryptography and its Applications &#8211; IWCA\u201916 &#8211; 26 &amp; 27 April 2016, U.S.T.O-MB, ORAN-ALGERIA.<\/span><\/li>\n<\/ul>\n<p class=\"menu_header\"><strong><span style=\"color: #000080;\">7- Recherche et Filtrage d&rsquo;Information (RFI)<\/span><\/strong><\/p>\n<ul>\n<li class=\"main\"><span style=\"color: #000000;\">A. Hammache, M. Boughanem, R. Ahmed-Ouamer, Pseudo-r\u00e9injection de pertinence bas\u00e9e sur un mod\u00e8le de langue mixte combinant les termes simples et compos\u00e9s. CORIA 2013: 175-190.<\/span><\/li>\n<li class=\"main\"><span style=\"color: #000000;\">A. Hammache, M. Boughanem, R. Ahmed-Ouamer, Prise en compte de l&rsquo;importance d&rsquo;un site web dans l&rsquo;estimation de la probabilit\u00e9 a priori de pertinence d&rsquo;une page web. INFORSID 2013: 45-58.<\/span><\/li>\n<\/ul>\n","protected":false},"excerpt":{"rendered":"<p>1- Architectures Mobiles et D\u00e9ploiement de Services (ARCHIMEDES) L. CHAMEK, M. BELKADI, M. DAOUI, M. LALAM, Synthesis of Two Solutions of Mobility Prediction Based on Data Mining Techniques, The International Symposium on Advances in&#46;&#46;&#46;<\/p>\n","protected":false},"author":1,"featured_media":0,"parent":0,"menu_order":0,"comment_status":"closed","ping_status":"closed","template":"","meta":[],"_links":{"self":[{"href":"http:\/\/labs.ummto.dz\/lari\/index.php\/wp-json\/wp\/v2\/pages\/20"}],"collection":[{"href":"http:\/\/labs.ummto.dz\/lari\/index.php\/wp-json\/wp\/v2\/pages"}],"about":[{"href":"http:\/\/labs.ummto.dz\/lari\/index.php\/wp-json\/wp\/v2\/types\/page"}],"author":[{"embeddable":true,"href":"http:\/\/labs.ummto.dz\/lari\/index.php\/wp-json\/wp\/v2\/users\/1"}],"replies":[{"embeddable":true,"href":"http:\/\/labs.ummto.dz\/lari\/index.php\/wp-json\/wp\/v2\/comments?post=20"}],"version-history":[{"count":6,"href":"http:\/\/labs.ummto.dz\/lari\/index.php\/wp-json\/wp\/v2\/pages\/20\/revisions"}],"predecessor-version":[{"id":147,"href":"http:\/\/labs.ummto.dz\/lari\/index.php\/wp-json\/wp\/v2\/pages\/20\/revisions\/147"}],"wp:attachment":[{"href":"http:\/\/labs.ummto.dz\/lari\/index.php\/wp-json\/wp\/v2\/media?parent=20"}],"curies":[{"name":"wp","href":"https:\/\/api.w.org\/{rel}","templated":true}]}}