
{"id":30,"date":"2017-12-05T11:11:40","date_gmt":"2017-12-05T10:11:40","guid":{"rendered":"http:\/\/labs.ummto.dz\/lari\/?page_id=30"},"modified":"2017-12-11T11:35:47","modified_gmt":"2017-12-11T10:35:47","slug":"equipe-01","status":"publish","type":"page","link":"http:\/\/labs.ummto.dz\/lari\/index.php\/equipe-01\/","title":{"rendered":"\u00c9quipe 01: Architectures Mobiles et D\u00e9ploiement de Services"},"content":{"rendered":"<p><span style=\"color: #000080;\"><strong>Chef d\u2019\u00e9quipe:\u00a0<\/strong><\/span><span style=\"color: #000000;\">PR. LALAM Mustapha<img loading=\"lazy\" class=\"alignnone size-full wp-image-93 alignright\" src=\"http:\/\/labs.ummto.dz\/lari\/wp-content\/uploads\/2017\/12\/images.jpg\" alt=\"\" width=\"233\" height=\"216\" \/><\/span><\/p>\n<p><span style=\"color: #000080;\"><strong>Domaine<\/strong>:<\/span><\/p>\n<p><span style=\"color: #000080;\"><strong>Mot cl\u00e9<\/strong>:<\/span><\/p>\n<p><span style=\"color: #000080;\"><strong>Description de la th\u00e9matique de recherche de l\u2019\u00e9quipe:<\/strong>\u00a0<\/span><\/p>\n<p><span style=\"color: #000000;\">Les travaux de recherche de l&rsquo;\u00e9quipe portent sur les Architectures Mobiles (R\u00e9seaux de Capteurs sans fil, MANET, VANET, BAN, SOC, NOC), sur le D\u00e9ploiement de services ( routage, s\u00e9curit\u00e9, gestion \u00e9nerg\u00e9tique, fusion et agr\u00e9gation de donn\u00e9es, pr\u00e9diction de ressources, etc &#8230;) sur ces architectures,sur les Syst\u00e8mes Embarqu\u00e9s (conception d&rsquo;algorithmes \u00e0 impl\u00e9menter sur des circuits de type FPGA, hi\u00e9rachie m\u00e9moire en particulier la gestion optimale de Scratch Pad memory et sur les IOT (Internet of Things et Identifiant of Things). L&rsquo;approche de recherche est une recherche appliqu\u00e9e qui s&rsquo;inscrit dans la th\u00e9matique futuriste d\u00e9di\u00e9e aux \u00a0\u00bb Smart Cyties\u00a0\u00bb (Villes Intelligentes).<\/span><\/p>\n<p><span style=\"color: #000080;\"><strong>Fondements Scientifiques (D\u00e9cliner les grands th\u00e8mes de travail que l\u2019\u00e9quipe propose)<\/strong><\/span><\/p>\n<p><span style=\"color: #000080;\"><strong>Liste exhaustive des membres permanents de l\u2019\u00e9quipe:<\/strong><\/span><\/p>\n<p>&nbsp;<\/p>\n","protected":false},"excerpt":{"rendered":"<p>Chef d\u2019\u00e9quipe:\u00a0PR. LALAM Mustapha Domaine: Mot cl\u00e9: Description de la th\u00e9matique de recherche de l\u2019\u00e9quipe:\u00a0 Les travaux de recherche de l&rsquo;\u00e9quipe portent sur les Architectures Mobiles (R\u00e9seaux de Capteurs sans fil, MANET, VANET, BAN,&#46;&#46;&#46;<\/p>\n","protected":false},"author":1,"featured_media":0,"parent":0,"menu_order":0,"comment_status":"closed","ping_status":"closed","template":"","meta":[],"_links":{"self":[{"href":"http:\/\/labs.ummto.dz\/lari\/index.php\/wp-json\/wp\/v2\/pages\/30"}],"collection":[{"href":"http:\/\/labs.ummto.dz\/lari\/index.php\/wp-json\/wp\/v2\/pages"}],"about":[{"href":"http:\/\/labs.ummto.dz\/lari\/index.php\/wp-json\/wp\/v2\/types\/page"}],"author":[{"embeddable":true,"href":"http:\/\/labs.ummto.dz\/lari\/index.php\/wp-json\/wp\/v2\/users\/1"}],"replies":[{"embeddable":true,"href":"http:\/\/labs.ummto.dz\/lari\/index.php\/wp-json\/wp\/v2\/comments?post=30"}],"version-history":[{"count":5,"href":"http:\/\/labs.ummto.dz\/lari\/index.php\/wp-json\/wp\/v2\/pages\/30\/revisions"}],"predecessor-version":[{"id":94,"href":"http:\/\/labs.ummto.dz\/lari\/index.php\/wp-json\/wp\/v2\/pages\/30\/revisions\/94"}],"wp:attachment":[{"href":"http:\/\/labs.ummto.dz\/lari\/index.php\/wp-json\/wp\/v2\/media?parent=30"}],"curies":[{"name":"wp","href":"https:\/\/api.w.org\/{rel}","templated":true}]}}