
{"id":32,"date":"2017-12-05T11:15:12","date_gmt":"2017-12-05T10:15:12","guid":{"rendered":"http:\/\/labs.ummto.dz\/lari\/?page_id=32"},"modified":"2017-12-12T14:07:57","modified_gmt":"2017-12-12T13:07:57","slug":"equipe-02","status":"publish","type":"page","link":"http:\/\/labs.ummto.dz\/lari\/index.php\/equipe-02\/","title":{"rendered":"\u00c9quipe 02: Syst\u00e8mes d&rsquo;information \u00c9tendus"},"content":{"rendered":"<p><span style=\"color: #000080;\"><strong><img loading=\"lazy\" class=\"alignnone size-medium wp-image-119 alignright\" src=\"http:\/\/labs.ummto.dz\/lari\/wp-content\/uploads\/2017\/12\/shutterstock_234708769_2_0-300x200.jpg\" alt=\"\" width=\"300\" height=\"200\" srcset=\"http:\/\/labs.ummto.dz\/lari\/wp-content\/uploads\/2017\/12\/shutterstock_234708769_2_0-300x200.jpg 300w, http:\/\/labs.ummto.dz\/lari\/wp-content\/uploads\/2017\/12\/shutterstock_234708769_2_0.jpg 500w\" sizes=\"(max-width: 300px) 100vw, 300px\" \/>Chef d\u2019\u00e9quipe:\u00a0<\/strong><\/span><strong><span style=\"color: #000000;\">DR. RASSOUL Idir<\/span><\/strong><\/p>\n<p><span style=\"color: #000080;\"><strong>Domaine<\/strong>:<\/span><\/p>\n<p><span style=\"color: #000080;\"><strong>Mot cl\u00e9<\/strong>:<\/span><\/p>\n<p><span style=\"color: #000080;\"><strong>Description de la th\u00e9matique de recherche de l\u2019\u00e9quipe:<\/strong>\u00a0<\/span><\/p>\n<p><span style=\"color: #000000;\">La th\u00e9matique de notre \u00e9quipe vise \u00e0 concr\u00e9tiser les objectifs suivants:<\/span><\/p>\n<p><span style=\"color: #000000;\"> \u2022 D\u00e9velopper les aspects li\u00e9s aux syst\u00e8mes d\u2019information \u00e9tendus, pervasifs et l&rsquo;aide \u00e0 la d\u00e9cision.<\/span><\/p>\n<p><span style=\"color: #000000;\"> \u2022 La reconnaissance juridique de la signature \u00e9lectronique qui est la pierre angulaire pour assurer la s\u00e9curit\u00e9 et la fiabilit\u00e9 des \u00e9changes dans les r\u00e9seaux<\/span><\/p>\n<p><span style=\"color: #000000;\">\u2022 Organiser les \u00e9changes \u00e9lectroniques par la mise en place de garanties sp\u00e9cifiques \u00e0 la fois sur le plan technique et sur le plan juridique, ces deux aspects \u00e9tant indissociablement li\u00e9s.<\/span><\/p>\n<p><span style=\"color: #000000;\"> \u2022 Usage des appareils mobiles en syst\u00e8mes d\u2019information pervasifs. Perte de donn\u00e9es. S\u00e9curisation de la transmission des donn\u00e9es.<\/span><\/p>\n<p><span style=\"color: #000080;\"><strong>Liste exhaustive des membres permanents de l\u2019\u00e9quipe:<\/strong><\/span><\/p>\n<table class=\"main\" border=\"1\" width=\"500\">\n<tbody>\n<tr>\n<th scope=\"col\" width=\"150\">Nom et pr\u00e9nom<\/th>\n<th scope=\"col\" width=\"150\">Grade<\/th>\n<th scope=\"col\" width=\"150\">email<\/th>\n<\/tr>\n<tr>\n<td align=\"center\">DEMRI Mohammed<\/td>\n<td align=\"center\">MAA<\/td>\n<td align=\"center\">med,demri@gmail.com<\/td>\n<\/tr>\n<tr>\n<td align=\"center\">OUAMRANE Mohamed<\/td>\n<td align=\"center\">MAA<\/td>\n<td align=\"center\">ouamrane@live,com<\/td>\n<\/tr>\n<tr>\n<td align=\"center\">AID Aicha<\/td>\n<td align=\"center\">Doc<\/td>\n<td align=\"center\">aid-aicha@hotmail.fr<\/td>\n<\/tr>\n<tr>\n<td align=\"center\">RADJA Chakika<\/td>\n<td align=\"center\">Doc<\/td>\n<td align=\"center\">radjai.chafiqa@gmail.com<\/td>\n<\/tr>\n<tr>\n<td align=\"center\">SAIDANI R\u00e9dha Fay\u00e7al<\/td>\n<td align=\"center\">Doc<\/td>\n<td align=\"center\">saidani.faical@gmail.com<\/td>\n<\/tr>\n<tr>\n<td align=\"center\">KOULOUGLI Dalila<\/td>\n<td>DOC<\/td>\n<td align=\"center\">koulougli_dalila@hotmail.com<\/td>\n<\/tr>\n<tr>\n<td align=\"center\">AIMENE Sonia<\/td>\n<td>Doc<\/td>\n<td align=\"center\">aimene.sonya@gmail.com<\/td>\n<\/tr>\n<tr>\n<td align=\"center\">RASSOUL Idir<\/td>\n<td>MCA<\/td>\n<td align=\"center\">idir_rassoul@yahoo.fr<\/td>\n<\/tr>\n<\/tbody>\n<\/table>\n","protected":false},"excerpt":{"rendered":"<p>Chef d\u2019\u00e9quipe:\u00a0DR. RASSOUL Idir Domaine: Mot cl\u00e9: Description de la th\u00e9matique de recherche de l\u2019\u00e9quipe:\u00a0 La th\u00e9matique de notre \u00e9quipe vise \u00e0 concr\u00e9tiser les objectifs suivants: \u2022 D\u00e9velopper les aspects li\u00e9s aux syst\u00e8mes d\u2019information&#46;&#46;&#46;<\/p>\n","protected":false},"author":1,"featured_media":0,"parent":0,"menu_order":0,"comment_status":"closed","ping_status":"closed","template":"","meta":[],"_links":{"self":[{"href":"http:\/\/labs.ummto.dz\/lari\/index.php\/wp-json\/wp\/v2\/pages\/32"}],"collection":[{"href":"http:\/\/labs.ummto.dz\/lari\/index.php\/wp-json\/wp\/v2\/pages"}],"about":[{"href":"http:\/\/labs.ummto.dz\/lari\/index.php\/wp-json\/wp\/v2\/types\/page"}],"author":[{"embeddable":true,"href":"http:\/\/labs.ummto.dz\/lari\/index.php\/wp-json\/wp\/v2\/users\/1"}],"replies":[{"embeddable":true,"href":"http:\/\/labs.ummto.dz\/lari\/index.php\/wp-json\/wp\/v2\/comments?post=32"}],"version-history":[{"count":6,"href":"http:\/\/labs.ummto.dz\/lari\/index.php\/wp-json\/wp\/v2\/pages\/32\/revisions"}],"predecessor-version":[{"id":123,"href":"http:\/\/labs.ummto.dz\/lari\/index.php\/wp-json\/wp\/v2\/pages\/32\/revisions\/123"}],"wp:attachment":[{"href":"http:\/\/labs.ummto.dz\/lari\/index.php\/wp-json\/wp\/v2\/media?parent=32"}],"curies":[{"name":"wp","href":"https:\/\/api.w.org\/{rel}","templated":true}]}}