
{"id":99,"date":"2017-12-11T14:46:42","date_gmt":"2017-12-11T13:46:42","guid":{"rendered":"http:\/\/labs.ummto.dz\/lari\/?page_id=99"},"modified":"2017-12-12T14:49:30","modified_gmt":"2017-12-12T13:49:30","slug":"equipe-5-reseaux-vehiculaires","status":"publish","type":"page","link":"http:\/\/labs.ummto.dz\/lari\/index.php\/equipe-5-reseaux-vehiculaires\/","title":{"rendered":"Equipe 05: R\u00e9seaux V\u00e9hiculaires"},"content":{"rendered":"<p><span style=\"color: #000080;\"><strong>Chef d\u2019\u00e9quipe:\u00a0<\/strong><\/span><span style=\"color: #000000;\"><strong>DR. AOUDJIT Rachida<\/strong><\/span><\/p>\n<p><span style=\"color: #000080;\"><strong>Domaine<\/strong>:<\/span><\/p>\n<p><span style=\"color: #000080;\"><strong>Mot cl\u00e9<\/strong>:<\/span><\/p>\n<p><span style=\"color: #000080;\"><strong>Description de la th\u00e9matique de recherche de l\u2019\u00e9quipe:<\/strong>\u00a0<\/span><\/p>\n<p><span style=\"color: #000000;\">Dans un futur proche, les v\u00e9hicules sont appel\u00e9s \u00e0 devenir de plus en plus intelligents, et ce, notamment gr\u00e2ce \u00e0 l\u2019ajout de communication sans fil. Ainsi, par le biais de communication v\u00e9hicule \u00e0 v\u00e9hicule, les v\u00e9hicules seront \u00e0 l\u2019\u00e9coute de l\u2019environnement et partageront des informations. Les solutions propos\u00e9es dans la litt\u00e9rature pour les r\u00e9seaux Manets ne s\u2019adaptent pas directement sur les VANET. De ce fait le challenge demeure de proposer des solutions qui prennent en charge les sp\u00e9cificit\u00e9s et caract\u00e9ristiques des r\u00e9seaux VANET. Dans cette \u00e9quipe nous nous fixons les objectifs suivants : <\/span><\/p>\n<ul>\n<li><span style=\"color: #000000;\">D\u00e9veloppement de nouveaux protocoles de communication inter-v\u00e9hicules,<\/span><\/li>\n<li><span style=\"color: #000000;\">Diffusion temps r\u00e9el des messages d&rsquo;alarme de fa\u00e7on fiable,<\/span><\/li>\n<li><span style=\"color: #000000;\">Identification et localisation des v\u00e9hicules,<\/span><\/li>\n<li><span style=\"color: #000000;\">Contribution \u00e0 la r\u00e9alisation des communications s\u00e9curis\u00e9es inter-v\u00e9hicules.<\/span><\/li>\n<\/ul>\n<p><span style=\"color: #000080;\"><strong>Liste exhaustive des membres permanents de l\u2019\u00e9quipe:<\/strong><\/span><\/p>\n<table class=\"main\" border=\"1\" width=\"500\">\n<tbody>\n<tr>\n<th scope=\"col\" width=\"150\"><span style=\"color: #000000;\">Nom et pr\u00e9nom<\/span><\/th>\n<th scope=\"col\" width=\"150\"><span style=\"color: #000000;\">Grade<\/span><\/th>\n<th scope=\"col\" width=\"150\"><span style=\"color: #000000;\">email<\/span><\/th>\n<\/tr>\n<tr>\n<td align=\"center\">AOUDJIT Rachida<\/td>\n<td align=\"center\">MAA<\/td>\n<td align=\"center\">aoudjit_rachida@yahoo.com<\/td>\n<\/tr>\n<tr>\n<td align=\"center\">CHEMOUN Karima<\/td>\n<td align=\"center\">Doc<\/td>\n<td align=\"center\">karima_chemoun@yahoo.fr<\/td>\n<\/tr>\n<tr>\n<td align=\"center\">MERABTENE Amel<\/td>\n<td align=\"center\">Doc<\/td>\n<td align=\"center\">merabtene.amel@gmail.com<\/td>\n<\/tr>\n<tr>\n<td align=\"center\">OUBABAS Sarah<\/td>\n<td align=\"center\">Doc<\/td>\n<td align=\"center\">o_sarah2008@yahoo.fr<\/td>\n<\/tr>\n<\/tbody>\n<\/table>\n","protected":false},"excerpt":{"rendered":"<p>Chef d\u2019\u00e9quipe:\u00a0DR. AOUDJIT Rachida Domaine: Mot cl\u00e9: Description de la th\u00e9matique de recherche de l\u2019\u00e9quipe:\u00a0 Dans un futur proche, les v\u00e9hicules sont appel\u00e9s \u00e0 devenir de plus en plus intelligents, et ce, notamment gr\u00e2ce&#46;&#46;&#46;<\/p>\n","protected":false},"author":1,"featured_media":0,"parent":0,"menu_order":0,"comment_status":"closed","ping_status":"closed","template":"","meta":[],"_links":{"self":[{"href":"http:\/\/labs.ummto.dz\/lari\/index.php\/wp-json\/wp\/v2\/pages\/99"}],"collection":[{"href":"http:\/\/labs.ummto.dz\/lari\/index.php\/wp-json\/wp\/v2\/pages"}],"about":[{"href":"http:\/\/labs.ummto.dz\/lari\/index.php\/wp-json\/wp\/v2\/types\/page"}],"author":[{"embeddable":true,"href":"http:\/\/labs.ummto.dz\/lari\/index.php\/wp-json\/wp\/v2\/users\/1"}],"replies":[{"embeddable":true,"href":"http:\/\/labs.ummto.dz\/lari\/index.php\/wp-json\/wp\/v2\/comments?post=99"}],"version-history":[{"count":5,"href":"http:\/\/labs.ummto.dz\/lari\/index.php\/wp-json\/wp\/v2\/pages\/99\/revisions"}],"predecessor-version":[{"id":133,"href":"http:\/\/labs.ummto.dz\/lari\/index.php\/wp-json\/wp\/v2\/pages\/99\/revisions\/133"}],"wp:attachment":[{"href":"http:\/\/labs.ummto.dz\/lari\/index.php\/wp-json\/wp\/v2\/media?parent=99"}],"curies":[{"name":"wp","href":"https:\/\/api.w.org\/{rel}","templated":true}]}}