
{"id":118,"date":"2017-07-11T13:27:53","date_gmt":"2017-07-11T11:27:53","guid":{"rendered":"http:\/\/labs.ummto.dz\/laromad\/?page_id=118"},"modified":"2019-10-21T12:03:16","modified_gmt":"2019-10-21T10:03:16","slug":"equipe-04","status":"publish","type":"page","link":"http:\/\/labs.ummto.dz\/laromad\/index.php\/equipe-04\/","title":{"rendered":"Equipe 04: Optimisation multicrit\u00e8re stochastique et Trafic urbain"},"content":{"rendered":"<p><span style=\"color: #000080;\"><strong>Chef d\u2019\u00e9quipe:<\/strong><span style=\"color: #000000;\">\u00a0Dr BELLAHCENE Ep RABIA Fatima<img loading=\"lazy\" class=\"alignnone size-medium wp-image-101 alignright\" src=\"http:\/\/labs.ummto.dz\/laromad\/wp-content\/uploads\/2017\/07\/real-cobb-douglas-production-function1-300x196.png\" alt=\"\" width=\"300\" height=\"196\" srcset=\"http:\/\/labs.ummto.dz\/laromad\/wp-content\/uploads\/2017\/07\/real-cobb-douglas-production-function1-300x196.png 300w, http:\/\/labs.ummto.dz\/laromad\/wp-content\/uploads\/2017\/07\/real-cobb-douglas-production-function1.png 676w\" sizes=\"(max-width: 300px) 100vw, 300px\" \/><\/span><\/span><\/p>\n<p><span style=\"color: #000080;\"><strong>Domaine<\/strong>:\u00a0<span style=\"color: #000000;\">Optimisation multicrit\u00e8re stochastique-Trafic urbain<\/span><\/span><\/p>\n<p><span style=\"color: #000080;\"><strong>Mot cl\u00e9<\/strong>: <span style=\"color: #000000;\">R\u00e9gulation, fluidit\u00e9, commande en mode glissant, trafic, transport.<\/span><\/span><\/p>\n<p><span style=\"text-decoration: underline;\"><span style=\"color: #000080;\"><strong>Description de la th\u00e9matique de recherche de l\u2019\u00e9quipe:<\/strong><\/span><\/span><\/p>\n<p><span style=\"color: #000000;\">Notre objectif est de d\u00e9velopper et de mettre en \u0153uvre des algorithmes de r\u00e9solution des probl\u00e8mes de l\u2019environnement, de l\u2019\u00e9conomie et du trafic urbain. Dans le domaine du trafic urbain (Transport), il s\u2019agit de d\u00e9finir un crit\u00e8re qui permet de traduire notre objectif de r\u00e9gulation en termes d\u2019\u00e9quations aux d\u00e9riv\u00e9es partielles. Ce crit\u00e8re doit \u00eatre exprim\u00e9 en termes des variables de commande et doit viser \u00e0 am\u00e9liorer le temps de parcours tout en veillant \u00e0 la fluidit\u00e9 de l\u2019\u00e9coulement. Plusieurs pistes sont \u00e0 exploiter, notamment la commande optimale sous contraintes des syst\u00e8mes non lin\u00e9aires, la commande en mode glissant, etc.<\/span><\/p>\n<p><span style=\"text-decoration: underline;\"><strong><span style=\"color: #000080; text-decoration: underline;\">Liste exhaustive des doctorants membres de l\u2019\u00e9quipe:<\/span><\/strong><\/span><\/p>\n<table>\n<tbody>\n<tr>\n<td width=\"72\"><span style=\"color: #000000;\"><strong><em>M.\/M<sup>me<\/sup><\/em><\/strong><\/span><\/td>\n<td width=\"150\"><span style=\"color: #000000;\"><strong><em>Nom et Pr\u00e9noms<\/em><\/strong><\/span><\/td>\n<td width=\"141\"><span style=\"color: #000000;\"><strong><em>Dernier dipl\u00f4me<\/em><\/strong><\/span><\/td>\n<td width=\"121\"><span style=\"color: #000000;\"><strong><em>Grade<\/em><\/strong><\/span><\/td>\n<td width=\"121\"><span style=\"color: #000000;\"><strong><em>Domaine<\/em><\/strong><\/span><\/td>\n<td width=\"196\"><span style=\"color: #000000;\"><strong><em>Structure de rattachement<\/em><\/strong><\/span><\/td>\n<td width=\"240\"><span style=\"color: #000000;\"><strong><em>Email actif<\/em><\/strong><\/span><\/td>\n<\/tr>\n<tr>\n<td width=\"72\"><span style=\"color: #000000;\"><em>M<sup>me<\/sup><\/em><\/span><\/td>\n<td width=\"150\"><span style=\"color: #000000;\"><em>BELLAHCENE EP RABIA Fatima<\/em><\/span><\/td>\n<td width=\"141\"><span style=\"color: #000000;\"><em>HABILITATION<\/em><\/span><\/td>\n<td width=\"121\"><span style=\"color: #000000;\"><em>M.C.A<\/em><\/span><\/td>\n<td width=\"121\"><span style=\"color: #000000;\"><em>Math\u00e9matiques<\/em><\/span><\/td>\n<td width=\"196\"><span style=\"color: #000000;\"><em>LAROMAD<\/em><\/span><\/p>\n<p><span style=\"color: #000000;\"><em>Facult\u00e9 des Sciences<\/em><\/span><\/td>\n<td width=\"240\"><span style=\"color: #000000;\"><em>Belahcene.fat@gmail.com<\/em><\/span><\/td>\n<\/tr>\n<tr>\n<td width=\"72\"><span style=\"color: #000000;\"><em>M<sup>me<\/sup><\/em><\/span><\/td>\n<td width=\"150\"><span style=\"color: #000000;\"><em>ZERDANI EP BOUARAB Ouiza<\/em><\/span><\/td>\n<td width=\"141\"><span style=\"color: #000000;\"><em>HABILITATION<\/em><\/span><\/td>\n<td width=\"121\"><span style=\"color: #000000;\"><em>M.C.A<\/em><\/span><\/td>\n<td width=\"121\"><span style=\"color: #000000;\"><em>Math\u00e9matiques<\/em><\/span><\/td>\n<td width=\"196\"><span style=\"color: #000000;\"><em>LAROMAD<\/em><\/span><\/p>\n<p><span style=\"color: #000000;\"><em>Facult\u00e9 des Sciences<\/em><\/span><\/td>\n<td width=\"240\"><span style=\"color: #000000;\"><em>ouizabouarab@gmail.com<\/em><\/span><\/td>\n<\/tr>\n<tr>\n<td width=\"72\"><span style=\"color: #000000;\"><em>M<sup>r<\/sup><\/em><\/span><\/td>\n<td width=\"150\"><span style=\"color: #000000;\"><em>SMAIL RABAH<\/em><\/span><\/td>\n<td width=\"141\"><span style=\"color: #000000;\"><em>Magist\u00e8re<\/em><\/span><\/td>\n<td width=\"121\"><span style=\"color: #000000;\"><em>M.A.A<\/em><\/span><\/td>\n<td width=\"121\"><span style=\"color: #000000;\"><em>Math\u00e9matiques<\/em><\/span><\/td>\n<td width=\"196\"><span style=\"color: #000000;\"><em>LAROMAD<\/em><\/span><\/p>\n<p><span style=\"color: #000000;\"><em>Facult\u00e9 des Sciences<\/em><\/span><\/td>\n<td width=\"240\"><span style=\"color: #000000;\"><em>\u00a0<\/em><\/span><\/td>\n<\/tr>\n<\/tbody>\n<\/table>\n<p><strong style=\"color: #000080; text-decoration-line: underline;\">Liste exhaustive des doctorants membres de l\u2019\u00e9quipe:<\/strong><\/p>\n<table>\n<tbody>\n<tr>\n<td width=\"236\"><span style=\"color: #000000;\"><strong><em>Nom et Pr\u00e9nom<\/em><\/strong><\/span><\/td>\n<td width=\"272\"><span style=\"color: #000000;\"><strong><em>Inscrit depuis (Mois\/Ann\u00e9e)<\/em><\/strong><\/span><\/td>\n<td width=\"331\"><span style=\"color: #000000;\"><strong><em>Nom et Pr\u00e9nom du ou des encadreurs<\/em><\/strong><\/span><\/td>\n<\/tr>\n<tr>\n<td width=\"236\"><span style=\"color: #000000;\"><em>KASRI RAMZI<\/em><\/span><\/td>\n<td width=\"272\"><span style=\"color: #000000;\"><em>Octobre 2016<\/em><\/span><\/td>\n<td width=\"331\"><span style=\"color: #000000;\"><em>BELLAHCENE EP RABIA Fatima<\/em><\/span><\/td>\n<\/tr>\n<tr>\n<td width=\"236\"><span style=\"color: #000000;\"><em>SIFAOUI THIZIRI<\/em><\/span><\/td>\n<td width=\"272\"><span style=\"color: #000000;\"><em>Octobre 2015<\/em><\/span><\/td>\n<td width=\"331\"><span style=\"color: #000000;\"><em>AIDER Meziane<\/em><\/span><\/td>\n<\/tr>\n<\/tbody>\n<\/table>\n","protected":false},"excerpt":{"rendered":"<p>Chef d\u2019\u00e9quipe:\u00a0Dr BELLAHCENE Ep RABIA Fatima Domaine:\u00a0Optimisation multicrit\u00e8re stochastique-Trafic urbain Mot cl\u00e9: R\u00e9gulation, fluidit\u00e9, commande en mode glissant, trafic, transport. Description de la th\u00e9matique de recherche de l\u2019\u00e9quipe: Notre objectif est de d\u00e9velopper et&#46;&#46;&#46;<\/p>\n","protected":false},"author":1,"featured_media":0,"parent":0,"menu_order":0,"comment_status":"closed","ping_status":"closed","template":"","meta":[],"_links":{"self":[{"href":"http:\/\/labs.ummto.dz\/laromad\/index.php\/wp-json\/wp\/v2\/pages\/118"}],"collection":[{"href":"http:\/\/labs.ummto.dz\/laromad\/index.php\/wp-json\/wp\/v2\/pages"}],"about":[{"href":"http:\/\/labs.ummto.dz\/laromad\/index.php\/wp-json\/wp\/v2\/types\/page"}],"author":[{"embeddable":true,"href":"http:\/\/labs.ummto.dz\/laromad\/index.php\/wp-json\/wp\/v2\/users\/1"}],"replies":[{"embeddable":true,"href":"http:\/\/labs.ummto.dz\/laromad\/index.php\/wp-json\/wp\/v2\/comments?post=118"}],"version-history":[{"count":7,"href":"http:\/\/labs.ummto.dz\/laromad\/index.php\/wp-json\/wp\/v2\/pages\/118\/revisions"}],"predecessor-version":[{"id":173,"href":"http:\/\/labs.ummto.dz\/laromad\/index.php\/wp-json\/wp\/v2\/pages\/118\/revisions\/173"}],"wp:attachment":[{"href":"http:\/\/labs.ummto.dz\/laromad\/index.php\/wp-json\/wp\/v2\/media?parent=118"}],"curies":[{"name":"wp","href":"https:\/\/api.w.org\/{rel}","templated":true}]}}