
{"id":15,"date":"2017-07-10T12:21:38","date_gmt":"2017-07-10T10:21:38","guid":{"rendered":"http:\/\/labs.ummto.dz\/laromad\/?page_id=15"},"modified":"2017-07-11T15:45:13","modified_gmt":"2017-07-11T13:45:13","slug":"communication-internationale","status":"publish","type":"page","link":"http:\/\/labs.ummto.dz\/laromad\/index.php\/communication-internationale\/","title":{"rendered":"Communication Internationale"},"content":{"rendered":"<ol>\n<li><span style=\"color: #000000;\">B. Sadi, B1- orientable graphs, 3\u00e8me CIRO, Marrakech, 2002<\/span>\u00a0<img loading=\"lazy\" class=\"alignnone size-medium wp-image-137 alignright\" src=\"http:\/\/labs.ummto.dz\/laromad\/wp-content\/uploads\/2017\/07\/communication-300x169-1-300x169.png\" alt=\"\" width=\"300\" height=\"169\" \/><strong><a class=\"spip_url spip_out\" href=\"http:\/\/www.andru.gov.dz\/Publication\/pub.php\" rel=\"nofollow external\">www.andru.gov.dz\/Publication..<\/a><\/strong><\/li>\n<li><span style=\"color: #000000;\">M.AIDENE &amp;B.OUKACHA\u00a0<strong>\u00ab\u00a0IV\u00e8me Conf\u00e9rence Internationale en Recherche Op\u00e9rationnelle\u00a0\u00bb\u00a0<\/strong>CIRO\u201905, organis\u00e9 du 22-26 Mai 2005 \u00e0 Marrakech (MAROC), la communication ayant pour titre\u00a0<strong>\u00ab\u00a0R\u00e9solution d\u2019un syst\u00e8me dynamique lin\u00e9aire avec une commande poly\u00e8drale\u00a0\u00bb.<\/strong><\/span><\/li>\n<li><span style=\"color: #000000;\">Nam Nguyen Canh, Le Thi Hoai An, Mohand.Ouanes, A combined DCA and Branch and Bound using new convex quadratic underestimation for globally solving box constrained quadratic programming problem, Conference conjointe, Francoro V \/ Roadef 2007, 2007<strong>lita.sciences.univ-metz.fr\/\u00a0lethi\/publication.html<\/strong><\/span><\/li>\n<li><span style=\"color: #000000;\">Le Thi Hoai An, Mohand.Ouanes, A Branch and Bound Algorithm for Convex Semi-infinite programming, NCP\u201907, INSA Rouen France, 2007 (Soumis pour special issue)<strong>ncp07.insa-rouen.fr\/NCP07_programm_session.pdf<\/strong><\/span><\/li>\n<li><span style=\"color: #000000;\">Le Thi Hoai An, Mohand Ouanes et Ahmed Zidna, An adapted branch and bound method for finding all real roots of polynomial, MCO\u201908 Universit\u00e9 de Metz, France ,2008\u00a0<\/span><strong><a class=\"spip_url spip_out\" href=\"http:\/\/www.lita.univ-metz.fr\/~mco08\/...\/MCO08_program_by_session.pdf\" rel=\"nofollow external\">www.lita.univ-metz.fr\/\u00a0mco08&#8230;<\/a><\/strong><\/li>\n<\/ol>\n","protected":false},"excerpt":{"rendered":"<p>B. Sadi, B1- orientable graphs, 3\u00e8me CIRO, Marrakech, 2002\u00a0www.andru.gov.dz\/Publication.. M.AIDENE &amp;B.OUKACHA\u00a0\u00ab\u00a0IV\u00e8me Conf\u00e9rence Internationale en Recherche Op\u00e9rationnelle\u00a0\u00bb\u00a0CIRO\u201905, organis\u00e9 du 22-26 Mai 2005 \u00e0 Marrakech (MAROC), la communication ayant pour titre\u00a0\u00ab\u00a0R\u00e9solution d\u2019un syst\u00e8me dynamique lin\u00e9aire avec&#46;&#46;&#46;<\/p>\n","protected":false},"author":1,"featured_media":0,"parent":0,"menu_order":0,"comment_status":"closed","ping_status":"closed","template":"","meta":[],"_links":{"self":[{"href":"http:\/\/labs.ummto.dz\/laromad\/index.php\/wp-json\/wp\/v2\/pages\/15"}],"collection":[{"href":"http:\/\/labs.ummto.dz\/laromad\/index.php\/wp-json\/wp\/v2\/pages"}],"about":[{"href":"http:\/\/labs.ummto.dz\/laromad\/index.php\/wp-json\/wp\/v2\/types\/page"}],"author":[{"embeddable":true,"href":"http:\/\/labs.ummto.dz\/laromad\/index.php\/wp-json\/wp\/v2\/users\/1"}],"replies":[{"embeddable":true,"href":"http:\/\/labs.ummto.dz\/laromad\/index.php\/wp-json\/wp\/v2\/comments?post=15"}],"version-history":[{"count":5,"href":"http:\/\/labs.ummto.dz\/laromad\/index.php\/wp-json\/wp\/v2\/pages\/15\/revisions"}],"predecessor-version":[{"id":156,"href":"http:\/\/labs.ummto.dz\/laromad\/index.php\/wp-json\/wp\/v2\/pages\/15\/revisions\/156"}],"wp:attachment":[{"href":"http:\/\/labs.ummto.dz\/laromad\/index.php\/wp-json\/wp\/v2\/media?parent=15"}],"curies":[{"name":"wp","href":"https:\/\/api.w.org\/{rel}","templated":true}]}}