
{"id":17,"date":"2017-07-10T12:21:50","date_gmt":"2017-07-10T10:21:50","guid":{"rendered":"http:\/\/labs.ummto.dz\/laromad\/?page_id=17"},"modified":"2017-07-11T15:44:09","modified_gmt":"2017-07-11T13:44:09","slug":"communication-nationale","status":"publish","type":"page","link":"http:\/\/labs.ummto.dz\/laromad\/index.php\/communication-nationale\/","title":{"rendered":"Communication Nationale"},"content":{"rendered":"<ol>\n<li><span style=\"color: #000000;\">B. Sadi, Encha\u00eenement d\u2019ensembles partiellement ordonn\u00e9s, 4\u00e8me Rencontre de Recherche op\u00e9rationnelle, Alger, 1996<img loading=\"lazy\" class=\"alignnone wp-image-137 alignright\" src=\"http:\/\/labs.ummto.dz\/laromad\/wp-content\/uploads\/2017\/07\/communication-300x169-1-300x169.png\" alt=\"\" width=\"291\" height=\"164\" \/><\/span><\/li>\n<li><span style=\"color: #000000;\">B. Sadi, Cycles in graphs, RAMA II, Centre universitaire Med Boudiaf, Msila, 2000<\/span><\/li>\n<li><span style=\"color: #000000;\">Merzak Taflis et Bachir Sadi, Les graphes triangil\u00e9s sont desgraphes B1-orientables, accept\u00e9 pour publication dans les Actes de COSI 09, Annaba 25-27 mai 2009<\/span>.<strong><a class=\"spip_url spip_out\" href=\"http:\/\/www.isima.fr\/cosi\/cosi2009\/programme.php\" rel=\"nofollow external\">www.isima.fr\/cosi\/cosi2009\/p&#8230;<\/a><\/strong><\/li>\n<li><span style=\"color: #000000;\">Djamel Talem et Bachir Sadi, Ensembles partiellementordonn\u00e9s\u00a0: \u00e9tude d\u2019ordres convergents, accept\u00e9 pour publication dans les Actes de COSI 09, Annaba 25-27 mai 2009.<\/span><strong><a class=\"spip_url spip_out\" href=\"http:\/\/www.isima.fr\/cosi\/cosi2009\/programme.php\" rel=\"nofollow external\">www.isima.fr\/cosi\/cosi2009\/p&#8230;<\/a><\/strong><\/li>\n<li><span style=\"color: #000000;\">M.AIDENE &amp;B.OUKACHA .Rencontre des Math\u00e9maticiens Alg\u00e9riens (RMA 2000), la communication ayant pour titre\u00a0<strong>\u00ab\u00a0R\u00e9solution de probl\u00e8mes de contr\u00f4le optimal\u00a0\u00bb.<\/strong><\/span><\/li>\n<li><span style=\"color: #000000;\">\u00a0M.AIDENE &amp;B.OUKACHA .colloque EDP2002, organis\u00e9 \u00e0 l\u2019USTHB, la communication ayant pour titre\u00a0<strong>\u00ab\u00a0Algorithme for the min-max problem\u00a0\u00bb.<\/strong><\/span><\/li>\n<li><span style=\"color: #000000;\">\u00a0F\u00e9vrier 2003\u00a0:Participation au premier s\u00e9minaire sur l\u2019organisation p\u00e9dagogique, organis\u00e9 par la Facult\u00e9 des sciences de l\u2019Universit\u00e9 Mouloud Mammeri de Tizi-Ouzou.<\/span><\/li>\n<li><span style=\"color: #000000;\">\u00a0Mai 2003\u00a0:Participation \u00e0 la journ\u00e9e d\u2019\u00e9tudes\u00a0<strong>\u00ab\u00a0Banque des donn\u00e9es et traitement statistique\u00a0\u00bb<\/strong>\u00a0organis\u00e9 par le laboratoire LAMOS de l\u2019universit\u00e9 de b\u00e9jaia.<\/span><\/li>\n<li><span style=\"color: #000000;\">\u00a0M.AIDENE &amp;B.OUKACHA. Colloque sur \u00ab\u00a0Les m\u00e9thodes et outils d\u2019aide \u00e0 la d\u00e9cision\u00a0\u00bb MOAD\u201904, organis\u00e9 les 28, 29 et 30 Novembre 2004 \u00e0 l\u2019Universit\u00e9 de Saida, la communication ayant pour titre \u00ab\u00a0Crit\u00e8re d\u2019optimalit\u00e9 d\u2019un syst\u00e8me dynamique lin\u00e9aire avec une commande poly\u00e8drale\u00a0\u00bb.<\/span><\/li>\n<li><span style=\"color: #000000;\">\u00a0M.AIDENE &amp;B.OUKACHA. colloque international sur<strong>\u00a0\u00ab\u00a0L\u2019optimisation et syst\u00e8mes d\u2019information\u00a0\u00bb<\/strong>\u00a0COSI\u201905, organis\u00e9 les 12, 13 et 14 Juin 2005 \u00e0 l\u2019Universit\u00e9 de B\u00e9jaia, la communication ayant pour titre\u00a0<\/span><strong><span style=\"color: #000000;\">\u00ab\u00a0R\u00e9solution d\u2019un probl\u00e8me min-max avec une commande vectorielle\u00a0\u00bb<\/span>.<\/strong><strong><a class=\"spip_url spip_out\" href=\"http:\/\/www.isima.fr\/cosi\/cosi2005\/programme.php\" rel=\"nofollow external\">http:\/\/www.isima.fr\/cosi\/cosi2005\/p&#8230;<\/a><\/strong><\/li>\n<li>\u00a0<span style=\"color: #000000;\">B.OUKACHA, K.LOUADJ et B.SADI. Colloque international sur\u00a0<strong>\u00ab\u00a0L\u2019optimisation et syst\u00e8mes d\u2019information\u00a0\u00bb\u00a0<\/strong>COSI\u201905, organis\u00e9 les 12, 13 et 14 Juin 2005 \u00e0 l\u2019Universit\u00e9 de B\u00e9jaia, la communication ayant pour titre\u00a0<strong>\u00ab\u00a0G\u00e9n\u00e9ration de cliques maximales dans un graphe\u00a0\u00bb.<\/strong><\/span><strong><a class=\"spip_url spip_out\" href=\"http:\/\/www.isima.fr\/cosi\/cosi2005\/programme.php\" rel=\"nofollow external\">http:\/\/www.isima.fr\/cosi\/cosi2005\/p&#8230;<\/a><\/strong><\/li>\n<li>\u00a0<span style=\"color: #000000;\">Participation \u00e0 la\u00a0<strong>\u00ab\u00a011\u00e8me \u00e9cole de Linux et des logiciels libres\u00a0\u00bb,\u00a0<\/strong>organis\u00e9 du 26-29 Mars 2006 \u00e0 l\u2019Universit\u00e9 Mouloud Mammeri de Tizi-Ouzou.<\/span><\/li>\n<li>\u00a0<span style=\"color: #000000;\">M.AIDENE &amp;B.OUKACHA. Colloque international sur\u00a0<strong>\u00ab\u00a0L\u2019optimisation et syst\u00e8mes d\u2019information\u00a0\u00bb<\/strong>\u00a0COSI\u201906, organis\u00e9 les 11, 12 et 13 Juin 2006 \u00e0 l\u2019USTHB, la communication ayant pour titre\u00a0<strong>\u00ab\u00a0Crit\u00e8re d\u2019optimalit\u00e9 d\u2019un probl\u00e8me min-max avec une commande poly\u00e8drale\u00a0\u00bb.<\/strong><\/span><strong><a class=\"spip_url spip_out\" href=\"http:\/\/www.isima.fr\/cosi\/cosi2006\/programme.php\" rel=\"nofollow external\">http:\/\/www.isima.fr\/cosi\/cosi2006\/p&#8230;<\/a><\/strong><\/li>\n<li>\u00a0<span style=\"color: #000000;\">B.OUKACHA. Participation \u00e0 la 1er \u00e9cole d\u2019\u00e9t\u00e9 sur l\u2019Aide \u00e0 la D\u00e9cision, organis\u00e9 par l\u2019USTOran du 09 au 10 Juin 2007.<\/span>\u00a0<strong><a class=\"spip_url spip_out\" href=\"http:\/\/www.isima.fr\/cosi\/cosi2007\/ecoleobjectifs.php\" rel=\"nofollow external\">http:\/\/www.isima.fr\/cosi\/cosi2007\/e&#8230;<\/a><\/strong><\/li>\n<li>\u00a0<span style=\"color: #000000;\">M.AIDENE\u00a0; F.KARA &amp;B.OUKACHA. Colloque international sur\u00a0<strong>\u00ab\u00a0L\u2019optimisation et syst\u00e8mes d\u2019information\u00a0\u00bb<\/strong>COSI\u201907, organis\u00e9 les 11, 12 et 13 Juin 2007 \u00e0 l\u2019USTOran, la communication ayant pour titre\u00a0<\/span><strong><span style=\"color: #000000;\">\u00ab\u00a0R\u00e9solution d\u2019un syst\u00e8me dynamique lin\u00e9aire avec une commande poly\u00e8drale\u00a0\u00bb<\/span>.<\/strong><strong><a class=\"spip_url spip_out\" href=\"http:\/\/www.isima.fr\/cosi\/cosi2007\/programme.php\" rel=\"nofollow external\">http:\/\/www.isima.fr\/cosi\/cosi2007\/p&#8230;<\/a><\/strong><\/li>\n<li><span style=\"color: #000000;\">\u00a0M.AIDENE &amp;B.OUKACHA. Colloque sur<strong>\u00a0\u00ab\u00a0Les m\u00e9thodes et outils d\u2019aide \u00e0 la d\u00e9cision\u00a0\u00bb<\/strong>\u00a0MOAD\u201907, organis\u00e9 les 18, 19 et 20 Novembre 2007 \u00e0 l\u2019Universit\u00e9 de B\u00e9jaia, la communication ayant pour titre\u00a0<strong>\u00ab\u00a0Crit\u00e8re d\u2019optimalit\u00e9 d\u2019un probl\u00e8me min-max d\u2019un syst\u00e8me dynamique lin\u00e9aire avec une trajectoire discontinue\u00a0\u00bb.<\/strong><\/span><\/li>\n<li><span style=\"color: #000000;\">\u00a0M.AIDENE &amp;B.OUKACHA. 6\u00e8me Rencontre sur l\u2019Analyse Math\u00e9matiques et ses applications\u00a0\u00bb RAMA VI, organis\u00e9 les 26, 27 et 28 Avril 2008 \u00e0 l\u2019Universit\u00e9 Mouloud Mammeri de Tizi-Ouzou, la communication ayant pour titre\u00a0<strong><strong>\u00ab\u00a0Necessary and sufficient condition of optimality for min-max problem in optimal control\u00a0\u00bb.<\/strong><\/strong><\/span><\/li>\n<li><span style=\"color: #000000;\">Le Thi Hoai An, Mohand.Ouanes, Nguyen Trong Phuc, A Branch and Bound method for multivariate global optimization with box constraints, Proceedings du Colloque International sur l\u2019optimisation et les syst\u00e8mes d\u2019information, COSI\u201906, USTHB Alger, Alg\u00e9rie, pp 325-336, 2006\u00a0<\/span><strong><a class=\"spip_url spip_out\" href=\"http:\/\/www.isima.fr\/cosi\/cosi2006\/programme.php\" rel=\"nofollow external\">http:\/\/www.isima.fr\/cosi\/cosi2006\/p&#8230;<\/a><\/strong><\/li>\n<li><span style=\"color: #000000;\">Le Thi Hoai An, Mohand.Ouanes, M\u00e9thode de la diagonale dominante pour un probl\u00e8me d\u2019optimisation global en dimension n sur un hyperrectangle, Proceedings du Colloque International sur l\u2019optimisation et les syst\u00e8mes d\u2019information , COSI\u201907, USTOMB Oran Alg\u00e9rie, pp 129-137, 2007\u00a0<\/span><strong><a class=\"spip_url spip_out\" href=\"http:\/\/www.isima.fr\/cosi\/cosi2007\/programme.php\" rel=\"nofollow external\">http:\/\/www.isima.fr\/cosi\/cosi2007\/p&#8230;<\/a><\/strong><\/li>\n<li><span style=\"color: #000000;\">Le Thi Hoai An, Mohand.Ouanes , Nouvelle m\u00e9thode d\u2019optimisation globale en dimension 1, RAMAIV, UMMTO Tizi-Ouzou Alg\u00e9rie, 2008\u00a0<\/span><strong><a class=\"spip_url spip_out\" href=\"http:\/\/www.ummto.dz\/article.php3?id_article=427\" rel=\"nofollow\">www.ummto.dz\/article.php3\u00a0?id&#8230;<\/a><\/strong><\/li>\n<li><span style=\"color: #000000;\">Le Thi Hoai An, Mohand.Ouanes, Optimisation semi-infinie non convexe, COSI\u201908, UMMTO, Tizi-Ouzou, Alg\u00e9rie , 2008\u00a0<\/span><strong><a class=\"spip_url spip_out\" href=\"http:\/\/www.isima.fr\/cosi\/cosi2008\/programme.php\" rel=\"nofollow external\">http:\/\/www.isima.fr\/cosi\/cosi2008\/p&#8230;<\/a><\/strong><\/li>\n<li><span style=\"color: #000000;\">\u00a0Le Thi Hoai An, Mohand Ouanes, Combinaison efficace de deux bornes en optimisation globale, ISOR\u201908, USTHB, Alg\u00e9rie, 2008<\/span><\/li>\n<\/ol>\n","protected":false},"excerpt":{"rendered":"<p>B. Sadi, Encha\u00eenement d\u2019ensembles partiellement ordonn\u00e9s, 4\u00e8me Rencontre de Recherche op\u00e9rationnelle, Alger, 1996 B. Sadi, Cycles in graphs, RAMA II, Centre universitaire Med Boudiaf, Msila, 2000 Merzak Taflis et Bachir Sadi, Les graphes triangil\u00e9s&#46;&#46;&#46;<\/p>\n","protected":false},"author":1,"featured_media":0,"parent":0,"menu_order":0,"comment_status":"closed","ping_status":"closed","template":"","meta":[],"_links":{"self":[{"href":"http:\/\/labs.ummto.dz\/laromad\/index.php\/wp-json\/wp\/v2\/pages\/17"}],"collection":[{"href":"http:\/\/labs.ummto.dz\/laromad\/index.php\/wp-json\/wp\/v2\/pages"}],"about":[{"href":"http:\/\/labs.ummto.dz\/laromad\/index.php\/wp-json\/wp\/v2\/types\/page"}],"author":[{"embeddable":true,"href":"http:\/\/labs.ummto.dz\/laromad\/index.php\/wp-json\/wp\/v2\/users\/1"}],"replies":[{"embeddable":true,"href":"http:\/\/labs.ummto.dz\/laromad\/index.php\/wp-json\/wp\/v2\/comments?post=17"}],"version-history":[{"count":7,"href":"http:\/\/labs.ummto.dz\/laromad\/index.php\/wp-json\/wp\/v2\/pages\/17\/revisions"}],"predecessor-version":[{"id":155,"href":"http:\/\/labs.ummto.dz\/laromad\/index.php\/wp-json\/wp\/v2\/pages\/17\/revisions\/155"}],"wp:attachment":[{"href":"http:\/\/labs.ummto.dz\/laromad\/index.php\/wp-json\/wp\/v2\/media?parent=17"}],"curies":[{"name":"wp","href":"https:\/\/api.w.org\/{rel}","templated":true}]}}