
{"id":23,"date":"2017-07-10T12:22:33","date_gmt":"2017-07-10T10:22:33","guid":{"rendered":"http:\/\/labs.ummto.dz\/laromad\/?page_id=23"},"modified":"2017-07-11T14:42:16","modified_gmt":"2017-07-11T12:42:16","slug":"equipe-01","status":"publish","type":"page","link":"http:\/\/labs.ummto.dz\/laromad\/index.php\/equipe-01\/","title":{"rendered":"\u00c9quipe 01: Graphes et Ordres"},"content":{"rendered":"<p><span style=\"color: #000080;\"><strong>Chef d\u2019\u00e9quipe: <\/strong><span style=\"color: #000000;\">Dr SADI Bachir<img loading=\"lazy\" class=\"alignnone size-medium wp-image-82 alignright\" src=\"http:\/\/labs.ummto.dz\/laromad\/wp-content\/uploads\/2017\/07\/graphe7-300x297.gif\" alt=\"\" width=\"300\" height=\"297\" srcset=\"http:\/\/labs.ummto.dz\/laromad\/wp-content\/uploads\/2017\/07\/graphe7-300x297.gif 300w, http:\/\/labs.ummto.dz\/laromad\/wp-content\/uploads\/2017\/07\/graphe7-150x150.gif 150w\" sizes=\"(max-width: 300px) 100vw, 300px\" \/><\/span><\/span><\/p>\n<p><span style=\"color: #000080;\"><strong>Domaine<\/strong>: <span style=\"color: #000000;\">Graphes-\u00a0Ordres<\/span><\/span><\/p>\n<p><span style=\"color: #000080;\"><strong>Mot cl\u00e9<\/strong>:\u00a0<\/span><\/p>\n<p><span style=\"color: #000080;\"><strong>Description de la th\u00e9matique de recherche de l\u2019\u00e9quipe:<\/strong><\/span><\/p>\n<p><span style=\"color: #000000;\">L\u2019objectif de la classification est d\u2019organiser les donn\u00e9es. La mod\u00e9lisation des connaissances et des donn\u00e9es, ainsi que leur exploitation pour l\u2019extraction, la d\u00e9duction et la pr\u00e9diction d\u2019informations pour le probl\u00e8me de d\u00e9cision sont des aspects majeurs de l\u2019intelligence artificielle, du \u00ab\u00a0data mining\u00a0\u00bb. Un des objectifs de l\u2019analyse des donn\u00e9es est d\u2019extraire les informations \u00e0 partir d\u2019une base de donn\u00e9es. L\u2019objectif de notre \u00e9quipe est de r\u00e9aliser une \u00e9tude approfondie sur un ensemble de probl\u00e8mes que posent les algorithmes existants d\u2019extraction de connaissances et d\u2019apporter des am\u00e9liorations. Parmi les m\u00e9thodes d\u2019analyse et de repr\u00e9sentation des donn\u00e9es, on distingue l\u2019analyse formelle de concept introduite par R. Wille de Darmstadt qui offre un outil formel dont la notion centrale est le treillis de concept. Cette m\u00e9thode s\u2019est av\u00e9r\u00e9e inapplicable dans le cas de grosses bases de donn\u00e9es, puisque le taille du treillis peut \u00eatre exponentielle. La notion d\u2019un syst\u00e8me d\u2019implications introduite par Duquenne qui est une interpr\u00e9tation des treillis nous semble une bonne direction pour ce probl\u00e8me. En effet, le probl\u00e8me d\u2019extraction de connaissances peut se ramener \u00e0 la g\u00e9n\u00e9ration d\u2019un syst\u00e8me d\u2019implications. Nous proposons d\u2019explorer les propri\u00e9t\u00e9s de la repr\u00e9sentation d\u2019un syst\u00e8me d\u2019implications par la notion du \u00ab\u00a0c\u0153ur\u00a0\u00bb d\u2019un treillis qui est une repr\u00e9sentation minimale d\u2019un syst\u00e8me d\u2019implications.<\/span><\/p>\n<p><span style=\"color: #000080;\"><strong>Liste exhaustive des membres permanents de l\u2019\u00e9quipe:<\/strong><\/span><\/p>\n<table id=\"tablepress-5\" class=\"tablepress tablepress-id-5\">\n<thead>\n<tr class=\"row-1 odd\">\n<th class=\"column-1\"><span style=\"color: #000080;\">M.\/<\/span><br \/>\n<span style=\"color: #000080;\"> Mme<\/span><\/th>\n<th class=\"column-2\"><span style=\"color: #000080;\">Nom et Pr\u00e9nom<\/span><\/th>\n<th class=\"column-3\"><span style=\"color: #000080;\">\u0627\u0644\u0644\u0642\u0628<\/span><br \/>\n<span style=\"color: #000080;\"> \u0648\u0627\u0644\u0625\u0633\u0645<\/span><\/th>\n<th class=\"column-4\"><span style=\"color: #000080;\">Date de Nais.<\/span><\/th>\n<th class=\"column-5\"><span style=\"color: #000080;\">Dernier dipl\u00f4me<\/span><\/th>\n<th class=\"column-6\"><span style=\"color: #000080;\">Grade<\/span><\/th>\n<th class=\"column-7\"><span style=\"color: #000080;\">Domaine<\/span><\/th>\n<th class=\"column-8\"><span style=\"color: #000080;\">Structure de rattachement<\/span><\/th>\n<th class=\"column-9\"><span style=\"color: #000080;\">Email actif<\/span><\/th>\n<\/tr>\n<\/thead>\n<tbody class=\"row-hover\">\n<tr class=\"row-2 even alt\">\n<td class=\"column-1\"><\/td>\n<td class=\"column-2\"><\/td>\n<td class=\"column-3\"><\/td>\n<td class=\"column-4\"><\/td>\n<td class=\"column-5\"><\/td>\n<td class=\"column-6\"><\/td>\n<td class=\"column-7\"><\/td>\n<td class=\"column-8\"><\/td>\n<td class=\"column-9\"><\/td>\n<\/tr>\n<tr class=\"row-2 even alt\">\n<td class=\"column-1\"><\/td>\n<td class=\"column-2\"><\/td>\n<td class=\"column-3\"><\/td>\n<td class=\"column-4\"><\/td>\n<td class=\"column-5\"><\/td>\n<td class=\"column-6\"><\/td>\n<td class=\"column-7\"><\/td>\n<td class=\"column-8\"><\/td>\n<td class=\"column-9\"><\/td>\n<\/tr>\n<tr class=\"row-2 even alt\">\n<td class=\"column-1\"><\/td>\n<td class=\"column-2\"><\/td>\n<td class=\"column-3\"><\/td>\n<td class=\"column-4\"><\/td>\n<td class=\"column-5\"><\/td>\n<td class=\"column-6\"><\/td>\n<td class=\"column-7\"><\/td>\n<td class=\"column-8\"><\/td>\n<td class=\"column-9\"><\/td>\n<\/tr>\n<tr class=\"row-2 even alt\">\n<td class=\"column-1\"><\/td>\n<td class=\"column-2\"><\/td>\n<td class=\"column-3\"><\/td>\n<td class=\"column-4\"><\/td>\n<td class=\"column-5\"><\/td>\n<td class=\"column-6\"><\/td>\n<td class=\"column-7\"><\/td>\n<td class=\"column-8\"><\/td>\n<td class=\"column-9\"><\/td>\n<\/tr>\n<\/tbody>\n<\/table>\n<p><span style=\"color: #000080;\"><strong>Liste exhaustive des doctorants membres de l\u2019\u00e9quipe:<\/strong><\/span><\/p>\n<table id=\"tablepress-6\" class=\"tablepress tablepress-id-6\">\n<thead>\n<tr class=\"row-1 odd alt\">\n<th class=\"column-1\"><span style=\"color: #000080;\">Nom et Pr\u00e9nom<\/span><\/th>\n<th class=\"column-2\"><span style=\"color: #000080;\">\u0627\u0644\u0644\u0642\u0628 \u0648\u0627\u0644\u0625\u0633\u0645<\/span><\/th>\n<th class=\"column-3\"><span style=\"color: #000080;\">Inscrit depuis (Mois\/Ann\u00e9e)<\/span><\/th>\n<th class=\"column-4\"><span style=\"color: #000080;\">Nom et Pr\u00e9nom du ou des encadreurs<\/span><\/th>\n<\/tr>\n<\/thead>\n<tbody class=\"row-hover\">\n<tr class=\"row-2 even\">\n<td class=\"column-1\"><\/td>\n<td class=\"column-2\"><\/td>\n<td class=\"column-3\"><\/td>\n<td class=\"column-4\"><\/td>\n<\/tr>\n<tr class=\"row-2 even\">\n<td class=\"column-1\"><\/td>\n<td class=\"column-2\"><\/td>\n<td class=\"column-3\"><\/td>\n<td class=\"column-4\"><\/td>\n<\/tr>\n<tr class=\"row-2 even\">\n<td class=\"column-1\"><\/td>\n<td class=\"column-2\"><\/td>\n<td class=\"column-3\"><\/td>\n<td class=\"column-4\"><\/td>\n<\/tr>\n<tr class=\"row-2 even\">\n<td class=\"column-1\"><\/td>\n<td class=\"column-2\"><\/td>\n<td class=\"column-3\"><\/td>\n<td class=\"column-4\"><\/td>\n<\/tr>\n<\/tbody>\n<\/table>\n","protected":false},"excerpt":{"rendered":"<p>Chef d\u2019\u00e9quipe: Dr SADI Bachir Domaine: Graphes-\u00a0Ordres Mot cl\u00e9:\u00a0 Description de la th\u00e9matique de recherche de l\u2019\u00e9quipe: L\u2019objectif de la classification est d\u2019organiser les donn\u00e9es. La mod\u00e9lisation des connaissances et des donn\u00e9es, ainsi que&#46;&#46;&#46;<\/p>\n","protected":false},"author":1,"featured_media":0,"parent":0,"menu_order":0,"comment_status":"closed","ping_status":"closed","template":"","meta":[],"_links":{"self":[{"href":"http:\/\/labs.ummto.dz\/laromad\/index.php\/wp-json\/wp\/v2\/pages\/23"}],"collection":[{"href":"http:\/\/labs.ummto.dz\/laromad\/index.php\/wp-json\/wp\/v2\/pages"}],"about":[{"href":"http:\/\/labs.ummto.dz\/laromad\/index.php\/wp-json\/wp\/v2\/types\/page"}],"author":[{"embeddable":true,"href":"http:\/\/labs.ummto.dz\/laromad\/index.php\/wp-json\/wp\/v2\/users\/1"}],"replies":[{"embeddable":true,"href":"http:\/\/labs.ummto.dz\/laromad\/index.php\/wp-json\/wp\/v2\/comments?post=23"}],"version-history":[{"count":6,"href":"http:\/\/labs.ummto.dz\/laromad\/index.php\/wp-json\/wp\/v2\/pages\/23\/revisions"}],"predecessor-version":[{"id":134,"href":"http:\/\/labs.ummto.dz\/laromad\/index.php\/wp-json\/wp\/v2\/pages\/23\/revisions\/134"}],"wp:attachment":[{"href":"http:\/\/labs.ummto.dz\/laromad\/index.php\/wp-json\/wp\/v2\/media?parent=23"}],"curies":[{"name":"wp","href":"https:\/\/api.w.org\/{rel}","templated":true}]}}