
{"id":27,"date":"2017-07-10T12:33:43","date_gmt":"2017-07-10T10:33:43","guid":{"rendered":"http:\/\/labs.ummto.dz\/laromad\/?page_id=27"},"modified":"2019-10-21T12:02:07","modified_gmt":"2019-10-21T10:02:07","slug":"equipe-03","status":"publish","type":"page","link":"http:\/\/labs.ummto.dz\/laromad\/index.php\/equipe-03\/","title":{"rendered":"\u00c9quipe 03: Optimisation Globale et optimisation semi-infinie"},"content":{"rendered":"<p><span style=\"color: #000080;\"><strong><img loading=\"lazy\" class=\"alignnone size-full wp-image-93 alignright\" src=\"http:\/\/labs.ummto.dz\/laromad\/wp-content\/uploads\/2017\/07\/images-7.jpg\" alt=\"\" width=\"272\" height=\"185\" \/>Chef d\u2019\u00e9quipe: Dr OUANES Mohand<\/strong><\/span><\/p>\n<p><span style=\"color: #000080;\"><strong>Domaine<\/strong>:\u00a0<span style=\"color: #000000;\">Optimisation Globale -optimisation semi-infinie<\/span><\/span><\/p>\n<p><span style=\"color: #000080;\"><strong>Mot cl\u00e9<\/strong>:<\/span><\/p>\n<p><span style=\"text-decoration: underline; color: #000080;\"><strong>Description de la th\u00e9matique de recherche de l\u2019\u00e9quipe:<\/strong><\/span><\/p>\n<p><span style=\"color: #000000;\">L\u2019optimisation globale s\u2019est consid\u00e9rablement d\u00e9velopp\u00e9e ces derni\u00e8res ann\u00e9es gr\u00e2ce notamment \u00e0 la puissance des moyens de Calcul. Les m\u00e9thodes classiques ne donnent que des solutions locales (sauf dans le cas convexe). Les m\u00e9thodes d\u2019optimisation globale calculent les optimums globaux. L\u2019optimisation globale s\u2019int\u00e9resse \u00e0 la qualit\u00e9 de la solution dans le cas non convexe. Les m\u00e9thodes utilis\u00e9es sont dans l\u2019esprit de l\u2019optimisation combinatoire mais appliqu\u00e9es au cas continu ( Branch and Bound, coupes , etc\u2026.) . Les domaines d\u2019application sont\u00a0: l\u2019ingineering, le design \u00e9lectrique, la chimie, etc\u2026..<\/span><\/p>\n<p><span style=\"color: #000000;\">Un probl\u00e8me d\u2019optimisation semi-infinie est un programme math\u00e9matique avec un nombre fini de variables et un nombre infini de contraintes. Les m\u00e9thodes utilis\u00e9es sont\u00a0: La discr\u00e9tisation, les coupes, SQP method, et c\u2026.. Les domaines d\u2019application sont\u00a0: La r\u00e9duction de la pollution dans l\u2019air, les circuits int\u00e9gr\u00e9s, approximation de Chebychev , etc\u2026<\/span><\/p>\n<p><span style=\"text-decoration: underline; color: #000080;\"><strong>Description de la th\u00e9matique de recherche de l\u2019\u00e9quipe:<\/strong><\/span><\/p>\n<table>\n<tbody>\n<tr>\n<td width=\"72\"><span style=\"color: #000000;\"><strong><em>M.\/M<sup>me<\/sup><\/em><\/strong><\/span><\/td>\n<td width=\"171\"><span style=\"color: #000000;\"><strong><em>Nom et Pr\u00e9noms<\/em><\/strong><\/span><\/td>\n<td width=\"123\"><span style=\"color: #000000;\"><strong><em>Dernier dipl\u00f4me<\/em><\/strong><\/span><\/td>\n<td width=\"123\"><span style=\"color: #000000;\"><strong><em>Grade<\/em><\/strong><\/span><\/td>\n<td width=\"142\"><span style=\"color: #000000;\"><strong><em>Domaine<\/em><\/strong><\/span><\/td>\n<td width=\"189\"><span style=\"color: #000000;\"><strong><em>Structure de rattachement<\/em><\/strong><\/span><\/td>\n<td width=\"217\"><span style=\"color: #000000;\"><strong><em>Email actif<\/em><\/strong><\/span><\/td>\n<\/tr>\n<tr>\n<td width=\"72\"><span style=\"color: #000000;\"><em>M.<\/em><\/span><\/td>\n<td width=\"171\"><span style=\"color: #000000;\"><em>OUANES MOHAND<\/em><\/span><\/td>\n<td width=\"123\"><span style=\"color: #000000;\"><em>Doctorat d\u2019\u00e9tat<\/em><\/span><\/td>\n<td width=\"123\"><span style=\"color: #000000;\"><em>Professeur<\/em><\/span><\/td>\n<td width=\"142\"><span style=\"color: #000000;\"><em>Optimisation globale R.O<\/em><\/span><\/td>\n<td width=\"189\"><span style=\"color: #000000;\"><em>LAROMAD UMMTO<\/em><\/span><\/td>\n<td width=\"217\"><span style=\"color: #000000;\"><a style=\"color: #000000;\" href=\"mailto:Ouanes.mohand@yahoo.fr\"><em>Ouanes.mohand@yahoo.fr<\/em><\/a><\/span><\/td>\n<\/tr>\n<tr>\n<td width=\"72\"><span style=\"color: #000000;\"><em>M.<\/em><\/span><\/td>\n<td width=\"171\"><span style=\"color: #000000;\"><em>CHEBBAH MOHAMED<\/em><\/span><\/td>\n<td width=\"123\"><span style=\"color: #000000;\"><em>Magist\u00e8re<\/em><\/span><\/td>\n<td width=\"123\"><span style=\"color: #000000;\"><em>MAA<\/em><\/span><\/td>\n<td width=\"142\"><span style=\"color: #000000;\"><em>R.O<\/em><\/span><\/td>\n<td width=\"189\"><span style=\"color: #000000;\"><em>LAROMAD UMMTO<\/em><\/span><\/td>\n<td width=\"217\"><span style=\"color: #000000;\"><a style=\"color: #000000;\" href=\"mailto:chbbhea@yahoo.fr\"><em>chbbhea@yahoo.fr<\/em><\/a><\/span><\/p>\n<p><span style=\"color: #000000;\"><em>\u00a0<\/em><\/span><\/td>\n<\/tr>\n<tr>\n<td width=\"72\"><span style=\"color: #000000;\"><em>M<sup>me<\/sup><\/em><\/span><\/td>\n<td width=\"171\"><span style=\"color: #000000;\"><em>LESLOUS FADILA<\/em><\/span><\/td>\n<td width=\"123\"><span style=\"color: #000000;\"><em>Magist\u00e8re<\/em><\/span><\/td>\n<td width=\"123\"><span style=\"color: #000000;\"><em>MAA<\/em><\/span><\/td>\n<td width=\"142\"><span style=\"color: #000000;\"><em>R.O<\/em><\/span><\/td>\n<td width=\"189\"><span style=\"color: #000000;\"><em>LAROMAD UMMTO<\/em><\/span><\/td>\n<td width=\"217\"><span style=\"color: #000000;\"><a style=\"color: #000000;\" href=\"mailto:Fadila.leslous@yahoo.fr\"><em>Fadila.leslous@yahoo.fr<\/em><\/a><\/span><\/td>\n<\/tr>\n<tr>\n<td width=\"72\"><span style=\"color: #000000;\"><em>M<sup>me<\/sup><\/em><\/span><\/td>\n<td width=\"171\"><span style=\"color: #000000;\"><em>GOUMEZIANE LYNDA<\/em><\/span><\/td>\n<td width=\"123\"><span style=\"color: #000000;\"><em>Magist\u00e8re<\/em><\/span><\/td>\n<td width=\"123\"><span style=\"color: #000000;\"><em>MAA<\/em><\/span><\/td>\n<td width=\"142\"><span style=\"color: #000000;\"><em>R.O<\/em><\/span><\/td>\n<td width=\"189\"><span style=\"color: #000000;\"><em>LAROMAD UMMTO<\/em><\/span><\/td>\n<td width=\"217\"><span style=\"color: #000000;\"><a style=\"color: #000000;\" href=\"mailto:Lynda.goumeziane@gmail.com\"><em>Lynda.goumeziane@gmail.com<\/em><\/a><\/span><\/td>\n<\/tr>\n<tr>\n<td width=\"72\"><span style=\"color: #000000;\"><em>M<sup>me<\/sup><\/em><\/span><\/td>\n<td width=\"171\"><span style=\"color: #000000;\"><em>MESSAOUDENE KARIMA<\/em><\/span><\/td>\n<td width=\"123\"><span style=\"color: #000000;\"><em>Magist\u00e8re<\/em><\/span><\/td>\n<td width=\"123\"><span style=\"color: #000000;\"><em>MAA<\/em><\/span><\/td>\n<td width=\"142\"><span style=\"color: #000000;\"><em>R.O<\/em><\/span><\/td>\n<td width=\"189\"><span style=\"color: #000000;\"><em>LAROMAD UMMTO<\/em><\/span><\/td>\n<td width=\"217\"><span style=\"color: #000000;\"><a style=\"color: #000000;\" href=\"mailto:Maumoraci@yahoo.fr\"><em>Maumoraci@yahoo.fr<\/em><\/a><\/span><\/p>\n<p><span style=\"color: #000000;\"><em>\u00a0<\/em><\/span><\/td>\n<\/tr>\n<\/tbody>\n<\/table>\n<p><span style=\"text-decoration: underline;\"><strong style=\"color: #000080; text-decoration: underline;\">Liste exhaustive des doctorants membres de l\u2019\u00e9quipe:<\/strong><\/span><\/p>\n<table>\n<tbody>\n<tr>\n<td width=\"236\"><span style=\"color: #000000;\"><strong><em>Nom et Pr\u00e9nom<\/em><\/strong><\/span><\/td>\n<td width=\"272\"><span style=\"color: #000000;\"><strong><em>Inscrit depuis (Mois\/Ann\u00e9e)<\/em><\/strong><\/span><\/td>\n<td width=\"331\"><span style=\"color: #000000;\"><strong><em>Nom et Pr\u00e9nom du ou des encadreurs<\/em><\/strong><\/span><\/td>\n<\/tr>\n<tr>\n<td width=\"236\"><span style=\"color: #000000;\"><em>AMROUCHI ZAHIA<\/em><\/span><\/td>\n<td width=\"272\"><span style=\"color: #000000;\"><em>Septembre 2014<\/em><\/span><\/td>\n<td width=\"331\"><span style=\"color: #000000;\"><em>Ouanes Mohamed et Frideric Messine<\/em><\/span><\/td>\n<\/tr>\n<tr>\n<td width=\"236\"><span style=\"color: #000000;\"><em>MAMAR SAMIA<\/em><\/span><\/td>\n<td width=\"272\"><span style=\"color: #000000;\"><em>Septembre 2013<\/em><\/span><\/td>\n<td width=\"331\"><span style=\"color: #000000;\"><em>Ouanes Mohamed<\/em><\/span><\/td>\n<\/tr>\n<tr>\n<td width=\"236\"><span style=\"color: #000000;\"><em>DROUCHE HAKIMA<\/em><\/span><\/td>\n<td width=\"272\"><span style=\"color: #000000;\"><em>Septembre 2017<\/em><\/span><\/td>\n<td width=\"331\"><span style=\"color: #000000;\"><em>Ouanes Mohamed<\/em><\/span><\/td>\n<\/tr>\n<tr>\n<td width=\"236\"><span style=\"color: #000000;\"><em>KHERBOUCHE LYNDA<\/em><\/span><\/td>\n<td width=\"272\"><span style=\"color: #000000;\"><em>Septembre 2018<\/em><\/span><\/td>\n<td width=\"331\"><span style=\"color: #000000;\"><em>Ouanes Mohamed<\/em><\/span><\/td>\n<\/tr>\n<\/tbody>\n<\/table>\n","protected":false},"excerpt":{"rendered":"<p>Chef d\u2019\u00e9quipe: Dr OUANES Mohand Domaine:\u00a0Optimisation Globale -optimisation semi-infinie Mot cl\u00e9: Description de la th\u00e9matique de recherche de l\u2019\u00e9quipe: L\u2019optimisation globale s\u2019est consid\u00e9rablement d\u00e9velopp\u00e9e ces derni\u00e8res ann\u00e9es gr\u00e2ce notamment \u00e0 la puissance des moyens&#46;&#46;&#46;<\/p>\n","protected":false},"author":1,"featured_media":0,"parent":0,"menu_order":0,"comment_status":"closed","ping_status":"closed","template":"","meta":[],"_links":{"self":[{"href":"http:\/\/labs.ummto.dz\/laromad\/index.php\/wp-json\/wp\/v2\/pages\/27"}],"collection":[{"href":"http:\/\/labs.ummto.dz\/laromad\/index.php\/wp-json\/wp\/v2\/pages"}],"about":[{"href":"http:\/\/labs.ummto.dz\/laromad\/index.php\/wp-json\/wp\/v2\/types\/page"}],"author":[{"embeddable":true,"href":"http:\/\/labs.ummto.dz\/laromad\/index.php\/wp-json\/wp\/v2\/users\/1"}],"replies":[{"embeddable":true,"href":"http:\/\/labs.ummto.dz\/laromad\/index.php\/wp-json\/wp\/v2\/comments?post=27"}],"version-history":[{"count":10,"href":"http:\/\/labs.ummto.dz\/laromad\/index.php\/wp-json\/wp\/v2\/pages\/27\/revisions"}],"predecessor-version":[{"id":172,"href":"http:\/\/labs.ummto.dz\/laromad\/index.php\/wp-json\/wp\/v2\/pages\/27\/revisions\/172"}],"wp:attachment":[{"href":"http:\/\/labs.ummto.dz\/laromad\/index.php\/wp-json\/wp\/v2\/media?parent=27"}],"curies":[{"name":"wp","href":"https:\/\/api.w.org\/{rel}","templated":true}]}}