
{"id":35,"date":"2017-07-10T13:50:22","date_gmt":"2017-07-10T11:50:22","guid":{"rendered":"http:\/\/labs.ummto.dz\/laromad\/?page_id=35"},"modified":"2017-07-11T15:00:08","modified_gmt":"2017-07-11T13:00:08","slug":"nos-objectifs","status":"publish","type":"page","link":"http:\/\/labs.ummto.dz\/laromad\/index.php\/nos-objectifs\/","title":{"rendered":"Nos Objectifs"},"content":{"rendered":"<p><span style=\"color: #000000;\">Le laboratoire propos\u00e9 aura pour mission d\u2019adapter et \/ou am\u00e9liorer des m\u00e9thodes existantes ou d\u00e9couvrir de nouvelles m\u00e9thodes et outils de <img loading=\"lazy\" class=\"alignnone size-medium wp-image-86 alignright\" src=\"http:\/\/labs.ummto.dz\/laromad\/wp-content\/uploads\/2017\/07\/objectif-650x380-300x175-300x175-300x175.jpg\" alt=\"\" width=\"300\" height=\"175\" \/>Recherche Op\u00e9rationnelle afin de pouvoir mod\u00e9liser et proposer des solutions pour des probl\u00e8mes concrets de gestions et pour d\u2019autres probl\u00e8mes admettant des applications pratiques. Vu la composante importante en chercheurs de notre future laboratoire avec une grande diversit\u00e9 de th\u00e8mes de recherche tous compl\u00e9mentaires. Les m\u00e9thodes qui seront d\u00e9velopp\u00e9es vont rendre d\u2019\u00e9minents services pour la r\u00e9solution d\u2019un grand nombre de probl\u00e8mes rencontr\u00e9s quotidiennement dans nos entreprises ou dans des services administratifs. Mentionnons sans soucis d\u2019exhaustivit\u00e9 les probl\u00e8mes d\u2019optimisation du prix de revient des articles produits par l\u2019ENIEM, s\u00e9lection du personnel d\u2019une entreprise, comparaison des investissements, r\u00e9organisation d\u2019un atelier de fabrication, chois de l\u2019emplacement d\u2019une \u00e9cole, d\u2019un a\u00e9roport, le secteur du transport et de distribution,\u2026etc.<\/span><\/p>\n","protected":false},"excerpt":{"rendered":"<p>Le laboratoire propos\u00e9 aura pour mission d\u2019adapter et \/ou am\u00e9liorer des m\u00e9thodes existantes ou d\u00e9couvrir de nouvelles m\u00e9thodes et outils de Recherche Op\u00e9rationnelle afin de pouvoir mod\u00e9liser et proposer des solutions pour des probl\u00e8mes&#46;&#46;&#46;<\/p>\n","protected":false},"author":1,"featured_media":0,"parent":0,"menu_order":0,"comment_status":"closed","ping_status":"closed","template":"","meta":[],"_links":{"self":[{"href":"http:\/\/labs.ummto.dz\/laromad\/index.php\/wp-json\/wp\/v2\/pages\/35"}],"collection":[{"href":"http:\/\/labs.ummto.dz\/laromad\/index.php\/wp-json\/wp\/v2\/pages"}],"about":[{"href":"http:\/\/labs.ummto.dz\/laromad\/index.php\/wp-json\/wp\/v2\/types\/page"}],"author":[{"embeddable":true,"href":"http:\/\/labs.ummto.dz\/laromad\/index.php\/wp-json\/wp\/v2\/users\/1"}],"replies":[{"embeddable":true,"href":"http:\/\/labs.ummto.dz\/laromad\/index.php\/wp-json\/wp\/v2\/comments?post=35"}],"version-history":[{"count":2,"href":"http:\/\/labs.ummto.dz\/laromad\/index.php\/wp-json\/wp\/v2\/pages\/35\/revisions"}],"predecessor-version":[{"id":145,"href":"http:\/\/labs.ummto.dz\/laromad\/index.php\/wp-json\/wp\/v2\/pages\/35\/revisions\/145"}],"wp:attachment":[{"href":"http:\/\/labs.ummto.dz\/laromad\/index.php\/wp-json\/wp\/v2\/media?parent=35"}],"curies":[{"name":"wp","href":"https:\/\/api.w.org\/{rel}","templated":true}]}}