
{"id":37,"date":"2017-07-10T13:50:49","date_gmt":"2017-07-10T11:50:49","guid":{"rendered":"http:\/\/labs.ummto.dz\/laromad\/?page_id=37"},"modified":"2017-07-11T13:11:59","modified_gmt":"2017-07-11T11:11:59","slug":"presentation","status":"publish","type":"page","link":"http:\/\/labs.ummto.dz\/laromad\/index.php\/presentation\/","title":{"rendered":"Pr\u00e9sentation"},"content":{"rendered":"<ul>\n<li><span style=\"text-decoration: underline; color: #000080;\"><strong>Historique du laboratoire:<\/strong><\/span><\/li>\n<\/ul>\n<p>&nbsp;<\/p>\n<p>&nbsp;<\/p>\n<p>&nbsp;<\/p>\n<ul>\n<li><span style=\"text-decoration: underline; color: #000080;\"><strong>Les \u00c9quipes de recherche<\/strong><\/span><\/li>\n<\/ul>\n<ol>\n<li><span style=\"color: #000000;\">Graphes et Ordres<\/span><\/li>\n<li><span style=\"color: #000000;\">Contr\u00f4le Optimal et Optimisation<\/span><\/li>\n<li><span style=\"color: #000000;\">Optimisation Globale et optimisation semi-infinie<\/span><\/li>\n<li><span style=\"color: #000000;\">Optimisation multicrit\u00e8re stochastique et Trafic urbain<\/span><\/li>\n<\/ol>\n<ul>\n<li><span style=\"text-decoration: underline; color: #000080;\"><strong>Les chercheurs du laboratoire:<\/strong><\/span><\/li>\n<\/ul>\n<table id=\"tablepress-11\" class=\"tablepress tablepress-id-11\">\n<thead>\n<tr class=\"row-1 odd\">\n<th class=\"column-1\"><span style=\"color: #000080;\">N\u00b0<\/span><\/th>\n<th class=\"column-2\"><span style=\"color: #000080;\">Grade<\/span><\/th>\n<th class=\"column-3\"><span style=\"color: #000080;\">Nombre<\/span><\/th>\n<\/tr>\n<\/thead>\n<tbody class=\"row-hover\">\n<tr class=\"row-2 even alt\">\n<td class=\"column-1\"><span style=\"color: #000000;\">01<\/span><\/td>\n<td class=\"column-2\"><span style=\"color: #000000;\">Professeur<\/span><\/td>\n<td class=\"column-3\"><span style=\"color: #000000;\">\u00a0<\/span><\/td>\n<\/tr>\n<tr class=\"row-3 odd\">\n<td class=\"column-1\"><span style=\"color: #000000;\">02<\/span><\/td>\n<td class=\"column-2\"><span style=\"color: #000000;\">Ma\u00eetre Assistant Classe A<\/span><\/td>\n<td class=\"column-3\"><span style=\"color: #000000;\">\u00a0<\/span><\/td>\n<\/tr>\n<tr class=\"row-4 even alt\">\n<td class=\"column-1\"><span style=\"color: #000000;\">03<\/span><\/td>\n<td class=\"column-2\"><span style=\"color: #000000;\">Ma\u00eetre Assistant Classe B<\/span><\/td>\n<td class=\"column-3\"><span style=\"color: #000000;\">\u00a0<\/span><\/td>\n<\/tr>\n<tr class=\"row-5 odd\">\n<td class=\"column-1\"><span style=\"color: #000000;\">04<\/span><\/td>\n<td class=\"column-2\"><span style=\"color: #000000;\">Ma\u00eetre de conf\u00e9rences classe A<\/span><\/td>\n<td class=\"column-3\"><span style=\"color: #000000;\">\u00a0<\/span><\/td>\n<\/tr>\n<tr class=\"row-6 even alt\">\n<td class=\"column-1\"><span style=\"color: #000000;\">05<\/span><\/td>\n<td class=\"column-2\"><span style=\"color: #000000;\">Ma\u00eetre de conf\u00e9rences classe B<\/span><\/td>\n<td class=\"column-3\"><\/td>\n<\/tr>\n<\/tbody>\n<\/table>\n<ul>\n<li><span style=\"text-decoration: underline; color: #000080;\"><strong>Production Scientifique<\/strong><\/span><\/li>\n<\/ul>\n<table id=\"tablepress-12\" class=\"tablepress tablepress-id-12\">\n<thead>\n<tr class=\"row-1 odd\">\n<th class=\"column-1\"><span style=\"color: #000080;\">Intitul\u00e9<\/span><\/th>\n<th class=\"column-2\"><span style=\"color: #000080;\">Nombre<\/span><\/th>\n<\/tr>\n<\/thead>\n<tbody class=\"row-hover\">\n<tr class=\"row-2 even alt\">\n<td class=\"column-1\"><span style=\"color: #000000;\">Publications Internationales<\/span><\/td>\n<td class=\"column-2\"><span style=\"color: #000000;\">\u00a0<\/span><\/td>\n<\/tr>\n<tr class=\"row-3 odd\">\n<td class=\"column-1\"><span style=\"color: #000000;\">Publications Nationales<\/span><\/td>\n<td class=\"column-2\"><span style=\"color: #000000;\">\u00a0<\/span><\/td>\n<\/tr>\n<tr class=\"row-4 even alt\">\n<td class=\"column-1\"><span style=\"color: #000000;\">Communication Internationale<\/span><\/td>\n<td class=\"column-2\"><span style=\"color: #000000;\">\u00a0<\/span><\/td>\n<\/tr>\n<tr class=\"row-5 odd\">\n<td class=\"column-1\"><span style=\"color: #000000;\">Communication Nationale<\/span><\/td>\n<td class=\"column-2\"><span style=\"color: #000000;\">\u00a0<\/span><\/td>\n<\/tr>\n<tr class=\"row-6 even alt\">\n<td class=\"column-1\"><span style=\"color: #000000;\">Brevet<\/span><\/td>\n<td class=\"column-2\"><span style=\"color: #000000;\">\u00a0<\/span><\/td>\n<\/tr>\n<tr class=\"row-7 odd\">\n<td class=\"column-1\"><span style=\"color: #000000;\">Ouvrage<\/span><\/td>\n<\/tr>\n<\/tbody>\n<\/table>\n","protected":false},"excerpt":{"rendered":"<p>Historique du laboratoire: &nbsp; &nbsp; &nbsp; Les \u00c9quipes de recherche Graphes et Ordres Contr\u00f4le Optimal et Optimisation Optimisation Globale et optimisation semi-infinie Optimisation multicrit\u00e8re stochastique et Trafic urbain Les chercheurs du laboratoire: N\u00b0 Grade&#46;&#46;&#46;<\/p>\n","protected":false},"author":1,"featured_media":0,"parent":0,"menu_order":0,"comment_status":"closed","ping_status":"closed","template":"","meta":[],"_links":{"self":[{"href":"http:\/\/labs.ummto.dz\/laromad\/index.php\/wp-json\/wp\/v2\/pages\/37"}],"collection":[{"href":"http:\/\/labs.ummto.dz\/laromad\/index.php\/wp-json\/wp\/v2\/pages"}],"about":[{"href":"http:\/\/labs.ummto.dz\/laromad\/index.php\/wp-json\/wp\/v2\/types\/page"}],"author":[{"embeddable":true,"href":"http:\/\/labs.ummto.dz\/laromad\/index.php\/wp-json\/wp\/v2\/users\/1"}],"replies":[{"embeddable":true,"href":"http:\/\/labs.ummto.dz\/laromad\/index.php\/wp-json\/wp\/v2\/comments?post=37"}],"version-history":[{"count":5,"href":"http:\/\/labs.ummto.dz\/laromad\/index.php\/wp-json\/wp\/v2\/pages\/37\/revisions"}],"predecessor-version":[{"id":109,"href":"http:\/\/labs.ummto.dz\/laromad\/index.php\/wp-json\/wp\/v2\/pages\/37\/revisions\/109"}],"wp:attachment":[{"href":"http:\/\/labs.ummto.dz\/laromad\/index.php\/wp-json\/wp\/v2\/media?parent=37"}],"curies":[{"name":"wp","href":"https:\/\/api.w.org\/{rel}","templated":true}]}}