
{"id":39,"date":"2017-07-10T13:51:42","date_gmt":"2017-07-10T11:51:42","guid":{"rendered":"http:\/\/labs.ummto.dz\/laromad\/?page_id=39"},"modified":"2017-07-11T15:46:50","modified_gmt":"2017-07-11T13:46:50","slug":"publications-internationales","status":"publish","type":"page","link":"http:\/\/labs.ummto.dz\/laromad\/index.php\/publications-internationales\/","title":{"rendered":"Publications Internationales"},"content":{"rendered":"<ol>\n<li><span style=\"color: #000000;\">B. P\u00e9roche, B. Sadi, Recouvrement et partition en cha\u00eenes des ar\u00eates d\u2019un graphe cubique, RAIRO, vol. 20, no 2, mai 1986, p. 163 \u00e0170<img loading=\"lazy\" class=\"alignnone size-medium wp-image-88 alignright\" src=\"http:\/\/labs.ummto.dz\/laromad\/wp-content\/uploads\/2017\/07\/publications_main-300x168.jpg\" alt=\"\" width=\"300\" height=\"168\" srcset=\"http:\/\/labs.ummto.dz\/laromad\/wp-content\/uploads\/2017\/07\/publications_main-300x168.jpg 300w, http:\/\/labs.ummto.dz\/laromad\/wp-content\/uploads\/2017\/07\/publications_main.jpg 684w\" sizes=\"(max-width: 300px) 100vw, 300px\" \/><\/span><\/li>\n<li><span style=\"color: #000000;\">\u00a0Bachir Sadi, Suite d\u2019ensembles partiellement ordonn\u00e9s, ARIMA, vol. 4, p. 66-71,2006.\u00a0<\/span><strong><span style=\"color: #000080;\">www-direction.inria.fr\/international\/arima\/&#8230;\/arima00404.pdf<\/span><\/strong><\/li>\n<li><span style=\"color: #000000;\">Alain G\u00e9ly, Lhouari Nourine, Bachir Sadi, Enumeration aspects of maximal cliques and bicliques, Discrete Applied Mathematics, Volume 157, Issue 7, Pages 1447-1459, 2009.\u00a0<\/span><span style=\"color: #000080;\"><strong>portal.acm.org\/citation.cfm\u00a0?id=1085284<\/strong><\/span><\/li>\n<li>\u00a0<span style=\"color: #000000;\">M.AIDENE, I.L VOROB\u2019EV, and B.OUKACHA \u00ab\u00a0Algorithm for the Solving a linear Optimal Control Problem with Minimax Performance Index\u00a0\u00bb, Revue Computational Mathematics and mathematical Physics, Vol.45,N\u00b0\u00a010,2005, pp. 1691-1700.<\/span><span style=\"color: #000080;\"><strong><a class=\"spip_url spip_out\" style=\"color: #000080;\" href=\"http:\/\/www.maik.ru\/\" rel=\"nofollow external\">http:\/\/www.maik.ru<\/a><\/strong><\/span><\/li>\n<li>\u00a0<span style=\"color: #000000;\">B.OUKACHA &amp; M.AIDENE \u00ab\u00a0Necessary and sufficient condition of optimality of a min-max problem in optimal control\u00a0\u00bb, International Journal of Applied Mathematics, IJAM, Volume 21, N\u00b03, 2008, PP 381-394.ISSN 1311-1728.<\/span><span style=\"color: #000080;\"><span style=\"color: #000080;\">\u00a0<strong><a class=\"spip_url spip_out\" style=\"color: #000080;\" href=\"http:\/\/www.diogenes.bg\/ijam\" rel=\"nofollow external\">http:\/\/www.diogenes.bg\/ijam<\/a><\/strong><\/span><\/span><\/li>\n<li><span style=\"color: #000000;\"><strong>\u00a0<\/strong>M.K. Luhandjula, M.\u00a0Belhouas, M.Ouanes, Semi-infinite Programming\u00a0: A collocation approach, International Center for theoretical Physics, Trieste Italy, 1994,<span style=\"color: #000080;\">\u00a0<strong>streaming.ictp.trieste.it\/preprints\/P\/94\/046.pdf<\/strong><\/span><\/span><\/li>\n<li><span style=\"color: #000000;\">\u00a0M.K.Luandjula, M.Ouanes, A cutting-plane approaches for Semi-infinite optimization, African Journal of Science and Technology, pp 1-10, 2001<\/span><\/li>\n<li><span style=\"color: #000000;\">Le Thi Hoai An , Mohand.Ouanes, A Tighter lower bound by convex quadratic function for univariate global optimization ,\u201cModeling, Computation and Optimization in Information Systems and Management Sciences, Hermes Sciences Publishing, pp 223-231, 2004\u00a0<span style=\"color: #000080;\"><strong>lita.sciences.univ-metz.fr\/\u00a0lethi\/publication.html<\/strong><\/span><\/span><\/li>\n<li><span style=\"color: #000000;\">\u00a0Le Thi Hoai An , Mohand.Ouanes, Convex quadratic underestimation and Branch and Bound for univariate global optimization with one nonconvex constraint, RAIRO, Operational research, 40, Num 3, pp 285-302, 2006\u00a0<span style=\"color: #000080;\"><strong><a class=\"spip_url spip_out\" style=\"color: #000080;\" href=\"http:\/\/www.numdam.org\/numdam...\/feuilleter?id=RO_2006__40_3\" rel=\"nofollow external\">www.numdam.org\/numdam&#8230;\/feu&#8230;<\/a><\/strong><\/span><\/span><\/li>\n<\/ol>\n","protected":false},"excerpt":{"rendered":"<p>B. P\u00e9roche, B. Sadi, Recouvrement et partition en cha\u00eenes des ar\u00eates d\u2019un graphe cubique, RAIRO, vol. 20, no 2, mai 1986, p. 163 \u00e0170 \u00a0Bachir Sadi, Suite d\u2019ensembles partiellement ordonn\u00e9s, ARIMA, vol. 4, p.&#46;&#46;&#46;<\/p>\n","protected":false},"author":1,"featured_media":0,"parent":0,"menu_order":0,"comment_status":"closed","ping_status":"closed","template":"","meta":[],"_links":{"self":[{"href":"http:\/\/labs.ummto.dz\/laromad\/index.php\/wp-json\/wp\/v2\/pages\/39"}],"collection":[{"href":"http:\/\/labs.ummto.dz\/laromad\/index.php\/wp-json\/wp\/v2\/pages"}],"about":[{"href":"http:\/\/labs.ummto.dz\/laromad\/index.php\/wp-json\/wp\/v2\/types\/page"}],"author":[{"embeddable":true,"href":"http:\/\/labs.ummto.dz\/laromad\/index.php\/wp-json\/wp\/v2\/users\/1"}],"replies":[{"embeddable":true,"href":"http:\/\/labs.ummto.dz\/laromad\/index.php\/wp-json\/wp\/v2\/comments?post=39"}],"version-history":[{"count":7,"href":"http:\/\/labs.ummto.dz\/laromad\/index.php\/wp-json\/wp\/v2\/pages\/39\/revisions"}],"predecessor-version":[{"id":157,"href":"http:\/\/labs.ummto.dz\/laromad\/index.php\/wp-json\/wp\/v2\/pages\/39\/revisions\/157"}],"wp:attachment":[{"href":"http:\/\/labs.ummto.dz\/laromad\/index.php\/wp-json\/wp\/v2\/media?parent=39"}],"curies":[{"name":"wp","href":"https:\/\/api.w.org\/{rel}","templated":true}]}}