
{"id":231,"date":"2020-01-08T20:39:41","date_gmt":"2020-01-08T19:39:41","guid":{"rendered":"http:\/\/labs.ummto.dz\/lmpa\/?page_id=231"},"modified":"2021-08-20T12:46:01","modified_gmt":"2021-08-20T10:46:01","slug":"equipe-6-analyse-fonctionnelle","status":"publish","type":"page","link":"http:\/\/labs.ummto.dz\/lmpa\/index.php\/equipe-6-analyse-fonctionnelle\/","title":{"rendered":"Equipe 05  : Analyse fonctionnelle."},"content":{"rendered":"<p><span style=\"color: #000080;\"><strong>Chef d\u2019\u00e9quipe<\/strong>: <span style=\"color: #000000;\">Professeur Rahmani Leila<img loading=\"lazy\" class=\" wp-image-181 alignright\" src=\"http:\/\/labs.ummto.dz\/lmpa\/wp-content\/uploads\/2017\/06\/148-263x300.jpg\" alt=\"\" width=\"179\" height=\"204\" srcset=\"http:\/\/labs.ummto.dz\/lmpa\/wp-content\/uploads\/2017\/06\/148-263x300.jpg 263w, http:\/\/labs.ummto.dz\/lmpa\/wp-content\/uploads\/2017\/06\/148.jpg 336w\" sizes=\"(max-width: 179px) 100vw, 179px\" \/><\/span><\/span><\/p>\n<p><span style=\"color: #000080;\"><strong>Domaine<\/strong>: <span style=\"color: #000000;\">Sciences math\u00e9matiques et leurs interactions<\/span><\/span><\/p>\n<p><span style=\"color: #000080;\"><strong>Mots cl\u00e9s<\/strong>:<\/span><span style=\"color: #000000;\">Presque p\u00e9riodique, \u00c9quations diff\u00e9rentielles stochastiques, processus stochastiques, Browniens fractionnaires, calculs de Maliavin,\u00a0<\/span><span style=\"color: #000000;\">\u00c9quations aux d\u00e9riv\u00e9es partielles, analyse asymptotique, couches minces, perturbations singuli\u00e8res.<\/span><\/p>\n<p><span style=\"color: #000080;\"><strong>Description de la th\u00e9matique de recherche de l\u2019\u00e9quipe:<\/strong><\/span><\/p>\n<p><span style=\"color: #000000;\">L\u2019\u00e9quipe travaille sur plusieurs axes de recherche, notamment : les \u00e9quations aux d\u00e9riv\u00e9es partielles, les \u00e9quations diff\u00e9rentielles stochastiques, les espaces de fonctions presque p\u00e9riodiques (aux sens de Bohr,\u00a0 Stepanoff,\u00a0 Weyl,&#8230;) .<\/span><\/p>\n<ul>\n<li><span style=\"color: #000000;\"><span style=\"color: #000080;\"><strong>Fonctions presque p\u00e9riodiques: <\/strong><\/span>Le concept de fonctions presque p\u00e9riodiques a plusieurs sens (Bohr, Stepanoff, Weyl, Besicovitch, etc). Dans le cas de fonctions al\u00e9atoires chaque sens se bifurque en plusieurs types de presque p\u00e9riodicit\u00e9 (en loi, en p-moyenne, unitaire,\u2026). Notre \u00e9quipe s\u2019int\u00e9resse aux diff\u00e9rents liens entre les diff\u00e9rents types de presque p\u00e9riodicit\u00e9s.<\/span><\/li>\n<li><span style=\"color: #000000;\"><span style=\"color: #000080;\"><strong>\u00c9quations Diff\u00e9rentielles Stochastiques (EDS): <\/strong><\/span>On s\u2019int\u00e9resse essentiellement\u00a0 aux EDS gouvern\u00e9es par\u00a0 des Browniens standards et fractionnaires. G\u00e9n\u00e9ralement ces \u00e9quations mod\u00e9lisent des ph\u00e9nom\u00e8nes naturels qu\u2019on rencontre en biologie, en finance, en physique,\u2026. D\u2019une mani\u00e8re plus pr\u00e9cise, sous certaines conditions sur les coefficients, on \u00e9tudie l\u2019existence et l\u2019unicit\u00e9 des solutions presque p\u00e9riodiques au sens de Bohr, Stepanoff, Weyl, etc.<\/span><\/li>\n<li><span style=\"color: #000000;\"><span style=\"color: #000080;\"><strong>\u00c9quations aux d\u00e9riv\u00e9es partielles (EDP): <\/strong><\/span>Les th\u00e9matiques d\u00e9velopp\u00e9es ici rentrent dans le cadre de la th\u00e9orie des \u00e9quations aux d\u00e9riv\u00e9es partielles et leurs applications \u00e0 la physique, la m\u00e9canique,..etc. On s\u2019int\u00e9resse particuli\u00e8rement aux probl\u00e8mes aux limites qui font intervenir un petit param\u00e8tre ( probl\u00e8mes raides, couches minces..etc). Les travaux qu\u2019on m\u00e8ne se basent essentiellement sur l\u2019analyse asymptotique, les techniques des perturbations singuli\u00e8res ainsi que \u00a0les diff\u00e9rents outils et notions d\u2019analyse non lin\u00e9aire et des EDP.<\/span><\/li>\n<\/ul>\n<p><span style=\"color: #000080;\"><strong>Liste exhaustive des membres de l\u2019\u00e9quipe par grade:<\/strong><\/span><\/p>\n\n<table id=\"tablepress-Equipe_Rahmani\" class=\"tablepress tablepress-id-Equipe_Rahmani\">\n<thead>\n<tr class=\"row-1 odd\">\n\t<th class=\"column-1\">&nbsp;<\/th><th class=\"column-2\">Nom<\/th><th class=\"column-3\">Pr\u00e9nom<\/th><th class=\"column-4\">Dernier dipl\u00f4me<\/th><th class=\"column-5\">Grade<\/th><th class=\"column-6\">Adresse Mail<\/th>\n<\/tr>\n<\/thead>\n<tbody class=\"row-hover\">\n<tr class=\"row-2 even\">\n\t<td class=\"column-1\">1<\/td><td class=\"column-2\">MORSLI<\/td><td class=\"column-3\">Mohammed<\/td><td class=\"column-4\">Doctorat d\u2019\u00e9tat<\/td><td class=\"column-5\">Professeur<\/td><td class=\"column-6\">mdmorsli@yahoo.fr<\/td>\n<\/tr>\n<tr class=\"row-3 odd\">\n\t<td class=\"column-1\">2<\/td><td class=\"column-2\">RAHMANI<\/td><td class=\"column-3\">Leila<\/td><td class=\"column-4\">Habilitation<\/td><td class=\"column-5\">Professeur<\/td><td class=\"column-6\">rahmani_lei@yahoo.fr<\/td>\n<\/tr>\n<tr class=\"row-4 even\">\n\t<td class=\"column-1\">3<\/td><td class=\"column-2\">SMAALI<\/td><td class=\"column-3\">Mannal<\/td><td class=\"column-4\">Habilitation<\/td><td class=\"column-5\">MCA<\/td><td class=\"column-6\">smaali_manel@yahoo.fr<\/td>\n<\/tr>\n<tr class=\"row-5 odd\">\n\t<td class=\"column-1\">4<\/td><td class=\"column-2\">TALEB<\/td><td class=\"column-3\">Lynda<\/td><td class=\"column-4\">Doctorat<\/td><td class=\"column-5\">MCB<\/td><td class=\"column-6\">lynda.taleb@ummto.dz<\/td>\n<\/tr>\n<tr class=\"row-6 even\">\n\t<td class=\"column-1\">5<\/td><td class=\"column-2\">MELLAH<\/td><td class=\"column-3\">Omar<\/td><td class=\"column-4\">Doctorat<\/td><td class=\"column-5\">MCB<\/td><td class=\"column-6\">omellah@yahoo.fr<\/td>\n<\/tr>\n<tr class=\"row-7 odd\">\n\t<td class=\"column-1\">6<\/td><td class=\"column-2\">CHALLALI<\/td><td class=\"column-3\">Noureddine<\/td><td class=\"column-4\">Doctorat<\/td><td class=\"column-5\">MCB<\/td><td class=\"column-6\">challalin@yahoo.fr<\/td>\n<\/tr>\n<tr class=\"row-8 even\">\n\t<td class=\"column-1\">7<\/td><td class=\"column-2\">DAOUI<\/td><td class=\"column-3\">Amina<\/td><td class=\"column-4\">Doctorat<\/td><td class=\"column-5\">MCB<\/td><td class=\"column-6\">daoui_aminadz@yahoo.fr<\/td>\n<\/tr>\n<tr class=\"row-9 odd\">\n\t<td class=\"column-1\">8<\/td><td class=\"column-2\">SADANI<\/td><td class=\"column-3\">Idir<\/td><td class=\"column-4\">Doctorat<\/td><td class=\"column-5\">MCB<\/td><td class=\"column-6\">sadani.idir@yahoo.fr<\/td>\n<\/tr>\n<tr class=\"row-10 even\">\n\t<td class=\"column-1\">9<\/td><td class=\"column-2\">TIKOBAINI<\/td><td class=\"column-3\">Hamid<\/td><td class=\"column-4\">Magister<\/td><td class=\"column-5\">MAA-Doc.<\/td><td class=\"column-6\">h_tikobaini@yahoo.fr<\/td>\n<\/tr>\n<tr class=\"row-11 odd\">\n\t<td class=\"column-1\">10<\/td><td class=\"column-2\">MENGUELTI<\/td><td class=\"column-3\">Ali<\/td><td class=\"column-4\">Magister<\/td><td class=\"column-5\">MAA-Doc.<\/td><td class=\"column-6\">aliamenguelti@yahoo.fr<\/td>\n<\/tr>\n<tr class=\"row-12 even\">\n\t<td class=\"column-1\">11<\/td><td class=\"column-2\">SLIMI<\/td><td class=\"column-3\">Karima<\/td><td class=\"column-4\">Master<\/td><td class=\"column-5\">Doctorante<\/td><td class=\"column-6\">slimi_k@yahoo.fr<\/td>\n<\/tr>\n<tr class=\"row-13 odd\">\n\t<td class=\"column-1\">12<\/td><td class=\"column-2\">MOKHTARI<\/td><td class=\"column-3\">Hanifa<\/td><td class=\"column-4\">Master<\/td><td class=\"column-5\">Doctorante<\/td><td class=\"column-6\">hanifamokhtari@yahoo.fr<\/td>\n<\/tr>\n<tr class=\"row-14 even\">\n\t<td class=\"column-1\">13<\/td><td class=\"column-2\">MADJOUR<\/td><td class=\"column-3\">Farida<\/td><td class=\"column-4\">Master<\/td><td class=\"column-5\">Doctorante<\/td><td class=\"column-6\">madjourfarida@gmail.com<\/td>\n<\/tr>\n<tr class=\"row-15 odd\">\n\t<td class=\"column-1\">14<\/td><td class=\"column-2\">AKEB<\/td><td class=\"column-3\">Tassadit<\/td><td class=\"column-4\">Master<\/td><td class=\"column-5\">Doctorante<\/td><td class=\"column-6\">tassakeb@hotmail.com<\/td>\n<\/tr>\n<tr class=\"row-16 even\">\n\t<td class=\"column-1\">15<\/td><td class=\"column-2\">ARAB<\/td><td class=\"column-3\">Hakim<\/td><td class=\"column-4\">Master<\/td><td class=\"column-5\">Doctorant<\/td><td class=\"column-6\">imiyane@hotmail.fr <\/td>\n<\/tr>\n<tr class=\"row-17 odd\">\n\t<td class=\"column-1\">16<\/td><td class=\"column-2\">GHERDAOUI<\/td><td class=\"column-3\">Rabah<\/td><td class=\"column-4\">Master<\/td><td class=\"column-5\">Doctorant<\/td><td class=\"column-6\">rabah.gherdaoui@ummto.dz<\/td>\n<\/tr>\n<\/tbody>\n<\/table>\n<!-- #tablepress-Equipe_Rahmani from cache -->\n","protected":false},"excerpt":{"rendered":"<p>Chef d\u2019\u00e9quipe: Professeur Rahmani Leila Domaine: Sciences math\u00e9matiques et leurs interactions Mots cl\u00e9s:Presque p\u00e9riodique, \u00c9quations diff\u00e9rentielles stochastiques, processus stochastiques, Browniens fractionnaires, calculs de Maliavin,\u00a0\u00c9quations aux d\u00e9riv\u00e9es partielles, analyse asymptotique, couches minces, perturbations singuli\u00e8res. Description&#46;&#46;&#46;<\/p>\n","protected":false},"author":1,"featured_media":0,"parent":0,"menu_order":0,"comment_status":"closed","ping_status":"closed","template":"","meta":[],"_links":{"self":[{"href":"http:\/\/labs.ummto.dz\/lmpa\/index.php\/wp-json\/wp\/v2\/pages\/231"}],"collection":[{"href":"http:\/\/labs.ummto.dz\/lmpa\/index.php\/wp-json\/wp\/v2\/pages"}],"about":[{"href":"http:\/\/labs.ummto.dz\/lmpa\/index.php\/wp-json\/wp\/v2\/types\/page"}],"author":[{"embeddable":true,"href":"http:\/\/labs.ummto.dz\/lmpa\/index.php\/wp-json\/wp\/v2\/users\/1"}],"replies":[{"embeddable":true,"href":"http:\/\/labs.ummto.dz\/lmpa\/index.php\/wp-json\/wp\/v2\/comments?post=231"}],"version-history":[{"count":13,"href":"http:\/\/labs.ummto.dz\/lmpa\/index.php\/wp-json\/wp\/v2\/pages\/231\/revisions"}],"predecessor-version":[{"id":622,"href":"http:\/\/labs.ummto.dz\/lmpa\/index.php\/wp-json\/wp\/v2\/pages\/231\/revisions\/622"}],"wp:attachment":[{"href":"http:\/\/labs.ummto.dz\/lmpa\/index.php\/wp-json\/wp\/v2\/media?parent=231"}],"curies":[{"name":"wp","href":"https:\/\/api.w.org\/{rel}","templated":true}]}}