
{"id":24,"date":"2017-06-28T14:27:03","date_gmt":"2017-06-28T12:27:03","guid":{"rendered":"http:\/\/labs.ummto.dz\/lmpa\/?page_id=24"},"modified":"2021-08-25T16:48:12","modified_gmt":"2021-08-25T14:48:12","slug":"colloques","status":"publish","type":"page","link":"http:\/\/labs.ummto.dz\/lmpa\/index.php\/colloques\/","title":{"rendered":"Colloques et Workshop"},"content":{"rendered":"<p>Le Laboratoire LMPA a particip\u00e9, \u00e0 c\u00f4t\u00e9 du d\u00e9partement de math\u00e9matiques et de la facult\u00e9 des sciences de l&rsquo;UMMTO, \u00e0 l\u2019organisation de manifestations scientifiques :<\/p>\n<ul>\n<li>\n<pre>Journ\u00e9es d\u2019\u00e9tude sur le syst\u00e8me Linux (2006)<\/pre>\n<\/li>\n<li>\n<pre>L\u2019\u00e9quipe statistique, sous la responsabilit\u00e9 de Pr. Hocine Fellag, de notre laboratoire a aussi eu l\u2019honneur d\u2019organiser une rencontre nationale Sur la statistique et ses applications. UMMTO. <em style=\"color: #000000; font-family: Arial, sans-serif;\">29-30 mai 2006.<\/em>, qui a vu la naissance de la soci\u00e9t\u00e9 alg\u00e9rienne de statistique.<\/pre>\n<\/li>\n<li>\n<pre>Organisation de la sixi\u00e8me rencontre sur l\u2019analyse math\u00e9matiques et ses applications (RAMA6), LMPA-UMMTO, 26-28 avril 2008. Pr\u00e9sident: Pr. Mohamed Morsli<\/pre>\n<\/li>\n<li>\n<pre>Organisation des deuxi\u00e8mes ateliers itin\u00e9rants Magr\u00e9bins de simulation num\u00e9rique (AMIS\u201909) , LMPA-UMMTO, 22-26 mars 2009. Pr\u00e9sident: Pr. Mohamed Morsli<\/pre>\n<\/li>\n<li>\n<pre><span style=\"color: #000000;\">Workshop WEDSTAT\u201909 on Theoretical and applied statistics, UMMTO, May 4-7, 2009 (Pr\u00e9sident: Hocine Fellag)<\/span><\/pre>\n<\/li>\n<li>\n<pre>Organisation de journ\u00e9es scientifiques du Laboratoire de Math\u00e9matiques Pures et Appliqu\u00e9es\r\n\r\n(LMPA), Tizi-Ouzou, 09-11 janvier 2011. Pr\u00e9sident: Pr. Hamadouche Djamel.<\/pre>\n<\/li>\n<li>\n<pre><span style=\"color: #000000;\">Workshop on Algebraic Statistics and Random matrices, UMMTO, November 7-8, 2016. Pr\u00e9sident: Pr. Hocine Fellag.<\/span><\/pre>\n<\/li>\n<li>\n<pre>Journ\u00e9es Scientifiques sur le th\u00e8me : \u201dAvanc\u00e9es R\u00e9centes sur les Observateurs d\u2019\u00e9tats des syst\u00e8mes dynamiques non lin\u00e9aires\u201d. Anim\u00e9es par Pr. A. Zemouche (Univ. Lorraine, France) et Pr. T-M. Laleg (Kaust, Arabie Saoudite).\u00a0 Du 26 juin 2019 au 30 juin 2019.<\/pre>\n<pre>L'\u00e9quipe Statistique a organis\u00e9 deux Journ\u00e9es Scientifiques le 03 et 04 d\u00e9cembre 2019, sur la Statistique Alg\u00e9brique. Ces journ\u00e9es \u00e9taient anim\u00e9es par le \u00a0<strong>Professeur <span class=\"il\">Abdenacer<\/span>\u00a0<\/strong><span class=\"il\"><strong>Makhlouf<\/strong>, <\/span>(Universit\u00e9 Haute Alsace\u00a0<span class=\"il\">de<\/span> Mulhouse, France), qui a pr\u00e9sent\u00e9 deux conf\u00e9rences intitul\u00e9es:\r\n<strong><em>1. L\u2019op\u00e9rateur Rota-Baxter : gen\u00e8se et applications\r\n<\/em><em>2. Approche alg\u00e9brique des d\u00e9formations\r\n\r\n<\/em><\/strong><\/pre>\n<\/li>\n<\/ul>\n","protected":false},"excerpt":{"rendered":"<p>Le Laboratoire LMPA a particip\u00e9, \u00e0 c\u00f4t\u00e9 du d\u00e9partement de math\u00e9matiques et de la facult\u00e9 des sciences de l&rsquo;UMMTO, \u00e0 l\u2019organisation de manifestations scientifiques : Journ\u00e9es d\u2019\u00e9tude sur le syst\u00e8me Linux (2006) L\u2019\u00e9quipe statistique,&#46;&#46;&#46;<\/p>\n","protected":false},"author":1,"featured_media":0,"parent":0,"menu_order":0,"comment_status":"closed","ping_status":"closed","template":"","meta":[],"_links":{"self":[{"href":"http:\/\/labs.ummto.dz\/lmpa\/index.php\/wp-json\/wp\/v2\/pages\/24"}],"collection":[{"href":"http:\/\/labs.ummto.dz\/lmpa\/index.php\/wp-json\/wp\/v2\/pages"}],"about":[{"href":"http:\/\/labs.ummto.dz\/lmpa\/index.php\/wp-json\/wp\/v2\/types\/page"}],"author":[{"embeddable":true,"href":"http:\/\/labs.ummto.dz\/lmpa\/index.php\/wp-json\/wp\/v2\/users\/1"}],"replies":[{"embeddable":true,"href":"http:\/\/labs.ummto.dz\/lmpa\/index.php\/wp-json\/wp\/v2\/comments?post=24"}],"version-history":[{"count":14,"href":"http:\/\/labs.ummto.dz\/lmpa\/index.php\/wp-json\/wp\/v2\/pages\/24\/revisions"}],"predecessor-version":[{"id":821,"href":"http:\/\/labs.ummto.dz\/lmpa\/index.php\/wp-json\/wp\/v2\/pages\/24\/revisions\/821"}],"wp:attachment":[{"href":"http:\/\/labs.ummto.dz\/lmpa\/index.php\/wp-json\/wp\/v2\/media?parent=24"}],"curies":[{"name":"wp","href":"https:\/\/api.w.org\/{rel}","templated":true}]}}