
{"id":266,"date":"2020-01-09T13:46:38","date_gmt":"2020-01-09T12:46:38","guid":{"rendered":"http:\/\/labs.ummto.dz\/lmpa\/?page_id=266"},"modified":"2021-08-01T11:33:09","modified_gmt":"2021-08-01T09:33:09","slug":"memoires-de-magister-encadres-et-soutenus","status":"publish","type":"page","link":"http:\/\/labs.ummto.dz\/lmpa\/index.php\/memoires-de-magister-encadres-et-soutenus\/","title":{"rendered":"Magister encadr\u00e9s"},"content":{"rendered":"\n<table id=\"tablepress-Magister\" class=\"tablepress tablepress-id-Magister my-justify-class\">\n<thead>\n<tr class=\"row-1\">\n\t<th class=\"column-1\">N\u00b0<\/th><th class=\"column-2\">Titre du m\u00e9moire de Magister<\/th><th class=\"column-3\">Etudiant dipl\u00f4m\u00e9<\/th><th class=\"column-4\">Encadrant<\/th><th class=\"column-5\">Ann\u00e9e de soutenance<\/th>\n<\/tr>\n<\/thead>\n<tbody class=\"row-hover\">\n<tr class=\"row-2\">\n\t<td class=\"column-1\">1<\/td><td class=\"column-2\">Stabilit\u00e9 des s\u00e9ries chronologiques non lin\u00e9aires<\/td><td class=\"column-3\">Atil Lynda<\/td><td class=\"column-4\">Fellag Hocine<\/td><td class=\"column-5\">2003<\/td>\n<\/tr>\n<tr class=\"row-3\">\n\t<td class=\"column-1\">2<\/td><td class=\"column-2\">Convexit\u00e9 et optimisation dans les espaces d'Orlicz<\/td><td class=\"column-3\">Smaali Mannal<\/td><td class=\"column-4\">Morsli Mohammed<\/td><td class=\"column-5\">2003<\/td>\n<\/tr>\n<tr class=\"row-4\">\n\t<td class=\"column-1\">3<\/td><td class=\"column-2\">Sur la pr\u00e9diction en s\u00e9rie chronologique<\/td><td class=\"column-3\">Hamaz Abdelghani<\/td><td class=\"column-4\">Fellag Hocine<\/td><td class=\"column-5\">2004<\/td>\n<\/tr>\n<tr class=\"row-5\">\n\t<td class=\"column-1\">4<\/td><td class=\"column-2\">Principes d\u2019invariance h\u00f6lderiens pour de variables al\u00e9atoires ind\u00e9pendantes<\/td><td class=\"column-3\">Youcef TALEB<\/td><td class=\"column-4\">Hamadouche Djamel<\/td><td class=\"column-5\">2004<\/td>\n<\/tr>\n<tr class=\"row-6\">\n\t<td class=\"column-1\">5<\/td><td class=\"column-2\">Le processus quantile pour des variables ind\u00e9pendants non identiques en norme Holderienne<\/td><td class=\"column-3\">BOUALAM, Karima<\/td><td class=\"column-4\">Hamadouche Djamel<\/td><td class=\"column-5\">2005<\/td>\n<\/tr>\n<tr class=\"row-7\">\n\t<td class=\"column-1\">6<\/td><td class=\"column-2\">Convergence holderienne du processus empirique pour des variables all\u00e9atoires ind\u00e9pendantes non de m\u00eame loi<\/td><td class=\"column-3\">Graiche Farid<\/td><td class=\"column-4\">Hamadouche Djamel<\/td><td class=\"column-5\">2005<\/td>\n<\/tr>\n<tr class=\"row-8\">\n\t<td class=\"column-1\">7<\/td><td class=\"column-2\">Estimation et tests dans les modeles de rupture<\/td><td class=\"column-3\">Belkacem Cherifa<\/td><td class=\"column-4\">Fellag Hocine<\/td><td class=\"column-5\">2005<\/td>\n<\/tr>\n<tr class=\"row-9\">\n\t<td class=\"column-1\">8<\/td><td class=\"column-2\">Chaines de markov et applications<\/td><td class=\"column-3\">Larabi Ghenima<\/td><td class=\"column-4\">Ibazizen Mohamed Hamou<\/td><td class=\"column-5\">2007<\/td>\n<\/tr>\n<tr class=\"row-10\">\n\t<td class=\"column-1\">9<\/td><td class=\"column-2\">Etude qualitative et comparative de differentes approches pour le probl\u00e8me de l'optimisation dans les espaces fonctionnels.<\/td><td class=\"column-3\">Tikobaini Hamid<\/td><td class=\"column-4\">Morsli Mohammed<\/td><td class=\"column-5\">2007<\/td>\n<\/tr>\n<tr class=\"row-11\">\n\t<td class=\"column-1\">10<\/td><td class=\"column-2\">Influence en statistique multidimentionnelle.<\/td><td class=\"column-3\">Cheikh Malika<\/td><td class=\"column-4\">Ibazizen Mohamed Hamou<\/td><td class=\"column-5\">2007<\/td>\n<\/tr>\n<tr class=\"row-12\">\n\t<td class=\"column-1\">11<\/td><td class=\"column-2\">Stabilit\u00e9 des modeles exponentiels et applications aux series chronologiques<\/td><td class=\"column-3\">Zerouzou Anissa<\/td><td class=\"column-4\">Fellag Hocine<\/td><td class=\"column-5\">2007<\/td>\n<\/tr>\n<tr class=\"row-13\">\n\t<td class=\"column-1\">12<\/td><td class=\"column-2\">Interpolation et in\u00e9galit\u00e9s pour les normes dans les espaces de type Orlicz<\/td><td class=\"column-3\">Daoui Amina<\/td><td class=\"column-4\">Morsli Mohammed<\/td><td class=\"column-5\">2008<\/td>\n<\/tr>\n<tr class=\"row-14\">\n\t<td class=\"column-1\">13<\/td><td class=\"column-2\">Th\u00e9or\u00e8me central limite fonctionnel h\u00f6lderien pour des \u00e9l\u00e9ments al\u00e9atoires d\u2019un espace de Banach<br \/>\n<\/td><td class=\"column-3\">Moussouni Samia <\/td><td class=\"column-4\">Hamadouche Djamel<\/td><td class=\"column-5\">2008<\/td>\n<\/tr>\n<tr class=\"row-15\">\n\t<td class=\"column-1\">14<\/td><td class=\"column-2\">Approche modulaire dans l' \u00e9tude des espaces du type Orlicz<\/td><td class=\"column-3\">Benaoudia Djamila<\/td><td class=\"column-4\">Bedouhene Fazia<\/td><td class=\"column-5\">2009<\/td>\n<\/tr>\n<tr class=\"row-16\">\n\t<td class=\"column-1\">15<\/td><td class=\"column-2\">Etude et comparaison des estimateurs de l'indice des valeurs extr\u00eames .<\/td><td class=\"column-3\">Lani Abdenour<\/td><td class=\"column-4\">Berkoun Youcef<\/td><td class=\"column-5\">2010<\/td>\n<\/tr>\n<tr class=\"row-17\">\n\t<td class=\"column-1\">16<\/td><td class=\"column-2\">Contribution \u00e0 l'\u00e9tude de l'int\u00e9grale stochastique et du mouvement brownien.<\/td><td class=\"column-3\">Ladjimi Fetima<\/td><td class=\"column-4\">Boudiba Mohand Arezki<\/td><td class=\"column-5\">2011<\/td>\n<\/tr>\n<tr class=\"row-18\">\n\t<td class=\"column-1\">17<\/td><td class=\"column-2\">Cha\u00eenes de Markov et applications \u00e0 la cin\u00e9tique des r\u00e9actions chimiques.<\/td><td class=\"column-3\">BESSAD Baya<\/td><td class=\"column-4\">Boudiba Mohand Arezki<\/td><td class=\"column-5\">2011<\/td>\n<\/tr>\n<tr class=\"row-19\">\n\t<td class=\"column-1\">18<\/td><td class=\"column-2\">Calcul et estimation d'une probabilit\u00e9 de ruine.<\/td><td class=\"column-3\">BOUZIANE, Houria<\/td><td class=\"column-4\">Berkoun Youcef<\/td><td class=\"column-5\">2011<\/td>\n<\/tr>\n<tr class=\"row-20\">\n\t<td class=\"column-1\">19<\/td><td class=\"column-2\">Estimation des Quantiles Extr\u00eames et de la VaR.<\/td><td class=\"column-3\">TEMAME, Naima<\/td><td class=\"column-4\">Berkoun Youcef<\/td><td class=\"column-5\">2011<\/td>\n<\/tr>\n<tr class=\"row-21\">\n\t<td class=\"column-1\">20<\/td><td class=\"column-2\">Mod\u00e9lisation de la d\u00e9pendance par les copules et application.<\/td><td class=\"column-3\">LOUNAS, Fadhila<\/td><td class=\"column-4\">Berkoun Youcef<\/td><td class=\"column-5\">2011<\/td>\n<\/tr>\n<tr class=\"row-22\">\n\t<td class=\"column-1\">21<\/td><td class=\"column-2\">Stabilit\u00e9 des mod\u00e8les autoregressifs \u00e0 coefficients al\u00e9atoires.<\/td><td class=\"column-3\">OUNOUH, Rachida<\/td><td class=\"column-4\">FELLAG Hocine<\/td><td class=\"column-5\">2011<\/td>\n<\/tr>\n<tr class=\"row-23\">\n\t<td class=\"column-1\">22<\/td><td class=\"column-2\">Aspects de la robustesse Bay\u00e9sienne dans les mod\u00e8les AR(1).<\/td><td class=\"column-3\">GHOUIL, Djeweyda<\/td><td class=\"column-4\">FELLAG Hocine<\/td><td class=\"column-5\">2011<\/td>\n<\/tr>\n<tr class=\"row-24\">\n\t<td class=\"column-1\">23<\/td><td class=\"column-2\">Contribution \u00e0 l'\u00e9tude de mod\u00e8les autor\u00e9gressifs \u00e0 coefficients p\u00e9riodiques et presque p\u00e9riodiques.<\/td><td class=\"column-3\">LARBI, Ahmed<\/td><td class=\"column-4\">BEDOUHENE Fazia<\/td><td class=\"column-5\">2011<\/td>\n<\/tr>\n<tr class=\"row-25\">\n\t<td class=\"column-1\">24<\/td><td class=\"column-2\">Stabilisation et estimation de l'\u00e9tat des syst\u00e8mes dynamiques non lin\u00e9aire et application.<\/td><td class=\"column-3\">BENNANI, Cherifa<\/td><td class=\"column-4\">BEDOUHENE Fazia<\/td><td class=\"column-5\">2011<\/td>\n<\/tr>\n<tr class=\"row-26\">\n\t<td class=\"column-1\">25<\/td><td class=\"column-2\">Mod\u00e8les d'incertitude appliqu\u00e9s au probl\u00e8me de management de l'eau.<\/td><td class=\"column-3\">BELKACEM, Nadia<\/td><td class=\"column-4\">FELLAG Hocine<\/td><td class=\"column-5\">2012<\/td>\n<\/tr>\n<tr class=\"row-27\">\n\t<td class=\"column-1\">26<\/td><td class=\"column-2\">La th\u00e9orie des jeux bay\u00e9siens<\/td><td class=\"column-3\">BOUIBED, Karima<\/td><td class=\"column-4\">KACHER Fatiha<\/td><td class=\"column-5\">2012<\/td>\n<\/tr>\n<tr class=\"row-28\">\n\t<td class=\"column-1\">27<\/td><td class=\"column-2\">Etude probabiliste\u00a0 des\u00a0 \u00e9quations aux r\u00e9currences\u00a0 stochastiques<\/td><td class=\"column-3\">Demmouche\u00a0 Nacer (USTHB)<\/td><td class=\"column-4\">Berkoun Youcef<\/td><td class=\"column-5\">2013<\/td>\n<\/tr>\n<tr class=\"row-29\">\n\t<td class=\"column-1\">28<\/td><td class=\"column-2\">Etude qualitative et comparative de diff\u00e9rentes classes de fonctions presque periodiques<\/td><td class=\"column-3\">Challali Nouredine<\/td><td class=\"column-4\">Morsli Mohamed<\/td><td class=\"column-5\">2010<\/td>\n<\/tr>\n<tr class=\"row-30\">\n\t<td class=\"column-1\">29<\/td><td class=\"column-2\">Approche bay\u00e9sienne dans la d\u00e9tection des observations aberrantes<\/td><td class=\"column-3\">Ait-Mohammed Noura<\/td><td class=\"column-4\">Ibazizen Mohamed Hamou<\/td><td class=\"column-5\">2006<\/td>\n<\/tr>\n<\/tbody>\n<\/table>\n<!-- #tablepress-Magister from cache -->\n<p>&nbsp;<\/p>\n<p>&nbsp;<\/p>\n<p>&nbsp;<\/p>\n<p>&nbsp;<\/p>\n","protected":false},"excerpt":{"rendered":"<p>&nbsp; &nbsp; &nbsp; &nbsp;<\/p>\n","protected":false},"author":1,"featured_media":0,"parent":0,"menu_order":0,"comment_status":"closed","ping_status":"closed","template":"","meta":[],"_links":{"self":[{"href":"http:\/\/labs.ummto.dz\/lmpa\/index.php\/wp-json\/wp\/v2\/pages\/266"}],"collection":[{"href":"http:\/\/labs.ummto.dz\/lmpa\/index.php\/wp-json\/wp\/v2\/pages"}],"about":[{"href":"http:\/\/labs.ummto.dz\/lmpa\/index.php\/wp-json\/wp\/v2\/types\/page"}],"author":[{"embeddable":true,"href":"http:\/\/labs.ummto.dz\/lmpa\/index.php\/wp-json\/wp\/v2\/users\/1"}],"replies":[{"embeddable":true,"href":"http:\/\/labs.ummto.dz\/lmpa\/index.php\/wp-json\/wp\/v2\/comments?post=266"}],"version-history":[{"count":18,"href":"http:\/\/labs.ummto.dz\/lmpa\/index.php\/wp-json\/wp\/v2\/pages\/266\/revisions"}],"predecessor-version":[{"id":538,"href":"http:\/\/labs.ummto.dz\/lmpa\/index.php\/wp-json\/wp\/v2\/pages\/266\/revisions\/538"}],"wp:attachment":[{"href":"http:\/\/labs.ummto.dz\/lmpa\/index.php\/wp-json\/wp\/v2\/media?parent=266"}],"curies":[{"name":"wp","href":"https:\/\/api.w.org\/{rel}","templated":true}]}}