
{"id":271,"date":"2020-01-09T13:54:09","date_gmt":"2020-01-09T12:54:09","guid":{"rendered":"http:\/\/labs.ummto.dz\/lmpa\/?page_id=271"},"modified":"2021-10-04T07:22:56","modified_gmt":"2021-10-04T05:22:56","slug":"theses-de-doctorat-encadrees-et-soutenues","status":"publish","type":"page","link":"http:\/\/labs.ummto.dz\/lmpa\/index.php\/theses-de-doctorat-encadrees-et-soutenues\/","title":{"rendered":"Th\u00e8ses de Doctorat encadr\u00e9es"},"content":{"rendered":"\n<table id=\"tablepress-Doctorat\" class=\"tablepress tablepress-id-Doctorat\">\n<thead>\n<tr class=\"row-1 odd\">\n\t<th class=\"column-1\">&nbsp;<\/th><th class=\"column-2\">Nom du doctorant<\/th><th class=\"column-3\">Titre de la th\u00e8se<\/th><th class=\"column-4\">Sp\u00e9cialit\u00e9<\/th><th class=\"column-5\">Ann\u00e9e de soutenance <\/th><th class=\"column-6\">Directeur de th\u00e8se<\/th>\n<\/tr>\n<\/thead>\n<tbody class=\"row-hover\">\n<tr class=\"row-2 even\">\n\t<td class=\"column-1\">1<\/td><td class=\"column-2\">IBAZIZEN, Mohamed<\/td><td class=\"column-3\">Etude de la robustesse dans les series chronologiques et en analyse des donn\u00e9es<\/td><td class=\"column-4\">Probabilit\u00e9s et Statistique<\/td><td class=\"column-5\">2003<\/td><td class=\"column-6\">Fellag Hocine<\/td>\n<\/tr>\n<tr class=\"row-3 odd\">\n\t<td class=\"column-1\">2<\/td><td class=\"column-2\">Bedouhene Fazia<\/td><td class=\"column-3\">Etude de propriet\u00e9s topologiques et metriques dans les espaces du type Orlicz<\/td><td class=\"column-4\">Analyse<\/td><td class=\"column-5\">2004<\/td><td class=\"column-6\">Morsli Mohamed<\/td>\n<\/tr>\n<tr class=\"row-4 even\">\n\t<td class=\"column-1\">3<\/td><td class=\"column-2\">Boulahia Fatiha<\/td><td class=\"column-3\">Characterisation de propri\u00e9t\u00e9s de convexit\u00e9 dans les espaces de type Orlicz de fonctions presque periodiques<\/td><td class=\"column-4\">Analyse <\/td><td class=\"column-5\">2005<\/td><td class=\"column-6\">Morsli Mohamed<\/td>\n<\/tr>\n<tr class=\"row-5 odd\">\n\t<td class=\"column-1\">4<\/td><td class=\"column-2\">BERKOUN, Youcef<\/td><td class=\"column-3\">Testes et estimateurs robustes dans les sens chnonologiques.<\/td><td class=\"column-4\">Probabilit\u00e9s et Statistique<\/td><td class=\"column-5\">2006<\/td><td class=\"column-6\">Fellag Hocine<\/td>\n<\/tr>\n<tr class=\"row-6 even\">\n\t<td class=\"column-1\">5<\/td><td class=\"column-2\">Fatiha Kacher<\/td><td class=\"column-3\">Concepts d'\u00e9quilibre pour un jeu non coop\u00e9ratif sous forme normale avec param\u00e8tres ind\u00e9termin\u00e9s flous<\/td><td class=\"column-4\">Recherche op\u00e9rationnelle<\/td><td class=\"column-5\">2006<\/td><td class=\"column-6\">Larbani Moussa<\/td>\n<\/tr>\n<tr class=\"row-7 odd\">\n\t<td class=\"column-1\">6<\/td><td class=\"column-2\">Nouali Karima<\/td><td class=\"column-3\">Statistique des s\u00e9ries chronologiques contamin\u00e9es<\/td><td class=\"column-4\">Statistique<\/td><td class=\"column-5\">2006<\/td><td class=\"column-6\">Fellag Hocine<\/td>\n<\/tr>\n<tr class=\"row-8 even\">\n\t<td class=\"column-1\">7<\/td><td class=\"column-2\">Mannal SMAALI<\/td><td class=\"column-3\">\u00c9tude et application de quelques propri\u00e9t\u00e9s g\u00e9om\u00e9triques dans les espaces de Calderon-Lozanovskii.<\/td><td class=\"column-4\">Analyse<\/td><td class=\"column-5\">2010<\/td><td class=\"column-6\">Mohamed MORSLI<\/td>\n<\/tr>\n<tr class=\"row-9 odd\">\n\t<td class=\"column-1\">8<\/td><td class=\"column-2\">Abdelghani HAMAZ<\/td><td class=\"column-3\">\u00a0Influence des donn\u00e9es manquantes sur la pr\u00e9diction de s\u00e9ries chronologiques<\/td><td class=\"column-4\">Probabilit\u00e9s et Statistique<\/td><td class=\"column-5\">2011<\/td><td class=\"column-6\">Ibazizen Mohamed Hamou<\/td>\n<\/tr>\n<tr class=\"row-10 even\">\n\t<td class=\"column-1\">9<\/td><td class=\"column-2\">Atil Lynda<\/td><td class=\"column-3\">Stabilit\u00e9 des mod\u00e8les ARCH et du test de la racine unit\u00e9<\/td><td class=\"column-4\">Statistique<\/td><td class=\"column-5\">2011<\/td><td class=\"column-6\">Fellag Hocine<\/td>\n<\/tr>\n<tr class=\"row-11 odd\">\n\t<td class=\"column-1\">10<\/td><td class=\"column-2\">MELLAH Omar<\/td><td class=\"column-3\">\u00c9tude des solutions presque p\u00e9riodiques des \u00e9quations diff\u00e9rentielles stochastiques<\/td><td class=\"column-4\">Analyse<\/td><td class=\"column-5\">2012<\/td><td class=\"column-6\">Morsli Mohamed et RAYNAUD DE FITTE Paul<\/td>\n<\/tr>\n<tr class=\"row-12 even\">\n\t<td class=\"column-1\">11<\/td><td class=\"column-2\">Merabet Dalila<\/td><td class=\"column-3\">Le processus empirique sous d\u00e9pendance en norme h\u00f6lderienne<\/td><td class=\"column-4\">Probabilit\u00e9s et Statistique<\/td><td class=\"column-5\">2012<\/td><td class=\"column-6\">HAMADOUCHE Djamel<\/td>\n<\/tr>\n<tr class=\"row-13 odd\">\n\t<td class=\"column-1\">12<\/td><td class=\"column-2\">Graiche Farid<\/td><td class=\"column-3\">Convergence de processus empirique et quantile et applications<\/td><td class=\"column-4\">Probabilit\u00e9s et Statistique<\/td><td class=\"column-5\">2012<\/td><td class=\"column-6\">HAMADOUCHE Djamel<\/td>\n<\/tr>\n<tr class=\"row-14 even\">\n\t<td class=\"column-1\">13<\/td><td class=\"column-2\">Achemine Farida<\/td><td class=\"column-3\">Th\u00e9or\u00e8mes limites fonctionnels et application aux syst\u00e8mes d\u2019attente<\/td><td class=\"column-4\">Probabilit\u00e9s et Statistique<\/td><td class=\"column-5\">2012<\/td><td class=\"column-6\">HAMADOUCHE Djamel<\/td>\n<\/tr>\n<tr class=\"row-15 odd\">\n\t<td class=\"column-1\">14<\/td><td class=\"column-2\">Taleb Youcef<\/td><td class=\"column-3\">Principes d\u2019invariance h\u00f6lderiens et application aux syst\u00e8mes de files d\u2019attente M\/G\/1 avec rappels<\/td><td class=\"column-4\">Probabilit\u00e9s et Statistique<\/td><td class=\"column-5\">2013<\/td><td class=\"column-6\">Aissani Amar (dir) de l\u2019USTHB &amp; HAMADOUCHE Djamel (co-dir)<\/td>\n<\/tr>\n<tr class=\"row-16 even\">\n\t<td class=\"column-1\">15<\/td><td class=\"column-2\">Amina Daoui<\/td><td class=\"column-3\">Sur de nouvelles classes de fonctions p\u00e9riodiques<\/td><td class=\"column-4\">Analyse<\/td><td class=\"column-5\">2014<\/td><td class=\"column-6\">Morsli Med<\/td>\n<\/tr>\n<tr class=\"row-17 odd\">\n\t<td class=\"column-1\">16<\/td><td class=\"column-2\">Mme BELKACEM, Cherifa<\/td><td class=\"column-3\">Stabilit\u00e9 des mod\u00e8les de rupture sous contamination.<\/td><td class=\"column-4\">Probabilit\u00e9s et Statistique<\/td><td class=\"column-5\">2014<\/td><td class=\"column-6\">Fellag Hocine<\/td>\n<\/tr>\n<tr class=\"row-18 even\">\n\t<td class=\"column-1\">17<\/td><td class=\"column-2\">Malika Cheikh<\/td><td class=\"column-3\">Fonction d\u2019influence en Analyse des donn\u00e9es<\/td><td class=\"column-4\">Probabilit\u00e9s et Statistique<\/td><td class=\"column-5\">2014<\/td><td class=\"column-6\">Fazia Bedouhene<\/td>\n<\/tr>\n<tr class=\"row-19 odd\">\n\t<td class=\"column-1\">18<\/td><td class=\"column-2\">KHELOUFI, Houria<\/td><td class=\"column-3\">Contribution \u00e0 la commande bas\u00e9e-observateur pour les syst\u00e8mes dynamiques incertains<\/td><td class=\"column-4\">Recherche op\u00e9rationnelle<\/td><td class=\"column-5\">2015<\/td><td class=\"column-6\">BEDOUHENE Fazia (dir) &amp; Ali Zemouche (co-dir)<\/td>\n<\/tr>\n<tr class=\"row-20 even\">\n\t<td class=\"column-1\">19<\/td><td class=\"column-2\">Sadani Idir<\/td><td class=\"column-3\">Etude alg\u00e9brique et analytique de quelques suites de nombres premiers d\u00e9finies   par r\u00e9currence <\/td><td class=\"column-4\">Analyse -Th\u00e9orie des nombres<\/td><td class=\"column-5\">2016<\/td><td class=\"column-6\"> Morsli Mohamed<\/td>\n<\/tr>\n<tr class=\"row-21 odd\">\n\t<td class=\"column-1\">20<\/td><td class=\"column-2\">Hocine Kourat<\/td><td class=\"column-3\">Caract\u00e9risation de quelques propri\u00e9t\u00e9s g\u00e9om\u00e9triques locales dans les espaces de type Musielak-Orlicz.<\/td><td class=\"column-4\">Analyse<\/td><td class=\"column-5\">2016<\/td><td class=\"column-6\">Fazia Bedouhene<\/td>\n<\/tr>\n<tr class=\"row-22 even\">\n\t<td class=\"column-1\">21<\/td><td class=\"column-2\"> Zidi Yamina<\/td><td class=\"column-3\">sur quelques propri\u00e9t\u00e9s geometriques dans les espaces de Banach<\/td><td class=\"column-4\">Analyse<\/td><td class=\"column-5\">2017<\/td><td class=\"column-6\"> Morsli Mohamed &amp; Godefroy Gilles<\/td>\n<\/tr>\n<tr class=\"row-23 odd\">\n\t<td class=\"column-1\">22<\/td><td class=\"column-2\">CHALLALI Nouredine<\/td><td class=\"column-3\">Processus pseudo-presque automorphes et \u00e9quations diff\u00e9rentielles stochastiques<\/td><td class=\"column-4\">Analyse<\/td><td class=\"column-5\">2017<\/td><td class=\"column-6\">Fazia Bedouhene et Paul Raynaud De Fitte<\/td>\n<\/tr>\n<tr class=\"row-24 even\">\n\t<td class=\"column-1\">23<\/td><td class=\"column-2\">Boualam\u00a0 Karima<\/td><td class=\"column-3\">Estimateur\u00a0 de Hill\u00a0 sous\u00a0 d\u00e9pendance\u00a0 faible,<\/td><td class=\"column-4\">Probabilit\u00e9s et Statistique<\/td><td class=\"column-5\">2017<\/td><td class=\"column-6\">Berkoun Youcef<\/td>\n<\/tr>\n<tr class=\"row-25 odd\">\n\t<td class=\"column-1\">24<\/td><td class=\"column-2\">BIBI, Hamza<\/td><td class=\"column-3\">Contribution \u00e0 la stabilisation des syst\u00e8mes dynamiques<\/td><td class=\"column-4\">Analyse<\/td><td class=\"column-5\">2018<\/td><td class=\"column-6\">BEDOUHENE Fazia (dir) &amp; Ali Zemouche (co-dir)<\/td>\n<\/tr>\n<tr class=\"row-26 even\">\n\t<td class=\"column-1\">25<\/td><td class=\"column-2\">IME\u04aaAOUDENE, Kahina<\/td><td class=\"column-3\">Inf\u00e9rence statistique h\u00f6lderienne pour la d\u00e9tection de rupture \u00e9pid\u00e9mique<\/td><td class=\"column-4\">Probabilit\u00e9s et Statistique<\/td><td class=\"column-5\">2019<\/td><td class=\"column-6\">HAMADOUCHE Djamel<\/td>\n<\/tr>\n<tr class=\"row-27 odd\">\n\t<td class=\"column-1\">26<\/td><td class=\"column-2\">LOUNIS, Ferhat<\/td><td class=\"column-3\">Approximation dans les syst\u00e8mes de files d\u2019attente avec rappels et serveur non fiable.<\/td><td class=\"column-4\">Probabilit\u00e9s et Statistique<\/td><td class=\"column-5\">2019<\/td><td class=\"column-6\">HAMADOUCHE Djamel<\/td>\n<\/tr>\n<tr class=\"row-28 even\">\n\t<td class=\"column-1\">27<\/td><td class=\"column-2\">IBAOUENE, Youcef<\/td><td class=\"column-3\">Processus Weyl presque p\u00e9riodiques et \u00e9quations diff\u00e9rentielles stochastiques<\/td><td class=\"column-4\">Analyse<\/td><td class=\"column-5\">2019<\/td><td class=\"column-6\">BEDOUHENE Fazia &amp; Paul Raynaud De Fitte (Th\u00e8se en cotutelle)<\/td>\n<\/tr>\n<tr class=\"row-29 odd\">\n\t<td class=\"column-1\">28<\/td><td class=\"column-2\">BOUZEKRI, Ali<\/td><td class=\"column-3\">The Foldy--Lax Approximation for the Full Electromagnetic waves and application to the electromagnetic metamaterials.<\/td><td class=\"column-4\">Analyse<\/td><td class=\"column-5\">2019<\/td><td class=\"column-6\">MORSLI Mohamed &amp; Mourad Sini<\/td>\n<\/tr>\n<tr class=\"row-30 even\">\n\t<td class=\"column-1\">29<\/td><td class=\"column-2\">DJABRI, Yousra<\/td><td class=\"column-3\">Fonctions presque p\u00e9riodiques g\u00e9n\u00e9ralis\u00e9es et \u00e9quations diff\u00e9rentielles<\/td><td class=\"column-4\">Analyse<\/td><td class=\"column-5\">2020<\/td><td class=\"column-6\">BEDOUHENE Fazia (Dir) &amp; Fatiha Boulahia (co-dir)<\/td>\n<\/tr>\n<tr class=\"row-31 odd\">\n\t<td class=\"column-1\">30<\/td><td class=\"column-2\">Ladjimi Fetima<\/td><td class=\"column-3\">Th\u00e9ories de L'apprentissage, Fonctions Al\u00e9atoires, Processus et Cha\u00eenes de Markov<\/td><td class=\"column-4\">Probabilit\u00e9s et Statistique<\/td><td class=\"column-5\">2020<\/td><td class=\"column-6\">Boudiba Mohand Arezki<\/td>\n<\/tr>\n<tr class=\"row-32 even\">\n\t<td class=\"column-1\">31<\/td><td class=\"column-2\">AMRANE, Souad<\/td><td class=\"column-3\">Analyse de Stabilit\u00e9 des Syst\u00e8mes Dynamique \u00e0 Retard<\/td><td class=\"column-4\">Analyse<\/td><td class=\"column-5\">2021<\/td><td class=\"column-6\">BEDOUHENE Fazia (dir) &amp; Islam Boussaada (co-dir)<\/td>\n<\/tr>\n<tr class=\"row-33 odd\">\n\t<td class=\"column-1\">32<\/td><td class=\"column-2\">BEDOUHENE, Kahina<\/td><td class=\"column-3\">Sur l'estimation non-param\u00e9trique et semi-param\u00e9trique par noyau des donn\u00e9es circulaires: cas uni-vari\u00e9 et multi-vari\u00e9<\/td><td class=\"column-4\">Analyse<\/td><td class=\"column-5\">2021<\/td><td class=\"column-6\">ZOUGAB Nabil<\/td>\n<\/tr>\n<tr class=\"row-34 even\">\n\t<td class=\"column-1\">33<\/td><td class=\"column-2\">Arezki Ouerdia<\/td><td class=\"column-3\">Sur l\u2019estimation et la pr\u00e9diction des champs al\u00e9atoires stationnaires Encadreur<\/td><td class=\"column-4\">Probabilit\u00e9s et Statistique<\/td><td class=\"column-5\">2021<\/td><td class=\"column-6\">Hamaz Abdelghani<\/td>\n<\/tr>\n<tr class=\"row-35 odd\">\n\t<td class=\"column-1\">34<\/td><td class=\"column-2\">Cherifa Bennani<\/td><td class=\"column-3\">Commande et observation de l\u2019Etat des syst\u00e8mes dynamiques non lin\u00e9aire<\/td><td class=\"column-4\">Recherche op\u00e9rationnelle<\/td><td class=\"column-5\">2021<\/td><td class=\"column-6\">Fazia Bedouhene<\/td>\n<\/tr>\n<tr class=\"row-36 even\">\n\t<td class=\"column-1\">35<\/td><td class=\"column-2\">Akeb Tassadit<\/td><td class=\"column-3\">Equations diff\u00e9rentielles stochastiques gouvern\u00e9es par un mouvement brownien fractionnaire.<\/td><td class=\"column-4\">Analyse<\/td><td class=\"column-5\">2021<\/td><td class=\"column-6\">Fazia Bedouhene (Dir) et Omar Mellah (codir)<\/td>\n<\/tr>\n<tr class=\"row-37 odd\">\n\t<td class=\"column-1\">36<\/td><td class=\"column-2\">Arezki Hasni<\/td><td class=\"column-3\">Sur la conception d'observateurs d'\u00e9tat des syst\u00e8mes non lin\u00e9aires et applications<\/td><td class=\"column-4\">Analyse<\/td><td class=\"column-5\">2021<\/td><td class=\"column-6\">BEDOUHENE Fazia (dir) &amp; Ali Zemouche (co-dir)<\/td>\n<\/tr>\n<\/tbody>\n<\/table>\n<!-- #tablepress-Doctorat from cache -->\n<p><span style=\"color: #000000;\"><strong><img loading=\"lazy\" class=\"wp-image-337 aligncenter\" src=\"http:\/\/labs.ummto.dz\/lmpa\/wp-content\/uploads\/2020\/02\/BN39704Doctorat-mythe-realite2-300x189.jpg\" alt=\"\" width=\"263\" height=\"166\" srcset=\"http:\/\/labs.ummto.dz\/lmpa\/wp-content\/uploads\/2020\/02\/BN39704Doctorat-mythe-realite2-300x189.jpg 300w, http:\/\/labs.ummto.dz\/lmpa\/wp-content\/uploads\/2020\/02\/BN39704Doctorat-mythe-realite2.jpg 675w\" sizes=\"(max-width: 263px) 100vw, 263px\" \/><\/strong><\/span><\/p>\n<p>&nbsp;<\/p>\n<p>&nbsp;<\/p>\n<p>&nbsp;<\/p>\n<p><strong>\u00a0<\/strong><\/p>\n","protected":false},"excerpt":{"rendered":"<p>&nbsp; &nbsp; &nbsp; \u00a0<\/p>\n","protected":false},"author":1,"featured_media":0,"parent":0,"menu_order":0,"comment_status":"closed","ping_status":"closed","template":"","meta":[],"_links":{"self":[{"href":"http:\/\/labs.ummto.dz\/lmpa\/index.php\/wp-json\/wp\/v2\/pages\/271"}],"collection":[{"href":"http:\/\/labs.ummto.dz\/lmpa\/index.php\/wp-json\/wp\/v2\/pages"}],"about":[{"href":"http:\/\/labs.ummto.dz\/lmpa\/index.php\/wp-json\/wp\/v2\/types\/page"}],"author":[{"embeddable":true,"href":"http:\/\/labs.ummto.dz\/lmpa\/index.php\/wp-json\/wp\/v2\/users\/1"}],"replies":[{"embeddable":true,"href":"http:\/\/labs.ummto.dz\/lmpa\/index.php\/wp-json\/wp\/v2\/comments?post=271"}],"version-history":[{"count":14,"href":"http:\/\/labs.ummto.dz\/lmpa\/index.php\/wp-json\/wp\/v2\/pages\/271\/revisions"}],"predecessor-version":[{"id":869,"href":"http:\/\/labs.ummto.dz\/lmpa\/index.php\/wp-json\/wp\/v2\/pages\/271\/revisions\/869"}],"wp:attachment":[{"href":"http:\/\/labs.ummto.dz\/lmpa\/index.php\/wp-json\/wp\/v2\/media?parent=271"}],"curies":[{"name":"wp","href":"https:\/\/api.w.org\/{rel}","templated":true}]}}