
{"id":28,"date":"2017-06-28T14:27:31","date_gmt":"2017-06-28T12:27:31","guid":{"rendered":"http:\/\/labs.ummto.dz\/lmpa\/?page_id=28"},"modified":"2021-08-25T17:18:38","modified_gmt":"2021-08-25T15:18:38","slug":"communication-nationale","status":"publish","type":"page","link":"http:\/\/labs.ummto.dz\/lmpa\/index.php\/communication-nationale\/","title":{"rendered":"Communications Nationales"},"content":{"rendered":"<pre>\n<table id=\"tablepress-Communications_Nationales\" class=\"tablepress tablepress-id-Communications_Nationales\">\n<thead>\n<tr class=\"row-1 odd\">\n\t<th class=\"column-1\">&nbsp;<\/th><th class=\"column-2\">Auteurs<\/th><th class=\"column-3\">Titre de la communication et lieu de la conf\u00e9rence<\/th><th class=\"column-4\">Ann\u00e9e<\/th>\n<\/tr>\n<\/thead>\n<tbody class=\"row-hover\">\n<tr class=\"row-2 even\">\n\t<td class=\"column-1\">1<\/td><td class=\"column-2\">Amel Said &amp; Ouerdia Arezki, Abdelghani Hamaz<\/td><td class=\"column-3\">Estimation of two dimentionally indexed random coefficient autoregressive models, 2021. Premi\u00e8re Conf\u00e9rences des Math\u00e9matiques Pures et Appliqu\u00e9es, CNMPA 2021. Tebessa<\/td><td class=\"column-4\">2021<\/td>\n<\/tr>\n<tr class=\"row-3 odd\">\n\t<td class=\"column-1\">2<\/td><td class=\"column-2\">BEDOUHENE Kahina &amp; ZOUGAB Nabil<\/td><td class=\"column-3\">R\u00e9duction du biais multiplicatif non param\u00e9trique pour l\u2019estimateur de densit\u00e9 circulaire du noyau de von Mises.  Premi\u00e8re Conf\u00e9rences des Math\u00e9matiques Pures et Appliqu\u00e9es en ligne, CNMPA 2021. 15\/04\/2021.  Tebessa<\/td><td class=\"column-4\">2021<\/td>\n<\/tr>\n<tr class=\"row-4 even\">\n\t<td class=\"column-1\">3<\/td><td class=\"column-2\">BOUGHRARA Sabrina<\/td><td class=\"column-3\">L\u2019estimation du param\u00e8tre de fitness.  Premi\u00e8re Conf\u00e9rences des Math\u00e9matiques Pures et Appliqu\u00e9es en ligne, CNMPA 2021. 15\/04\/2021.  Tebessa<\/td><td class=\"column-4\">2021<\/td>\n<\/tr>\n<tr class=\"row-5 odd\">\n\t<td class=\"column-1\">4<\/td><td class=\"column-2\">Ime\u04abaoudene kahina &amp; F. LOUNIS, &amp;  D. HAMADOUCHE<\/td><td class=\"column-3\"> Etude de la file d\u2019attente avec rappels \u00e0 communication bidirectionnelle et serveur non fiable. Premi\u00e8re Conf\u00e9rences des Math\u00e9matiques Pures et Appliqu\u00e9es en ligne, CNMPA 2021. 15\/04\/2021.  Tebessa<\/td><td class=\"column-4\">2021<\/td>\n<\/tr>\n<tr class=\"row-6 even\">\n\t<td class=\"column-1\">5<\/td><td class=\"column-2\">MOKHTARI Hanifa &amp;  RAHMANI Leila<\/td><td class=\"column-3\">Analyse asymptotique et conditions aux limites approch\u00e9es pour une plaque thermo\u00e9lastique non lin\u00e9aire. Premi\u00e8re Conf\u00e9rences des Math\u00e9matiques Pures et Appliqu\u00e9es en ligne, CNMPA 2021. 15\/04\/2021.  Tebessa<\/td><td class=\"column-4\">2021<\/td>\n<\/tr>\n<tr class=\"row-7 odd\">\n\t<td class=\"column-1\">6<\/td><td class=\"column-2\">Sara-Imane ZEMOUL &amp;  Youcef BERKOUN<\/td><td class=\"column-3\"> Inf\u00e9rence statistiques des processus lin\u00e9aires \u00e0 inovations associ\u00e9es. Premi\u00e8re Conf\u00e9rences des Math\u00e9matiques Pures et Appliqu\u00e9es en ligne, CNMPA 2021. 15\/04\/2021.  Tebessa<\/td><td class=\"column-4\">2021<\/td>\n<\/tr>\n<tr class=\"row-8 even\">\n\t<td class=\"column-1\">7<\/td><td class=\"column-2\">Akeb Tassadit,<\/td><td class=\"column-3\">Stochastic Analysis and Applications. Ecole CIMPA' ASA. Du 01 mars au 09 mars 2019 \u00e0 l'universit\u00e9 de Saida.<\/td><td class=\"column-4\">2019<\/td>\n<\/tr>\n<tr class=\"row-9 odd\">\n\t<td class=\"column-1\">8<\/td><td class=\"column-2\">Madjour Farida &amp; Rahmani Leila<\/td><td class=\"column-3\"> Conditions aux limites approch\u00e9es pour une plaque de\u00a0Mindlin-Timoshenko renforc\u00e9e\u00a0par une couche mince. JMA 2019.\u00a0 Lieu et la date de la conf\u00e9rence : 28 avril 2019 au Centre Universitaire Abdelhafid Boussouf de Mila.<\/td><td class=\"column-4\">2019<\/td>\n<\/tr>\n<tr class=\"row-10 even\">\n\t<td class=\"column-1\">9<\/td><td class=\"column-2\">Mokhtari Hanifa  &amp; Rahmani Leila<\/td><td class=\"column-3\">Conditions aux limites approch\u00e9es d'une plaque de Kirchoff-Love avec une couche mince d'\u00e9paisseur variable.. JMA 2019.\u00a0 Lieu et la date de la conf\u00e9rence : 28 avril 2019 au Centre Universitaire Abdelhafid Boussouf de Mila.<\/td><td class=\"column-4\">2019<\/td>\n<\/tr>\n<tr class=\"row-11 odd\">\n\t<td class=\"column-1\">10<\/td><td class=\"column-2\">SLIMI Karima , SMAALI Mannal , Mellah Omar.\u00a0\u00a0<\/td><td class=\"column-3\">Almost periodically solution to semilinear stochastic differential equations. international Conf\u00e9rence on infomatics and applied mathematics ( IAM'2019). June 12-13, 2019. Guelma.\u00a0<\/td><td class=\"column-4\">2019<\/td>\n<\/tr>\n<tr class=\"row-12 even\">\n\t<td class=\"column-1\">11<\/td><td class=\"column-2\">SLIMI Karima. <\/td><td class=\"column-3\">Sur la th\u00e9orie spectrale.\u00a0 Une journ\u00e9e acad\u00e9mique math\u00e9matiques appliqu\u00e9es. JAMA'2019. 10 avril 2019 \u00e0 l'universit\u00e9 Ziane\u00a0 Achour de Djelfa.<\/td><td class=\"column-4\">2019<\/td>\n<\/tr>\n<tr class=\"row-13 odd\">\n\t<td class=\"column-1\">12<\/td><td class=\"column-2\">Boualam  Karima  et   Youcef  Berkoun.<\/td><td class=\"column-3\">Normalit\u00e9  asymptotique  des  estimateurs  de Rootzen et  de Hill sous d\u00e9pendance faible, CMA2018, Universit\u00e9  de  Boumerdes.<\/td><td class=\"column-4\">2018<\/td>\n<\/tr>\n<tr class=\"row-14 even\">\n\t<td class=\"column-1\">13<\/td><td class=\"column-2\">Bouziane  Houria  et  Youcef  Berkoun<\/td><td class=\"column-3\">Bornes  et calcul d\u2019une  probabilit\u00e9  de  ruine dans  le  cas multivari\u00e9. CMA 2018, Universit\u00e9  de  Boumerdes.<\/td><td class=\"column-4\">2018<\/td>\n<\/tr>\n<tr class=\"row-15 odd\">\n\t<td class=\"column-1\">14<\/td><td class=\"column-2\">F. Ladjimi  &amp; M. Peign\u00e9.<\/td><td class=\"column-3\">On the Diaconis- Freedman's Chain on [0,\\ 1] with place dependent transition probabilities.  Congr\u00e8s des Math\u00e9maticiens Alg\u00e9riens, 2018, Boumerdes, 12-13 mai 2018 <\/td><td class=\"column-4\">2018<\/td>\n<\/tr>\n<tr class=\"row-16 even\">\n\t<td class=\"column-1\">15<\/td><td class=\"column-2\">H. Fellag\u00a0<\/td><td class=\"column-3\">M\u00e9thodes de statistique alg\u00e9brique. Journ\u00e9es de jeunes chercheurs.  17-18 D\u00e9cembre 2018. Universit\u00e9 d\u2019Annaba.<\/td><td class=\"column-4\">2018<\/td>\n<\/tr>\n<tr class=\"row-17 odd\">\n\t<td class=\"column-1\">16<\/td><td class=\"column-2\">H. Fellag\u00a0<\/td><td class=\"column-3\">M\u00e9thodes de Monte carlo. Journ\u00e9es de jeunes chercheurs.  17-18 D\u00e9cembre 2018. Universit\u00e9 d\u2019Annaba.<\/td><td class=\"column-4\">2018<\/td>\n<\/tr>\n<tr class=\"row-18 even\">\n\t<td class=\"column-1\">17<\/td><td class=\"column-2\">Challali Nouredine<\/td><td class=\"column-3\">Sur les solutions d\u2019une classe d\u2019\u00e9quations diff\u00e9rentielles \u00e0 termes presque p\u00e9riodiques),  S\u00e9minaire du laboratoire AMNEDP, Universit\u00e9 des sciences et de la technologie Houari-Boum\u00e9di\u00e8ne (USTHB), le 13-03-2017<\/td><td class=\"column-4\">2017<\/td>\n<\/tr>\n<tr class=\"row-19 odd\">\n\t<td class=\"column-1\">18<\/td><td class=\"column-2\">Fairouz Afroun &amp;  Djamel Hamadouche <\/td><td class=\"column-3\">Analysis and performance evaluation ofunreliable M\/M\/1\/N queueing model with various effects, 4\u00e8mes Journ\u00e9es Scientifiques de LAROMAD \u201dJSlaromadIV\u201d, 29 au 30 Novembre 2017-UMMTO<\/td><td class=\"column-4\">2017<\/td>\n<\/tr>\n<tr class=\"row-20 even\">\n\t<td class=\"column-1\">19<\/td><td class=\"column-2\">Ferhat Lounis &amp; Djamel Hamadouche <\/td><td class=\"column-3\">Approximation of an unreliable M\/G\/1retrial queue with impatience. Doctoriales Nationales de Math\u00e9matiques, 28-31 octobre, Constantine (2017)<\/td><td class=\"column-4\">2017<\/td>\n<\/tr>\n<tr class=\"row-21 odd\">\n\t<td class=\"column-1\">20<\/td><td class=\"column-2\">Hasni Arezki<\/td><td class=\"column-3\">Premi\u00e8re \u00e9dition des doctoriales nationales des math\u00e9matiques \u00e0 l\u2019\u00e9cole normale sup\u00e9rieure Assia Djebar, Constantine, 28-31 octobre 2017<\/td><td class=\"column-4\">2017<\/td>\n<\/tr>\n<tr class=\"row-22 even\">\n\t<td class=\"column-1\">21<\/td><td class=\"column-2\">Djabri Yousra, Bedouhene Fazia &amp; Boulahia Fatiha<\/td><td class=\"column-3\">Pseudo almost periodic solution for semilinear differential equations with Stepanov-Orlicz pseudo almost peridic coefficients. Le Troisi\u00e8me Congr\u00e8s de la Soci\u00e9t\u00e9 Math\u00e9matique Alg\u00e9rienne. CMA16, \u00a008 au 09 novembre 2016.  Universit\u00e9 de Batna 2<\/td><td class=\"column-4\">2016<\/td>\n<\/tr>\n<tr class=\"row-23 odd\">\n\t<td class=\"column-1\">22<\/td><td class=\"column-2\">Fazia Bedouhene<\/td><td class=\"column-3\">Application de la presque p\u00e9riodicit\u00e9 aux \u00e9quations diff\u00e9rentielles stochastiques. S\u00e9minaire du laboratoire AMNEDP, USTHB. 14 mars 2016<\/td><td class=\"column-4\">2016<\/td>\n<\/tr>\n<tr class=\"row-24 even\">\n\t<td class=\"column-1\">23<\/td><td class=\"column-2\">Hamaz Abdelghani<\/td><td class=\"column-3\">Estimation of the parameter of AR-ARCH model in the presence of missing data, 2016. 3\u00e8me congr\u00e8s de la soci\u00e9t\u00e9 math\u00e9matique alg\u00e9rienne [CMA16]. 08 au 09 novembre 2016.  Universit\u00e9 de Batna 2.<\/td><td class=\"column-4\">2016<\/td>\n<\/tr>\n<tr class=\"row-25 odd\">\n\t<td class=\"column-1\">24<\/td><td class=\"column-2\">Djabri Yousra, Bedouhene Fazia &amp; Boulahia Fatiha<\/td><td class=\"column-3\">La non-existence des solutions purement Stepanov-Orlicz presque p\u00e9riodique pour des \u00e9quations diff\u00e9rentielles. Les deuxi\u00e8mes  journ\u00e9es de Math\u00e9matiques. M\u2019sila, December 2-3, 2015<\/td><td class=\"column-4\">2015<\/td>\n<\/tr>\n<tr class=\"row-26 even\">\n\t<td class=\"column-1\">25<\/td><td class=\"column-2\">Djabri Yousra, Bedouhene Fazia &amp; Boulahia Fatiha<\/td><td class=\"column-3\">Solutions Stepanov-Orlicz presque p\u00e9riodiques d'une classe d'\u00e9quations diff\u00e9rentielles. La Huiti\u00e8me Ecole sur les Equations Diff\u00e9rentielles Abstraites (EDA'08). Universit\u00e9 A. Mira de Bejaia. 17 \u2013 21 mai 2015<\/td><td class=\"column-4\">2015<\/td>\n<\/tr>\n<tr class=\"row-27 odd\">\n\t<td class=\"column-1\">26<\/td><td class=\"column-2\">Djamel Hamadouche <\/td><td class=\"column-3\">Approximation gaussienne du processus autoregressif (AR(p)) en norme holderienne et application statistique, 1er WorkShop sur les Math\u00e9matiques, 28-30 Novembre 2015, Bouira, Alg\u00e9rie<\/td><td class=\"column-4\">2015<\/td>\n<\/tr>\n<tr class=\"row-28 even\">\n\t<td class=\"column-1\">27<\/td><td class=\"column-2\">F. Bedouhene<\/td><td class=\"column-3\">Tour d\u2019horizon sur la presque p\u00e9riodicit\u00e9 et ses differentes extensions. Conf\u00e9rence pl\u00e9ni\u00e8re.  Les deuxi\u00e8mes  journ\u00e9es de Math\u00e9matiques. M\u2019sila, December 2-3, 2015<\/td><td class=\"column-4\">2015<\/td>\n<\/tr>\n<tr class=\"row-29 odd\">\n\t<td class=\"column-1\">28<\/td><td class=\"column-2\">Kahina Ime\u00e7aoudene &amp; Djamel Hamadouche <\/td><td class=\"column-3\">Tests statistiques pour la d\u00e9tection de rupture \u00e9pid\u00e9mique bas\u00e9s sur les r\u00e9sidus des processus autor\u00e9gressifs (AR(p)). Journ\u00e9es Scientifiques,  JSLAROMAD III, 26-28 Octobre 2015 - UMMTO<\/td><td class=\"column-4\">2015<\/td>\n<\/tr>\n<tr class=\"row-30 even\">\n\t<td class=\"column-1\">29<\/td><td class=\"column-2\">Merabet Dalila &amp; Djamel Hamadouche  <\/td><td class=\"column-3\">Convergence holderienne du processus empirique sous d\u00e9pendance et application statistique. Journ\u00e9es Scientifiques, JSLAROMAD III, 26-28 Octobre 2015 - UMMTO<\/td><td class=\"column-4\">2015<\/td>\n<\/tr>\n<tr class=\"row-31 odd\">\n\t<td class=\"column-1\">30<\/td><td class=\"column-2\">Y. Ibaouene et al., <\/td><td class=\"column-3\">Solutions equi-Weyl presque p\u00e9riodiques d\u2019une classe d\u2019\u00b4equations diff\u00e9rentielles abstraites. Les deuxi\u00e8mes  journ\u00e9es de Math\u00e9matiques. M\u2019sila, December 2-3, 2015<\/td><td class=\"column-4\">2015<\/td>\n<\/tr>\n<tr class=\"row-32 even\">\n\t<td class=\"column-1\">31<\/td><td class=\"column-2\">Benaoudia Djamila<\/td><td class=\"column-3\">Sur un Probl\u00e8me int\u00e9gro-diff\u00e9rentiel. Journ\u00e9es Nationales sur les Math\u00e9matiques Appliqu\u00e9es.  JNMA\u201914, Skikda, 26-27 Novembre 2014<\/td><td class=\"column-4\">2014<\/td>\n<\/tr>\n<tr class=\"row-33 odd\">\n\t<td class=\"column-1\">32<\/td><td class=\"column-2\">Djamel Hamadouche<\/td><td class=\"column-3\">Probabilit\u00e9s dans les espaces de Banach h\u00f6lderiens et Statistique, s\u00e9minaire LMPA-UMMTO 22 avril 2014<\/td><td class=\"column-4\">2014<\/td>\n<\/tr>\n<tr class=\"row-34 even\">\n\t<td class=\"column-1\">33<\/td><td class=\"column-2\">H. Fellag\u00a0<\/td><td class=\"column-3\">Bayesian robustness and stability in statistical models. Journ\u00e9es de Statistique \u2013 Biskra : 06 et 07 Mai 2014<\/td><td class=\"column-4\">2014<\/td>\n<\/tr>\n<tr class=\"row-35 odd\">\n\t<td class=\"column-1\">34<\/td><td class=\"column-2\">Hamaz Abdelghani<\/td><td class=\"column-3\">Estimation des mod\u00e8les ARCH en pr\u00e9sence de donn\u00e9es manquantes, 2014. Journ\u00e9es de statistique, JS2014. Universit\u00e9 de Biskra<\/td><td class=\"column-4\">2014<\/td>\n<\/tr>\n<tr class=\"row-36 even\">\n\t<td class=\"column-1\">35<\/td><td class=\"column-2\">Malika Cheikh<\/td><td class=\"column-3\">D\u00e9tection des observations influentes en analyse en composantes principales.  Journ\u00e9es Nationales sur les Math\u00e9matiques Appliqu\u00e9es.  JNMA\u201914, Skikda, 26-27 Novembre 2014<\/td><td class=\"column-4\">2014<\/td>\n<\/tr>\n<tr class=\"row-37 odd\">\n\t<td class=\"column-1\">36<\/td><td class=\"column-2\">B. Bessad, F.Ladjimi et M.A. Boudiba<\/td><td class=\"column-3\">Communication au Workshop EPQOS - S\u00e9minaire Math\u00e9matique de B\u00e9jaia - Mardi 07 Mai 2013 - BEJAIA : It\u00e9ration de Fonctions Al\u00e9atoires et Application \u00e0 la Simulation.<\/td><td class=\"column-4\">2013<\/td>\n<\/tr>\n<tr class=\"row-38 even\">\n\t<td class=\"column-1\">37<\/td><td class=\"column-2\">Benaoudia Djamila<\/td><td class=\"column-3\">Perturbation singuli\u00e8re anisotrope. Workshop sur les \u00e9quations aux d\u00e9riv\u00e9es partielles WEDP\u20192013. Setif<\/td><td class=\"column-4\">2013<\/td>\n<\/tr>\n<tr class=\"row-39 odd\">\n\t<td class=\"column-1\">38<\/td><td class=\"column-2\">Houria Kheloufi<\/td><td class=\"column-3\">On lmi conditions to design observer based controllers. Workshop sur la mod\u00e9lisation math\u00e9matiques et contr\u00f4le\" 20-22 mai 2013. Annaba<\/td><td class=\"column-4\">2013<\/td>\n<\/tr>\n<tr class=\"row-40 even\">\n\t<td class=\"column-1\">39<\/td><td class=\"column-2\">Malika Cheikh<\/td><td class=\"column-3\">Robust estimators: Comparative study. Colloque National des Math\u00e9matiques et Applications CNMA\u201913, Khenchla 17-18 Avril 2013<\/td><td class=\"column-4\">2013<\/td>\n<\/tr>\n<tr class=\"row-41 odd\">\n\t<td class=\"column-1\">40<\/td><td class=\"column-2\">Djamel Hamadouche <\/td><td class=\"column-3\">Approximation asymptotique de la p\u00e9riode d\u2019activit\u00e9 d\u2019une file d\u2019attente avec rappels. Congr\u00e8s des math\u00e9maticiens alg\u00e9riens CMA\u20192012, 07-08 mars 2012. Annaba, Alg\u00e9rie (2012)<\/td><td class=\"column-4\">2012<\/td>\n<\/tr>\n<tr class=\"row-42 even\">\n\t<td class=\"column-1\">41<\/td><td class=\"column-2\">Abdelghani Hamaz<\/td><td class=\"column-3\">Estimation des donn\u00e9es manquantes de s\u00e9ries chronologiques. Journ\u00e9es scientifiques du Laboratoires de math\u00e9matiques Pures et Appliqu\u00e9es JSLMPA\u20192011, UMMTO 09-11 janvier 2011. Universit\u00e9 Mouloud Mammeri de Tizi-Ouzou<\/td><td class=\"column-4\">2011<\/td>\n<\/tr>\n<tr class=\"row-43 odd\">\n\t<td class=\"column-1\">42<\/td><td class=\"column-2\">Benaoudia Djamila<\/td><td class=\"column-3\">Etude de la k-convexit\u00e9 de l\u2019espace de Weyl-Orlicz de fonctions presque p\u00e9riodiques.  Journ\u00e9es scientifiques du Laboratoire de Math\u00e9matiques Pures et Appliqu\u00e9es (LMPA), Tizi-Ouzou, 09-11 janvier 2011<\/td><td class=\"column-4\">2011<\/td>\n<\/tr>\n<tr class=\"row-44 even\">\n\t<td class=\"column-1\">43<\/td><td class=\"column-2\">Bennani Cherifa<\/td><td class=\"column-3\">Etude comparative entre deux m\u00e9thodes de synth\u00e8se pour une classe de syst\u00e8mes non lin\u00e9aires <\/td><td class=\"column-4\">2011<\/td>\n<\/tr>\n<tr class=\"row-45 odd\">\n\t<td class=\"column-1\">44<\/td><td class=\"column-2\">Challali Nouredine<\/td><td class=\"column-3\">Stepanoff presque p\u00e9riodicit\u00e9 des fonctions \u00e0 valeurs dans un espace uniforme.  Journ\u00e9es Scientifiques du laboratoire LMPA, Tizi-Ouzou, 09-11 janvier 2011<\/td><td class=\"column-4\">2011<\/td>\n<\/tr>\n<tr class=\"row-46 even\">\n\t<td class=\"column-1\">45<\/td><td class=\"column-2\">Daoui Amina<\/td><td class=\"column-3\">Fonctions tronqu\u00e9es et norme d\u2019Orlicz dans l\u2019espace de Besicovitch-Orlicz de fonctions presque p\u00e9riodiques. Communication pr\u00e9sent\u00e9e au Journ\u00e9es scientifiques du laboratoire LMPA. 09-11 Janvier 2011.<\/td><td class=\"column-4\">2011<\/td>\n<\/tr>\n<tr class=\"row-47 odd\">\n\t<td class=\"column-1\">46<\/td><td class=\"column-2\">Djamel Hamadouche  &amp; Farida Achemine<\/td><td class=\"column-3\">Limit theorems for weak dependent sequences in H\u00f6lder space. Journ\u00e9es scientifiques du laboratoire LMPA, JSLMPA\u20192011, UMMTO 09-11 janvier 2011<\/td><td class=\"column-4\">2011<\/td>\n<\/tr>\n<tr class=\"row-48 even\">\n\t<td class=\"column-1\">47<\/td><td class=\"column-2\">F. Bedouhene, A. Daoui &amp; H. Kourat<\/td><td class=\"column-3\">Application d\u2019une propri\u00e9t\u00e9 g\u00e9om\u00e9trique de l\u2019espace de Besicovitch-Musielak-Orlicz de fonctions presque p\u00e9riodiques en th\u00e9orie de l\u2019approximation. Journ\u00e9es Scientifiques du laboratoire LMPA, Tizi-Ouzou, 09-11 janvier 2011.<\/td><td class=\"column-4\">2011<\/td>\n<\/tr>\n<tr class=\"row-49 odd\">\n\t<td class=\"column-1\">48<\/td><td class=\"column-2\">F. Bedouhene, M. Morsli &amp; M. Smaali<\/td><td class=\"column-3\">Local uniform convexity and H-propery in Besicovitch-Orlicz spaces of almost periodic functions  Journ\u00e9es Scientifiques du laboratoire LMPA, Tizi-Ouzou, 09-11 janvier 2011.<\/td><td class=\"column-4\">2011<\/td>\n<\/tr>\n<tr class=\"row-50 even\">\n\t<td class=\"column-1\">49<\/td><td class=\"column-2\">H. Fellag et L. Atil\u00a0<\/td><td class=\"column-3\">Sur les diverses approches du test de la racine unit\u00e9. Journ\u00e9es scientifiques du  LMPA. Tizi-Ouzou. 7-9 janvier 2011.<\/td><td class=\"column-4\">2011<\/td>\n<\/tr>\n<tr class=\"row-51 odd\">\n\t<td class=\"column-1\">50<\/td><td class=\"column-2\">Abdelghani Hamaz &amp; Ibazizen Mohamed<\/td><td class=\"column-3\">Pr\u00e9diction \u00e0 pass\u00e9 incomplet de s\u00e9ries chronologiques. 2008. Journ\u00e9es de Statistique, Mod\u00e9lisation et Application, JSMA'08, organis\u00e9es par l'universit\u00e9 USTHB d'Alger du 22 au 24 novembre 2008<\/td><td class=\"column-4\">2008<\/td>\n<\/tr>\n<tr class=\"row-52 even\">\n\t<td class=\"column-1\">51<\/td><td class=\"column-2\">Djamel Hamadouche  <\/td><td class=\"column-3\">Th\u00e9or\u00e8me central limite fonctionnel en norme h\u00f6lderienne, UMMTO 05 mai 2007.<\/td><td class=\"column-4\">2007<\/td>\n<\/tr>\n<tr class=\"row-53 odd\">\n\t<td class=\"column-1\">52<\/td><td class=\"column-2\">Farid Graiche &amp; Djamel Hamadouche<\/td><td class=\"column-3\">Convergence h\u00f6lderienne du processus empirique pour des suites non-stationnaires. Journ\u00e9es de statistique th\u00e9orique et appliqu\u00e9es, Biskra 21-22 avril 2007.<\/td><td class=\"column-4\">2007<\/td>\n<\/tr>\n<tr class=\"row-54 even\">\n\t<td class=\"column-1\">53<\/td><td class=\"column-2\">Youcef Berkoun<\/td><td class=\"column-3\">Hurwicz\u2019s  estimator  with  non-normal innovations, Proceedings, pp 21-24, Journ\u00e9es  de Statistique  th\u00e9orique et appliqu\u00e9, Biskra, 21-22 avril 2007<\/td><td class=\"column-4\">2007<\/td>\n<\/tr>\n<tr class=\"row-55 odd\">\n\t<td class=\"column-1\">54<\/td><td class=\"column-2\">H. Fellag  et K. Mahni\u00a0; <\/td><td class=\"column-3\">Les lois stables et la finance. S\u00e9minaire national sur la statistique et ses applications.  Universit\u00e9 Mouloud Mammeri de Tizi-Ouzou. 29-30 mai 2006.<\/td><td class=\"column-4\">2006<\/td>\n<\/tr>\n<tr class=\"row-56 even\">\n\t<td class=\"column-1\">55<\/td><td class=\"column-2\">H. Fellag\u00a0;<\/td><td class=\"column-3\">Du bon usage de l\u2019outil statistique S\u00e9minaire national sur la statistique et ses applications. Universit\u00e9 Mouloud Mammeri de Tizi-Ouzou. 29-30 mai 2006<\/td><td class=\"column-4\">2006<\/td>\n<\/tr>\n<tr class=\"row-57 odd\">\n\t<td class=\"column-1\">56<\/td><td class=\"column-2\">H. Fellag\u00a0; <\/td><td class=\"column-3\">Sur l\u2019usage du lissage num\u00e9rique dans la pr\u00e9vision. Cas de l\u2019\u00e9volution de  l\u2019effectif \u00e9tudiants de l\u2019UMMTO. S\u00e9minaire national sur la statistique et ses applications.  Universit\u00e9 Mouloud Mammeri de Tizi-Ouzou. 29-30 mai 2006<\/td><td class=\"column-4\">2006<\/td>\n<\/tr>\n<tr class=\"row-58 even\">\n\t<td class=\"column-1\">57<\/td><td class=\"column-2\">H. Kadi et H. Fellag\u00a0<\/td><td class=\"column-3\">R\u00e9cup\u00e9ration de l\u2019huile de grignon d\u2019olive par L\u2019alcool Ethylique\u00a0: Mod\u00e9lisation Statistique. S\u00e9minaire national sur la statistique et ses applications.  Universit\u00e9 Mouloud Mammeri de Tizi-Ouzou. 29-30 mai 2006<\/td><td class=\"column-4\">2006<\/td>\n<\/tr>\n<tr class=\"row-59 odd\">\n\t<td class=\"column-1\">58<\/td><td class=\"column-2\">Karima Boualam &amp; Djamel Hamadouche <\/td><td class=\"column-3\">Convergence h\u00f6lderienne du processus quantile non uniforme. S\u00e9minaire sur la statistique et ses applications, UMMTO 29-30 mai 2006<\/td><td class=\"column-4\">2006<\/td>\n<\/tr>\n<tr class=\"row-60 even\">\n\t<td class=\"column-1\">59<\/td><td class=\"column-2\">Youcef Berkoun<\/td><td class=\"column-3\">Th\u00e9orie  des  valeurs  extr\u00eames  et  ses applications, STAT06, mai 2006, <\/td><td class=\"column-4\">2006<\/td>\n<\/tr>\n<tr class=\"row-61 odd\">\n\t<td class=\"column-1\">60<\/td><td class=\"column-2\">Abdelghani Hamaz<\/td><td class=\"column-3\">Utilisation du bootstrap pour les probl\u00e8mes li\u00e9s \u00e0 l'estimation des param\u00e8tres, 2005. S\u00e9minaire sur la statistique et ses applications, Universit\u00e9 Mouloud MAMMERI de Tizi-Ouzou, du 29 au 30 mai 2005.<\/td><td class=\"column-4\">2005<\/td>\n<\/tr>\n<tr class=\"row-62 even\">\n\t<td class=\"column-1\">61<\/td><td class=\"column-2\">F. Bedouhene<\/td><td class=\"column-3\">Participation \u00e0 la neuvi\u00e8me \u00e9cole sur Linux et le logiciel libre, Universit\u00e9 de Mascara, 10 - 13 Juillet 2005 <\/td><td class=\"column-4\">2005<\/td>\n<\/tr>\n<tr class=\"row-63 odd\">\n\t<td class=\"column-1\">62<\/td><td class=\"column-2\">H. Fellag\u00a0<\/td><td class=\"column-3\">Pour un partenariat actif entre l\u2019universit\u00e9 et l\u2019entreprise. Proceedings de la 4\u00e8me semaine scientifique nationale des universit\u00e9s. Tlemcen. 16-29 avril 2005<\/td><td class=\"column-4\">2005<\/td>\n<\/tr>\n<tr class=\"row-64 even\">\n\t<td class=\"column-1\">63<\/td><td class=\"column-2\">Djamel Hamadouche<\/td><td class=\"column-3\">Convergence de processus dans les espaces h\u00f6lderiens, USTHB, Alger 12 juin 2004.<\/td><td class=\"column-4\">2004<\/td>\n<\/tr>\n<tr class=\"row-65 odd\">\n\t<td class=\"column-1\">64<\/td><td class=\"column-2\">Douki Hamid &amp; Youcef Berkoun<\/td><td class=\"column-3\">Etude  du  biais de l\u2019estimateur  des  moindes  carr\u00e9s du param\u00e8tre d\u2019un AR(1) sous contamination IO  et  AO, MOAS, 27-28 novemdre 2004, Centre universitaire  de Saida<\/td><td class=\"column-4\">2004<\/td>\n<\/tr>\n<tr class=\"row-66 even\">\n\t<td class=\"column-1\">65<\/td><td class=\"column-2\">F. Bedouhene<\/td><td class=\"column-3\">Participation \u00e0 la sixi\u00e8me \u00e9cole sur Linux et le logiciel libre, Universit\u00e9 de Sidi Bel-Abbes, 10 - 13 Juillet 2004<\/td><td class=\"column-4\">2004<\/td>\n<\/tr>\n<tr class=\"row-67 odd\">\n\t<td class=\"column-1\">66<\/td><td class=\"column-2\">Fazia Bedouhene &amp; Morsli Mohamed<\/td><td class=\"column-3\">Sur le th\u00e9or\u00e8me de repr\u00e9sentation de Riesz dans l\u2019espace de Besicovitch-Orlicz de fonctions presque p\u00e9riodiques  CNAMA IV, 21-23 novembre 2004, Jijel.<\/td><td class=\"column-4\">2004<\/td>\n<\/tr>\n<\/tbody>\n<\/table>\n<!-- #tablepress-Communications_Nationales from cache --><\/pre>\n<p><img loading=\"lazy\" class=\"alignnone size-medium wp-image-103\" src=\"http:\/\/labs.ummto.dz\/lmpa\/wp-content\/uploads\/2017\/06\/communication-300x169-300x169.png\" alt=\"\" width=\"300\" height=\"169\" \/><\/p>\n","protected":false},"excerpt":{"rendered":"","protected":false},"author":1,"featured_media":0,"parent":0,"menu_order":0,"comment_status":"closed","ping_status":"closed","template":"","meta":[],"_links":{"self":[{"href":"http:\/\/labs.ummto.dz\/lmpa\/index.php\/wp-json\/wp\/v2\/pages\/28"}],"collection":[{"href":"http:\/\/labs.ummto.dz\/lmpa\/index.php\/wp-json\/wp\/v2\/pages"}],"about":[{"href":"http:\/\/labs.ummto.dz\/lmpa\/index.php\/wp-json\/wp\/v2\/types\/page"}],"author":[{"embeddable":true,"href":"http:\/\/labs.ummto.dz\/lmpa\/index.php\/wp-json\/wp\/v2\/users\/1"}],"replies":[{"embeddable":true,"href":"http:\/\/labs.ummto.dz\/lmpa\/index.php\/wp-json\/wp\/v2\/comments?post=28"}],"version-history":[{"count":19,"href":"http:\/\/labs.ummto.dz\/lmpa\/index.php\/wp-json\/wp\/v2\/pages\/28\/revisions"}],"predecessor-version":[{"id":835,"href":"http:\/\/labs.ummto.dz\/lmpa\/index.php\/wp-json\/wp\/v2\/pages\/28\/revisions\/835"}],"wp:attachment":[{"href":"http:\/\/labs.ummto.dz\/lmpa\/index.php\/wp-json\/wp\/v2\/media?parent=28"}],"curies":[{"name":"wp","href":"https:\/\/api.w.org\/{rel}","templated":true}]}}