
{"id":34,"date":"2017-06-28T15:10:30","date_gmt":"2017-06-28T13:10:30","guid":{"rendered":"http:\/\/labs.ummto.dz\/lmpa\/?page_id=34"},"modified":"2021-10-04T07:19:54","modified_gmt":"2021-10-04T05:19:54","slug":"equipe-01-geometrie-des-espaces-de-type-orlicz-et-approximation","status":"publish","type":"page","link":"http:\/\/labs.ummto.dz\/lmpa\/index.php\/equipe-01-geometrie-des-espaces-de-type-orlicz-et-approximation\/","title":{"rendered":"Equipe 01: Probabilit\u00e9s et statistique"},"content":{"rendered":"<h5><span style=\"color: #000080;\"><strong>Chef d\u2019\u00e9quipe<\/strong>\u00a0:<\/span> <span style=\"color: #000000;\">Professeur\u00a0<\/span><span style=\"color: #000000;\">Djamel\u00a0<\/span><span style=\"color: #000000;\">Hamadouche <img loading=\"lazy\" class=\"size-full wp-image-170 alignright\" src=\"http:\/\/labs.ummto.dz\/lmpa\/wp-content\/uploads\/2017\/06\/47.jpeg\" alt=\"\" width=\"246\" height=\"205\" \/><\/span><\/h5>\n<p><strong><span style=\"color: #000080;\">Domaine<\/span><\/strong><span style=\"color: #000080;\">:<\/span>\u00a0<span style=\"color: #000000;\">Probabilit\u00e9s , statistique<\/span><\/p>\n<p><span style=\"color: #000080;\"><strong>Mot cl\u00e9<\/strong>: <\/span><span style=\"color: #000000;\">Processus stochastique, Mouvement brownien, Statistique, Syst\u00e8mes d\u2019attente, Syst\u00e8mes markoviens, Fiabilit\u00e9, QoS.<\/span><\/p>\n<p><strong><span style=\"text-decoration: underline;\"><span style=\"color: #000080; text-decoration: underline;\">Description de la th\u00e9matique de recherche de l\u2019\u00e9quipe:<\/span><\/span><\/strong><\/p>\n<p><span style=\"color: #000000;\">Nos travaux de recherche se situent <strong>d&rsquo;une part dans l\u2019axe th\u00e9or\u00e8mes limites<\/strong>, convergence de processus stochastiques et applications statistiques. On s&rsquo;est d&rsquo;abord int\u00e9ress\u00e9 \u00e0 la convergence en loi de processus stochastiques consid\u00e9r\u00e9s comme \u00e9l\u00e9ments al\u00e9atoires d\u2019espace de H\u00f6lder et apr\u00e8s avoir \u00e9tabli des principes d\u2019invariance h\u00f6lderiens, \u00e0 l\u2019\u00e9tude de la convergence h\u00f6lderienne des processus empiriques et processus quantiles, en raison de leur utilisation en statistique, comme la d\u00e9tection de rupture \u00e9pid\u00e9mique. Ensuite vient l&rsquo;approximation h\u00f6lderienne du mouvement brownien fractionnaire par le processus int\u00e9gral de Skorohod et ses diverses applications.<\/span><\/p>\n<p><span style=\"color: #000000;\"><strong>D&rsquo;autre part les\u00a0 th\u00e9ories de files d\u2019attente et de fiabilit\u00e9<\/strong> sont des sp\u00e9cialit\u00e9s des math\u00e9matiques appliqu\u00e9es \u00e0 la fronti\u00e8re entre la th\u00e9orie des probabilit\u00e9s (et statistique math\u00e9matique), et\u00a0 de la recherche op\u00e9rationnelle. Les applications concernent donc un \u00e9ventail de probl\u00e9matiques pratiques. L\u2019objectif \u00e9tant l\u2019\u00e9valuation et le contr\u00f4le de certaines mesures de performances des syst\u00e8mes \u00e9tudi\u00e9s de diff\u00e9rents points de vue\u00a0 afin de garantir la Qualit\u00e9 de Service (QoS).\u00a0 D\u2019abord, dans les probl\u00e8mes de mod\u00e9lisation et \u00e9valuation des performances des syst\u00e8mes (de files d\u2019attente, financiers,\u2026). Une alternative aux probl\u00e8mes de complexit\u00e9 pos\u00e9s par les probl\u00e8mes algorithmiques est le recours \u00e0 des techniques asymptotiques qui consistent \u00e0 approcher la distribution stationnaire (lorsqu\u2019elle existe) sous certaines hypoth\u00e8ses sur les param\u00e8tres.\u00a0<\/span><\/p>\n<p><strong><span style=\"text-decoration: underline;\"><span style=\"color: #000080; text-decoration: underline;\">Liste exhaustive des membres de l\u2019\u00e9quipe par grade:<\/span><\/span><\/strong><\/p>\n<table>\n<tbody>\n<tr>\n<td style=\"text-align: left;\" width=\"154\"><span style=\"color: #000080;\"><strong>Nom\u00a0 Pr\u00e9nom(s)\u00a0\u00a0\u00a0\u00a0\u00a0\u00a0\u00a0\u00a0\u00a0\u00a0\u00a0\u00a0<\/strong><\/span><\/td>\n<td style=\"text-align: left;\" width=\"154\"><span style=\"color: #000080;\"><strong>Grade<\/strong><\/span><\/td>\n<td style=\"text-align: left;\" width=\"154\"><span style=\"color: #000080;\"><strong>Dernier dipl\u00f4me\u00a0\u00a0\u00a0\u00a0\u00a0\u00a0\u00a0\u00a0\u00a0<\/strong><\/span><\/td>\n<td style=\"text-align: left;\" width=\"154\"><span style=\"color: #000080;\"><strong>Adresse mail<\/strong><\/span><\/td>\n<\/tr>\n<tr>\n<td style=\"text-align: left;\" width=\"154\"><span style=\"color: #000000;\"><strong>Hamadouche\u00a0 Djamel\u00a0\u00a0\u00a0<\/strong><\/span><\/td>\n<td style=\"text-align: left;\" width=\"154\"><span style=\"color: #000000;\"><strong>Professeur<\/strong><\/span><\/td>\n<td style=\"text-align: left;\" width=\"154\"><span style=\"color: #000000;\"><strong>Doctorat d\u2019\u00e9tat\u00a0\u00a0\u00a0\u00a0\u00a0\u00a0\u00a0<\/strong><\/span><\/td>\n<td width=\"154\">\n<p style=\"text-align: left;\"><span style=\"color: #000000;\"><strong><a style=\"color: #000000;\" href=\"mailto:djhamad@yahoo.fr\">djhamad@yahoo.fr<\/a><\/strong><\/span><\/p>\n<p style=\"text-align: left;\"><span style=\"color: #000000;\"><strong><a style=\"color: #000000;\" href=\"mailto:djamel.hamadouche@ummto.dz\">djamel.hamadouche@ummto.dz<\/a><\/strong><\/span><\/p>\n<\/td>\n<\/tr>\n<tr>\n<td style=\"text-align: left;\" width=\"154\"><span style=\"color: #000000;\"><strong>Merabet \u00a0Dalila\u00a0\u00a0\u00a0\u00a0\u00a0\u00a0\u00a0\u00a0\u00a0\u00a0\u00a0 \u00a0\u00a0\u00a0\u00a0<\/strong><\/span><\/td>\n<td style=\"text-align: left;\" width=\"154\"><span style=\"color: #000000;\"><strong>MCB\u00a0<\/strong><\/span><\/td>\n<td style=\"text-align: left;\" width=\"154\"><span style=\"color: #000000;\"><strong>Doctorat<\/strong><\/span><\/td>\n<td style=\"text-align: left;\" width=\"154\"><span style=\"color: #000000;\"><strong><a style=\"color: #000000;\" href=\"mailto:d_merabet@yahoo.fr\">d_merabet@yahoo.fr<\/a><\/strong><\/span><\/td>\n<\/tr>\n<tr>\n<td style=\"text-align: left;\" width=\"154\"><span style=\"color: #000000;\"><strong>Taleb\u00a0\u00a0\u00a0\u00a0 Youcef\u00a0\u00a0\u00a0\u00a0\u00a0\u00a0\u00a0\u00a0\u00a0\u00a0\u00a0\u00a0\u00a0\u00a0\u00a0<\/strong><\/span><\/td>\n<td style=\"text-align: left;\" width=\"154\"><span style=\"color: #000000;\"><strong>MCB<\/strong><\/span><\/td>\n<td style=\"text-align: left;\" width=\"154\"><span style=\"color: #000000;\"><strong>Doctorat<\/strong><\/span><\/td>\n<td style=\"text-align: left;\" width=\"154\"><span style=\"color: #000000;\"><strong><a style=\"color: #000000;\" href=\"mailto:taleb.youcef@yahoo.fr\">taleb.youcef@yahoo.fr<\/a><\/strong><\/span><\/td>\n<\/tr>\n<tr>\n<td style=\"text-align: left;\" width=\"154\"><span style=\"color: #000000;\"><strong>Moussouni \u00a0\u00a0Samia\u00a0\u00a0\u00a0\u00a0 \u00a0\u00a0\u00a0<\/strong><\/span><\/td>\n<td style=\"text-align: left;\" width=\"154\"><span style=\"color: #000000;\"><strong>MAA-Doctorante\u00a0<\/strong><\/span><\/td>\n<td style=\"text-align: left;\" width=\"154\"><span style=\"color: #000000;\"><strong>Magister<\/strong><\/span><\/td>\n<td style=\"text-align: left;\" width=\"154\"><span style=\"color: #000000;\"><strong><a style=\"color: #000000;\" href=\"mailto:samia_mouss@yahoo.fr\">samia_mouss@yahoo.fr<\/a><\/strong><\/span><\/td>\n<\/tr>\n<tr>\n<td style=\"text-align: left;\" width=\"154\"><span style=\"color: #000000;\"><strong>Lounis \u00a0\u00a0\u00a0Ferhat\u00a0\u00a0\u00a0\u00a0\u00a0\u00a0\u00a0\u00a0\u00a0\u00a0\u00a0\u00a0\u00a0\u00a0\u00a0<\/strong><\/span><\/td>\n<td style=\"text-align: left;\" width=\"154\"><span style=\"color: #000000;\"><strong>MCB\u00a0\u00a0<\/strong><\/span><\/td>\n<td style=\"text-align: left;\" width=\"154\"><span style=\"color: #000000;\"><strong>Doctorat\u00a0<\/strong><\/span><\/td>\n<td style=\"text-align: left;\" width=\"154\"><span style=\"color: #000000;\"><strong><a style=\"color: #000000;\" href=\"mailto:ferhat50@hotmail.fr\">ferhat50@hotmail.fr<\/a><\/strong><\/span><\/td>\n<\/tr>\n<tr>\n<td style=\"text-align: left;\" width=\"154\"><span style=\"color: #000000;\"><strong>Ime\u00e7aoudene Kahina\u00a0\u00a0\u00a0\u00a0\u00a0\u00a0\u00a0\u00a0<\/strong><\/span><\/td>\n<td style=\"text-align: left;\" width=\"154\"><span style=\"color: #000000;\"><strong>MCB\u00a0<\/strong><\/span><\/td>\n<td style=\"text-align: left;\" width=\"154\"><span style=\"color: #000000;\"><strong>Doctorat<\/strong><\/span><\/td>\n<td style=\"text-align: left;\" width=\"154\"><span style=\"color: #000000;\"><strong><a style=\"color: #000000;\" href=\"mailto:kahina.imessaoudene@yahoo.fr\">kahina.imessaoudene@yahoo.fr<\/a><\/strong><\/span><\/td>\n<\/tr>\n<tr>\n<td style=\"text-align: left;\" width=\"154\"><span style=\"color: #000000;\"><strong>Afroun Fairouz<\/strong><\/span><\/td>\n<td style=\"text-align: left;\" width=\"154\"><span style=\"color: #000000;\"><strong>Doctorante<\/strong><\/span><\/td>\n<td style=\"text-align: left;\" width=\"154\"><span style=\"color: #000000;\"><strong>Master\u00a0<\/strong><\/span><\/td>\n<td style=\"text-align: left;\" width=\"154\"><span style=\"color: #000000;\"><strong><a style=\"color: #000000;\" href=\"mailto:afrounf@yahoo.fr\">afrounf@yahoo.fr<\/a><\/strong><\/span><\/td>\n<\/tr>\n<tr>\n<td style=\"text-align: left;\" width=\"154\"><span style=\"color: #000000;\"><strong>Hedjam Akila<\/strong><\/span><\/td>\n<td style=\"text-align: left;\" width=\"154\"><span style=\"color: #000000;\"><strong>Doctorante<\/strong><\/span><\/td>\n<td style=\"text-align: left;\" width=\"154\"><span style=\"color: #000000;\"><strong>Master\u00a0<\/strong><\/span><\/td>\n<td style=\"text-align: left;\" width=\"154\"><span style=\"color: #000000;\"><strong><a style=\"color: #000000;\" href=\"mailto:akila.hedjam@yahoo.fr\" target=\"_blank\" rel=\"noopener\">akila.hedjam@yahoo.fr<\/a><\/strong><\/span><\/td>\n<\/tr>\n<\/tbody>\n<\/table>\n<p>&nbsp;<\/p>\n","protected":false},"excerpt":{"rendered":"<p>Chef d\u2019\u00e9quipe\u00a0: Professeur\u00a0Djamel\u00a0Hamadouche Domaine:\u00a0Probabilit\u00e9s , statistique Mot cl\u00e9: Processus stochastique, Mouvement brownien, Statistique, Syst\u00e8mes d\u2019attente, Syst\u00e8mes markoviens, Fiabilit\u00e9, QoS. Description de la th\u00e9matique de recherche de l\u2019\u00e9quipe: Nos travaux de recherche se situent d&rsquo;une&#46;&#46;&#46;<\/p>\n","protected":false},"author":1,"featured_media":0,"parent":0,"menu_order":0,"comment_status":"closed","ping_status":"closed","template":"","meta":[],"_links":{"self":[{"href":"http:\/\/labs.ummto.dz\/lmpa\/index.php\/wp-json\/wp\/v2\/pages\/34"}],"collection":[{"href":"http:\/\/labs.ummto.dz\/lmpa\/index.php\/wp-json\/wp\/v2\/pages"}],"about":[{"href":"http:\/\/labs.ummto.dz\/lmpa\/index.php\/wp-json\/wp\/v2\/types\/page"}],"author":[{"embeddable":true,"href":"http:\/\/labs.ummto.dz\/lmpa\/index.php\/wp-json\/wp\/v2\/users\/1"}],"replies":[{"embeddable":true,"href":"http:\/\/labs.ummto.dz\/lmpa\/index.php\/wp-json\/wp\/v2\/comments?post=34"}],"version-history":[{"count":23,"href":"http:\/\/labs.ummto.dz\/lmpa\/index.php\/wp-json\/wp\/v2\/pages\/34\/revisions"}],"predecessor-version":[{"id":868,"href":"http:\/\/labs.ummto.dz\/lmpa\/index.php\/wp-json\/wp\/v2\/pages\/34\/revisions\/868"}],"wp:attachment":[{"href":"http:\/\/labs.ummto.dz\/lmpa\/index.php\/wp-json\/wp\/v2\/media?parent=34"}],"curies":[{"name":"wp","href":"https:\/\/api.w.org\/{rel}","templated":true}]}}