
{"id":38,"date":"2017-06-28T15:11:43","date_gmt":"2017-06-28T13:11:43","guid":{"rendered":"http:\/\/labs.ummto.dz\/lmpa\/?page_id=38"},"modified":"2021-08-19T13:31:09","modified_gmt":"2021-08-19T11:31:09","slug":"equipe-03-convergence-de-processus-stochastiques-et-applications-statistiques","status":"publish","type":"page","link":"http:\/\/labs.ummto.dz\/lmpa\/index.php\/equipe-03-convergence-de-processus-stochastiques-et-applications-statistiques\/","title":{"rendered":"Equipe 02: Statistique"},"content":{"rendered":"<h5 style=\"text-align: left;\"><strong><span style=\"color: #000080;\">Chef d\u2019\u00e9quipe: <\/span><span style=\"color: #000080;\"><span style=\"color: #000000;\">Professeur Fellag Hocine <img loading=\"lazy\" class=\"size-medium wp-image-240 alignright\" src=\"http:\/\/labs.ummto.dz\/lmpa\/wp-content\/uploads\/2020\/01\/16210351-21125656-300x200.jpg\" alt=\"\" width=\"300\" height=\"200\" srcset=\"http:\/\/labs.ummto.dz\/lmpa\/wp-content\/uploads\/2020\/01\/16210351-21125656-300x200.jpg 300w, http:\/\/labs.ummto.dz\/lmpa\/wp-content\/uploads\/2020\/01\/16210351-21125656.jpg 640w\" sizes=\"(max-width: 300px) 100vw, 300px\" \/><br \/>\n<\/span><\/span><\/strong><\/h5>\n<p><strong><span style=\"color: #000080;\">Domaine: Sciences math\u00e9matiques et leurs interactions<br \/>\n<\/span><\/strong><\/p>\n<p><strong><span style=\"color: #000080;\">Mots cl\u00e9s: <\/span><\/strong>Bayesien, d\u00e9cision, d\u00e9tection,\u00a0robustesse, maximum de vraisemblance, s\u00e9ries chronologiques, &#8230;<\/p>\n<p><span style=\"text-decoration: underline;\"><strong><span style=\"color: #000080; text-decoration: underline;\">Description de la th\u00e9matique de recherche de l\u2019\u00e9quipe:<\/span><\/strong><\/span><\/p>\n<p>L&rsquo;\u00e9quipe de recherche travaille sur diff\u00e9rents axes tels que :<\/p>\n<ul>\n<li>la d\u00e9tection des valeurs aberrantes et la robustesse dans les s\u00e9ries chronologiques,<\/li>\n<li>les mod\u00e8les de survie,<\/li>\n<li>les changements de rupture et<\/li>\n<li>la statistique alg\u00e9brique.<\/li>\n<\/ul>\n<p>Comparativement aux premi\u00e8res, cette derni\u00e8re est assez nouvelle. Elle constitue donc une des th\u00e9matiques de recherche de pointe car elle constitue une rencontre r\u00e9cente entre la statistique et l\u2019alg\u00e8bre.<br \/>\nCette th\u00e9matique en cours de d\u00e9veloppement en Europe et dans le monde poss\u00e8de des applications pertinentes comme la biologie et la g\u00e9n\u00e9tique ainsi que la r\u00e9solution de probl\u00e8mes complexes dans le contexte bayesien.<\/p>\n<p><span style=\"text-decoration: underline;\"><strong><span style=\"color: #000080; text-decoration: underline;\">Liste exhaustive des membres permanents de l\u2019\u00e9quipe:<\/span><\/strong><\/span><\/p>\n\n<table id=\"tablepress-Membre_equipe_Fellag\" class=\"tablepress tablepress-id-Membre_equipe_Fellag\">\n<thead>\n<tr class=\"row-1 odd\">\n\t<th class=\"column-1\">&nbsp;<\/th><th class=\"column-2\">Nom  Pr\u00e9nom(s)             <\/th><th class=\"column-3\">Grade<\/th><th class=\"column-4\">Dernier dipl\u00f4me          <\/th><th class=\"column-5\">Adresse mail<\/th>\n<\/tr>\n<\/thead>\n<tbody class=\"row-hover\">\n<tr class=\"row-2 even\">\n\t<td class=\"column-1\">1<\/td><td class=\"column-2\"><strong>Hocine Fellag<\/strong><\/td><td class=\"column-3\">Professeur<\/td><td class=\"column-4\">Doctorat d\u2019\u00e9tat<\/td><td class=\"column-5\">hfellag@yahoo.com; <br \/>\nhocine.fellag@ummto.dz<\/td>\n<\/tr>\n<tr class=\"row-3 odd\">\n\t<td class=\"column-1\">2<\/td><td class=\"column-2\">Lynda Atil<\/td><td class=\"column-3\">MCA<\/td><td class=\"column-4\">Habilitation universitaire<\/td><td class=\"column-5\">atillynda@yahoo.fr; <br \/>\nlynda.atil@ummto.dz<\/td>\n<\/tr>\n<tr class=\"row-4 even\">\n\t<td class=\"column-1\">3<\/td><td class=\"column-2\">Cherifa Belkacem<\/td><td class=\"column-3\">MCB<\/td><td class=\"column-4\">Doctorat<\/td><td class=\"column-5\">cherifabelkacem@yahoo.fr; <br \/>\ncherifa.belkacem@ummto.dz<\/td>\n<\/tr>\n<tr class=\"row-5 odd\">\n\t<td class=\"column-1\">4<\/td><td class=\"column-2\">Lydia Larbi<\/td><td class=\"column-3\">Doctorante<\/td><td class=\"column-4\">Master<\/td><td class=\"column-5\">larbilydia1@gmail.com<\/td>\n<\/tr>\n<tr class=\"row-6 even\">\n\t<td class=\"column-1\">5<\/td><td class=\"column-2\">Harrouche Lyasmine<\/td><td class=\"column-3\">Doctorante<\/td><td class=\"column-4\">Master<\/td><td class=\"column-5\">harrouche.lyasmine@yahoo.fr<\/td>\n<\/tr>\n<tr class=\"row-7 odd\">\n\t<td class=\"column-1\">6<\/td><td class=\"column-2\">Haddadou Kamilia<\/td><td class=\"column-3\">Doctorante<\/td><td class=\"column-4\">Master<\/td><td class=\"column-5\">haddadoukamilia@gmail.com<\/td>\n<\/tr>\n<tr class=\"row-8 even\">\n\t<td class=\"column-1\">7<\/td><td class=\"column-2\">Bersi Hand<\/td><td class=\"column-3\">Doctorant<\/td><td class=\"column-4\">Master<\/td><td class=\"column-5\">hand.bersi@ummto.dz<\/td>\n<\/tr>\n<\/tbody>\n<\/table>\n\n","protected":false},"excerpt":{"rendered":"<p>Chef d\u2019\u00e9quipe: Professeur Fellag Hocine Domaine: Sciences math\u00e9matiques et leurs interactions Mots cl\u00e9s: Bayesien, d\u00e9cision, d\u00e9tection,\u00a0robustesse, maximum de vraisemblance, s\u00e9ries chronologiques, &#8230; Description de la th\u00e9matique de recherche de l\u2019\u00e9quipe: L&rsquo;\u00e9quipe de recherche travaille&#46;&#46;&#46;<\/p>\n","protected":false},"author":1,"featured_media":0,"parent":0,"menu_order":0,"comment_status":"closed","ping_status":"closed","template":"","meta":[],"_links":{"self":[{"href":"http:\/\/labs.ummto.dz\/lmpa\/index.php\/wp-json\/wp\/v2\/pages\/38"}],"collection":[{"href":"http:\/\/labs.ummto.dz\/lmpa\/index.php\/wp-json\/wp\/v2\/pages"}],"about":[{"href":"http:\/\/labs.ummto.dz\/lmpa\/index.php\/wp-json\/wp\/v2\/types\/page"}],"author":[{"embeddable":true,"href":"http:\/\/labs.ummto.dz\/lmpa\/index.php\/wp-json\/wp\/v2\/users\/1"}],"replies":[{"embeddable":true,"href":"http:\/\/labs.ummto.dz\/lmpa\/index.php\/wp-json\/wp\/v2\/comments?post=38"}],"version-history":[{"count":16,"href":"http:\/\/labs.ummto.dz\/lmpa\/index.php\/wp-json\/wp\/v2\/pages\/38\/revisions"}],"predecessor-version":[{"id":732,"href":"http:\/\/labs.ummto.dz\/lmpa\/index.php\/wp-json\/wp\/v2\/pages\/38\/revisions\/732"}],"wp:attachment":[{"href":"http:\/\/labs.ummto.dz\/lmpa\/index.php\/wp-json\/wp\/v2\/media?parent=38"}],"curies":[{"name":"wp","href":"https:\/\/api.w.org\/{rel}","templated":true}]}}