
{"id":41,"date":"2017-06-28T15:12:35","date_gmt":"2017-06-28T13:12:35","guid":{"rendered":"http:\/\/labs.ummto.dz\/lmpa\/?page_id=41"},"modified":"2021-08-19T13:52:02","modified_gmt":"2021-08-19T11:52:02","slug":"equipe-04-robustesse-des-series-chronologiques-et-analyse-de-donnees","status":"publish","type":"page","link":"http:\/\/labs.ummto.dz\/lmpa\/index.php\/equipe-04-robustesse-des-series-chronologiques-et-analyse-de-donnees\/","title":{"rendered":"Equipe 03: Statistique de processus"},"content":{"rendered":"<p><span style=\"color: #000080;\"><strong>Chef d\u2019\u00e9quipe:<\/strong> <span style=\"color: #000000;\">Professeur Berkoun Youcef<img loading=\"lazy\" class=\"size-full wp-image-170 alignright\" src=\"http:\/\/labs.ummto.dz\/lmpa\/wp-content\/uploads\/2017\/06\/47.jpeg\" alt=\"\" width=\"246\" height=\"205\" \/><\/span><\/span><\/p>\n<p><span style=\"color: #000080;\"><strong>Domaine:<\/strong> <span style=\"color: #000000;\">Sciences math\u00e9matiques et leurs interactions<\/span><\/span><\/p>\n<p><strong><span style=\"color: #000080;\">Mot cl\u00e9: <\/span><\/strong><span style=\"color: #000000;\">inf\u00e9rence statistique; d\u00e9pendance faible, approximation;\u00a0 probabilit\u00e9 de ruine; estimateur; valeur extr\u00eame; &#8230;<\/span><\/p>\n<p><strong><span style=\"text-decoration: underline;\"><span style=\"color: #000080; text-decoration: underline;\">Description de la th\u00e9matique de recherche de l\u2019\u00e9quipe:<\/span><\/span><\/strong><\/p>\n<ul>\n<li><span style=\"color: #000000;\">Statistique inf\u00e9rentielle\u00a0\u00a0 dans\u00a0 les\u00a0\u00a0 processus\u00a0\u00a0 lin\u00e9aires\u00a0\u00a0\u00a0 \u00e0 innovations\u00a0 d\u00e9pendantes.<\/span><\/li>\n<li><span style=\"color: #000000;\">Th\u00e9orie des\u00a0 valeurs\u00a0 extr\u00eames\u00a0 sous\u00a0 d\u00e9pendance.<\/span><\/li>\n<li><span style=\"color: #000000;\">Th\u00e9orie de\u00a0 la\u00a0 ruine<\/span><\/li>\n<li><span style=\"color: #000000;\">Mesures\u00a0\u00a0 de\u00a0 risque\u00a0 multivari\u00e9es et\u00a0\u00a0 Copules<\/span><\/li>\n<\/ul>\n<p><strong><span style=\"text-decoration: underline;\"><span style=\"color: #000080; text-decoration: underline;\">Liste exhaustive des membres permanents de l\u2019\u00e9quipe:<\/span><\/span><\/strong><\/p>\n\n<table id=\"tablepress-Equipe_berkoun\" class=\"tablepress tablepress-id-Equipe_berkoun\">\n<thead>\n<tr class=\"row-1 odd\">\n\t<th class=\"column-1\">Nom &amp;\u00a0Pr\u00e9nom<\/th><th class=\"column-2\">Grade<\/th><th class=\"column-3\">Dernier dipl\u00f4me<\/th><th class=\"column-4\">Email<\/th>\n<\/tr>\n<\/thead>\n<tbody class=\"row-hover\">\n<tr class=\"row-2 even\">\n\t<td class=\"column-1\"> Berkoun Youcef <\/td><td class=\"column-2\">Pr<\/td><td class=\"column-3\">Habilitation<\/td><td class=\"column-4\">youberk@yahoo.com<\/td>\n<\/tr>\n<tr class=\"row-3 odd\">\n\t<td class=\"column-1\">Boualam Karima<\/td><td class=\"column-2\">MCB<\/td><td class=\"column-3\">Doctorat<\/td><td class=\"column-4\">karimaboualam@yahoo.fr<\/td>\n<\/tr>\n<tr class=\"row-4 even\">\n\t<td class=\"column-1\">Fetima Ladjimi<\/td><td class=\"column-2\">MCB<\/td><td class=\"column-3\">Doctorat<\/td><td class=\"column-4\">fetima.ladjimi@ummto.dz<\/td>\n<\/tr>\n<tr class=\"row-5 odd\">\n\t<td class=\"column-1\">Bouziane\u00a0 Houria<\/td><td class=\"column-2\">MAA-Doc<\/td><td class=\"column-3\">Magister<\/td><td class=\"column-4\">houria.bouziane@ummto.dz<\/td>\n<\/tr>\n<tr class=\"row-6 even\">\n\t<td class=\"column-1\">Aumorassi\u00a0 Faroudja<\/td><td class=\"column-2\">MAA-Doc<\/td><td class=\"column-3\">Magister<\/td><td class=\"column-4\">faroudja.aumorassi@ummto.dz<\/td>\n<\/tr>\n<tr class=\"row-7 odd\">\n\t<td class=\"column-1\">Zemoul Sara-Imane<\/td><td class=\"column-2\">Doctorante<\/td><td class=\"column-3\">Master<\/td><td class=\"column-4\">saraimanezsi@gmail.com <\/td>\n<\/tr>\n<\/tbody>\n<\/table>\n<!-- #tablepress-Equipe_berkoun from cache -->\n<p>&nbsp;<\/p>\n","protected":false},"excerpt":{"rendered":"<p>Chef d\u2019\u00e9quipe: Professeur Berkoun Youcef Domaine: Sciences math\u00e9matiques et leurs interactions Mot cl\u00e9: inf\u00e9rence statistique; d\u00e9pendance faible, approximation;\u00a0 probabilit\u00e9 de ruine; estimateur; valeur extr\u00eame; &#8230; Description de la th\u00e9matique de recherche de l\u2019\u00e9quipe: Statistique&#46;&#46;&#46;<\/p>\n","protected":false},"author":1,"featured_media":0,"parent":0,"menu_order":0,"comment_status":"closed","ping_status":"closed","template":"","meta":[],"_links":{"self":[{"href":"http:\/\/labs.ummto.dz\/lmpa\/index.php\/wp-json\/wp\/v2\/pages\/41"}],"collection":[{"href":"http:\/\/labs.ummto.dz\/lmpa\/index.php\/wp-json\/wp\/v2\/pages"}],"about":[{"href":"http:\/\/labs.ummto.dz\/lmpa\/index.php\/wp-json\/wp\/v2\/types\/page"}],"author":[{"embeddable":true,"href":"http:\/\/labs.ummto.dz\/lmpa\/index.php\/wp-json\/wp\/v2\/users\/1"}],"replies":[{"embeddable":true,"href":"http:\/\/labs.ummto.dz\/lmpa\/index.php\/wp-json\/wp\/v2\/comments?post=41"}],"version-history":[{"count":22,"href":"http:\/\/labs.ummto.dz\/lmpa\/index.php\/wp-json\/wp\/v2\/pages\/41\/revisions"}],"predecessor-version":[{"id":685,"href":"http:\/\/labs.ummto.dz\/lmpa\/index.php\/wp-json\/wp\/v2\/pages\/41\/revisions\/685"}],"wp:attachment":[{"href":"http:\/\/labs.ummto.dz\/lmpa\/index.php\/wp-json\/wp\/v2\/media?parent=41"}],"curies":[{"name":"wp","href":"https:\/\/api.w.org\/{rel}","templated":true}]}}