
{"id":45,"date":"2017-06-28T15:16:03","date_gmt":"2017-06-28T13:16:03","guid":{"rendered":"http:\/\/labs.ummto.dz\/lmpa\/?page_id=45"},"modified":"2021-08-02T01:22:05","modified_gmt":"2021-08-01T23:22:05","slug":"habilitation_universitaire","status":"publish","type":"page","link":"http:\/\/labs.ummto.dz\/lmpa\/index.php\/habilitation_universitaire\/","title":{"rendered":"Habilitations Universitaires soutenues"},"content":{"rendered":"\n<table id=\"tablepress-Habilitation\" class=\"tablepress tablepress-id-Habilitation\">\n<thead>\n<tr class=\"row-1 odd\">\n\t<th class=\"column-1\">&nbsp;<\/th><th class=\"column-2\">Enseignant<\/th><th class=\"column-3\">Th\u00e8me de recherche de l'HU<\/th><th class=\"column-4\">Sp\u00e9cialit\u00e9<\/th><th class=\"column-5\">Ann\u00e9e de soutenance<\/th>\n<\/tr>\n<\/thead>\n<tbody class=\"row-hover\">\n<tr class=\"row-2 even\">\n\t<td class=\"column-1\">1<\/td><td class=\"column-2\">Hamaz Abdelghani<\/td><td class=\"column-3\">Sur la pr\u00e9diction des champs al\u00e9atoires<\/td><td class=\"column-4\">Probabilit\u00e9s et Statistique<\/td><td class=\"column-5\">2019<\/td>\n<\/tr>\n<tr class=\"row-3 odd\">\n\t<td class=\"column-1\">2<\/td><td class=\"column-2\">Smaali Mannal<\/td><td class=\"column-3\">G\u00e9om\u00e9trie des espaces de espaces de type Musielak-Orlicz<\/td><td class=\"column-4\">Analyse fonctionnelle<\/td><td class=\"column-5\">2014<\/td>\n<\/tr>\n<tr class=\"row-4 even\">\n\t<td class=\"column-1\">3<\/td><td class=\"column-2\">Atil Lynda<\/td><td class=\"column-3\">Statistique Bayesienne<\/td><td class=\"column-4\">Statistique<\/td><td class=\"column-5\">2014<\/td>\n<\/tr>\n<tr class=\"row-5 odd\">\n\t<td class=\"column-1\">4<\/td><td class=\"column-2\">Berkoun Youcef<\/td><td class=\"column-3\">Sur les Tests d'ind\u00e9pendance<\/td><td class=\"column-4\">Probabilit\u00e9s et Statistique<\/td><td class=\"column-5\">2010<\/td>\n<\/tr>\n<tr class=\"row-6 even\">\n\t<td class=\"column-1\">5<\/td><td class=\"column-2\">Kacher Fatiha<\/td><td class=\"column-3\">Th\u00e9orie des jeux Bayesiens<\/td><td class=\"column-4\">Recherche Op\u00e9rationnelle<\/td><td class=\"column-5\">2009<\/td>\n<\/tr>\n<tr class=\"row-7 odd\">\n\t<td class=\"column-1\">6<\/td><td class=\"column-2\">Rahmani Leila<\/td><td class=\"column-3\">L\u2019effet asymptotique de couches minces en m\u00e9canique des structures<\/td><td class=\"column-4\">Analyse (EDP)<\/td><td class=\"column-5\">2009<\/td>\n<\/tr>\n<tr class=\"row-8 even\">\n\t<td class=\"column-1\">7<\/td><td class=\"column-2\">Bedouhene  Fazia<\/td><td class=\"column-3\">Contribution \u00e0 la G\u00e9om\u00e9trie des espaces de Banach<\/td><td class=\"column-4\">Analyse fonctionnelle<\/td><td class=\"column-5\">2006<\/td>\n<\/tr>\n<\/tbody>\n<\/table>\n<!-- #tablepress-Habilitation from cache -->\n","protected":false},"excerpt":{"rendered":"","protected":false},"author":1,"featured_media":0,"parent":0,"menu_order":0,"comment_status":"closed","ping_status":"closed","template":"","meta":[],"_links":{"self":[{"href":"http:\/\/labs.ummto.dz\/lmpa\/index.php\/wp-json\/wp\/v2\/pages\/45"}],"collection":[{"href":"http:\/\/labs.ummto.dz\/lmpa\/index.php\/wp-json\/wp\/v2\/pages"}],"about":[{"href":"http:\/\/labs.ummto.dz\/lmpa\/index.php\/wp-json\/wp\/v2\/types\/page"}],"author":[{"embeddable":true,"href":"http:\/\/labs.ummto.dz\/lmpa\/index.php\/wp-json\/wp\/v2\/users\/1"}],"replies":[{"embeddable":true,"href":"http:\/\/labs.ummto.dz\/lmpa\/index.php\/wp-json\/wp\/v2\/comments?post=45"}],"version-history":[{"count":3,"href":"http:\/\/labs.ummto.dz\/lmpa\/index.php\/wp-json\/wp\/v2\/pages\/45\/revisions"}],"predecessor-version":[{"id":563,"href":"http:\/\/labs.ummto.dz\/lmpa\/index.php\/wp-json\/wp\/v2\/pages\/45\/revisions\/563"}],"wp:attachment":[{"href":"http:\/\/labs.ummto.dz\/lmpa\/index.php\/wp-json\/wp\/v2\/media?parent=45"}],"curies":[{"name":"wp","href":"https:\/\/api.w.org\/{rel}","templated":true}]}}